{"id":14017,"date":"2023-05-04T20:47:29","date_gmt":"2023-05-04T12:47:29","guid":{"rendered":"https:\/\/tononplastics.com\/?post_type=product&#038;p=14017"},"modified":"2024-03-25T12:58:41","modified_gmt":"2024-03-25T04:58:41","slug":"polycarbonate-crystal-hollow-sheet","status":"publish","type":"product","link":"https:\/\/www.tononplastics.com\/de\/product\/polycarbonate-crystal-hollow-sheet\/","title":{"rendered":"Polycarbonat-Kristall-Hohlkammerplatte"},"content":{"rendered":"<p>Polycarbonat-Hohlplatten sind technische Thermoplaste. Extrusionsformen durch Omipa &amp; Breyer extrusion line.it ist mit 1UV\/2UV Schicht. Es hat Waren physikalischen und mechanischen properties.Weight ist nur 1\/12\uff5e1\/15 der gleichen Dicke von Glas.<\/p>\n\n\n\n<figure class=\"wp-block-table\"><table><tbody><tr><td><strong>Spezifikation:<\/strong><\/td><\/tr><\/tbody><\/table><\/figure>\n\n\n\n<figure class=\"wp-block-table\"><table><tbody><tr><td>Dicke(mm)<\/td><td>Breite(mm)<\/td><td>L\u00e4nge(mm)<\/td><td>UV(um)<\/td><td>Garantie<\/td><td>LT%<\/td><\/tr><tr><td>8-20mm &nbsp;<\/td><td>1220\/2100<\/td><td>Nicht begrenzt<\/td><td>1oder2 Seiten<\/td><td>10 Jahre<\/td><td>l\u00f6schen(85%)<\/td><\/tr><\/tbody><\/table><\/figure>\n\n\n\n<figure class=\"wp-block-table\"><table><tbody><tr><td><strong>Standard Farbe<\/strong>:<\/td><\/tr><\/tbody><\/table><\/figure>\n\n\n\n<figure class=\"wp-block-table\"><table><tbody><tr><td><img fetchpriority=\"high\" decoding=\"async\" alt=\"\" height=\"202\" src=\"https:\/\/www.polyrise.cn\/repository\/image\/d02daa06-5fce-47cc-9ac5-dcb51b23a1a1.png\" width=\"288\" title=\"\">Blau Gr\u00fcn<\/td><td><img decoding=\"async\" src=\"https:\/\/www.polyrise.cn\/repository\/image\/ab1d9604-73c9-4caf-96a8-233acef52c04.png\" alt=\"\" title=\"\">Blau<\/td><td><img decoding=\"async\" src=\"https:\/\/www.polyrise.cn\/repository\/image\/0aca4c6c-a7c8-4bf5-82cc-adbe9a592004.png\" alt=\"\" title=\"\">Bronze<\/td><td><img decoding=\"async\" src=\"https:\/\/www.polyrise.cn\/repository\/image\/40335534-4598-4ce0-ade0-e882adc1a74d.png\" alt=\"\" title=\"\">Klar<\/td><\/tr><tr><td><img decoding=\"async\" alt=\"\" height=\"202\" src=\"https:\/\/www.polyrise.cn\/repository\/image\/7577d6ae-8a16-447b-983a-0006b576fbe2.png\" width=\"288\" title=\"\">Funktion \"Kante schlie\u00dfen<\/td><td><img decoding=\"async\" alt=\"\" height=\"202\" src=\"https:\/\/www.polyrise.cn\/repository\/image\/9bc12b2c-88ef-4d35-88ac-cb3377a601f0.png\" width=\"288\" title=\"\">Gr\u00fcn<\/td><td><img loading=\"lazy\" decoding=\"async\" alt=\"\" height=\"202\" src=\"https:\/\/www.polyrise.cn\/repository\/image\/ca07db95-36d7-4ddc-bc84-c2d9a5b1f60d.png\" width=\"288\" title=\"\">Blauer See<\/td><td><img loading=\"lazy\" decoding=\"async\" alt=\"\" height=\"202\" src=\"https:\/\/www.polyrise.cn\/repository\/image\/0b68c626-944c-4a38-95c2-e8b7a91d0a46.png\" width=\"288\" title=\"\">Opal<\/td><\/tr><tr><td><img loading=\"lazy\" decoding=\"async\" alt=\"\" height=\"202\" src=\"https:\/\/www.polyrise.cn\/repository\/image\/78e79a2c-bfa3-4545-90c7-4d2dd4b3a1ad.png\" width=\"288\" title=\"\">Orange<\/td><td><img loading=\"lazy\" decoding=\"async\" alt=\"\" height=\"202\" src=\"https:\/\/www.polyrise.cn\/repository\/image\/a92b5542-4833-4a54-92f7-7e59ec81c0e5.png\" width=\"288\" title=\"\">Silber<\/td><td><img loading=\"lazy\" decoding=\"async\" alt=\"\" height=\"202\" src=\"https:\/\/www.polyrise.cn\/repository\/image\/2777c060-6474-4e7a-94cf-3556c936d450.png\" width=\"288\" title=\"\">Wei\u00df<\/td><td><img loading=\"lazy\" decoding=\"async\" alt=\"\" height=\"202\" src=\"https:\/\/www.polyrise.cn\/repository\/image\/a5438982-da51-41b5-b3d9-4eaee8275634.png\" width=\"288\" title=\"\">Gelb<\/td><\/tr><\/tbody><\/table><\/figure>\n\n\n\n<figure class=\"wp-block-table\"><table><tbody><tr><td>Tropfenschutz f\u00fcr Gew\u00e4chshaus<\/td><td>Glitter f\u00fcr die Dekoration<\/td><td>Anti-Infrarot f\u00fcr Bedachungen<\/td><\/tr><tr><td><img loading=\"lazy\" decoding=\"async\" alt=\"\" height=\"256\" src=\"https:\/\/www.polyrise.cn\/repository\/image\/177e0db5-9988-446f-952b-f93e42db52fa.png\" width=\"381\" title=\"\"><\/td><td><img decoding=\"async\" src=\"https:\/\/www.polyrise.cn\/repository\/image\/a0347cee-febe-474c-90d0-9da1b6893b15.png\" alt=\"\" title=\"\"><\/td><td><img loading=\"lazy\" decoding=\"async\" alt=\"\" height=\"256\" src=\"https:\/\/www.polyrise.cn\/repository\/image\/e99ffeda-87b5-4635-9e43-21c6700c4e24.png\" width=\"381\" title=\"\"><\/td><\/tr><\/tbody><\/table><\/figure>\n\n\n\n<figure class=\"wp-block-table\"><table><tbody><tr><td><strong>Leistung:<\/strong>Leichtes Gewicht<br>Hohe Schlagz\u00e4higkeit<br>Hohe Lichtdurchl\u00e4ssigkeit<br>Wetter- und UV-best\u00e4ndig<br>Hohe W\u00e4rmed\u00e4mmleistung<br>Einfach zu verarbeiten und zu installieren&nbsp;&nbsp;&nbsp;<\/td><td><img decoding=\"async\" alt=\"1\" src=\"https:\/\/www.polyrise.cn\/repository\/image\/c163b942-14e7-46ea-b1b6-1da1166d57bb.png\" title=\"\"><\/td><\/tr><tr><td>Anwendungsbereich: Oberlicht f\u00fcr Wohngeb\u00e4ude\/Gewerbegeb\u00e4ude<br>Fabrikgeb\u00e4ude, Lagerhalle, Dachbeleuchtung<br>Stadiondecke<br>Kanal\/Parkplatzschuppen<br>Schwimmbadabdeckung<br>Trennwand innen<\/td><td><img loading=\"lazy\" decoding=\"async\" height=\"176\" width=\"249\" src=\"https:\/\/www.polyrise.cn\/repository\/image\/dc8e7adf-04e3-4b41-828d-0929ef7bba86.png\" alt=\"\" title=\"\"><img loading=\"lazy\" decoding=\"async\" height=\"176\" width=\"249\" src=\"https:\/\/www.polyrise.cn\/repository\/image\/b1cf1ed2-d7a9-4dd2-8947-4b7932b10120.png\" alt=\"\" title=\"\"><\/td><\/tr><\/tbody><\/table><\/figure>\n\n\n\n<figure class=\"wp-block-table\"><table><tbody><tr><td><strong>Technische Daten<\/strong><\/td><\/tr><\/tbody><\/table><\/figure>\n\n\n\n<figure class=\"wp-block-table\"><table><tbody><tr><td>Eigentum<\/td><td>Standard<\/td><td>Standard<\/td><td>Einheit<\/td><td>Wert<\/td><\/tr><tr><td>Dichte<\/td><td>ASTM D792<\/td><td>&nbsp;<\/td><td>g\/cm3<\/td><td>1.2<\/td><\/tr><tr><td>W\u00e4rmeumlenkung Temperatur<br>Betriebstemperaturbereich<\/td><td>ASTM D648<\/td><td>1,82 MPa<\/td><td>OC<br>OC<\/td><td>130<br>-40 bis 120<\/td><\/tr><tr><td>Koeffizient der linearen thermischen Ausdehnung<\/td><td>ASTM D696<\/td><td>&nbsp;<\/td><td>cm\/cm OC<\/td><td>6.5 X 10-5<\/td><\/tr><tr><td>W\u00e4rmeleitf\u00e4higkeit<\/td><td>ASTM C177<\/td><td>&nbsp;<\/td><td>W\/mK<\/td><td>0.21<\/td><\/tr><tr><td>Zugfestigkeit bei Streckung<\/td><td>ASTM D638<\/td><td>10 mm\/min<\/td><td>MPa<\/td><td>65<\/td><\/tr><tr><td>Zugfestigkeit bei Bruch<\/td><td>ASTM D638<\/td><td>10 mm\/min<\/td><td>MPa<\/td><td>60<\/td><\/tr><tr><td>Dehnung bei StreckgrenzeMPa<\/td><td>ASTM D638<\/td><td>10 mm\/min<\/td><td>%<\/td><td>6<\/td><\/tr><tr><td>Dehnung beim Bruch<\/td><td>ASTM D638<\/td><td>10 mm\/min<\/td><td>%<\/td><td>&gt;90<\/td><\/tr><tr><td>Zugelassener Elastizit\u00e4tsmodul<\/td><td>ASTM D638<\/td><td>1 mm\/min<\/td><td>MPa<\/td><td>2300<\/td><\/tr><tr><td>Biegefestigkeit<\/td><td>ASTM D790<\/td><td>1,3 mm\/min<\/td><td>MPa<\/td><td>100<\/td><\/tr><tr><td>Biegemodus<\/td><td>ASTM D790<\/td><td>1,3 mm\/min<\/td><td>MPa<\/td><td>2600<\/td><\/tr><tr><td>Aufprall-Fallgewicht (E-50)<\/td><td>ISO 6603\/1<\/td><td>&nbsp;<\/td><td>J<\/td><td>195<\/td><\/tr><tr><td>Rockwell-H\u00e4rte<\/td><td>ASTM D785<\/td><td>&nbsp;<\/td><td>R Skala<\/td><td>125R<\/td><\/tr><tr><td>Licht\u00fcbertragung<\/td><td>ASTM D1003<\/td><td>&nbsp;<\/td><td>%<\/td><td>80<\/td><\/tr><tr><td>Dunst<\/td><td>ASTM D1003<\/td><td>&nbsp;<\/td><td>%<\/td><td>&lt;0.5<\/td><\/tr><tr><td>Vergilbungsindex<\/td><td>ASTM D1925<\/td><td>&nbsp;<\/td><td>&nbsp;<\/td><td>&lt;1<\/td><\/tr><\/tbody><\/table><\/figure>","protected":false},"featured_media":16195,"parent":0,"template":"","product-catagories":[181,178],"product-tag":[],"class_list":["post-14017","product","type-product","status-publish","has-post-thumbnail","hentry","product-catagories-crystal-polycarbonate-hollow-sheet","product-catagories-polycarbonate-hollow-sheet"],"acf":[],"_links":{"self":[{"href":"https:\/\/www.tononplastics.com\/de\/wp-json\/wp\/v2\/product\/14017","targetHints":{"allow":["GET"]}}],"collection":[{"href":"https:\/\/www.tononplastics.com\/de\/wp-json\/wp\/v2\/product"}],"about":[{"href":"https:\/\/www.tononplastics.com\/de\/wp-json\/wp\/v2\/types\/product"}],"version-history":[{"count":0,"href":"https:\/\/www.tononplastics.com\/de\/wp-json\/wp\/v2\/product\/14017\/revisions"}],"wp:featuredmedia":[{"embeddable":true,"href":"https:\/\/www.tononplastics.com\/de\/wp-json\/wp\/v2\/media\/16195"}],"wp:attachment":[{"href":"https:\/\/www.tononplastics.com\/de\/wp-json\/wp\/v2\/media?parent=14017"}],"wp:term":[{"taxonomy":"product-catagories","embeddable":true,"href":"https:\/\/www.tononplastics.com\/de\/wp-json\/wp\/v2\/product-catagories?post=14017"},{"taxonomy":"product-tag","embeddable":true,"href":"https:\/\/www.tononplastics.com\/de\/wp-json\/wp\/v2\/product-tag?post=14017"}],"curies":[{"name":"wp","href":"https:\/\/api.w.org\/{rel}","templated":true}]}}