{"id":14023,"date":"2023-05-04T21:05:05","date_gmt":"2023-05-04T13:05:05","guid":{"rendered":"https:\/\/tononplastics.com\/?post_type=product&#038;p=14023"},"modified":"2024-03-25T15:14:16","modified_gmt":"2024-03-25T07:14:16","slug":"green-house-polycarbonate-hollow-sheet","status":"publish","type":"product","link":"https:\/\/www.tononplastics.com\/de\/product\/green-house-polycarbonate-hollow-sheet\/","title":{"rendered":"Gew\u00e4chshaus Polycarbonat-Hohlkammerplatte"},"content":{"rendered":"<figure class=\"wp-block-gallery has-nested-images columns-default is-cropped wp-block-gallery-1 is-layout-flex wp-block-gallery-is-layout-flex\">\n<figure class=\"wp-block-image size-large\"><img decoding=\"async\" data-id=\"16138\" src=\"https:\/\/www.tononplastics.com\/wp-content\/uploads\/2024\/03\/H8c2216795864433d9334feab5642fc17J.webp\" alt=\"\" class=\"wp-image-16138\" title=\"\"><\/figure>\n\n\n\n<figure class=\"wp-block-image size-large\"><img decoding=\"async\" data-id=\"16139\" src=\"https:\/\/www.tononplastics.com\/wp-content\/uploads\/2024\/03\/H51343cdbb8f04c94a5295d3aa768236fu.webp\" alt=\"\" class=\"wp-image-16139\" title=\"\"><\/figure>\n<\/figure>\n\n\n<p><strong><b>Produkt Detail<\/b><\/strong><strong><b>:<\/b><\/strong><\/p>\n<p>Green House Polycarbonat-Hohlfolie (auch bekannt als Sonnenfolie, Glas-Capron-Folie, PC-Hohlfolie) wird aus einem technischen Hochleistungskunststoff hergestellt - Polycarbonat (PC). Es hat die Eigenschaften von hoher Transparenz, geringem Gewicht, Schlagfestigkeit, Schalld\u00e4mmung, W\u00e4rmed\u00e4mmung, Flammschutz, Anti-Aging, etc. Es ist Kunststoffplatten mit einem High-Tech, extrem umfassende Leistung, Energieeinsparung und Umweltschutz, die derzeit die internationale allgemeine Kunststoff-Baumaterialien, gibt es andere Geb\u00e4ude Dekoration Materialien (wie Glas, Plexiglas, etc.) kann nicht mit ihm verglichen werden. Weit verbreitet in kommerziellen, Fabrik, Sportst\u00e4tten, Beleuchtung Decken und Schatten Unterst\u00e4nde, landwirtschaftliche Gew\u00e4chsh\u00e4user, Aquakultur und Blumen Gew\u00e4chsh\u00e4user, und Telefonzellen, Kioske, Bahnh\u00f6fe und andere Versorgungsunternehmen, Highway L\u00e4rm, Werbung Dekoration Feld verwendet.<\/p>\n<table style=\"height: 596px; width: 839px; background-color: #e0dede;\" border=\"1\" cellspacing=\"1\" cellpadding=\"1\">\n<tbody>\n<tr style=\"height: 28px;\">\n<td style=\"height: 28px; width: 49.6749%;\" width=\"284\">Produktname<\/td>\n<td style=\"height: 28px; width: 49.6749%;\" width=\"284\">Polycarbonat-Hohlkammerplatten<\/td>\n<\/tr>\n<tr style=\"height: 28px;\">\n<td style=\"height: 28px; width: 49.6749%;\" width=\"284\">Herkunftsort<\/td>\n<td style=\"height: 28px; width: 49.6749%;\" width=\"284\">Foshan City, Guangdong, China<\/td>\n<\/tr>\n<tr style=\"height: 28px;\">\n<td style=\"height: 28px; width: 49.6749%;\" width=\"284\">Material<\/td>\n<td style=\"height: 28px; width: 49.6749%;\" width=\"284\">100% Reines Polycarbonat<\/td>\n<\/tr>\n<tr style=\"height: 57px;\">\n<td style=\"height: 57px; width: 49.6749%;\" width=\"284\">Farben<\/td>\n<td style=\"height: 57px; width: 49.6749%;\" width=\"284\">Klar, Bronze, Blau, Gr\u00fcn, Opal, Grau oder individuell<\/td>\n<\/tr>\n<tr style=\"height: 28px;\">\n<td style=\"height: 28px; width: 49.6749%;\" width=\"284\">Dicke<\/td>\n<td style=\"height: 28px; width: 49.6749%;\" width=\"284\">3-20mm<\/td>\n<\/tr>\n<tr style=\"height: 28px;\">\n<td style=\"height: 28px; width: 49.6749%;\" width=\"284\">Breite<\/td>\n<td style=\"height: 28px; width: 49.6749%;\" width=\"284\">2,1 m, 1,22 m oder kundenspezifisch<\/td>\n<\/tr>\n<tr style=\"height: 57px;\">\n<td style=\"height: 57px; width: 49.6749%;\" width=\"284\">Oberfl\u00e4che<\/td>\n<td style=\"height: 57px; width: 49.6749%;\" width=\"284\">Mit 50 Mikron UV-Schutz, Hitzebest\u00e4ndigkeit<\/td>\n<\/tr>\n<tr style=\"height: 28px;\">\n<td style=\"height: 28px; width: 49.6749%;\" width=\"284\">Standard f\u00fcr Schutzma\u00dfnahmen<\/td>\n<td style=\"height: 28px; width: 49.6749%;\" width=\"284\">Note A<\/td>\n<\/tr>\n<tr style=\"height: 57px;\">\n<td style=\"height: 57px; width: 49.6749%;\" width=\"284\">Verpacken<\/td>\n<td style=\"height: 57px; width: 49.6749%;\" width=\"284\">Beidseitig mit PE-Folie, Logo auf der PE-Folie. Kundenspezifische Verpackung ist ebenfalls m\u00f6glich.<\/td>\n<\/tr>\n<tr style=\"height: 57px;\">\n<td style=\"height: 57px; width: 49.6749%;\" width=\"284\">Lieferung<\/td>\n<td style=\"height: 57px; width: 49.6749%;\" width=\"284\">Innerhalb von 7-10 Tagen nach Eingang der Anzahlung<\/td>\n<\/tr>\n<\/tbody>\n<\/table>\n<p><strong>Spezifikation von Tonon Polycarbonat-Hohlkammerplatten<\/strong><\/p>\n<table style=\"height: 236px; width: 838px;\" border=\"1\" cellspacing=\"1\" cellpadding=\"1\">\n<tbody>\n<tr>\n<td width=\"72\">Dicke<\/td>\n<td width=\"53\">Gewicht<\/td>\n<td width=\"47\">Breite<\/td>\n<td width=\"53\">L\u00e4nge<\/td>\n<td colspan=\"6\" width=\"340\">Ligth \u00dcbertragung%(\u00b13%)<\/td>\n<\/tr>\n<tr>\n<td width=\"72\">mm<\/td>\n<td width=\"53\">Kg\/m2<\/td>\n<td width=\"47\">mm<\/td>\n<td width=\"53\">mm<\/td>\n<td width=\"47\">Klar<\/td>\n<td width=\"79\">Opalisierend<\/td>\n<td width=\"40\">Blau<\/td>\n<td width=\"73\">Blauer See<\/td>\n<td width=\"53\">Bronze<\/td>\n<td width=\"47\">Gr\u00fcn<\/td>\n<\/tr>\n<tr>\n<td width=\"72\">4<\/td>\n<td width=\"53\">1<\/td>\n<td width=\"47\">2100<\/td>\n<td width=\"53\">6000<\/td>\n<td width=\"47\">80<\/td>\n<td width=\"79\">57<\/td>\n<td width=\"40\">45<\/td>\n<td width=\"73\">55<\/td>\n<td width=\"53\">55<\/td>\n<td width=\"47\">45<\/td>\n<\/tr>\n<tr>\n<td width=\"72\">6<\/td>\n<td width=\"53\">1.3<\/td>\n<td width=\"47\">2100<\/td>\n<td width=\"53\">6000<\/td>\n<td width=\"47\">79<\/td>\n<td width=\"79\">56<\/td>\n<td width=\"40\">36<\/td>\n<td width=\"73\">50<\/td>\n<td width=\"53\">53<\/td>\n<td width=\"47\">42<\/td>\n<\/tr>\n<tr>\n<td width=\"72\">8<\/td>\n<td width=\"53\">1.5<\/td>\n<td width=\"47\">2100<\/td>\n<td width=\"53\">6000<\/td>\n<td width=\"47\">78<\/td>\n<td width=\"79\">52<\/td>\n<td width=\"40\">30<\/td>\n<td width=\"73\">47<\/td>\n<td width=\"53\">51<\/td>\n<td width=\"47\">40<\/td>\n<\/tr>\n<tr>\n<td width=\"72\">10<\/td>\n<td width=\"53\">1.7<\/td>\n<td width=\"47\">2100<\/td>\n<td width=\"53\">6000<\/td>\n<td width=\"47\">77<\/td>\n<td width=\"79\">44<\/td>\n<td width=\"40\">25<\/td>\n<td width=\"73\">42<\/td>\n<td width=\"53\">48<\/td>\n<td width=\"47\">35<\/td>\n<\/tr>\n<\/tbody>\n<\/table>\n<p><strong>Technische Daten von Tonon Polycarbonat-Hohlkammerplatten<\/strong><\/p>\n<table style=\"width: 842px; height: 562px;\" border=\"1\" cellspacing=\"1\" cellpadding=\"1\">\n<tbody>\n<tr>\n<td width=\"65\">Nein.<\/td>\n<td width=\"218\">Merkmale<\/td>\n<td width=\"142\">Einheit<\/td>\n<td width=\"142\">Datum<\/td>\n<\/tr>\n<tr>\n<td width=\"65\">1<\/td>\n<td width=\"218\">Schlagfestigkeit<\/td>\n<td width=\"142\">J\/M<\/td>\n<td width=\"142\">850<\/td>\n<\/tr>\n<tr>\n<td width=\"65\">2<\/td>\n<td width=\"218\">Licht\u00fcbertragung<\/td>\n<td width=\"142\">%<\/td>\n<td width=\"142\">88<\/td>\n<\/tr>\n<tr>\n<td width=\"65\">3<\/td>\n<td width=\"218\">Spezifische Schwerkraft<\/td>\n<td width=\"142\">g\/cm<sup>3<\/sup><\/td>\n<td width=\"142\">1.2<\/td>\n<\/tr>\n<tr>\n<td width=\"65\">4<\/td>\n<td width=\"218\">W\u00e4rmeausdehnungskoeffizient<\/td>\n<td width=\"142\">Mm\/m.\u2103<\/td>\n<td width=\"142\">0.065<\/td>\n<\/tr>\n<tr>\n<td width=\"65\">5<\/td>\n<td width=\"218\">Bereich der Temperatur<\/td>\n<td width=\"142\">\u2103<\/td>\n<td width=\"142\">-40\uff5e+120<\/td>\n<\/tr>\n<tr>\n<td width=\"65\">6<\/td>\n<td width=\"218\">W\u00e4rmeleitf\u00e4higkeit<\/td>\n<td width=\"142\">W\/m<sup>2<\/sup>.\u2103<\/td>\n<td width=\"142\">2.3\uff5e3.9<\/td>\n<\/tr>\n<tr>\n<td width=\"65\">7<\/td>\n<td width=\"218\">Zugfestigkeit<\/td>\n<td width=\"142\">N\/mm<sup>2<\/sup><\/td>\n<td width=\"142\">\u226560<\/td>\n<\/tr>\n<tr>\n<td width=\"65\">8<\/td>\n<td width=\"218\">Biegefestigkeit<\/td>\n<td width=\"142\">N\/mm<sup>2<\/sup><\/td>\n<td width=\"142\">100<\/td>\n<\/tr>\n<tr>\n<td width=\"65\">9<\/td>\n<td width=\"218\">Elastizit\u00e4tsmodul<\/td>\n<td width=\"142\">Mpa<\/td>\n<td width=\"142\">2400<\/td>\n<\/tr>\n<tr>\n<td width=\"65\">10<\/td>\n<td width=\"218\">Zugspannung bei Bruch<\/td>\n<td width=\"142\">Mpa<\/td>\n<td width=\"142\">\u226565<\/td>\n<\/tr>\n<tr>\n<td width=\"65\">11<\/td>\n<td width=\"218\">Dehnung beim Bruch<\/td>\n<td width=\"142\">%<\/td>\n<td width=\"142\">&gt;100<\/td>\n<\/tr>\n<tr>\n<td width=\"65\">12<\/td>\n<td width=\"218\">Spezifische W\u00e4rme<\/td>\n<td width=\"142\">Kj\/Kg.K<\/td>\n<td width=\"142\">1.17<\/td>\n<\/tr>\n<tr>\n<td width=\"65\">13<\/td>\n<td width=\"218\">W\u00e4rmeumlenkung Temperatur<\/td>\n<td width=\"142\">\u2103<\/td>\n<td width=\"142\">140<\/td>\n<\/tr>\n<tr>\n<td width=\"65\">14<\/td>\n<td width=\"218\">Wirkung des Schallschutzes<\/td>\n<td width=\"142\">10mm Hohlkammerplatte<\/td>\n<td width=\"142\">Abschw\u00e4chung 20dB<\/td>\n<\/tr>\n<\/tbody>\n<\/table>\n<p><strong><b>Anwendung von Polycarbonat-Hohlkammerplatten<\/b><\/strong><\/p>\n<p>1. Dach f\u00fcr die nat\u00fcrliche Beleuchtung von zivilen und \u00f6ffentlichen Geb\u00e4uden, Inneneinrichtung und \u00f6ffentlichen Einrichtungen. .<\/p>\n<p>2. Stadion und Freizeiteinrichtungen .<\/p>\n<p>3. kommerzielle Gew\u00e4chsh\u00e4user und \u00dcberdachungen f\u00fcr Aquakultur und Gefl\u00fcgel .<\/p>\n<p>4. die Leuchtk\u00e4sten, Schilder und Werbetafeln in den Verkaufsstellen. .<\/p>\n<p>5. die D\u00e4cher von Warter\u00e4umen in Bahnh\u00f6fen, U-Bahnh\u00f6fen, Busbahnh\u00f6fen und Flugh\u00e4fen. .<\/p>\n<p>\u00a0<\/p>","protected":false},"featured_media":14031,"parent":0,"template":"","product-catagories":[178,179],"product-tag":[],"class_list":["post-14023","product","type-product","status-publish","has-post-thumbnail","hentry","product-catagories-polycarbonate-hollow-sheet","product-catagories-twin-wall-polycarbonate-sheet"],"acf":[],"_links":{"self":[{"href":"https:\/\/www.tononplastics.com\/de\/wp-json\/wp\/v2\/product\/14023","targetHints":{"allow":["GET"]}}],"collection":[{"href":"https:\/\/www.tononplastics.com\/de\/wp-json\/wp\/v2\/product"}],"about":[{"href":"https:\/\/www.tononplastics.com\/de\/wp-json\/wp\/v2\/types\/product"}],"version-history":[{"count":0,"href":"https:\/\/www.tononplastics.com\/de\/wp-json\/wp\/v2\/product\/14023\/revisions"}],"wp:featuredmedia":[{"embeddable":true,"href":"https:\/\/www.tononplastics.com\/de\/wp-json\/wp\/v2\/media\/14031"}],"wp:attachment":[{"href":"https:\/\/www.tononplastics.com\/de\/wp-json\/wp\/v2\/media?parent=14023"}],"wp:term":[{"taxonomy":"product-catagories","embeddable":true,"href":"https:\/\/www.tononplastics.com\/de\/wp-json\/wp\/v2\/product-catagories?post=14023"},{"taxonomy":"product-tag","embeddable":true,"href":"https:\/\/www.tononplastics.com\/de\/wp-json\/wp\/v2\/product-tag?post=14023"}],"curies":[{"name":"wp","href":"https:\/\/api.w.org\/{rel}","templated":true}]}}