{"id":14027,"date":"2023-05-04T21:07:46","date_gmt":"2023-05-04T13:07:46","guid":{"rendered":"https:\/\/tononplastics.com\/?post_type=product&#038;p=14027"},"modified":"2024-04-16T14:12:47","modified_gmt":"2024-04-16T06:12:47","slug":"2-layer-polycarbonate-hollow-sheet","status":"publish","type":"product","link":"https:\/\/www.tononplastics.com\/de\/product\/2-layer-polycarbonate-hollow-sheet\/","title":{"rendered":"2-Schicht-Polycarbonat-Hohlkammerplatte"},"content":{"rendered":"<figure class=\"wp-block-gallery has-nested-images columns-default is-cropped wp-block-gallery-1 is-layout-flex wp-block-gallery-is-layout-flex\">\n<figure class=\"wp-block-image size-large\"><img fetchpriority=\"high\" decoding=\"async\" width=\"640\" height=\"640\" data-id=\"15287\" src=\"https:\/\/www.tononplastics.com\/wp-content\/uploads\/2023\/08\/H905833aa270b428cb135157888c4d1ebN.jpg\" alt=\"\" class=\"wp-image-15287\" title=\"\" srcset=\"https:\/\/www.tononplastics.com\/wp-content\/uploads\/2023\/08\/H905833aa270b428cb135157888c4d1ebN.jpg 640w, https:\/\/www.tononplastics.com\/wp-content\/uploads\/2023\/08\/H905833aa270b428cb135157888c4d1ebN-300x300.jpg 300w, https:\/\/www.tononplastics.com\/wp-content\/uploads\/2023\/08\/H905833aa270b428cb135157888c4d1ebN-150x150.jpg 150w\" sizes=\"(max-width: 640px) 100vw, 640px\" \/><\/figure>\n\n\n\n<figure class=\"wp-block-image size-large\"><img decoding=\"async\" data-id=\"15285\" src=\"https:\/\/www.tononplastics.com\/wp-content\/uploads\/2023\/08\/H64fb2f7828404745a8e81dabfa6bb5c54.png\" alt=\"\" class=\"wp-image-15285\" title=\"\"><\/figure>\n<\/figure>\n\n\n<p><strong><b>Produkt-Detail:<\/b><\/strong><\/p>\n<p><!-- \/wp:post-content --><\/p>\n<p><!-- wp:paragraph \/--><\/p>\n<p><!-- wp:image {\"id\":6628} \/--><\/p>\n<p><!-- wp:table --><\/p>\n<figure class=\"wp-block-table\">\n<table>\n<tbody>\n<tr>\n<td>Produktname<\/td>\n<td>Polycarbonat-Hohlkammerplatten<\/td>\n<\/tr>\n<tr>\n<td>Herkunftsort<\/td>\n<td>Foshan City, Guangdong, China<\/td>\n<\/tr>\n<tr>\n<td>Material<\/td>\n<td>100% Reines Polycarbonat<\/td>\n<\/tr>\n<tr>\n<td>Farben<\/td>\n<td>Klar, Bronze, Blau, Gr\u00fcn, Opal, Grau oder individuell<\/td>\n<\/tr>\n<tr>\n<td>Dicke<\/td>\n<td>4-20mm<\/td>\n<\/tr>\n<tr>\n<td>Breite<\/td>\n<td>2,1 m, 1,22 m oder kundenspezifisch<\/td>\n<\/tr>\n<tr>\n<td>Oberfl\u00e4che<\/td>\n<td>Mit 50 Mikron UV-Schutz, Hitzebest\u00e4ndigkeit<\/td>\n<\/tr>\n<tr>\n<td>Standard f\u00fcr Schutzma\u00dfnahmen<\/td>\n<td>Note A<\/td>\n<\/tr>\n<tr>\n<td>Verpacken<\/td>\n<td>Beidseitig mit PE-Folie, Logo auf der PE-Folie. Kundenspezifische Verpackung ist ebenfalls m\u00f6glich.<\/td>\n<\/tr>\n<tr>\n<td>Lieferung<\/td>\n<td>Innerhalb von 7-10 Tagen nach Eingang der Anzahlung<\/td>\n<\/tr>\n<\/tbody>\n<\/table>\n<\/figure>\n<p><!-- \/wp:table --><\/p>\n<p><!-- wp:image {\"id\":6592} --><\/p>\n<p><!-- \/wp:image --><\/p>\n<p><!-- wp:image {\"id\":6593} --><\/p>\n<p><!-- \/wp:image --><\/p>\n<p><!-- wp:table --><\/p>\n<figure class=\"wp-block-table\">\n<table>\n<tbody>\n<tr>\n<td colspan=\"10\"><strong><b>Spezifikation von Tonon Polycarbonat-Hohlplatten<\/b><\/strong><\/td>\n<\/tr>\n<tr>\n<td>Dicke<\/td>\n<td>Gewicht<\/td>\n<td>Breite<\/td>\n<td>L\u00e4nge<\/td>\n<td colspan=\"6\">Ligth \u00dcbertragung%(\u00b13%)<\/td>\n<\/tr>\n<tr>\n<td>mm<\/td>\n<td>Kg\/m2<\/td>\n<td>mm<\/td>\n<td>mm<\/td>\n<td>Klar<\/td>\n<td>Opalisierend<\/td>\n<td>Blau<\/td>\n<td>Blauer See<\/td>\n<td>Bronze<\/td>\n<td>Gr\u00fcn<\/td>\n<\/tr>\n<tr>\n<td>4<\/td>\n<td>1<\/td>\n<td>2100<\/td>\n<td>6000<\/td>\n<td>80<\/td>\n<td>57<\/td>\n<td>45<\/td>\n<td>55<\/td>\n<td>55<\/td>\n<td>45<\/td>\n<\/tr>\n<tr>\n<td>6<\/td>\n<td>1.3<\/td>\n<td>2100<\/td>\n<td>6000<\/td>\n<td>79<\/td>\n<td>56<\/td>\n<td>36<\/td>\n<td>50<\/td>\n<td>53<\/td>\n<td>42<\/td>\n<\/tr>\n<tr>\n<td>8<\/td>\n<td>1.5<\/td>\n<td>2100<\/td>\n<td>6000<\/td>\n<td>78<\/td>\n<td>52<\/td>\n<td>30<\/td>\n<td>47<\/td>\n<td>51<\/td>\n<td>40<\/td>\n<\/tr>\n<tr>\n<td>10<\/td>\n<td>1.7<\/td>\n<td>2100<\/td>\n<td>6000<\/td>\n<td>77<\/td>\n<td>44<\/td>\n<td>25<\/td>\n<td>42<\/td>\n<td>48<\/td>\n<td>35<\/td>\n<\/tr>\n<\/tbody>\n<\/table>\n<\/figure>\n<p><!-- \/wp:table --><\/p>\n<p><!-- wp:image {\"id\":6594} --><\/p>\n<p><!-- \/wp:image --><\/p>\n<p><!-- wp:image {\"id\":6595} --><\/p>\n<p><!-- \/wp:image --><\/p>\n<p><!-- wp:table --><\/p>\n<figure class=\"wp-block-table\">\n<table>\n<tbody>\n<tr>\n<td colspan=\"4\"><strong><b>Technische Daten von Tonon Polycarbonat-Hohlkammerplatten<\/b><\/strong><\/td>\n<\/tr>\n<tr>\n<td>Nein.<\/td>\n<td>Merkmale<\/td>\n<td>Einheit<\/td>\n<td>Datum<\/td>\n<\/tr>\n<tr>\n<td>1<\/td>\n<td>Schlagfestigkeit<\/td>\n<td>J\/M<\/td>\n<td>850<\/td>\n<\/tr>\n<tr>\n<td>2<\/td>\n<td>Licht\u00fcbertragung<\/td>\n<td>%<\/td>\n<td>88<\/td>\n<\/tr>\n<tr>\n<td>3<\/td>\n<td>Spezifische Schwerkraft<\/td>\n<td>g\/cm<sup>3<\/sup><\/td>\n<td>1.2<\/td>\n<\/tr>\n<tr>\n<td>4<\/td>\n<td>W\u00e4rmeausdehnungskoeffizient<\/td>\n<td>Mm\/m.\u2103<\/td>\n<td>0.065<\/td>\n<\/tr>\n<tr>\n<td>5<\/td>\n<td>Bereich der Temperatur<\/td>\n<td>\u2103<\/td>\n<td>-40\uff5e+120<\/td>\n<\/tr>\n<tr>\n<td>6<\/td>\n<td>W\u00e4rmeleitf\u00e4higkeit<\/td>\n<td>W\/m<sup>2<\/sup>.\u2103<\/td>\n<td>2.3\uff5e3.9<\/td>\n<\/tr>\n<tr>\n<td>7<\/td>\n<td>Zugfestigkeit<\/td>\n<td>N\/mm<sup>2<\/sup><\/td>\n<td>\u226560<\/td>\n<\/tr>\n<tr>\n<td>8<\/td>\n<td>Biegefestigkeit<\/td>\n<td>N\/mm<sup>2<\/sup><\/td>\n<td>100<\/td>\n<\/tr>\n<tr>\n<td>9<\/td>\n<td>Elastizit\u00e4tsmodul<\/td>\n<td>Mpa<\/td>\n<td>2400<\/td>\n<\/tr>\n<tr>\n<td>10<\/td>\n<td>Zugspannung bei Bruch<\/td>\n<td>Mpa<\/td>\n<td>\u226565<\/td>\n<\/tr>\n<tr>\n<td>11<\/td>\n<td>Dehnung beim Bruch<\/td>\n<td>%<\/td>\n<td>&gt;100<\/td>\n<\/tr>\n<tr>\n<td>12<\/td>\n<td>Spezifische W\u00e4rme<\/td>\n<td>Kj\/Kg.K<\/td>\n<td>1.17<\/td>\n<\/tr>\n<tr>\n<td>13<\/td>\n<td>W\u00e4rmeumlenkung Temperatur<\/td>\n<td>\u2103<\/td>\n<td>140<\/td>\n<\/tr>\n<tr>\n<td>14<\/td>\n<td>Wirkung des Schallschutzes<\/td>\n<td>10mm Hohlkammerplatte<\/td>\n<td>Abschw\u00e4chung 20dB<\/td>\n<\/tr>\n<\/tbody>\n<\/table>\n<\/figure>\n<p><!-- \/wp:table --><\/p>\n<p><!-- wp:image {\"id\":6596} --><\/p>\n<p><!-- \/wp:image --><\/p>\n<p><!-- wp:paragraph --><\/p>\n<p><strong><b>Anwendung von Polycarbonat-Hohlkammerplatten<\/b><\/strong><\/p>\n<p><!-- \/wp:paragraph --><\/p>\n<p><!-- wp:paragraph --><\/p>\n<p>1. Dach f\u00fcr die nat\u00fcrliche Beleuchtung von zivilen und \u00f6ffentlichen Geb\u00e4uden, Inneneinrichtung und \u00f6ffentlichen Einrichtungen. .<\/p>\n<p><!-- \/wp:paragraph --><\/p>\n<p><!-- wp:paragraph --><\/p>\n<p>2. Stadion und Freizeiteinrichtungen .<\/p>\n<p><!-- \/wp:paragraph --><\/p>\n<p><!-- wp:paragraph --><\/p>\n<p>3. kommerzielle Gew\u00e4chsh\u00e4user und \u00dcberdachungen f\u00fcr Aquakultur und Gefl\u00fcgel .<\/p>\n<p><!-- \/wp:paragraph --><\/p>\n<p><!-- wp:paragraph --><\/p>\n<p>4. die Leuchtk\u00e4sten, Schilder und Werbetafeln in den Verkaufsstellen. .<\/p>\n<p><!-- \/wp:paragraph --><\/p>\n<p><!-- wp:paragraph --><\/p>\n<p>5. die D\u00e4cher von Warter\u00e4umen in Bahnh\u00f6fen, U-Bahnh\u00f6fen, Busbahnh\u00f6fen und Flugh\u00e4fen. .<\/p>","protected":false},"featured_media":16775,"parent":0,"template":"","product-catagories":[178,179],"product-tag":[],"class_list":["post-14027","product","type-product","status-publish","has-post-thumbnail","hentry","product-catagories-polycarbonate-hollow-sheet","product-catagories-twin-wall-polycarbonate-sheet"],"acf":[],"_links":{"self":[{"href":"https:\/\/www.tononplastics.com\/de\/wp-json\/wp\/v2\/product\/14027","targetHints":{"allow":["GET"]}}],"collection":[{"href":"https:\/\/www.tononplastics.com\/de\/wp-json\/wp\/v2\/product"}],"about":[{"href":"https:\/\/www.tononplastics.com\/de\/wp-json\/wp\/v2\/types\/product"}],"version-history":[{"count":0,"href":"https:\/\/www.tononplastics.com\/de\/wp-json\/wp\/v2\/product\/14027\/revisions"}],"wp:featuredmedia":[{"embeddable":true,"href":"https:\/\/www.tononplastics.com\/de\/wp-json\/wp\/v2\/media\/16775"}],"wp:attachment":[{"href":"https:\/\/www.tononplastics.com\/de\/wp-json\/wp\/v2\/media?parent=14027"}],"wp:term":[{"taxonomy":"product-catagories","embeddable":true,"href":"https:\/\/www.tononplastics.com\/de\/wp-json\/wp\/v2\/product-catagories?post=14027"},{"taxonomy":"product-tag","embeddable":true,"href":"https:\/\/www.tononplastics.com\/de\/wp-json\/wp\/v2\/product-tag?post=14027"}],"curies":[{"name":"wp","href":"https:\/\/api.w.org\/{rel}","templated":true}]}}