{"id":14546,"date":"2023-08-08T09:08:02","date_gmt":"2023-08-08T01:08:02","guid":{"rendered":"https:\/\/tononplastics.com\/?post_type=product&#038;p=14546"},"modified":"2024-03-25T13:01:39","modified_gmt":"2024-03-25T05:01:39","slug":"polycarbonate-corrugated-sheet","status":"publish","type":"product","link":"https:\/\/www.tononplastics.com\/de\/product\/polycarbonate-corrugated-sheet\/","title":{"rendered":"Polycarbonat-Wellplatten"},"content":{"rendered":"<p><strong>Einzelheiten<\/strong><\/p>\n\n\n\n<p>Tecplast produziert alle Arten von Polycarbonat-Wellplatten. Wir produzieren auch nach Ihnen gewellte Form Form!<\/p>\n\n\n\n<p><strong>Produkte Bild<\/strong><\/p>\n\n\n\n<figure class=\"wp-block-image is-resized\"><img decoding=\"async\" src=\"https:\/\/www.techplast.com.cn\/d\/file\/polycarbonate-corrugated-solid-sheet\/2023-11-09\/16995219633519.png\" alt=\"\" style=\"width:840px;height:auto\" title=\"1.png\"><\/figure>\n\n\n\n<p><strong>Eigenschaften<\/strong><\/p>\n\n\n\n<p>1. sehr klar und viel st\u00e4rker als andere Kunststoffmaterialien,<\/p>\n\n\n\n<p>2. perfekt glatte Oberfl\u00e4che, hergestellt mit 100% reinen Harzen und hochentwickelter Technologie.<\/p>\n\n\n\n<p>3. geringes Gewicht und dennoch praktisch unzerbrechlich, Lichtdurchl\u00e4ssigkeit: bis zu 88%<\/p>\n\n\n\n<p>4. einfach zu installieren mit minimaler Wartung<\/p>\n\n\n\n<p>5. absorbiert fast 100% der sch\u00e4dlichen UV-Strahlung<\/p>\n\n\n\n<p>6. hohe Schlagz\u00e4higkeit, 80 Mal mehr als Glas, 15 Mal mehr als Acrylglas<\/p>\n\n\n\n<p>7. UV-Coextrusion f\u00fcr lange Lebensdauer, 10 Jahre Garantie<\/p>\n\n\n\n<p><strong>Angaben zur Gr\u00f6\u00dfe<\/strong><\/p>\n\n\n\n<p>Dicke: 0,8-2,5 mm<\/p>\n\n\n\n<p>Breite: 600-1800mm<\/p>\n\n\n\n<p>L\u00e4nge: nicht begrenzt<\/p>\n\n\n\n<p><strong>Technische Daten<\/strong><\/p>\n\n\n\n<figure class=\"wp-block-table\"><table><tbody><tr><td><strong>Aufschlagskraft<\/strong><\/td><td><strong>Transparenz<\/strong><\/td><td><strong>Spezifische Schwerkraft<\/strong><\/td><td><strong>Koeffizient der thermischen Ausdehnung<\/strong><\/td><td><strong>Betriebstemperatur<\/strong><\/td><td><strong>W\u00e4rmeleitf\u00e4higkeit<\/strong><\/td><\/tr><tr><td>50j\/m<\/td><td>88%-92%<\/td><td>1200kg\/m\u00b3<\/td><td>0,065mm\/m\u00b0C<\/td><td>-40\u00b0C~+120\u00b0C<\/td><td>0,21w\/m\u00b2\u00b0C<\/td><\/tr><tr><td><strong>Zugfestigkeit<\/strong><\/td><td><strong>Biegest\u00e4rke<\/strong><\/td><td><strong>Elastizit\u00e4tsmodul<\/strong><\/td><td><strong>Wirkung der Schalld\u00e4mmung<\/strong><\/td><td><strong>Zugspannung bei Bruch<\/strong><\/td><td><strong>Dehnung bei Bruch<\/strong><\/td><\/tr><tr><td>\u226560N\/mm<\/td><td>100N\/mm\u00b2<\/td><td>2400Mpa<\/td><td>35 Dezibel weniger bei 6mm Massivplatten<\/td><td>\u2265130Mpa<\/td><td><\/td><\/tr><\/tbody><\/table><\/figure>\n\n\n\n<p><h3><span style=\"font-size: revert; color: initial;\"> <\/span><\/h3><table style=\"border-collapse: collapse; width: 100%;\"> <tbody> <tr style=\"background-color: #0e6fe6;\"> <td style=\"width: 18.1592%;\"> <p><span style=\"color: #ffffff;\"><b>Photopermeabilit\u00e4t<\/b><\/span><\/p> <\/td> <td style=\"width: 81.8408%;\"> <p><span style=\"color: #ffffff;\">Je nach Farbe kann die Lichtdurchl\u00e4ssigkeit 0-89% erreichen.<\/span><\/p> <\/td> <\/tr> <tr> <td style=\"width: 18.1592%;\"> <p><b>Leichtes Gewicht<\/b><\/p> <\/td> <td style=\"width: 81.8408%;\"> <p>das Gewicht entspricht der Dicke des Glases 1\/15<\/p> <\/td> <\/tr> <tr> <td style=\"width: 18.1592%;\"> <p><b>Sto\u00dffestigkeit <\/b><\/p> <\/td> <td style=\"width: 81.8408%;\"> <p>gute Z\u00e4higkeit, nicht leicht zu besch\u00e4digen beim Transport, der Installation und der Verwendung; die Schlagfestigkeit<\/p> <p>ist 250 Mal h\u00f6her als bei Glas und 30 Mal h\u00f6her als bei Plexiglas<\/p> <\/td> <\/tr> <tr> <td style=\"width: 18.1592%;\"> <p><b>Alterungsbest\u00e4ndigkeit:<\/b><\/p> <\/td> <td style=\"width: 81.8408%;\"> <p>Die Oberfl\u00e4che des Produkts enth\u00e4lt eine ultraviolette Co-Extrusionsschicht, die eine gute Witterungsbest\u00e4ndigkeit aufweist,<\/p> <p>bei langfristiger Nutzung bleiben gute optische und mechanische Eigenschaften erhalten<\/p> <\/td> <\/tr> <tr> <td style=\"width: 18.1592%;\"> <p><b>Widerstandsf\u00e4higkeit gegen Wind <\/b><\/p> <p><b>Druck<\/b><\/p> <\/td> <td style=\"width: 81.8408%;\"> <p>Widerstand gegen Winddruck GB\/T 7106-2008 erste Stufe<\/p> <\/td> <\/tr> <tr> <td style=\"width: 18.1592%;\"> <p><b>Anpassung an gro\u00dfe <\/b><\/p> <p><b>Temperatur <\/b><\/p> <p><b>Unterschied<\/b><\/p> <\/td> <td style=\"width: 81.8408%;\"> <p>Dauergebrauchstemperatur: minus 40\u00b0C bis Hochtemperatur 120\u00b0C<\/p> <\/td> <\/tr> <tr> <td style=\"width: 18.1592%;\"> <p><b>Schalld\u00e4mmung<\/b><\/p> <\/td> <td style=\"width: 81.8408%;\"> <p>hohle Struktur von Polycarbonat gute Schalld\u00e4mmung Eigenschaften, kann effektiv zu reduzieren<\/p> <p>L\u00e4rm<\/p> <\/td> <\/tr> <tr> <td style=\"width: 18.1592%;\"> <p><b>Entflammbar <\/b><\/p> <\/td> <td style=\"width: 81.8408%;\"> <p>gem\u00e4\u00df der nationalen Norm GB8624-2012 ist brennbar Klasse B1<\/p> <\/td> <\/tr> <tr> <td style=\"width: 18.1592%;\"> <p><b>Einfache Installation <\/b><\/p> <\/td> <td style=\"width: 81.8408%;\"> <p>Kaltbiegen mit einem Mindestbiegeradius von 175 mal der Blechdicke<\/p> <\/td> <\/tr> <tr> <td style=\"width: 18.1592%;\"> <p><b>Energieeinsparung <\/b><\/p> <\/td> <td style=\"width: 81.8408%;\"> <p>niedriger W\u00e4rmedurchgangskoeffizient (K-Wert), gute W\u00e4rmed\u00e4mmung, Energieeinsparung ist 1,5-1,7 mal der<\/p> <p>gleiche Dicke des Glases<\/p> <\/td> <\/tr> <\/tbody> <\/table><\/p>","protected":false},"featured_media":14351,"parent":0,"template":"","product-catagories":[174],"product-tag":[],"class_list":["post-14546","product","type-product","status-publish","has-post-thumbnail","hentry","product-catagories-polycarbonate-corrugated-sheet"],"acf":[],"_links":{"self":[{"href":"https:\/\/www.tononplastics.com\/de\/wp-json\/wp\/v2\/product\/14546","targetHints":{"allow":["GET"]}}],"collection":[{"href":"https:\/\/www.tononplastics.com\/de\/wp-json\/wp\/v2\/product"}],"about":[{"href":"https:\/\/www.tononplastics.com\/de\/wp-json\/wp\/v2\/types\/product"}],"version-history":[{"count":0,"href":"https:\/\/www.tononplastics.com\/de\/wp-json\/wp\/v2\/product\/14546\/revisions"}],"wp:featuredmedia":[{"embeddable":true,"href":"https:\/\/www.tononplastics.com\/de\/wp-json\/wp\/v2\/media\/14351"}],"wp:attachment":[{"href":"https:\/\/www.tononplastics.com\/de\/wp-json\/wp\/v2\/media?parent=14546"}],"wp:term":[{"taxonomy":"product-catagories","embeddable":true,"href":"https:\/\/www.tononplastics.com\/de\/wp-json\/wp\/v2\/product-catagories?post=14546"},{"taxonomy":"product-tag","embeddable":true,"href":"https:\/\/www.tononplastics.com\/de\/wp-json\/wp\/v2\/product-tag?post=14546"}],"curies":[{"name":"wp","href":"https:\/\/api.w.org\/{rel}","templated":true}]}}