{"id":15068,"date":"2023-08-22T12:40:43","date_gmt":"2023-08-22T04:40:43","guid":{"rendered":"https:\/\/tononplastics.com\/?post_type=product&#038;p=15068"},"modified":"2024-03-25T14:20:26","modified_gmt":"2024-03-25T06:20:26","slug":"online-pc-solid-corrugated-sheet-price-list-polycarbonate-corrugated-plastic-roofing-sheets","status":"publish","type":"product","link":"https:\/\/www.tononplastics.com\/de\/product\/online-pc-solid-corrugated-sheet-price-list-polycarbonate-corrugated-plastic-roofing-sheets\/","title":{"rendered":"Online PC Massivwellplatten Preisliste. Polycarbonat gewellte Kunststoffdachplatten"},"content":{"rendered":"<style>\/*! elementor - v3.15.0 - 09-08-2023 *\/<br \/>\n.elementor-widget-image{text-align:center}.elementor-widget-image a{display:inline-block}.elementor-widget-image a img[src$=\".svg\"]{width:48px}.elementor-widget-image img{vertical-align:middle;display:inline-block}<\/style>\n<p><img fetchpriority=\"high\" decoding=\"async\" src=\"https:\/\/tononplastics.com\/wp-content\/uploads\/2023\/08\/img-51-1024x702.jpg\" sizes=\"(max-width: 800px) 100vw, 800px\" srcset=\"https:\/\/tononplastics.com\/wp-content\/uploads\/2023\/08\/img-51-1024x702.jpg 1024w, https:\/\/tononplastics.com\/wp-content\/uploads\/2023\/08\/img-51-300x206.jpg 300w, https:\/\/tononplastics.com\/wp-content\/uploads\/2023\/08\/img-51-768x527.jpg 768w, https:\/\/tononplastics.com\/wp-content\/uploads\/2023\/08\/img-51.jpg 1092w\" alt=\"\" width=\"800\" height=\"548\" title=\"\"><br \/>\n<img decoding=\"async\" src=\"https:\/\/tononplastics.com\/wp-content\/uploads\/2023\/05\/corrugated-polycarboante-sheet.jpg\" sizes=\"(max-width: 800px) 100vw, 800px\" srcset=\"https:\/\/tononplastics.com\/wp-content\/uploads\/2023\/05\/corrugated-polycarboante-sheet.jpg 800w, https:\/\/tononplastics.com\/wp-content\/uploads\/2023\/05\/corrugated-polycarboante-sheet-300x209.jpg 300w, https:\/\/tononplastics.com\/wp-content\/uploads\/2023\/05\/corrugated-polycarboante-sheet-768x534.jpg 768w\" alt=\"\" width=\"800\" height=\"556\" title=\"\"><\/p>\n<p><strong>Konventionelle Produktdetails:<\/strong><\/p>\n<p>1). Stegdoppelplatten aus Polycarbonat, Dicke: 3mm-12mm. Breite: 2100mm.<\/p>\n<p>2). Dreifachwandige Polycarbonatplatten Dicke: 10mm-18mm. Breite: 2100mm.<\/p>\n<p>3). Vierwandige Polycarbonatplatten Dicke: 6mm-14mm. Breite: 2100mm.<\/p>\n<p>4). Wabenf\u00f6rmige Polycarbonatplatten Dicke: 6mm-14mm. Breite: 2100mm.<\/p>\n<p>5). Wir k\u00f6nnen auch die Breite wie 1220mm anpassen, und die normale Dicke ist 4mm-6mm. Aber der Preis wird h\u00f6her als 2100mm Breite, weil es den Verlust von Geb\u00fchren hat.<\/p>\n<p>6). Massive Polycarbonatplatten in Standardst\u00e4rke:<\/p>\n<p>1,1mm-18mm. Breite: 1220, 1560, 1820, 2100mm. Normalerweise 1220x2440mm.<\/p>\n<p>7). Dicke der gewellten Polycarbonatplatten: 0,8mm-1,8mm.  Breite ist 1000mm und 1200mm.<\/p>\n<p><em>A. L\u00e4nge: Keine Begrenzung (empfohlen 5800, 6000, 11800, 12000mm, um 20\u2032 Container &amp; 40\u2032 Container zu passen).<\/em><\/p>\n<p><em>B. Farbe: klar\/transparent, seeblau, gr\u00fcn, blau, opal, braun\/bronze, silbergrau, rot, gelb, etc.<\/em><\/p>\n<p><img decoding=\"async\" src=\"https:\/\/tononplastics.com\/wp-content\/uploads\/2023\/08\/10006-1.jpg\" sizes=\"(max-width: 800px) 100vw, 800px\" srcset=\"https:\/\/tononplastics.com\/wp-content\/uploads\/2023\/08\/10006-1.jpg 800w, https:\/\/tononplastics.com\/wp-content\/uploads\/2023\/08\/10006-1-300x300.jpg 300w, https:\/\/tononplastics.com\/wp-content\/uploads\/2023\/08\/10006-1-150x150.jpg 150w, https:\/\/tononplastics.com\/wp-content\/uploads\/2023\/08\/10006-1-768x768.jpg 768w\" alt=\"\" width=\"800\" height=\"800\" title=\"\"><\/p>","protected":false},"featured_media":15072,"parent":0,"template":"","product-catagories":[168],"product-tag":[],"class_list":["post-15068","product","type-product","status-publish","has-post-thumbnail","hentry","product-catagories-acrylic-sheet"],"acf":[],"_links":{"self":[{"href":"https:\/\/www.tononplastics.com\/de\/wp-json\/wp\/v2\/product\/15068","targetHints":{"allow":["GET"]}}],"collection":[{"href":"https:\/\/www.tononplastics.com\/de\/wp-json\/wp\/v2\/product"}],"about":[{"href":"https:\/\/www.tononplastics.com\/de\/wp-json\/wp\/v2\/types\/product"}],"version-history":[{"count":0,"href":"https:\/\/www.tononplastics.com\/de\/wp-json\/wp\/v2\/product\/15068\/revisions"}],"wp:featuredmedia":[{"embeddable":true,"href":"https:\/\/www.tononplastics.com\/de\/wp-json\/wp\/v2\/media\/15072"}],"wp:attachment":[{"href":"https:\/\/www.tononplastics.com\/de\/wp-json\/wp\/v2\/media?parent=15068"}],"wp:term":[{"taxonomy":"product-catagories","embeddable":true,"href":"https:\/\/www.tononplastics.com\/de\/wp-json\/wp\/v2\/product-catagories?post=15068"},{"taxonomy":"product-tag","embeddable":true,"href":"https:\/\/www.tononplastics.com\/de\/wp-json\/wp\/v2\/product-tag?post=15068"}],"curies":[{"name":"wp","href":"https:\/\/api.w.org\/{rel}","templated":true}]}}