{"id":15092,"date":"2023-08-22T15:54:49","date_gmt":"2023-08-22T07:54:49","guid":{"rendered":"https:\/\/tononplastics.com\/?post_type=product&#038;p=15092"},"modified":"2024-03-25T12:43:29","modified_gmt":"2024-03-25T04:43:29","slug":"polycarbonate-price-m2-thickness-1mm-to-20mm-polycarbonate-sheet-skylight","status":"publish","type":"product","link":"https:\/\/www.tononplastics.com\/de\/product\/polycarbonate-price-m2-thickness-1mm-to-20mm-polycarbonate-sheet-skylight\/","title":{"rendered":"Polycarbonat Preis m2 Dicke 1mm bis 20mm Polycarbonatplatte Oberlicht"},"content":{"rendered":"<figure class=\"wp-block-gallery has-nested-images columns-default is-cropped wp-block-gallery-1 is-layout-flex wp-block-gallery-is-layout-flex\">\n<figure class=\"wp-block-image size-large\"><img decoding=\"async\" data-id=\"16102\" src=\"https:\/\/www.tononplastics.com\/wp-content\/uploads\/2023\/08\/H5252f7bf19904b9295f135ab89a014f02-1024x683.webp\" alt=\"\" class=\"wp-image-16102\" title=\"\"><\/figure>\n\n\n\n<figure class=\"wp-block-image size-large\"><img decoding=\"async\" data-id=\"16103\" src=\"https:\/\/www.tononplastics.com\/wp-content\/uploads\/2023\/08\/H912578573bb64e5aa470cb700f63aee7a.webp\" alt=\"\" class=\"wp-image-16103\" title=\"\"><\/figure>\n<\/figure>\n\n\n<p align=\"left\"><strong data-spm-anchor-id=\"a2700.details.0.i49.3dd740b027tc6R\">Anwendung von Polycarbonatplatten<\/strong><\/p>\n<p>1) Bedachung Licht Blatt und Sonnenschutz f\u00fcr B\u00fcrogeb\u00e4ude, Kaufhaus, Hotel, Stadion, Schule, Vergn\u00fcgungszentrum, Krankenhaus, ect.<\/p>\n<p>2) Oberlicht, Beleuchtung f\u00fcr Flure, Balkone, Durchg\u00e4nge und Unterf\u00fchrungen, Gehwege.<\/p>\n<p>3) Do-It-Yourself (DIY), Markise, Vordach.<\/p>\n<p>4) Werbelampenk\u00e4sten, Hinweisschilder.<\/p>\n<p>5) Anti-Aufruhr-Schild, kugelsicheres Material, Bankautomaten.<\/p>\n<p>6) Gew\u00e4chsh\u00e4user, landwirtschaftliche Gew\u00e4chsh\u00e4user, Zoos, botanische G\u00e4rten.<\/p>\n<p>7) Industrielle Bedachung und Verglasung<\/p>\n<p>8) Schwimmbad\u00fcberdachungen\/-abdeckungen aus Kunststoff mit ausgezeichneter Integrationsf\u00e4higkeit.\u00a0<\/p>\n<p>9) Zehn Jahre Garantie.<\/p>\n<p align=\"left\"><strong>Handelsbedingungen:<\/strong><\/p>\n<p align=\"left\">1. die Preisbedingungen: EXW\/FOB\/C&amp;F\/CIF\u00a0<\/p>\n<p align=\"left\">2. die Zahlung durch T\/T oder L\/C. 30% Ablagerung und 70% vor Versand\u00a0<\/p>\n<p align=\"left\">3. die Lieferzeit: 7-10 Arbeitstage, abh\u00e4ngig von der Bestellmenge<\/p>\n<p align=\"left\">4.MOQ:3 Tonnen<\/p>\n<p><strong>Informationen zum Unternehmen<\/strong><\/p>\n<p>\u00a0<img decoding=\"async\" src=\"https:\/\/sc02.alicdn.com\/kf\/H3cbcbd416388413795ef9aae9767675d6\/200162319\/H3cbcbd416388413795ef9aae9767675d6.png\" alt=\"Polycarbonat Preis m2 Dicke 1mm bis 20mm Polycarbonatplatte Oberlicht\" width=\"630\" data-src=\"\/\/sc02.alicdn.com\/kf\/H3cbcbd416388413795ef9aae9767675d6\/200162319\/H3cbcbd416388413795ef9aae9767675d6.png\" data-alt=\"Polycarbonate price m2 thickness 1mm to 20mm polycarbonate sheet skylight\" data-width=\"630\" data- title=\"\"><\/p>\n<p><img fetchpriority=\"high\" decoding=\"async\" src=\"https:\/\/tononplastics.com\/wp-content\/uploads\/2023\/08\/10007-1.jpg\" sizes=\"(max-width: 800px) 100vw, 800px\" srcset=\"https:\/\/tononplastics.com\/wp-content\/uploads\/2023\/08\/10007-1.jpg 800w, https:\/\/tononplastics.com\/wp-content\/uploads\/2023\/08\/10007-1-300x300.jpg 300w, https:\/\/tononplastics.com\/wp-content\/uploads\/2023\/08\/10007-1-150x150.jpg 150w, https:\/\/tononplastics.com\/wp-content\/uploads\/2023\/08\/10007-1-768x768.jpg 768w\" alt=\"\" width=\"800\" height=\"800\" title=\"\"><\/p>","protected":false},"featured_media":14843,"parent":0,"template":"","product-catagories":[168],"product-tag":[],"class_list":["post-15092","product","type-product","status-publish","has-post-thumbnail","hentry","product-catagories-acrylic-sheet"],"acf":[],"_links":{"self":[{"href":"https:\/\/www.tononplastics.com\/de\/wp-json\/wp\/v2\/product\/15092","targetHints":{"allow":["GET"]}}],"collection":[{"href":"https:\/\/www.tononplastics.com\/de\/wp-json\/wp\/v2\/product"}],"about":[{"href":"https:\/\/www.tononplastics.com\/de\/wp-json\/wp\/v2\/types\/product"}],"version-history":[{"count":0,"href":"https:\/\/www.tononplastics.com\/de\/wp-json\/wp\/v2\/product\/15092\/revisions"}],"wp:featuredmedia":[{"embeddable":true,"href":"https:\/\/www.tononplastics.com\/de\/wp-json\/wp\/v2\/media\/14843"}],"wp:attachment":[{"href":"https:\/\/www.tononplastics.com\/de\/wp-json\/wp\/v2\/media?parent=15092"}],"wp:term":[{"taxonomy":"product-catagories","embeddable":true,"href":"https:\/\/www.tononplastics.com\/de\/wp-json\/wp\/v2\/product-catagories?post=15092"},{"taxonomy":"product-tag","embeddable":true,"href":"https:\/\/www.tononplastics.com\/de\/wp-json\/wp\/v2\/product-tag?post=15092"}],"curies":[{"name":"wp","href":"https:\/\/api.w.org\/{rel}","templated":true}]}}