{"id":15145,"date":"2023-08-23T10:22:54","date_gmt":"2023-08-23T02:22:54","guid":{"rendered":"https:\/\/tononplastics.com\/?post_type=product&#038;p=15145"},"modified":"2024-03-25T14:46:09","modified_gmt":"2024-03-25T06:46:09","slug":"foshan-factory-direct-sale-blue-pc-solid-sheet-polycarbonate-roof-sound-insulantion-reach-grade-b1","status":"publish","type":"product","link":"https:\/\/www.tononplastics.com\/de\/product\/foshan-factory-direct-sale-blue-pc-solid-sheet-polycarbonate-roof-sound-insulantion-reach-grade-b1\/","title":{"rendered":"Foshan Factory Direct Sale Blau PC Massivholzplatte Polycarbonat Dach Schalld\u00e4mmung Reichweite Klasse B1"},"content":{"rendered":"<table>\n<tbody>\n<tr>\n<td colspan=\"2\" height=\"66\" data-spm-anchor-id=\"a2700.details.0.i28.18671560If61rG\">Polycarbonat Massivplatten Spezifikation<\/td>\n<\/tr>\n<tr>\n<td height=\"66\">Breite:<\/td>\n<td height=\"66\">2,1 m 1,82 m, 1,56 m oder 1,22 m<\/td>\n<\/tr>\n<tr>\n<td height=\"66\">L\u00e4nge:<\/td>\n<td height=\"66\">Nicht begrenzt<\/td>\n<\/tr>\n<tr>\n<td height=\"66\">Die Dicke:<\/td>\n<td height=\"66\">0,6 mm bis 18,0 mm<\/td>\n<\/tr>\n<tr>\n<td height=\"66\">Standard Farbe:<\/td>\n<td height=\"66\">Klar, Blau, Gr\u00fcn, Opal, Braun<\/td>\n<\/tr>\n<\/tbody>\n<\/table>\n<p><strong>Anwendung von PC-Massivplatten :<\/strong><\/p>\n<p>Galerie Pavillon G\u00e4rten, Kirmes exotische Dekoration und Ruhepl\u00e4tze;<br \/>\nGesch\u00e4ftsgeb\u00e4ude, sowohl Innen- als auch Au\u00dfenfassaden moderner st\u00e4dtischer Geb\u00e4ude;<br \/>\nTransparente Beh\u00e4lter f\u00fcr die Luftfahrt, Frontscheiben von Motorr\u00e4dern, Flugzeugen, Z\u00fcgen, Schiffen, Autos, Motorbooten, U-Booten und Glasschilden f\u00fcr Milit\u00e4r und Polizei;<br \/>\nTelefonzellen, Werbeschilder, Werbeleuchtk\u00e4sten zeigen den Aufbau der Ausstellung;<br \/>\nAusr\u00fcstung, Instrumentierung, Niederspannungsschalttafeln und milit\u00e4risch-industrielle Anwendungen;<br \/>\nWand, Dach, Paravents und anderes hochwertiges Dekorationsmaterial f\u00fcr den Innenbereich;<br \/>\nL\u00e4rmschutzw\u00e4nde an Autobahnen und st\u00e4dtischen Hochstra\u00dfen;<br \/>\nLandwirtschaftliche Gew\u00e4chsh\u00e4user und Zuchtst\u00e4lle;<br \/>\nModerne \u00d6ko-Restaurant-Decke;<br \/>\nAlle Einheiten oder Zellzyklus Schuppen, der Balkon Sonnenvordach und Dachrest Kioske vergossen;<br \/>\nB\u00fcrogeb\u00e4ude, Kaufh\u00e4user, Hotels, Villen, Schulen, Krankenh\u00e4user, Sportstadien, Unterhaltungszentren und \u00f6ffentliche Einrichtungen Deckenbeleuchtung et.<\/p>\n<p><strong>Unsere Dienstleistungen:<\/strong><br \/>\n1. beantworten Sie Ihre Anfrage in 8 Arbeitsstunden.<br \/>\n2. erfahrene Mitarbeiter beantworten alle Ihre Fragen in flie\u00dfendem Englisch. .<br \/>\n3. kundenspezifische desigh ist verf\u00fcgbar, OEM ist willkommen.<br \/>\n4) Sonderrabatt und Schutz des Verkaufsgebiets f\u00fcr unseren H\u00e4ndler.<\/p>\n<p><strong>Handelsbedingungen:<\/strong><br \/>\n1. die Preisbedingungen: EXW\/FOB\/C&amp;F\/CIF<br \/>\n2. die Zahlung durch T\/T oder L\/C. 30% Ablagerung und 70% vor Versand<br \/>\n3. die Lieferzeit: 7-10 Arbeitstage, abh\u00e4ngig von der Bestellmenge<br \/>\n4.MOQ:3 Tonnen<\/p>\n<p><strong>Klar:<\/strong><\/p>\n<p><img fetchpriority=\"high\" decoding=\"async\" src=\"https:\/\/sc02.alicdn.com\/kf\/UTB8n0ouXHnJXKJkSahGq6xhzFXaT\/200162319\/UTB8n0ouXHnJXKJkSahGq6xhzFXaT.jpg\" alt=\"Foshan Factory Direct Sale Blau PC Massivholzplatte Polycarbonat Dach Schalld\u00e4mmung Reichweite Klasse B1\" width=\"678\" height=\"452\" data-src=\"\/\/sc02.alicdn.com\/kf\/UTB8n0ouXHnJXKJkSahGq6xhzFXaT\/200162319\/UTB8n0ouXHnJXKJkSahGq6xhzFXaT.jpg\" data-alt=\"Foshan Factory Direct Sale Blue PC Solid Sheet Polycarbonate Roof Sound Insulantion Reach Grade B1\" data-width=\"678\" data-height=\"452\" data- title=\"\"><\/p>\n<p><img decoding=\"async\" src=\"https:\/\/sc01.alicdn.com\/kf\/UTB8szPkXHPJXKJkSafSq6yqUXXae\/200162319\/UTB8szPkXHPJXKJkSafSq6yqUXXae.jpg\" alt=\"Foshan Factory Direct Sale Blau PC Massivholzplatte Polycarbonat Dach Schalld\u00e4mmung Reichweite Klasse B1\" width=\"677\" height=\"677\" data-src=\"\/\/sc01.alicdn.com\/kf\/UTB8szPkXHPJXKJkSafSq6yqUXXae\/200162319\/UTB8szPkXHPJXKJkSafSq6yqUXXae.jpg\" data-alt=\"Foshan Factory Direct Sale Blue PC Solid Sheet Polycarbonate Roof Sound Insulantion Reach Grade B1\" data-width=\"677\" data-height=\"677\" data- title=\"\"><\/p>\n<p><strong>\u00a0\u00a0Andere Produkte:<\/strong><\/p>\n<p><strong>PC-Hohlplatte :<\/strong><\/p>\n<p><img decoding=\"async\" src=\"https:\/\/sc02.alicdn.com\/kf\/UTB8pTAvXFPJXKJkSahVq6xyzFXa1\/200162319\/UTB8pTAvXFPJXKJkSahVq6xyzFXa1.jpg\" alt=\"Foshan Factory Direct Sale Blau PC Massivholzplatte Polycarbonat Dach Schalld\u00e4mmung Reichweite Klasse B1\" width=\"674\" height=\"449\" data-src=\"\/\/sc02.alicdn.com\/kf\/UTB8pTAvXFPJXKJkSahVq6xyzFXa1\/200162319\/UTB8pTAvXFPJXKJkSahVq6xyzFXa1.jpg\" data-alt=\"Foshan Factory Direct Sale Blue PC Solid Sheet Polycarbonate Roof Sound Insulantion Reach Grade B1\" data-width=\"674\" data-height=\"449\" data- title=\"\"><\/p>\n<p>Von links nach rechts, von oben nach unten<br \/>\n1. mattierte Polycarbonat-Massivplatte<br \/>\n2. lichtstreuende Polycarbonat-Massivplatten<br \/>\n3. massive Polycarbonatplatten<br \/>\n4. gewellte Polycarbonatplatten<\/p>\n<p><img loading=\"lazy\" decoding=\"async\" src=\"https:\/\/sc02.alicdn.com\/kf\/UTB8lZvkXFPJXKJkSahVq6xyzFXap\/200162319\/UTB8lZvkXFPJXKJkSahVq6xyzFXap.jpg\" alt=\"Foshan Factory Direct Sale Blau PC Massivholzplatte Polycarbonat Dach Schalld\u00e4mmung Reichweite Klasse B1\" width=\"685\" height=\"685\" data-src=\"\/\/sc02.alicdn.com\/kf\/UTB8lZvkXFPJXKJkSahVq6xyzFXap\/200162319\/UTB8lZvkXFPJXKJkSahVq6xyzFXap.jpg\" data-alt=\"Foshan Factory Direct Sale Blue PC Solid Sheet Polycarbonate Roof Sound Insulantion Reach Grade B1\" data-width=\"685\" data-height=\"685\" data- title=\"\"><\/p>\n<p><strong>\u00a0 Dachfenster aus Polycarbonat und gepr\u00e4gte Polycarbonatplatten<\/strong><\/p>\n<p><img loading=\"lazy\" decoding=\"async\" src=\"https:\/\/sc01.alicdn.com\/kf\/UTB8AnLkXTzIXKJkSafVq6yWgXXaZ\/200162319\/UTB8AnLkXTzIXKJkSafVq6yWgXXaZ.jpg\" width=\"676\" height=\"946\" data-src=\"\/\/sc01.alicdn.com\/kf\/UTB8AnLkXTzIXKJkSafVq6yWgXXaZ\/200162319\/UTB8AnLkXTzIXKJkSafVq6yWgXXaZ.jpg\" data-width=\"676\" data-height=\"946\" data- alt=\"\" title=\"\"><\/p>\n<p><strong>Polycarbonate awning and Light diffusion Polycarbonate sheet<\/strong><\/p>\n<p><img loading=\"lazy\" decoding=\"async\" src=\"https:\/\/sc02.alicdn.com\/kf\/UTB8OKfkXL2JXKJkSanrq6y3lVXaW\/200162319\/UTB8OKfkXL2JXKJkSanrq6y3lVXaW.jpg\" alt=\"Foshan Factory Direct Sale Blau PC Massivholzplatte Polycarbonat Dach Schalld\u00e4mmung Reichweite Klasse B1\" width=\"696\" height=\"1197\" data-src=\"\/\/sc02.alicdn.com\/kf\/UTB8OKfkXL2JXKJkSanrq6y3lVXaW\/200162319\/UTB8OKfkXL2JXKJkSanrq6y3lVXaW.jpg\" data-alt=\"Foshan Factory Direct Sale Blue PC Solid Sheet Polycarbonate Roof Sound Insulantion Reach Grade B1\" data-width=\"696\" data-height=\"1197\" data- title=\"\"><\/p>\n<p><img loading=\"lazy\" decoding=\"async\" src=\"https:\/\/sc01.alicdn.com\/kf\/HTB1NDV9KXXXXXbsaXXXq6xXFXXX2\/200162319\/HTB1NDV9KXXXXXbsaXXXq6xXFXXX2.jpg\" alt=\"Foshan Factory Direct Sale Blau PC Massivholzplatte Polycarbonat Dach Schalld\u00e4mmung Reichweite Klasse B1\" width=\"679\" height=\"679\" data-src=\"\/\/sc01.alicdn.com\/kf\/HTB1NDV9KXXXXXbsaXXXq6xXFXXX2\/200162319\/HTB1NDV9KXXXXXbsaXXXq6xXFXXX2.jpg\" data-alt=\"Foshan Factory Direct Sale Blue PC Solid Sheet Polycarbonate Roof Sound Insulantion Reach Grade B1\" data-width=\"679\" data-height=\"679\" data- title=\"\"><\/p>\n<p>Gen\u00fcgend Vorrat<\/p>\n<p><img loading=\"lazy\" decoding=\"async\" src=\"https:\/\/sc01.alicdn.com\/kf\/HTB11LPNSpXXXXa2XXXXq6xXFXXXF\/200162319\/HTB11LPNSpXXXXa2XXXXq6xXFXXXF.jpg\" width=\"688\" height=\"688\" data-src=\"\/\/sc01.alicdn.com\/kf\/HTB11LPNSpXXXXa2XXXXq6xXFXXXF\/200162319\/HTB11LPNSpXXXXa2XXXXq6xXFXXXF.jpg\" data-width=\"688\" data-height=\"688\" data- alt=\"\" title=\"\"><\/p>\n<p><img loading=\"lazy\" decoding=\"async\" src=\"https:\/\/sc02.alicdn.com\/kf\/HTB1wi_pSpXXXXbjXVXXq6xXFXXX9\/200162319\/HTB1wi_pSpXXXXbjXVXXq6xXFXXX9.jpg\" alt=\"Foshan Factory Direct Sale Blau PC Massivholzplatte Polycarbonat Dach Schalld\u00e4mmung Reichweite Klasse B1\" width=\"681\" height=\"909\" data-src=\"\/\/sc02.alicdn.com\/kf\/HTB1wi_pSpXXXXbjXVXXq6xXFXXX9\/200162319\/HTB1wi_pSpXXXXbjXVXXq6xXFXXX9.jpg\" data-alt=\"Foshan Factory Direct Sale Blue PC Solid Sheet Polycarbonate Roof Sound Insulantion Reach Grade B1\" data-width=\"681\" data-height=\"909\" data- title=\"\"><\/p>\n<p>100% Jungfr\u00e4uliche Bayer-Werkstoffe:<\/p>\n<p><img loading=\"lazy\" decoding=\"async\" src=\"https:\/\/sc02.alicdn.com\/kf\/UTB8qazkXMnJXKJkSaelq6xUzXXax\/200162319\/UTB8qazkXMnJXKJkSaelq6xUzXXax.jpg\" alt=\"Foshan Factory Direct Sale Blau PC Massivholzplatte Polycarbonat Dach Schalld\u00e4mmung Reichweite Klasse B1\" width=\"697\" height=\"697\" data-src=\"\/\/sc02.alicdn.com\/kf\/UTB8qazkXMnJXKJkSaelq6xUzXXax\/200162319\/UTB8qazkXMnJXKJkSaelq6xUzXXax.jpg\" data-alt=\"Foshan Factory Direct Sale Blue PC Solid Sheet Polycarbonate Roof Sound Insulantion Reach Grade B1\" data-width=\"697\" data-height=\"697\" data- title=\"\"><\/p>\n<p><img loading=\"lazy\" decoding=\"async\" src=\"https:\/\/sc02.alicdn.com\/kf\/HTB1k6UuKVXXXXccXFXXq6xXFXXX9\/200162319\/HTB1k6UuKVXXXXccXFXXq6xXFXXX9.jpg\" alt=\"Foshan Factory Direct Sale Blau PC Massivholzplatte Polycarbonat Dach Schalld\u00e4mmung Reichweite Klasse B1\" width=\"693\" height=\"693\" data-src=\"\/\/sc02.alicdn.com\/kf\/HTB1k6UuKVXXXXccXFXXq6xXFXXX9\/200162319\/HTB1k6UuKVXXXXccXFXXq6xXFXXX9.jpg\" data-alt=\"Foshan Factory Direct Sale Blue PC Solid Sheet Polycarbonate Roof Sound Insulantion Reach Grade B1\" data-width=\"693\" data-height=\"693\" data- title=\"\"><\/p>","protected":false},"featured_media":15138,"parent":0,"template":"","product-catagories":[168],"product-tag":[],"class_list":["post-15145","product","type-product","status-publish","has-post-thumbnail","hentry","product-catagories-acrylic-sheet"],"acf":[],"_links":{"self":[{"href":"https:\/\/www.tononplastics.com\/de\/wp-json\/wp\/v2\/product\/15145","targetHints":{"allow":["GET"]}}],"collection":[{"href":"https:\/\/www.tononplastics.com\/de\/wp-json\/wp\/v2\/product"}],"about":[{"href":"https:\/\/www.tononplastics.com\/de\/wp-json\/wp\/v2\/types\/product"}],"version-history":[{"count":0,"href":"https:\/\/www.tononplastics.com\/de\/wp-json\/wp\/v2\/product\/15145\/revisions"}],"wp:featuredmedia":[{"embeddable":true,"href":"https:\/\/www.tononplastics.com\/de\/wp-json\/wp\/v2\/media\/15138"}],"wp:attachment":[{"href":"https:\/\/www.tononplastics.com\/de\/wp-json\/wp\/v2\/media?parent=15145"}],"wp:term":[{"taxonomy":"product-catagories","embeddable":true,"href":"https:\/\/www.tononplastics.com\/de\/wp-json\/wp\/v2\/product-catagories?post=15145"},{"taxonomy":"product-tag","embeddable":true,"href":"https:\/\/www.tononplastics.com\/de\/wp-json\/wp\/v2\/product-tag?post=15145"}],"curies":[{"name":"wp","href":"https:\/\/api.w.org\/{rel}","templated":true}]}}