{"id":15178,"date":"2023-08-23T12:23:07","date_gmt":"2023-08-23T04:23:07","guid":{"rendered":"https:\/\/tononplastics.com\/?post_type=product&#038;p=15178"},"modified":"2024-03-25T15:55:00","modified_gmt":"2024-03-25T07:55:00","slug":"makrolon-polycarbonate-sheet-architectural-decoration-materials","status":"publish","type":"product","link":"https:\/\/www.tononplastics.com\/de\/product\/makrolon-polycarbonate-sheet-architectural-decoration-materials\/","title":{"rendered":"Makrolon Polycarbonatplatten f\u00fcr architektonische Dekorationszwecke"},"content":{"rendered":"<h5 class=\"wp-block-heading\">Ultimativer FAQ-Leitfaden f\u00fcr Makrolon-Polycarbonatplatten<\/h5>\n\n\n\n<p>Eine Polycarbonatplatte bietet Ihnen die ideale Kombination aus Energieeffizienz, Schlagfestigkeit und Kosteneffizienz.<\/p>\n\n\n\n<p>Eine Makrolon-Polycarbonatplatte bietet Ihnen eine \u00fcberragende Leistung Ihrer Polycarbonatplatte.<\/p>\n\n\n\n<p>Es besteht aus Anwendungen, die denen einer Glasscheibe \u00e4hneln, mit dem Unterschied, dass es hundertmal st\u00e4rker ist.<\/p>\n\n\n\n<p>Sie k\u00f6nnen dieses Blech vor Ort bei der Montage zuschneiden oder kaltverformen.<\/p>\n\n\n\n<p>Bevor Sie sich f\u00fcr eine Makrolon-Polycarbonatplatte entscheiden, sollten Sie sich unbedingt \u00fcber deren Eigenschaften und Anwendungsm\u00f6glichkeiten informieren.<\/p>\n\n\n\n<p>In diesem FAQ-Leitfaden finden Sie ausf\u00fchrliche Informationen \u00fcber Makrolon-Polycarbonatplatten.<\/p>\n\n\n\n<p>Lesen Sie weiter, um alles zu erfahren, was Sie \u00fcber Makrolon-Polycarbonatplatten wissen m\u00fcssen.<\/p>\n\n\n<div id=\"ali-anchor-AliPostDhMb-871pu\" data-section=\"AliPostDhMb-871pu\" data-section-title=\"Product Description\">\n<div>\u00a0<\/div>\n<\/div>\n<p><img fetchpriority=\"high\" decoding=\"async\" class=\"\" src=\"https:\/\/sc02.alicdn.com\/kf\/H68c95226f5e6484bad9a88967daa18b5Y\/200162319\/H68c95226f5e6484bad9a88967daa18b5Y.jpg\" alt=\"Makrolon Polycarbonatplatten f\u00fcr architektonische Dekorationszwecke\" width=\"364\" height=\"242\" data-src=\"\/\/sc02.alicdn.com\/kf\/H68c95226f5e6484bad9a88967daa18b5Y\/200162319\/H68c95226f5e6484bad9a88967daa18b5Y.jpg\" data-alt=\"Makrolon polycarbonate sheet architectural decoration materials\" data-width=\"630\" data- title=\"\"><img decoding=\"async\" class=\"\" src=\"https:\/\/sc02.alicdn.com\/kf\/Hee5865885c604e7b942b364a9fc74f32U\/200162319\/Hee5865885c604e7b942b364a9fc74f32U.jpg\" alt=\"Makrolon Polycarbonatplatten f\u00fcr architektonische Dekorationszwecke\" width=\"371\" height=\"247\" data-src=\"\/\/sc02.alicdn.com\/kf\/Hee5865885c604e7b942b364a9fc74f32U\/200162319\/Hee5865885c604e7b942b364a9fc74f32U.jpg\" data-alt=\"Makrolon polycarbonate sheet architectural decoration materials\" data-width=\"630\" data- title=\"\"><\/p>\n<p><strong>Anwendung:<br \/><\/strong><span style=\"font-size: revert; color: initial;\">Dekoration von Innenw\u00e4nden, Badezimmer- oder Balkontrennw\u00e4nden und T\u00fcren in M\u00f6beln.<\/span><\/p>\n<p>\u00a0<img decoding=\"async\" src=\"https:\/\/sc01.alicdn.com\/kf\/H1e9fe17b44f749328783e7e54a362781z\/200162319\/H1e9fe17b44f749328783e7e54a362781z.jpg\" alt=\"Makrolon Polycarbonatplatten f\u00fcr architektonische Dekorationszwecke\" width=\"630\" height=\"447.8313253012048\" data-src=\"\/\/sc01.alicdn.com\/kf\/H1e9fe17b44f749328783e7e54a362781z\/200162319\/H1e9fe17b44f749328783e7e54a362781z.jpg\" data-alt=\"Makrolon polycarbonate sheet architectural decoration materials\" data-width=\"630\" data- title=\"\"><img decoding=\"async\" src=\"https:\/\/sc02.alicdn.com\/kf\/H92ecf665b8eb44308439f8c77b9fd8953\/200162319\/H92ecf665b8eb44308439f8c77b9fd8953.jpg\" alt=\"Makrolon Polycarbonatplatten f\u00fcr architektonische Dekorationszwecke\" width=\"630\" height=\"463.68\" data-src=\"\/\/sc02.alicdn.com\/kf\/H92ecf665b8eb44308439f8c77b9fd8953\/200162319\/H92ecf665b8eb44308439f8c77b9fd8953.jpg\" data-alt=\"Makrolon polycarbonate sheet architectural decoration materials\" data-width=\"630\" data- title=\"\"><img decoding=\"async\" src=\"https:\/\/sc01.alicdn.com\/kf\/Ha048cc0e548c4575a8d9ce33d4cc7027i\/200162319\/Ha048cc0e548c4575a8d9ce33d4cc7027i.jpg\" alt=\"Makrolon Polycarbonatplatten f\u00fcr architektonische Dekorationszwecke\" width=\"630\" height=\"472.5\" data-src=\"\/\/sc01.alicdn.com\/kf\/Ha048cc0e548c4575a8d9ce33d4cc7027i\/200162319\/Ha048cc0e548c4575a8d9ce33d4cc7027i.jpg\" data-alt=\"Makrolon polycarbonate sheet architectural decoration materials\" data-width=\"630\" data- title=\"\"><\/p>\n<div id=\"ali-anchor-AliPostDhMb-tbjmy\" data-section=\"AliPostDhMb-tbjmy\" data-section-title=\"Company Information\">\n<div id=\"ali-title-AliPostDhMb-tbjmy\"><strong>Informationen zum Unternehmen<\/strong><\/div>\n<div>\n<p data-spm-anchor-id=\"a2700.details.0.i50.47d02667U6FCIP\">\u00a0<img decoding=\"async\" src=\"https:\/\/sc01.alicdn.com\/kf\/Hee35153016fb4f64a8abd2cf77d8280dQ\/200162319\/Hee35153016fb4f64a8abd2cf77d8280dQ.jpg\" alt=\"Makrolon Polycarbonatplatten f\u00fcr architektonische Dekorationszwecke\" width=\"630\" height=\"404.88\" data-src=\"\/\/sc01.alicdn.com\/kf\/Hee35153016fb4f64a8abd2cf77d8280dQ\/200162319\/Hee35153016fb4f64a8abd2cf77d8280dQ.jpg\" data-alt=\"Makrolon polycarbonate sheet architectural decoration materials\" data-width=\"630\" data-spm-anchor-id=\"a2700.details.0.i32.47d02667U6FCIP\" data- title=\"\"><img decoding=\"async\" src=\"https:\/\/sc02.alicdn.com\/kf\/H02a52324dc024cdcbaee8c550d0c5b3cR\/200162319\/H02a52324dc024cdcbaee8c550d0c5b3cR.png\" alt=\"Makrolon Polycarbonatplatten f\u00fcr architektonische Dekorationszwecke\" width=\"630\" height=\"214.7347480106101\" data-src=\"\/\/sc02.alicdn.com\/kf\/H02a52324dc024cdcbaee8c550d0c5b3cR\/200162319\/H02a52324dc024cdcbaee8c550d0c5b3cR.png\" data-alt=\"Makrolon polycarbonate sheet architectural decoration materials\" data-width=\"630\" data- title=\"\"><img decoding=\"async\" src=\"https:\/\/sc02.alicdn.com\/kf\/Hb94ab340151648a1a8ecf6fb1863da57E\/200162319\/Hb94ab340151648a1a8ecf6fb1863da57E.jpg\" alt=\"Makrolon Polycarbonatplatten f\u00fcr architektonische Dekorationszwecke\" width=\"630\" height=\"630\" data-src=\"\/\/sc02.alicdn.com\/kf\/Hb94ab340151648a1a8ecf6fb1863da57E\/200162319\/Hb94ab340151648a1a8ecf6fb1863da57E.jpg\" data-alt=\"Makrolon polycarbonate sheet architectural decoration materials\" data-width=\"630\" data- title=\"\"><img decoding=\"async\" src=\"https:\/\/sc01.alicdn.com\/kf\/HTB1ggLnJVXXXXcYXVXXq6xXFXXXP\/200162319\/HTB1ggLnJVXXXXcYXVXXq6xXFXXXP.jpg\" alt=\"Makrolon Polycarbonatplatten f\u00fcr architektonische Dekorationszwecke\" width=\"630\" height=\"635.88\" data-src=\"\/\/sc01.alicdn.com\/kf\/HTB1ggLnJVXXXXcYXVXXq6xXFXXXP\/200162319\/HTB1ggLnJVXXXXcYXVXXq6xXFXXXP.jpg\" data-alt=\"Makrolon polycarbonate sheet architectural decoration materials\" data-width=\"630\" data- title=\"\"><\/p>\n<\/div>\n<\/div>","protected":false},"featured_media":0,"parent":0,"template":"","product-catagories":[168],"product-tag":[],"class_list":["post-15178","product","type-product","status-publish","hentry","product-catagories-acrylic-sheet"],"acf":[],"_links":{"self":[{"href":"https:\/\/www.tononplastics.com\/de\/wp-json\/wp\/v2\/product\/15178","targetHints":{"allow":["GET"]}}],"collection":[{"href":"https:\/\/www.tononplastics.com\/de\/wp-json\/wp\/v2\/product"}],"about":[{"href":"https:\/\/www.tononplastics.com\/de\/wp-json\/wp\/v2\/types\/product"}],"version-history":[{"count":0,"href":"https:\/\/www.tononplastics.com\/de\/wp-json\/wp\/v2\/product\/15178\/revisions"}],"wp:attachment":[{"href":"https:\/\/www.tononplastics.com\/de\/wp-json\/wp\/v2\/media?parent=15178"}],"wp:term":[{"taxonomy":"product-catagories","embeddable":true,"href":"https:\/\/www.tononplastics.com\/de\/wp-json\/wp\/v2\/product-catagories?post=15178"},{"taxonomy":"product-tag","embeddable":true,"href":"https:\/\/www.tononplastics.com\/de\/wp-json\/wp\/v2\/product-tag?post=15178"}],"curies":[{"name":"wp","href":"https:\/\/api.w.org\/{rel}","templated":true}]}}