{"id":15183,"date":"2023-08-23T12:29:03","date_gmt":"2023-08-23T04:29:03","guid":{"rendered":"https:\/\/tononplastics.com\/?post_type=product&#038;p=15183"},"modified":"2024-04-16T12:27:23","modified_gmt":"2024-04-16T04:27:23","slug":"corrugated-polycarbonate-sheet-uv-roofing-panels-for-greenhouse","status":"publish","type":"product","link":"https:\/\/www.tononplastics.com\/de\/product\/corrugated-polycarbonate-sheet-uv-roofing-panels-for-greenhouse\/","title":{"rendered":"Gewellte Polycarbonatplatten f\u00fcr Gew\u00e4chsh\u00e4user mit UV-Schutz"},"content":{"rendered":"<table>\n<tbody>\n<tr>\n<td colspan=\"2\" height=\"66\" data-spm-anchor-id=\"a2700.details.0.i31.1dd26c0axSwcyk\">Polycarbonat-Wellplatten Spezifikation<\/td>\n<\/tr>\n<tr>\n<td height=\"66\">Breite:<\/td>\n<td height=\"66\">760,820,840,860,900,930,950,980.1050<\/td>\n<\/tr>\n<tr>\n<td height=\"66\">L\u00e4nge:<\/td>\n<td height=\"66\">Nicht begrenzt<\/td>\n<\/tr>\n<tr>\n<td height=\"66\">Die Dicke:<\/td>\n<td height=\"66\">0,7 mm bis 2,5 mm<\/td>\n<\/tr>\n<tr>\n<td height=\"66\">Standard Farbe:<\/td>\n<td height=\"66\">Klar, Blau, Gr\u00fcn, Opal, Braun<\/td>\n<\/tr>\n<\/tbody>\n<\/table>\n<p><strong style=\"font-size: revert; color: initial;\">\u00a0 Ausreichende Vorr\u00e4te:<\/strong><\/p>\n<p><img fetchpriority=\"high\" decoding=\"async\" src=\"https:\/\/sc02.alicdn.com\/kf\/HTB1G1ZZSpXXXXbLXXXXq6xXFXXX7\/200162319\/HTB1G1ZZSpXXXXbLXXXXq6xXFXXX7.jpg\" alt=\"Gewellte Polycarbonatplatten f\u00fcr Gew\u00e4chsh\u00e4user mit UV-Schutz\" width=\"737\" height=\"983\" data-src=\"\/\/sc02.alicdn.com\/kf\/HTB1G1ZZSpXXXXbLXXXXq6xXFXXX7\/200162319\/HTB1G1ZZSpXXXXbLXXXXq6xXFXXX7.jpg\" data-alt=\"Corrugated polycarbonate sheet uv roofing panels for greenhouse\" data-width=\"737\" data-height=\"983\" data- title=\"\"><\/p>\n<p><img decoding=\"async\" src=\"https:\/\/sc01.alicdn.com\/kf\/HTB11LPNSpXXXXa2XXXXq6xXFXXXF\/200162319\/HTB11LPNSpXXXXa2XXXXq6xXFXXXF.jpg\" alt=\"Gewellte Polycarbonatplatten f\u00fcr Gew\u00e4chsh\u00e4user mit UV-Schutz\" width=\"741\" height=\"741\" data-src=\"\/\/sc01.alicdn.com\/kf\/HTB11LPNSpXXXXa2XXXXq6xXFXXXF\/200162319\/HTB11LPNSpXXXXa2XXXXq6xXFXXXF.jpg\" data-alt=\"Corrugated polycarbonate sheet uv roofing panels for greenhouse\" data-width=\"741\" data-height=\"741\" data- title=\"\"><\/p>\n<p><strong>\u00a0\u00a0Neue Maschine :<\/strong><\/p>\n<p><img decoding=\"async\" src=\"https:\/\/sc01.alicdn.com\/kf\/HTB12lZaa4TI8KJjSspiq6zM4FXab\/200162319\/HTB12lZaa4TI8KJjSspiq6zM4FXab.jpg\" alt=\"Gewellte Polycarbonatplatten f\u00fcr Gew\u00e4chsh\u00e4user mit UV-Schutz\" width=\"710\" height=\"532\" data-src=\"\/\/sc01.alicdn.com\/kf\/HTB12lZaa4TI8KJjSspiq6zM4FXab\/200162319\/HTB12lZaa4TI8KJjSspiq6zM4FXab.jpg\" data-alt=\"Corrugated polycarbonate sheet uv roofing panels for greenhouse\" data-width=\"710\" data-height=\"532\" data- title=\"\"><\/p>\n<p><strong>\u00a0\u00a0Material: Bayer<\/strong><\/p>\n<p><img loading=\"lazy\" decoding=\"async\" src=\"https:\/\/sc02.alicdn.com\/kf\/UTB8qazkXMnJXKJkSaelq6xUzXXax\/200162319\/UTB8qazkXMnJXKJkSaelq6xUzXXax.jpg\" alt=\"Gewellte Polycarbonatplatten f\u00fcr Gew\u00e4chsh\u00e4user mit UV-Schutz\" width=\"731\" height=\"731\" data-src=\"\/\/sc02.alicdn.com\/kf\/UTB8qazkXMnJXKJkSaelq6xUzXXax\/200162319\/UTB8qazkXMnJXKJkSaelq6xUzXXax.jpg\" data-alt=\"Corrugated polycarbonate sheet uv roofing panels for greenhouse\" data-width=\"731\" data-height=\"731\" data- title=\"\"><\/p>\n<p>Eigenschaften von Polycarbonat-Wellplatten:<\/p>\n<p>Lichtdurchl\u00e4ssigkeit:<br \/>\nDie Lichtdurchl\u00e4ssigkeit erreicht je nach Farbe und Dicke 12%-95%.<\/p>\n<p>UV-Schutz:<br \/>\nDank der propriet\u00e4ren Anti-UV-Beschichtung bleiben die mechanischen und optischen Eigenschaften der Polycarbonat-Wellplatten auch nach der Belichtung perfekt.<\/p>\n<p>Wettereignung:<br \/>\nEs ist sehr witterungsbest\u00e4ndig und bietet eine hervorragende Leistung in einem weiten Temperaturbereich von -40\u00b0C bis 120\u00b0C.<\/p>\n<p>Feuerhemmung: UL Entflammbarkeit 94 V-2<\/p>\n<p>Einfache Installation<br \/>\nEinfach zu installieren und kalt biegbar<\/p>\n<p>Schlagz\u00e4higkeit :<br \/>\n250-300 mal die Schlagz\u00e4higkeit von gew\u00f6hnlichem Glas und 30 mal die von Acrylplatten der gleichen Dicke, die 2-20 mal die geh\u00e4rtetes Glas fallen zwei Meter unter 3kg Hammer keine Risse, keine gebrochenen ist<\/p>\n<p>Anwendung von Polycarbonat-Wellplatten:<\/p>\n<p>L\u00e4rmschutzw\u00e4nde an Autobahnen und st\u00e4dtischen Hochstra\u00dfen;<br \/>\nLandwirtschaftliche Gew\u00e4chsh\u00e4user und Zuchtst\u00e4lle;<br \/>\nModerne \u00d6ko-Restaurant-Decke;<br \/>\nAlle Einheiten oder Zellzyklus Schuppen, der Balkon Sonnenvordach und Dachrest Kioske vergossen;<br \/>\nB\u00fcrogeb\u00e4ude, Kaufh\u00e4user, Hotels, Villen, Schulen, Krankenh\u00e4user, Sportstadien, Unterhaltungszentren und \u00f6ffentliche Einrichtungen Deckenbeleuchtung et .<\/p>","protected":false},"featured_media":16735,"parent":0,"template":"","product-catagories":[168],"product-tag":[],"class_list":["post-15183","product","type-product","status-publish","has-post-thumbnail","hentry","product-catagories-acrylic-sheet"],"acf":[],"_links":{"self":[{"href":"https:\/\/www.tononplastics.com\/de\/wp-json\/wp\/v2\/product\/15183","targetHints":{"allow":["GET"]}}],"collection":[{"href":"https:\/\/www.tononplastics.com\/de\/wp-json\/wp\/v2\/product"}],"about":[{"href":"https:\/\/www.tononplastics.com\/de\/wp-json\/wp\/v2\/types\/product"}],"version-history":[{"count":0,"href":"https:\/\/www.tononplastics.com\/de\/wp-json\/wp\/v2\/product\/15183\/revisions"}],"wp:featuredmedia":[{"embeddable":true,"href":"https:\/\/www.tononplastics.com\/de\/wp-json\/wp\/v2\/media\/16735"}],"wp:attachment":[{"href":"https:\/\/www.tononplastics.com\/de\/wp-json\/wp\/v2\/media?parent=15183"}],"wp:term":[{"taxonomy":"product-catagories","embeddable":true,"href":"https:\/\/www.tononplastics.com\/de\/wp-json\/wp\/v2\/product-catagories?post=15183"},{"taxonomy":"product-tag","embeddable":true,"href":"https:\/\/www.tononplastics.com\/de\/wp-json\/wp\/v2\/product-tag?post=15183"}],"curies":[{"name":"wp","href":"https:\/\/api.w.org\/{rel}","templated":true}]}}