{"id":15185,"date":"2023-08-23T12:30:36","date_gmt":"2023-08-23T04:30:36","guid":{"rendered":"https:\/\/tononplastics.com\/?post_type=product&#038;p=15185"},"modified":"2024-03-25T16:54:43","modified_gmt":"2024-03-25T08:54:43","slug":"awning-corrugated-polycarbonate-transparent-sheets-pc-roofing-panels","status":"publish","type":"product","link":"https:\/\/www.tononplastics.com\/de\/product\/awning-corrugated-polycarbonate-transparent-sheets-pc-roofing-panels\/","title":{"rendered":"Markise gewelltes Polycarbonat transparente Platten pc Bedachungsplatten"},"content":{"rendered":"<table>\n<tbody>\n<tr>\n<td colspan=\"2\" height=\"66\" data-spm-anchor-id=\"a2700.details.0.i32.6c0432c7qU9JTw\">Polycarbonat-Wellplatten Spezifikation<\/td>\n<\/tr>\n<tr>\n<td height=\"66\">Breite:<\/td>\n<td height=\"66\">760,820,840,860,900,930,950,980.1050<\/td>\n<\/tr>\n<tr>\n<td height=\"66\">L\u00e4nge:<\/td>\n<td height=\"66\">Nicht begrenzt<\/td>\n<\/tr>\n<tr>\n<td height=\"66\">Die Dicke:<\/td>\n<td height=\"66\">0,7 mm bis 2,5 mm<\/td>\n<\/tr>\n<tr>\n<td height=\"66\">Standard Farbe:<\/td>\n<td height=\"66\">Klar, Blau, Gr\u00fcn, Opal, Braun<\/td>\n<\/tr>\n<\/tbody>\n<\/table>\n<p><strong>840#Lake Blue Polycarbonat-Wellpappe wird produziert:\u00a0\u00a0\u00a0<\/strong><\/p>\n<p><img fetchpriority=\"high\" decoding=\"async\" src=\"https:\/\/sc01.alicdn.com\/kf\/UTB87SFrgBahduJk43Jaq6zM8FXay\/200162319\/UTB87SFrgBahduJk43Jaq6zM8FXay.jpg\" alt=\"Markise gewelltes Polycarbonat transparente Platten pc Bedachungsplatten\" width=\"732\" height=\"976\" data-src=\"\/\/sc01.alicdn.com\/kf\/UTB87SFrgBahduJk43Jaq6zM8FXay\/200162319\/UTB87SFrgBahduJk43Jaq6zM8FXay.jpg\" data-alt=\"Awning corrugated polycarbonate transparent sheets pc roofing panels\" data-width=\"732\" data-height=\"976\" data- title=\"\"><\/p>\n<p><strong>Klare Polycarbonat-Wellplatten :\u00a0\u00a0<\/strong><\/p>\n<p><img decoding=\"async\" src=\"https:\/\/sc01.alicdn.com\/kf\/HTB1orUjqYsTMeJjSsziq6AdwXXat\/200162319\/HTB1orUjqYsTMeJjSsziq6AdwXXat.jpg\" alt=\"Markise gewelltes Polycarbonat transparente Platten pc Bedachungsplatten\" width=\"732\" height=\"412\" data-src=\"\/\/sc01.alicdn.com\/kf\/HTB1orUjqYsTMeJjSsziq6AdwXXat\/200162319\/HTB1orUjqYsTMeJjSsziq6AdwXXat.jpg\" data-alt=\"Awning corrugated polycarbonate transparent sheets pc roofing panels\" data-width=\"732\" data-height=\"412\" data- title=\"\"><\/p>\n<p><strong>930#Gr\u00fcn:<\/strong><\/p>\n<p><img decoding=\"async\" src=\"https:\/\/sc01.alicdn.com\/kf\/HTB1taZhmfNNTKJjSspkq6yeWFXaW\/200162319\/HTB1taZhmfNNTKJjSspkq6yeWFXaW.jpg\" alt=\"Markise gewelltes Polycarbonat transparente Platten pc Bedachungsplatten\" width=\"730\" height=\"730\" data-src=\"\/\/sc01.alicdn.com\/kf\/HTB1taZhmfNNTKJjSspkq6yeWFXaW\/200162319\/HTB1taZhmfNNTKJjSspkq6yeWFXaW.jpg\" data-alt=\"Awning corrugated polycarbonate transparent sheets pc roofing panels\" data-width=\"730\" data-height=\"730\" data- title=\"\"><\/p>\n<p><strong>1050#Opal:<\/strong><\/p>\n<p><img loading=\"lazy\" decoding=\"async\" src=\"https:\/\/sc01.alicdn.com\/kf\/HTB1_pI2kgoQMeJjy0Fnq6z8gFXaN\/200162319\/HTB1_pI2kgoQMeJjy0Fnq6z8gFXaN.jpg\" alt=\"Markise gewelltes Polycarbonat transparente Platten pc Bedachungsplatten\" width=\"739\" height=\"621\" data-src=\"\/\/sc01.alicdn.com\/kf\/HTB1_pI2kgoQMeJjy0Fnq6z8gFXaN\/200162319\/HTB1_pI2kgoQMeJjy0Fnq6z8gFXaN.jpg\" data-alt=\"Awning corrugated polycarbonate transparent sheets pc roofing panels\" data-width=\"739\" data-height=\"621\" data- title=\"\"><\/p>\n<p><strong>Ausreichende Vorr\u00e4te:<\/strong><\/p>\n<p><img loading=\"lazy\" decoding=\"async\" src=\"https:\/\/sc02.alicdn.com\/kf\/HTB1G1ZZSpXXXXbLXXXXq6xXFXXX7\/200162319\/HTB1G1ZZSpXXXXbLXXXXq6xXFXXX7.jpg\" alt=\"Markise gewelltes Polycarbonat transparente Platten pc Bedachungsplatten\" width=\"737\" height=\"983\" data-src=\"\/\/sc02.alicdn.com\/kf\/HTB1G1ZZSpXXXXbLXXXXq6xXFXXX7\/200162319\/HTB1G1ZZSpXXXXbLXXXXq6xXFXXX7.jpg\" data-alt=\"Awning corrugated polycarbonate transparent sheets pc roofing panels\" data-width=\"737\" data-height=\"983\" data- title=\"\"><\/p>\n<p><img loading=\"lazy\" decoding=\"async\" src=\"https:\/\/sc01.alicdn.com\/kf\/HTB11LPNSpXXXXa2XXXXq6xXFXXXF\/200162319\/HTB11LPNSpXXXXa2XXXXq6xXFXXXF.jpg\" alt=\"Markise gewelltes Polycarbonat transparente Platten pc Bedachungsplatten\" width=\"741\" height=\"741\" data-src=\"\/\/sc01.alicdn.com\/kf\/HTB11LPNSpXXXXa2XXXXq6xXFXXXF\/200162319\/HTB11LPNSpXXXXa2XXXXq6xXFXXXF.jpg\" data-alt=\"Awning corrugated polycarbonate transparent sheets pc roofing panels\" data-width=\"741\" data-height=\"741\" data- title=\"\"><\/p>\n<p><strong>\u00a0 \u00a0Wabenf\u00f6rmige Polykarbonatplatten und Polykarbonat-Dachfenster :<\/strong><\/p>\n<p><img loading=\"lazy\" decoding=\"async\" src=\"https:\/\/sc02.alicdn.com\/kf\/UTB8xrRugBahduJk43Jaq6zM8FXaI\/200162319\/UTB8xrRugBahduJk43Jaq6zM8FXaI.jpg\" alt=\"Markise gewelltes Polycarbonat transparente Platten pc Bedachungsplatten\" width=\"716\" height=\"1015\" data-src=\"\/\/sc02.alicdn.com\/kf\/UTB8xrRugBahduJk43Jaq6zM8FXaI\/200162319\/UTB8xrRugBahduJk43Jaq6zM8FXaI.jpg\" data-alt=\"Awning corrugated polycarbonate transparent sheets pc roofing panels\" data-width=\"716\" data-height=\"1015\" data- title=\"\"><\/p>\n<p>Polycarbonat-Markise :<\/p>\n<p><img loading=\"lazy\" decoding=\"async\" src=\"https:\/\/sc01.alicdn.com\/kf\/HTB1bNcba8fH8KJjy1Xbq6zLdXXah\/200162319\/HTB1bNcba8fH8KJjy1Xbq6zLdXXah.jpg\" alt=\"Markise gewelltes Polycarbonat transparente Platten pc Bedachungsplatten\" width=\"709\" height=\"709\" data-src=\"\/\/sc01.alicdn.com\/kf\/HTB1bNcba8fH8KJjy1Xbq6zLdXXah\/200162319\/HTB1bNcba8fH8KJjy1Xbq6zLdXXah.jpg\" data-alt=\"Awning corrugated polycarbonate transparent sheets pc roofing panels\" data-width=\"709\" data-height=\"709\" data- title=\"\"><\/p>\n<p><strong>Eigenschaften von Polycarbonat-Wellplatten:<\/strong><\/p>\n<p><strong>Lichtdurchl\u00e4ssigkeit:<\/strong><br \/>\nDie Lichtdurchl\u00e4ssigkeit erreicht je nach Farbe und Dicke 12%-95%.<\/p>\n<p><strong>UV-Schutz:<\/strong><br \/>\nDank der propriet\u00e4ren Anti-UV-Beschichtung bleiben die mechanischen und optischen Eigenschaften der Polycarbonat-Wellplatten auch nach der Belichtung perfekt.<\/p>\n<p><strong>Wettereignung:<\/strong><br \/>\nEs ist sehr witterungsbest\u00e4ndig und bietet eine hervorragende Leistung in einem weiten Temperaturbereich von -40\u00b0C bis 120\u00b0C.<\/p>\n<p><strong>Feuerhemmend :<\/strong>\u00a0UL Entflammbarkeit 94 V-2<\/p>\n<p><strong>Einfache Installation<\/strong><br \/>\nEinfach zu installieren und kalt biegbar<\/p>\n<p><strong>Schlagz\u00e4higkeit :<\/strong><br \/>\n250-300 mal die Schlagz\u00e4higkeit von gew\u00f6hnlichem Glas und 30 mal die von Acrylplatten der gleichen Dicke, die 2-20 mal die geh\u00e4rtetes Glas fallen zwei Meter unter 3kg Hammer keine Risse, keine gebrochenen ist<\/p>\n<p><strong>Anwendung von Polycarbonat-Wellplatten:<\/strong><\/p>\n<p>L\u00e4rmschutzw\u00e4nde an Autobahnen und st\u00e4dtischen Hochstra\u00dfen;<br \/>\nLandwirtschaftliche Gew\u00e4chsh\u00e4user und Zuchtst\u00e4lle;<br \/>\nModerne \u00d6ko-Restaurant-Decke;<br \/>\nAlle Einheiten oder Zellzyklus Schuppen, der Balkon Sonnenvordach und Dachrest Kioske vergossen;<br \/>\nB\u00fcrogeb\u00e4ude, Kaufh\u00e4user, Hotels, Villen, Schulen, Krankenh\u00e4user, Sportstadien, Unterhaltungszentren und \u00f6ffentliche Einrichtungen Deckenbeleuchtung et .<\/p>","protected":false},"featured_media":0,"parent":0,"template":"","product-catagories":[171],"product-tag":[],"class_list":["post-15185","product","type-product","status-publish","hentry","product-catagories-awning"],"acf":[],"_links":{"self":[{"href":"https:\/\/www.tononplastics.com\/de\/wp-json\/wp\/v2\/product\/15185","targetHints":{"allow":["GET"]}}],"collection":[{"href":"https:\/\/www.tononplastics.com\/de\/wp-json\/wp\/v2\/product"}],"about":[{"href":"https:\/\/www.tononplastics.com\/de\/wp-json\/wp\/v2\/types\/product"}],"version-history":[{"count":0,"href":"https:\/\/www.tononplastics.com\/de\/wp-json\/wp\/v2\/product\/15185\/revisions"}],"wp:attachment":[{"href":"https:\/\/www.tononplastics.com\/de\/wp-json\/wp\/v2\/media?parent=15185"}],"wp:term":[{"taxonomy":"product-catagories","embeddable":true,"href":"https:\/\/www.tononplastics.com\/de\/wp-json\/wp\/v2\/product-catagories?post=15185"},{"taxonomy":"product-tag","embeddable":true,"href":"https:\/\/www.tononplastics.com\/de\/wp-json\/wp\/v2\/product-tag?post=15185"}],"curies":[{"name":"wp","href":"https:\/\/api.w.org\/{rel}","templated":true}]}}