{"id":15191,"date":"2023-08-23T14:45:12","date_gmt":"2023-08-23T06:45:12","guid":{"rendered":"https:\/\/tononplastics.com\/?post_type=product&#038;p=15191"},"modified":"2024-03-25T11:57:33","modified_gmt":"2024-03-25T03:57:33","slug":"polycarbonate-transparent-clear-corrugated-plastic-roof-sheet","status":"publish","type":"product","link":"https:\/\/www.tononplastics.com\/de\/product\/polycarbonate-transparent-clear-corrugated-plastic-roof-sheet\/","title":{"rendered":"Polycarbonat, transparent, klar, gewellte Kunststoffdachplatten"},"content":{"rendered":"<table style=\"height: 336px;\" width=\"853\">\n<tbody>\n<tr>\n<td colspan=\"2\" height=\"66\" data-spm-anchor-id=\"a2700.details.0.i30.9f611a18aDyHpd\">\n<p><strong>Polycarbonat-Wellplatten Spezifikation<\/strong><\/p>\n<\/td>\n<\/tr>\n<tr>\n<td height=\"66\" data-spm-anchor-id=\"a2700.details.0.i23.9f611a18aDyHpd\">\n<p><strong>Breite:<\/strong><\/p>\n<\/td>\n<td height=\"66\">\n<p><strong>760,820,840,860,900,930,950,980.1050<\/strong><\/p>\n<\/td>\n<\/tr>\n<tr>\n<td height=\"66\">\n<p><strong>L\u00e4nge:<\/strong><\/p>\n<\/td>\n<td height=\"66\">\n<p><strong>Nicht begrenzt<\/strong><\/p>\n<\/td>\n<\/tr>\n<tr>\n<td height=\"66\">\n<p><strong>Die Dicke:<\/strong><\/p>\n<\/td>\n<td height=\"66\">\n<p><strong>0,7 mm bis 2,5 mm<\/strong><\/p>\n<\/td>\n<\/tr>\n<tr>\n<td height=\"66\">\n<p><strong>Standard Farbe:<\/strong><\/p>\n<\/td>\n<td height=\"66\">\n<p><strong>Klar, Blau, Gr\u00fcn, Opal, Braun<\/strong><\/p>\n<\/td>\n<\/tr>\n<\/tbody>\n<\/table>\n<p><strong>Eigenschaften von Polycarbonat-Wellplatten:<\/strong><\/p>\n<p><strong>Lichtdurchl\u00e4ssigkeit:<\/strong><br \/>Die Lichtdurchl\u00e4ssigkeit erreicht je nach Farbe und Dicke 12%-95%.<\/p>\n<p><strong>UV-Schutz:<\/strong><br \/>Dank der propriet\u00e4ren Anti-UV-Beschichtung bleiben die mechanischen und optischen Eigenschaften der Polycarbonat-Wellplatten auch nach der Belichtung perfekt.<\/p>\n<p><strong>Wettereignung:<\/strong><br \/>Es ist sehr witterungsbest\u00e4ndig und bietet eine hervorragende Leistung in einem weiten Temperaturbereich von -40\u00b0C bis 120\u00b0C.<\/p>\n<p><strong>Feuerhemmend :<\/strong>\u00a0UL Entflammbarkeit 94 V-2<\/p>\n<p>Einfache Installation<br \/>Einfach zu installieren und kalt biegbar<\/p>\n<p><strong>Schlagz\u00e4higkeit :<\/strong><br \/>250-300 mal die Schlagz\u00e4higkeit von gew\u00f6hnlichem Glas und 30 mal die von Acrylplatten der gleichen Dicke, die 2-20 mal die geh\u00e4rtetes Glas fallen zwei Meter unter 3kg Hammer keine Risse, keine gebrochenen ist<\/p>\n<p><strong>Anwendung von Polycarbonat-Wellplatten:<\/strong><\/p>\n<p>L\u00e4rmschutzw\u00e4nde an Autobahnen und st\u00e4dtischen Hochstra\u00dfen;<br \/>Landwirtschaftliche Gew\u00e4chsh\u00e4user und Zuchtst\u00e4lle;<br \/>Moderne \u00d6ko-Restaurant-Decke;<br \/>Alle Einheiten oder Zellzyklus Schuppen, der Balkon Sonnenvordach und Dachrest Kioske vergossen;<br \/>B\u00fcrogeb\u00e4ude, Kaufh\u00e4user, Hotels, Villen, Schulen, Krankenh\u00e4user, Sportstadien, Unterhaltungszentren und \u00f6ffentliche Einrichtungen Deckenbeleuchtung et .<\/p>\n\n\n<p><strong>Technische Daten<\/strong><\/p>\n\n\n\n<figure class=\"wp-block-table\"><table><tbody><tr><td><strong>Aufschlagskraft<\/strong><\/td><td><strong>Transparenz<\/strong><\/td><td><strong>Spezifische Schwerkraft<\/strong><\/td><td><strong>Koeffizient der thermischen Ausdehnung<\/strong><\/td><td><strong>Betriebstemperatur<\/strong><\/td><td><strong>W\u00e4rmeleitf\u00e4higkeit<\/strong><\/td><\/tr><tr><td>50j\/m<\/td><td>88%-92%<\/td><td>1200kg\/m\u00b3<\/td><td>0,065mm\/m\u00b0C<\/td><td>-40\u00b0C~+120\u00b0C<\/td><td>0,21w\/m\u00b2\u00b0C<\/td><\/tr><tr><td><strong>Zugfestigkeit<\/strong><\/td><td><strong>Biegest\u00e4rke<\/strong><\/td><td><strong>Elastizit\u00e4tsmodul<\/strong><\/td><td><strong>Wirkung der Schalld\u00e4mmung<\/strong><\/td><td><strong>Zugspannung bei Bruch<\/strong><\/td><td><strong>Dehnung bei Bruch<\/strong><\/td><\/tr><tr><td>\u226560N\/mm<\/td><td>100N\/mm\u00b2<\/td><td>2400Mpa<\/td><td>35 Dezibel weniger bei 6mm Massivplatten<\/td><td>\u2265130Mpa<\/td><td><\/td><\/tr><\/tbody><\/table><\/figure>\n\n\n\n<figure class=\"wp-block-image size-large\"><img fetchpriority=\"high\" decoding=\"async\" width=\"1024\" height=\"624\" src=\"https:\/\/www.tononplastics.com\/wp-content\/uploads\/2024\/03\/16995219633519-1024x624.png\" alt=\"\" class=\"wp-image-16089\" title=\"1.png\" srcset=\"https:\/\/www.tononplastics.com\/wp-content\/uploads\/2024\/03\/16995219633519-1024x624.png 1024w, https:\/\/www.tononplastics.com\/wp-content\/uploads\/2024\/03\/16995219633519-300x183.png 300w, https:\/\/www.tononplastics.com\/wp-content\/uploads\/2024\/03\/16995219633519-768x468.png 768w, https:\/\/www.tononplastics.com\/wp-content\/uploads\/2024\/03\/16995219633519-1536x937.png 1536w, https:\/\/www.tononplastics.com\/wp-content\/uploads\/2024\/03\/16995219633519-18x12.png 18w, https:\/\/www.tononplastics.com\/wp-content\/uploads\/2024\/03\/16995219633519.png 1640w\" sizes=\"(max-width: 1024px) 100vw, 1024px\" \/><\/figure>","protected":false},"featured_media":16077,"parent":0,"template":"","product-catagories":[168],"product-tag":[],"class_list":["post-15191","product","type-product","status-publish","has-post-thumbnail","hentry","product-catagories-acrylic-sheet"],"acf":[],"_links":{"self":[{"href":"https:\/\/www.tononplastics.com\/de\/wp-json\/wp\/v2\/product\/15191","targetHints":{"allow":["GET"]}}],"collection":[{"href":"https:\/\/www.tononplastics.com\/de\/wp-json\/wp\/v2\/product"}],"about":[{"href":"https:\/\/www.tononplastics.com\/de\/wp-json\/wp\/v2\/types\/product"}],"version-history":[{"count":0,"href":"https:\/\/www.tononplastics.com\/de\/wp-json\/wp\/v2\/product\/15191\/revisions"}],"wp:featuredmedia":[{"embeddable":true,"href":"https:\/\/www.tononplastics.com\/de\/wp-json\/wp\/v2\/media\/16077"}],"wp:attachment":[{"href":"https:\/\/www.tononplastics.com\/de\/wp-json\/wp\/v2\/media?parent=15191"}],"wp:term":[{"taxonomy":"product-catagories","embeddable":true,"href":"https:\/\/www.tononplastics.com\/de\/wp-json\/wp\/v2\/product-catagories?post=15191"},{"taxonomy":"product-tag","embeddable":true,"href":"https:\/\/www.tononplastics.com\/de\/wp-json\/wp\/v2\/product-tag?post=15191"}],"curies":[{"name":"wp","href":"https:\/\/api.w.org\/{rel}","templated":true}]}}