{"id":15253,"date":"2023-08-23T21:43:40","date_gmt":"2023-08-23T13:43:40","guid":{"rendered":"https:\/\/tononplastics.com\/?post_type=product&#038;p=15253"},"modified":"2024-04-16T13:58:03","modified_gmt":"2024-04-16T05:58:03","slug":"multiwall-plastic-sheet-for-roofing-decoration-plastic-roofing","status":"publish","type":"product","link":"https:\/\/www.tononplastics.com\/de\/product\/multiwall-plastic-sheet-for-roofing-decoration-plastic-roofing\/","title":{"rendered":"Stegplatten aus Kunststoff f\u00fcr Bedachungen\/Dekorationen aus Kunststoff f\u00fcr Bedachungen"},"content":{"rendered":"<p><span data-spm-anchor-id=\"a2700.details.0.i31.60807358kqUSNH\">Hohlkammerplatte<\/span><\/p>\n<p data-spm-anchor-id=\"a2700.details.0.i30.60807358kqUSNH\"><img decoding=\"async\" src=\"https:\/\/sc02.alicdn.com\/kf\/HTB1M5QmkMKTBuNkSne1q6yJoXXav\/200162319\/HTB1M5QmkMKTBuNkSne1q6yJoXXav.jpg\" alt=\"Stegplatten aus Kunststoff f\u00fcr Bedachungen\/Dekorationen aus Kunststoff f\u00fcr Bedachungen\" width=\"630\" height=\"471.515625\" data-src=\"\/\/sc02.alicdn.com\/kf\/HTB1M5QmkMKTBuNkSne1q6yJoXXav\/200162319\/HTB1M5QmkMKTBuNkSne1q6yJoXXav.jpg\" data-alt=\"multiwall plastic sheet for roofing\/decoration plastic roofing\" data-width=\"630\" data- title=\"\"><\/p>\n<p><strong>1. Merkmale:<\/strong><br \/>\n1) Hohe Lichtdurchl\u00e4ssigkeit: bis zu 88% der gleichen Dicke des allgemeinen Glases.<br \/>\n2) Hervorragende Schlagfestigkeit: 80-mal h\u00f6her als bei Glas.<br \/>\n3) Wetter- und UV-best\u00e4ndig - die Eigenschaften bleiben \u00fcber Jahre hinweg erhalten. Der Temperaturbest\u00e4ndigkeitsbereich betr\u00e4gt -40\u00b0C ~ +120\u00b0C, mit einem ultravioletten coextrudierten Film auf der Plattenoberfl\u00e4che. Sie kann die Erm\u00fcdung oder Vergilbung des Harzes durch UV-Strahlung verhindern.<br \/>\n4) Geringes Gewicht: nur 1\/12 des Gewichts von Glas gleicher Dicke. Es kann leicht kalt gebogen sowie thermisch verformt werden.<br \/>\n5) Flammbest\u00e4ndigkeit: Die hohe Feuerbest\u00e4ndigkeit entspricht der Klasse B1.<br \/>\n6) Schall- und W\u00e4rmed\u00e4mmung: Hervorragende Schalld\u00e4mmung f\u00fcr Autobahn Barriere und super W\u00e4rmed\u00e4mmung sparen Energie.<br \/>\n7) Ein technischer Kunststoff mit hervorragender Integrationsf\u00e4higkeit. Er hat hervorragende physikalische, mechanische, elektrische und thermische Eigenschaften.<\/p>\n<p><img decoding=\"async\" src=\"https:\/\/sc01.alicdn.com\/kf\/HTB1qQtntbuWBuNjSszgq6z8jVXae\/200162319\/HTB1qQtntbuWBuNjSszgq6z8jVXae.jpg\" alt=\"Stegplatten aus Kunststoff f\u00fcr Bedachungen\/Dekorationen aus Kunststoff f\u00fcr Bedachungen\" width=\"630\" height=\"472.5\" data-src=\"\/\/sc01.alicdn.com\/kf\/HTB1qQtntbuWBuNjSszgq6z8jVXae\/200162319\/HTB1qQtntbuWBuNjSszgq6z8jVXae.jpg\" data-alt=\"multiwall plastic sheet for roofing\/decoration plastic roofing\" data-width=\"630\" data- title=\"\"><\/p>\n<p><strong>2. Spezifikationen:<\/strong><\/p>\n<p>1) Dicke: 4mm, 6mm, 8mm, 10mm, 12mm, 14mm, 16mm.<br \/>\n2) Breite: 1, 220mm, 2, 100mm<br \/>\n3) L\u00e4nge: Nicht begrenzt<br \/>\n4) Gewicht (kg\/M2): 0.8, 1.2, 1.4, 1.6, 1.9, 2.2, 2.4, 2.6<br \/>\n5) Farben: klar, seeblau, gr\u00fcn, blau, opal, braun, silbergrau, rot (andere Farben k\u00f6nnen auf Anfrage bestellt werden)<\/p>\n<p><img decoding=\"async\" src=\"https:\/\/sc02.alicdn.com\/kf\/HTB1YhFCtb5YBuNjSspoq6zeNFXaC\/200162319\/HTB1YhFCtb5YBuNjSspoq6zeNFXaC.jpg\" alt=\"Stegplatten aus Kunststoff f\u00fcr Bedachungen\/Dekorationen aus Kunststoff f\u00fcr Bedachungen\" width=\"630\" height=\"384.4852941176471\" data-src=\"\/\/sc02.alicdn.com\/kf\/HTB1YhFCtb5YBuNjSspoq6zeNFXaC\/200162319\/HTB1YhFCtb5YBuNjSspoq6zeNFXaC.jpg\" data-alt=\"multiwall plastic sheet for roofing\/decoration plastic roofing\" data-width=\"630\" data- title=\"\"><br \/>\n<strong>3. Anwendungen:<\/strong><br \/>\n1) Bedachung Licht Blatt und Sonnenschutz f\u00fcr B\u00fcrogeb\u00e4ude, Kaufhaus, Hotel, Stadion, Schule, Vergn\u00fcgungszentrum, Krankenhaus, etc.<br \/>\n2) Oberlicht, Beleuchtung f\u00fcr Flure, Balkone, Durchg\u00e4nge und Unterf\u00fchrungen, Gehwege.<br \/>\n3) Do-It-Yourself (DIY), Markise, Vordach.<br \/>\n4) Werbelampenk\u00e4sten, Hinweisschilder.<br \/>\n5) Anti-Aufruhr-Schild, kugelsicheres Material, Bankautomaten.<br \/>\n6) Gew\u00e4chsh\u00e4user, landwirtschaftliche Gew\u00e4chsh\u00e4user, Zoos, botanische G\u00e4rten.<br \/>\n7) Industrielle Bedachung und Verglasung<br \/>\n8) Schwimmb\u00e4der \u00dcberdachung\/Abdeckung\/Blech<\/p>\n<p><strong>4. REINIGUNG UND WARTUNG<\/strong><br \/>\nF\u00fcr die regelm\u00e4\u00dfige Reinigung der Laken werden geeignete Reinigungsmittel und Werkzeuge verwendet, die dem richtigen Verfahren entsprechen. Dadurch bleiben die Laken anmutig und ihre Lebensdauer wird verl\u00e4ngert:<\/p>\n<p>1. Sp\u00fclen Sie das Blatt mit lauwarmem Wasser (unter 60\u00b0C)<\/p>\n<p>2. Bitte w\u00e4hlen Sie sauber und weiches Tuch oder Schwamm mit neutraler Fl\u00fcssigseife oder Reinigungsmittel, um den Schmutz auf der Oberfl\u00e4che leicht zu reinigen<\/p>\n<p>3. Das Blatt noch einmal aussp\u00fclen<\/p>\n<p>4. Das weiche Tuch mit wasserfreiem Alkohol kann zur Reinigung verwendet werden, wenn \u00d6l, nasse Farbe, Klebeflecken und andere Dinge auf dem Blatt sind.<\/p>\n<p>5. Mit kaltem Wasser absp\u00fclen und mit einem weichen Tuch abtrocknen, um Wasserflecken nach der Reinigung zu vermeiden.<\/p>\n<p>Empfehlung zur Verwendung von L\u00f6sungsmitteln f\u00fcr die Reinigung<\/p>\n<p>Absoluter Alkohol, Petrolether, Hexan<\/p>\n<p><strong>\u00a05. HINWEIS<\/strong><\/p>\n<p>Stahlwolle, B\u00fcrsten und andere grobe Materialien d\u00fcrfen nicht mit der PC-Platte in Ber\u00fchrung kommen. Verwenden Sie keine Ziehmesser, Rasierklingen oder andere kantige Werkzeuge, um PC-Hohlplatten zu zerkratzen.<\/p>\n<p>Einbauverfahren f\u00fcr Polycarbonat<\/p>\n<p>a) Der Durchmesser des Bohrlochs auf der Platine sollte gr\u00f6\u00dfer sein als der Durchmesser der Schraube (ca. 50%), falls sich die Schraube bei Hitze ausdehnt und bei K\u00e4lte zusammenzieht.<\/p>\n<p>b) Der Abstand des Bohrlochs auf der Platine sollte angemessen sein,<br \/>\nje gr\u00f6\u00dfer der Abstand, desto gr\u00f6\u00dfer die W\u00e4rmeausdehnung. Ist der Abstand des Bohrlochs<br \/>\nzu kurz ist, schr\u00e4nkt sie die Bewegung der PC-Platte ein.<\/p>\n<p>c) Der geeignete Abstand des Bohrlochs auf der Leiterplatte betr\u00e4gt 50 cm. Der geeignete Abstand zwischen dem Bohrloch und der Kante der Leiterplatte betr\u00e4gt etwa 3-5 cm.<\/p>\n<p>d) Der Durchmesser der Oberseite des Nietes sollte das Doppelte des Schaftes betragen. Legen Sie eine Dichtung an, falls der Druck die Leiterplatte besch\u00e4digt.<\/p>\n<p>e) Die Schraube sollte nicht angezogen werden, wenn die Leiterplatte bricht.<\/p>\n<p>f) Es sollten keine PVC-Dichtungen oder Pechklebeb\u00e4nder verwendet werden, da die chemischen Zus\u00e4tze die PC-Platte angreifen.<\/p>\n<p>g) Das Biegeteil sollte keine Schraube zur Befestigung des Blechs verwenden, wenn das Blech<br \/>\nKaltbiegeverfahren. Alle L\u00f6cher sollten mit neutralem Silikondichtstoff versiegelt werden, um<br \/>\nvoll, falls das Waschmittel in den Rand des Blattes eindringt.<\/p>","protected":false},"featured_media":16790,"parent":0,"template":"","product-catagories":[178],"product-tag":[],"class_list":["post-15253","product","type-product","status-publish","has-post-thumbnail","hentry","product-catagories-polycarbonate-hollow-sheet"],"acf":[],"_links":{"self":[{"href":"https:\/\/www.tononplastics.com\/de\/wp-json\/wp\/v2\/product\/15253","targetHints":{"allow":["GET"]}}],"collection":[{"href":"https:\/\/www.tononplastics.com\/de\/wp-json\/wp\/v2\/product"}],"about":[{"href":"https:\/\/www.tononplastics.com\/de\/wp-json\/wp\/v2\/types\/product"}],"version-history":[{"count":0,"href":"https:\/\/www.tononplastics.com\/de\/wp-json\/wp\/v2\/product\/15253\/revisions"}],"wp:featuredmedia":[{"embeddable":true,"href":"https:\/\/www.tononplastics.com\/de\/wp-json\/wp\/v2\/media\/16790"}],"wp:attachment":[{"href":"https:\/\/www.tononplastics.com\/de\/wp-json\/wp\/v2\/media?parent=15253"}],"wp:term":[{"taxonomy":"product-catagories","embeddable":true,"href":"https:\/\/www.tononplastics.com\/de\/wp-json\/wp\/v2\/product-catagories?post=15253"},{"taxonomy":"product-tag","embeddable":true,"href":"https:\/\/www.tononplastics.com\/de\/wp-json\/wp\/v2\/product-tag?post=15253"}],"curies":[{"name":"wp","href":"https:\/\/api.w.org\/{rel}","templated":true}]}}