{"id":15265,"date":"2023-08-23T21:52:58","date_gmt":"2023-08-23T13:52:58","guid":{"rendered":"https:\/\/tononplastics.com\/?post_type=product&#038;p=15265"},"modified":"2024-04-16T13:51:43","modified_gmt":"2024-04-16T05:51:43","slug":"fire-resistant-multiwall-polycarbonate-sheet-greenhouse-panel","status":"publish","type":"product","link":"https:\/\/www.tononplastics.com\/de\/product\/fire-resistant-multiwall-polycarbonate-sheet-greenhouse-panel\/","title":{"rendered":"Feuerbest\u00e4ndige Multiwall-Polycarbonatplatten Gew\u00e4chshausplatten"},"content":{"rendered":"<div id=\"ali-anchor-AliPostDhMb-jrxlc\" data-section=\"AliPostDhMb-jrxlc\" data-section-title=\"Product Description\">\n<div>\n<p>Polycarbonatplatten Dicke:\u00a0<\/p>\n<\/div>\n<\/div>\n<p>\n1).\u00a0<strong>Stegdoppelplatten aus Polycarbonat<\/strong>\u00a0Dicke: 4mm, 6mm, 8mm, 10mm, 12mm, etc.<\/p>\n<p>2).\u00a0<strong>Dreischichtige Polycarbonatplatten<\/strong>\u00a0Dicke: 8mm, 10mm, 12mm, 14mm, 16mm, 18mm, 20mm, etc.<\/p>\n<p>3).\u00a0<strong>Vierwandige Polycarbonatplatte<\/strong>\u00a0Dicke: 6mm, 8mm, 10mm, 12mm, 16mm, 20mm, etc.<\/p>\n<p><img decoding=\"async\" src=\"https:\/\/sc01.alicdn.com\/kf\/HTB1U5VQteuSBuNjy1Xcq6AYjFXan\/200162319\/HTB1U5VQteuSBuNjy1Xcq6AYjFXan.jpg\" alt=\"feuerfeste mehrwandige Polycarbonatplatten f\u00fcr Gew\u00e4chsh\u00e4user\" width=\"630\" height=\"472.5\" data-src=\"\/\/sc01.alicdn.com\/kf\/HTB1U5VQteuSBuNjy1Xcq6AYjFXan\/200162319\/HTB1U5VQteuSBuNjy1Xcq6AYjFXan.jpg\" data-alt=\"fire resistant  multiwall polycarbonate sheet greenhouse panel\" data-width=\"630\" data- title=\"\"><\/p>\n<p>4).\u00a0<strong>F\u00fcnfwandige Polycarbonatplatte<\/strong>\u00a0Dicke: 8mm, 10mm, 12mm, etc.<\/p>\n<p>5).\u00a0<strong>Sechswandige Polycarbonatplatte<\/strong>\u00a0Dicke: 16mm, 20mm, 25mm, etc.<\/p>\n<p>6).\u00a0<strong>X-Profil Polycarbonatplatte<\/strong>\u00a0Dicke: 10mm, 12mm, 14mm, 16mm, 18mm, 20mm, etc.<\/p>\n<p>7).\u00a0<strong>Wabenf\u00f6rmige Polycarbonatplatten<\/strong>\u00a0Dicke: 6mm, 8mm, 10mm, 12mm, etc.<\/p>\n<p>(2). Polycarbonatplatten Breite: 2100mm<\/p>\n<p>(3). Polycarbonatplatten L\u00e4nge: Keine Begrenzung (empfohlen 5800mm, 6000mm, 11800mm, 12000mm f\u00fcr 20\u2032 Container &amp; 40\u2032 Container)<\/p>\n<p>(4). Polycarbonatplatten Farbe: klar\/transparent, Seeblau, gr\u00fcn, blau, opal, wei\u00df, braun\/bronze, silbergrau, rot, gelb, etc.<\/p>\n<p><strong>2. Merkmale:<\/strong><\/p>\n<p>(1). Hohe Lichtdurchl\u00e4ssigkeit: bis zu 88%, dass der gleichen Dicke des allgemeinen Glas.<\/p>\n<p>(2). Ausgezeichnete Schlagz\u00e4higkeit: 250~300 mal so stark wie Glas gleicher Dicke, 30 mal so stark wie Acrylglasplatten.<\/p>\n<p>(3). Wetter- und UV-best\u00e4ndige Eigenschaften bleiben \u00fcber Jahre hinweg erhalten: Temperaturbest\u00e4ndigkeit von -40\u00b0C ~ 120\u00b0C, mit einem ultravioletten coextrudierten Film auf der Plattenoberfl\u00e4che. Sie kann die Erm\u00fcdung oder Vergilbung des Harzes durch UV-Strahlung verhindern.<\/p>\n<p>(4). Geringes Gewicht: nur 1\/12 des Gewichts von Glas gleicher Dicke. Es kann leicht kalt gebogen und thermisch verformt werden.<\/p>\n<p>(5). Flammbest\u00e4ndigkeit: Die hohe Feuerbest\u00e4ndigkeit entspricht der Klasse B1.<\/p>\n<p>(6). Schall- und W\u00e4rmed\u00e4mmung: Hervorragende Schalld\u00e4mmung f\u00fcr Autobahnbarriere und super W\u00e4rmed\u00e4mmung sparen Energie.<\/p>\n<p>(7). Polycarbonat-Massivplatten sind ein technischer Kunststoff mit ausgezeichneter Integrationsf\u00e4higkeit. Er hat hervorragende physikalische, mechanische, elektrische und thermische Eigenschaften.<\/p>\n<p><img fetchpriority=\"high\" decoding=\"async\" src=\"https:\/\/sc01.alicdn.com\/kf\/H905833aa270b428cb135157888c4d1ebN\/200162319\/H905833aa270b428cb135157888c4d1ebN.jpg\" alt=\"feuerfeste mehrwandige Polycarbonatplatten f\u00fcr Gew\u00e4chsh\u00e4user\" width=\"630\" height=\"630\" data-src=\"\/\/sc01.alicdn.com\/kf\/H905833aa270b428cb135157888c4d1ebN\/200162319\/H905833aa270b428cb135157888c4d1ebN.jpg\" data-alt=\"fire resistant  multiwall polycarbonate sheet greenhouse panel\" data-width=\"630\" data- title=\"\"><img decoding=\"async\" src=\"https:\/\/sc01.alicdn.com\/kf\/Hab9bd697ff3d43f4a68edc4263f778919\/200162319\/Hab9bd697ff3d43f4a68edc4263f778919.jpg\" alt=\"feuerfeste mehrwandige Polycarbonatplatten f\u00fcr Gew\u00e4chsh\u00e4user\" width=\"630\" height=\"630\" data-src=\"\/\/sc01.alicdn.com\/kf\/Hab9bd697ff3d43f4a68edc4263f778919\/200162319\/Hab9bd697ff3d43f4a68edc4263f778919.jpg\" data-alt=\"fire resistant  multiwall polycarbonate sheet greenhouse panel\" data-width=\"630\" data- title=\"\"><\/p>\n<p><strong>3. Anwendungen:<br \/>\n<\/strong><br \/>\n(1). Sonnenschirme f\u00fcr Stadien und Buswartehallen, etc.<\/p>\n<p>(2). Oberlicht, Beleuchtung f\u00fcr Flure, Balkone, Durchg\u00e4nge und U-Bahn-Eing\u00e4nge, Gehwege.<\/p>\n<p>(3). Do-It-Yourself (DIY), Markise, Vordach.<\/p>\n<p>(4). Werbelampenk\u00e4sten, Schilder<\/p>\n<p>(5). Anti-Aufruhr-Schild, kugelsicheres Material, Bank-Geldautomaten.<\/p>\n<p>(6). Gew\u00e4chsh\u00e4user, landwirtschaftliche Gew\u00e4chsh\u00e4user, Zoos, botanische G\u00e4rten.<\/p>\n<p>(7). Industrielle Bedachung und Verglasung<\/p>\n<p>(8). Schwimmb\u00e4der \u00dcberdachung\/Abdeckung\/Blech<\/p>\n<p>&nbsp;<\/p>\n<p><img decoding=\"async\" src=\"https:\/\/sc02.alicdn.com\/kf\/HTB1LTKdtf1TBuNjy0Fjq6yjyXXaz\/200162319\/HTB1LTKdtf1TBuNjy0Fjq6yjyXXaz.jpg\" alt=\"feuerfeste mehrwandige Polycarbonatplatten f\u00fcr Gew\u00e4chsh\u00e4user\" width=\"630\" height=\"472.5\" data-src=\"\/\/sc02.alicdn.com\/kf\/HTB1LTKdtf1TBuNjy0Fjq6yjyXXaz\/200162319\/HTB1LTKdtf1TBuNjy0Fjq6yjyXXaz.jpg\" data-alt=\"fire resistant  multiwall polycarbonate sheet greenhouse panel\" data-width=\"630\" data- title=\"\"><\/p>\n<p>- H.S. Code: 39206100<\/p>\n<p>- Zahlungsbedingungen: T\/T, L\/C,.<\/p>\n<p>- Lieferfrist: 7-15 Tage<\/p>\n<p>- Mindestbestellmenge: 1*20\u2032 Beh\u00e4lter<\/p>\n<p>- Verpackung: Beide Seiten mit PE-Schutzfolie \u00fcberzogen<\/p>\n<p>- Musterpolitik: Kleine Proben k\u00f6nnen mit Kurier Geb\u00fchr sammeln zur Verf\u00fcgung gestellt werden.<\/p>\n<p>Polycarbonatplatten, Polycarbonatplatten, Polycarbonat-Dachplatten, Polycarbonat-Dachplatten, Stegplatten aus Polycarbonat, Polycarbonat-Paneele, Polycarbonat-Platten, Polycarbonat-Hohlplatten, Hohlplatten aus Polycarbonat, Stegplatten aus Polycarbonat, Stegplatten aus Polycarbonat, Stegplatten aus Polycarbonat, Stegplatten aus Polycarbonat, Stegplatten aus Polycarbonat, Stegplatten aus Polycarbonat, Stegplatten aus Polycarbonat, Stegplatten aus Polycarbonat, Stegplatten aus Polycarbonat, Stegplatten aus Polycarbonat, Stegplatten aus Polycarbonat, Stegplatten aus Polycarbonat, Stegplatten aus Polycarbonat, Sonnenlichtplatte, gefrostete Polycarbonatplatten, Kristall-Polycarbonatplatten, gefrostete\/kristalline Polycarbonat-Hohlplatten, Baumaterialien, Bedachungsmaterialien, Polycarbonat-Dachfenster, Kunststoffplatten, Kunststofffolien, Polycarbonat-Wabenplatten, Polycarbonat-Wabenplatten, alveolierte Polycarbonatplatten, alveolierte Polycarbonatplatten, alveolierte PC-Platten, vierwandige Polycarbonatplatten, f\u00fcnfwandige Polycarbonatplatten, sechswandige Polycarbonatplatten, X-Profil-Polycarbonatplatten, X-Typ-Polycarbonatplatten, usw.<\/p>\n<p><img decoding=\"async\" src=\"https:\/\/sc01.alicdn.com\/kf\/H276597fb63bf4e8ebb711e73f1e18dd4h\/200162319\/H276597fb63bf4e8ebb711e73f1e18dd4h.jpg\" alt=\"feuerfeste mehrwandige Polycarbonatplatten f\u00fcr Gew\u00e4chsh\u00e4user\" width=\"630\" height=\"427.0323325635104\" data-src=\"\/\/sc01.alicdn.com\/kf\/H276597fb63bf4e8ebb711e73f1e18dd4h\/200162319\/H276597fb63bf4e8ebb711e73f1e18dd4h.jpg\" data-alt=\"fire resistant  multiwall polycarbonate sheet greenhouse panel\" data-width=\"630\" data- title=\"\"><\/p>\n<div id=\"ali-anchor-AliPostDhMb-b6lc3\" data-section=\"AliPostDhMb-b6lc3\" data-section-title=\"Packaging &amp; Shipping\">\n<div id=\"ali-title-AliPostDhMb-b6lc3\">Verpackung und Versand<\/div>\n<div>\n<p>\u00a0<img decoding=\"async\" src=\"https:\/\/sc02.alicdn.com\/kf\/Hd05fdb0988024155a7956963ea5973acD\/200162319\/Hd05fdb0988024155a7956963ea5973acD.png\" alt=\"feuerfeste mehrwandige Polycarbonatplatten f\u00fcr Gew\u00e4chsh\u00e4user\" width=\"630\" height=\"474.58885941644564\" data-src=\"\/\/sc02.alicdn.com\/kf\/Hd05fdb0988024155a7956963ea5973acD\/200162319\/Hd05fdb0988024155a7956963ea5973acD.png\" data-alt=\"fire resistant  multiwall polycarbonate sheet greenhouse panel\" data-width=\"630\" data- title=\"\"><img decoding=\"async\" src=\"https:\/\/sc02.alicdn.com\/kf\/H02a52324dc024cdcbaee8c550d0c5b3cR\/200162319\/H02a52324dc024cdcbaee8c550d0c5b3cR.png\" alt=\"feuerfeste mehrwandige Polycarbonatplatten f\u00fcr Gew\u00e4chsh\u00e4user\" width=\"630\" height=\"214.7347480106101\" data-src=\"\/\/sc02.alicdn.com\/kf\/H02a52324dc024cdcbaee8c550d0c5b3cR\/200162319\/H02a52324dc024cdcbaee8c550d0c5b3cR.png\" data-alt=\"fire resistant  multiwall polycarbonate sheet greenhouse panel\" data-width=\"630\" data- title=\"\"><img decoding=\"async\" src=\"https:\/\/sc01.alicdn.com\/kf\/HTB1ggLnJVXXXXcYXVXXq6xXFXXXP\/200162319\/HTB1ggLnJVXXXXcYXVXXq6xXFXXXP.jpg\" alt=\"feuerfeste mehrwandige Polycarbonatplatten f\u00fcr Gew\u00e4chsh\u00e4user\" width=\"630\" height=\"635.88\" data-src=\"\/\/sc01.alicdn.com\/kf\/HTB1ggLnJVXXXXcYXVXXq6xXFXXXP\/200162319\/HTB1ggLnJVXXXXcYXVXXq6xXFXXXP.jpg\" data-alt=\"fire resistant  multiwall polycarbonate sheet greenhouse panel\" data-width=\"630\" data- title=\"\"><\/p>\n<\/div>\n<\/div>","protected":false},"featured_media":16767,"parent":0,"template":"","product-catagories":[178],"product-tag":[],"class_list":["post-15265","product","type-product","status-publish","has-post-thumbnail","hentry","product-catagories-polycarbonate-hollow-sheet"],"acf":[],"_links":{"self":[{"href":"https:\/\/www.tononplastics.com\/de\/wp-json\/wp\/v2\/product\/15265","targetHints":{"allow":["GET"]}}],"collection":[{"href":"https:\/\/www.tononplastics.com\/de\/wp-json\/wp\/v2\/product"}],"about":[{"href":"https:\/\/www.tononplastics.com\/de\/wp-json\/wp\/v2\/types\/product"}],"version-history":[{"count":0,"href":"https:\/\/www.tononplastics.com\/de\/wp-json\/wp\/v2\/product\/15265\/revisions"}],"wp:featuredmedia":[{"embeddable":true,"href":"https:\/\/www.tononplastics.com\/de\/wp-json\/wp\/v2\/media\/16767"}],"wp:attachment":[{"href":"https:\/\/www.tononplastics.com\/de\/wp-json\/wp\/v2\/media?parent=15265"}],"wp:term":[{"taxonomy":"product-catagories","embeddable":true,"href":"https:\/\/www.tononplastics.com\/de\/wp-json\/wp\/v2\/product-catagories?post=15265"},{"taxonomy":"product-tag","embeddable":true,"href":"https:\/\/www.tononplastics.com\/de\/wp-json\/wp\/v2\/product-tag?post=15265"}],"curies":[{"name":"wp","href":"https:\/\/api.w.org\/{rel}","templated":true}]}}