{"id":15290,"date":"2023-08-23T22:09:44","date_gmt":"2023-08-23T14:09:44","guid":{"rendered":"https:\/\/tononplastics.com\/?post_type=product&#038;p=15290"},"modified":"2024-04-16T13:32:01","modified_gmt":"2024-04-16T05:32:01","slug":"5mm-clear-twin-wall-hollow-polycarbonate-sheets-for-sale-uv-coating-fob-reference-priceget-latest-price","status":"publish","type":"product","link":"https:\/\/www.tononplastics.com\/de\/product\/5mm-clear-twin-wall-hollow-polycarbonate-sheets-for-sale-uv-coating-fob-reference-priceget-latest-price\/","title":{"rendered":"5mm klare doppelwandige hohle Polycarbonatplatten zum Verkauf uv-Beschichtung FOB Referenzpreis:Erhalten Sie den neuesten Preis"},"content":{"rendered":"<p><span data-spm-anchor-id=\"a2700.details.0.i26.44863307BuqEsN\">Polycarbonat Dacheindeckung klarer Kunststoff Handwerk Doppelwandige Polycarbonat-Hohlkammerplatte<\/span><\/p>\n<table border=\"1\">\n<tbody>\n<tr>\n<td>\u00a0Produktname<\/td>\n<td>\u00a0Polycarbonat-Hohlkammerplatten<\/td>\n<\/tr>\n<tr>\n<td>\u00a0Herkunftsort<\/td>\n<td>\u00a0Foshan City, Guangdong, China<\/td>\n<\/tr>\n<tr>\n<td>\u00a0Material<\/td>\n<td>\u00a0100% Reines Polycarbonat<\/td>\n<\/tr>\n<tr>\n<td>\u00a0Farben<\/td>\n<td>\u00a0Klar, Bronze, Blau, Gr\u00fcn, Opal, Grau oder individuell<\/td>\n<\/tr>\n<tr>\n<td>\u00a0Dicke<\/td>\n<td>\u00a03-20mm<\/td>\n<\/tr>\n<tr>\n<td>\u00a0Breite<\/td>\n<td>\u00a02,1 m, 1,22 m oder kundenspezifisch<\/td>\n<\/tr>\n<tr>\n<td>\u00a0Oberfl\u00e4che<\/td>\n<td>\u00a0Mit 50 Mikron UV-Schutz, Hitzebest\u00e4ndigkeit<\/td>\n<\/tr>\n<tr>\n<td>Standard f\u00fcr Schutzma\u00dfnahmen<\/td>\n<td>\u00a0Klasse B1 (GB-Standard)<\/td>\n<\/tr>\n<tr>\n<td>Verpacken<\/td>\n<td>\u00a0Beidseitig mit PE-Folie, Logo auf der PE-Folie. Kundenspezifische Verpackung ist ebenfalls m\u00f6glich.<\/td>\n<\/tr>\n<tr>\n<td>Lieferung<\/td>\n<td>\u00a0Innerhalb von 7-10 Tagen nach Eingang der Anzahlung<\/td>\n<\/tr>\n<\/tbody>\n<\/table>\n<p><img fetchpriority=\"high\" decoding=\"async\" class=\"\" src=\"https:\/\/sc04.alicdn.com\/kf\/H1cbb870bbc214fd782f8e4ea067b0f87t\/200162319\/H1cbb870bbc214fd782f8e4ea067b0f87t.png\" alt=\"5mm clear twin wall hollow polycarbonate sheets for sale uv coating\" width=\"363\" height=\"315\" data-src=\"\/\/sc04.alicdn.com\/kf\/H1cbb870bbc214fd782f8e4ea067b0f87t\/200162319\/H1cbb870bbc214fd782f8e4ea067b0f87t.png\" data-alt=\"5mm clear twin wall hollow polycarbonate sheets for sale uv coating\" data-width=\"620\" data-height=\"538\" data- title=\"\"><img decoding=\"async\" class=\"\" src=\"https:\/\/sc04.alicdn.com\/kf\/Hf568a00564ff4febb2489ff33e1ef8e1R\/200162319\/Hf568a00564ff4febb2489ff33e1ef8e1R.png\" alt=\"5mm clear twin wall hollow polycarbonate sheets for sale uv coating\" width=\"416\" height=\"313\" data-src=\"\/\/sc04.alicdn.com\/kf\/Hf568a00564ff4febb2489ff33e1ef8e1R\/200162319\/Hf568a00564ff4febb2489ff33e1ef8e1R.png\" data-alt=\"5mm clear twin wall hollow polycarbonate sheets for sale uv coating\" data-width=\"619\" data-height=\"466\" data- title=\"\"><img decoding=\"async\" class=\"\" src=\"https:\/\/sc04.alicdn.com\/kf\/He7b09910ae1740deb030d8061ec8b92cR\/200162319\/He7b09910ae1740deb030d8061ec8b92cR.png\" alt=\"5mm clear twin wall hollow polycarbonate sheets for sale uv coating\" width=\"399\" height=\"322\" data-src=\"\/\/sc04.alicdn.com\/kf\/He7b09910ae1740deb030d8061ec8b92cR\/200162319\/He7b09910ae1740deb030d8061ec8b92cR.png\" data-alt=\"5mm clear twin wall hollow polycarbonate sheets for sale uv coating\" data-width=\"617\" data-height=\"497\" data- title=\"\"><img loading=\"lazy\" decoding=\"async\" class=\"\" src=\"https:\/\/sc04.alicdn.com\/kf\/H24c6424deccc4e299e7a21e4fdb2c22bl\/200162319\/H24c6424deccc4e299e7a21e4fdb2c22bl.png\" alt=\"5mm clear twin wall hollow polycarbonate sheets for sale uv coating\" width=\"352\" height=\"321\" data-src=\"\/\/sc04.alicdn.com\/kf\/H24c6424deccc4e299e7a21e4fdb2c22bl\/200162319\/H24c6424deccc4e299e7a21e4fdb2c22bl.png\" data-alt=\"5mm clear twin wall hollow polycarbonate sheets for sale uv coating\" data- title=\"\"><\/p>\n<div id=\"ali-anchor-AliPostDhMb-ig9ka\" class=\"mceSectionContainer\" data-section=\"AliPostDhMb-ig9ka\" data-section-title=\"Product Description\">\n<div id=\"ali-title-AliPostDhMb-ig9ka\"><strong>Beschreibung des Produkts<\/strong><\/div>\n<div>\n<p>(1) durchl\u00e4ssig f\u00fcr Licht Qualit\u00e4t gut: transparente PC-Board euphotische Rate kann 88% betragen<\/p>\n<p>(2) sto\u00dffest: Schlagz\u00e4higkeit ist \u00fcblich, Glas 250-300 mal, die gleiche Dicke der Acrylplatte 30 mal, verwenden Sie 3 kg Hammer die folgenden zwei Meter fallen auch keine Risse.<\/p>\n<\/div>\n<\/div>\n<p>(3) Ultraviolett-Schutz: Die Produktoberfl\u00e4che hat eine UV-Co-Extrusionsschicht, die ultraviolette Strahlen blockieren kann und geeignet ist, wertvolle Kunstwerke und Ausstellungsst\u00fccke vor UV-Sch\u00e4den zu sch\u00fctzen.<\/p>\n<p><img decoding=\"async\" src=\"https:\/\/sc04.alicdn.com\/kf\/Hee35153016fb4f64a8abd2cf77d8280dQ\/200162319\/Hee35153016fb4f64a8abd2cf77d8280dQ.jpg\" alt=\"5mm clear twin wall hollow polycarbonate sheets for sale uv coating\" width=\"630\" height=\"404.88\" data-src=\"\/\/sc04.alicdn.com\/kf\/Hee35153016fb4f64a8abd2cf77d8280dQ\/200162319\/Hee35153016fb4f64a8abd2cf77d8280dQ.jpg\" data-alt=\"5mm clear twin wall hollow polycarbonate sheets for sale uv coating\" data-width=\"630\" data- title=\"\"><img decoding=\"async\" src=\"https:\/\/sc04.alicdn.com\/kf\/H3e961f45ef114d249ad9c4b4127c550c9\/200162319\/H3e961f45ef114d249ad9c4b4127c550c9.png\" alt=\"5mm clear twin wall hollow polycarbonate sheets for sale uv coating\" width=\"630\" height=\"357.3333333333333\" data-src=\"\/\/sc04.alicdn.com\/kf\/H3e961f45ef114d249ad9c4b4127c550c9\/200162319\/H3e961f45ef114d249ad9c4b4127c550c9.png\" data-alt=\"5mm clear twin wall hollow polycarbonate sheets for sale uv coating\" data-width=\"630\" data- title=\"\"><img loading=\"lazy\" decoding=\"async\" src=\"https:\/\/sc04.alicdn.com\/kf\/H714a5c6dbda442bcbd7bce1a68b14647J\/200162319\/H714a5c6dbda442bcbd7bce1a68b14647J.jpg\" alt=\"5mm clear twin wall hollow polycarbonate sheets for sale uv coating\" width=\"630\" height=\"840\" data-src=\"\/\/sc04.alicdn.com\/kf\/H714a5c6dbda442bcbd7bce1a68b14647J\/200162319\/H714a5c6dbda442bcbd7bce1a68b14647J.jpg\" data-alt=\"5mm clear twin wall hollow polycarbonate sheets for sale uv coating\" data-width=\"630\" data- title=\"\"><\/p>\n<p><strong>Technische Daten:<\/strong><\/p>\n<p>1, Schlagz\u00e4higkeit: 850 J\/m<\/p>\n<p>2, euphotische Rate: 90%<\/p>\n<p>3, Zugfestigkeit: &gt; 60 N\/Was<\/p>\n<p>4, Biegefestigkeit: 100 N\/Was<\/p>\n<p><img loading=\"lazy\" decoding=\"async\" src=\"https:\/\/sc01.alicdn.com\/kf\/H74247c1d61554ba2a775e9ce59244207e\/200162319\/H74247c1d61554ba2a775e9ce59244207e.jpg\" alt=\"5mm clear twin wall hollow polycarbonate sheets for sale uv coating\" width=\"630\" height=\"450\" data-src=\"\/\/sc01.alicdn.com\/kf\/H74247c1d61554ba2a775e9ce59244207e\/200162319\/H74247c1d61554ba2a775e9ce59244207e.jpg\" data-alt=\"5mm clear twin wall hollow polycarbonate sheets for sale uv coating\" data-width=\"630\" data-height=\"450\" data- title=\"\"><img loading=\"lazy\" decoding=\"async\" src=\"https:\/\/sc02.alicdn.com\/kf\/H02a52324dc024cdcbaee8c550d0c5b3cR\/200162319\/H02a52324dc024cdcbaee8c550d0c5b3cR.png\" alt=\"5mm clear twin wall hollow polycarbonate sheets for sale uv coating\" width=\"630\" height=\"450\" data-src=\"\/\/sc02.alicdn.com\/kf\/H02a52324dc024cdcbaee8c550d0c5b3cR\/200162319\/H02a52324dc024cdcbaee8c550d0c5b3cR.png\" data-alt=\"5mm clear twin wall hollow polycarbonate sheets for sale uv coating\" data-width=\"630\" data-height=\"450\" data- title=\"\"><img loading=\"lazy\" decoding=\"async\" src=\"https:\/\/sc02.alicdn.com\/kf\/Hd05fdb0988024155a7956963ea5973acD\/200162319\/Hd05fdb0988024155a7956963ea5973acD.png\" alt=\"5mm clear twin wall hollow polycarbonate sheets for sale uv coating\" width=\"630\" height=\"450\" data-src=\"\/\/sc02.alicdn.com\/kf\/Hd05fdb0988024155a7956963ea5973acD\/200162319\/Hd05fdb0988024155a7956963ea5973acD.png\" data-alt=\"5mm clear twin wall hollow polycarbonate sheets for sale uv coating\" data-width=\"630\" data-height=\"450\" data- title=\"\"><\/p>","protected":false},"featured_media":16762,"parent":0,"template":"","product-catagories":[178],"product-tag":[],"class_list":["post-15290","product","type-product","status-publish","has-post-thumbnail","hentry","product-catagories-polycarbonate-hollow-sheet"],"acf":[],"_links":{"self":[{"href":"https:\/\/www.tononplastics.com\/de\/wp-json\/wp\/v2\/product\/15290","targetHints":{"allow":["GET"]}}],"collection":[{"href":"https:\/\/www.tononplastics.com\/de\/wp-json\/wp\/v2\/product"}],"about":[{"href":"https:\/\/www.tononplastics.com\/de\/wp-json\/wp\/v2\/types\/product"}],"version-history":[{"count":0,"href":"https:\/\/www.tononplastics.com\/de\/wp-json\/wp\/v2\/product\/15290\/revisions"}],"wp:featuredmedia":[{"embeddable":true,"href":"https:\/\/www.tononplastics.com\/de\/wp-json\/wp\/v2\/media\/16762"}],"wp:attachment":[{"href":"https:\/\/www.tononplastics.com\/de\/wp-json\/wp\/v2\/media?parent=15290"}],"wp:term":[{"taxonomy":"product-catagories","embeddable":true,"href":"https:\/\/www.tononplastics.com\/de\/wp-json\/wp\/v2\/product-catagories?post=15290"},{"taxonomy":"product-tag","embeddable":true,"href":"https:\/\/www.tononplastics.com\/de\/wp-json\/wp\/v2\/product-tag?post=15290"}],"curies":[{"name":"wp","href":"https:\/\/api.w.org\/{rel}","templated":true}]}}