{"id":15293,"date":"2023-08-23T22:38:44","date_gmt":"2023-08-23T14:38:44","guid":{"rendered":"https:\/\/tononplastics.com\/?post_type=product&#038;p=15293"},"modified":"2024-03-25T12:20:07","modified_gmt":"2024-03-25T04:20:07","slug":"polycarbonate-sheetsolidhollowembossed-sheet-polycarbonate-solid-sheethollow-sheet","status":"publish","type":"product","link":"https:\/\/www.tononplastics.com\/de\/product\/polycarbonate-sheetsolidhollowembossed-sheet-polycarbonate-solid-sheethollow-sheet\/","title":{"rendered":"Polycarbonat-Platten&amp;Massiv-, Hohl-, Pr\u00e4geplatten Polycarbonat-Massivplatten&amp;Hohlplatten"},"content":{"rendered":"<p><strong>Beschreibung des Produkts:<\/strong><\/p>\n<p><img fetchpriority=\"high\" decoding=\"async\" src=\"https:\/\/sc02.alicdn.com\/kf\/H5c16f39266364408a0b436a4a956b53c4\/200162319\/H5c16f39266364408a0b436a4a956b53c4.jpg\" alt=\"Polycarbonatplatten&amp;Massiv-, Hohl-, Pr\u00e4geplatten Polycarbonat-Massivplatten&amp;Hohlplatten\" width=\"600\" height=\"338\" data-src=\"\/\/sc02.alicdn.com\/kf\/H5c16f39266364408a0b436a4a956b53c4\/200162319\/H5c16f39266364408a0b436a4a956b53c4.jpg\" data-alt=\"polycarbonate sheet&amp;solid,hollow,embossed sheet polycarbonate solid sheet&amp;hollow sheet\" data- title=\"\"><\/p>\n<p><strong>Licht\u00fcbertragung<\/strong><br \/>\nDie Lichtdurchl\u00e4ssigkeit erreicht je nach Farbe und Dicke 12%-82%.<\/p>\n<p><strong>UV-Schutz<\/strong><br \/>\nDank der gesch\u00fctzten Anti-UV-Beschichtung bleiben die mechanischen und optischen Eigenschaften von Polycarbonat-Dachfenstern auch nach der Belichtung perfekt.<\/p>\n<p><strong>Wetter-F\u00e4higkeit<\/strong><br \/>\nEs ist sehr witterungsbest\u00e4ndig und bietet eine hervorragende Leistung in einem weiten Temperaturbereich von -40\u00b0C bis 120\u00b0C.<br \/>\n<strong>Feuerhemmend :<\/strong>UL Entflammbarkeit 94 V-2<\/p>\n<p><strong>Einfache Installation<\/strong><br \/>\nEinfach zu installieren und kalt biegbar<\/p>\n<p><strong>Schlagz\u00e4higkeit<\/strong><br \/>\n250-300 mal die Schlagz\u00e4higkeit von gew\u00f6hnlichem Glas und 30 mal die von Acrylplatten der gleichen Dicke, die 2-20 mal das geh\u00e4rtete Glas f\u00e4llt zwei Meter unter 3kg Hammer keine Risse, keine gebrochen.<\/p>\n<p><strong>Material: Bayer<\/strong><\/p>\n<p><strong><img decoding=\"async\" src=\"https:\/\/sc01.alicdn.com\/kf\/Hc911a44222a84dcfab182be0eea74f8ak\/200162319\/Hc911a44222a84dcfab182be0eea74f8ak.png\" alt=\"Polycarbonatplatten&amp;Massiv-, Hohl-, Pr\u00e4geplatten Polycarbonat-Massivplatten&amp;Hohlplatten\" width=\"621\" height=\"481\" data-src=\"\/\/sc01.alicdn.com\/kf\/Hc911a44222a84dcfab182be0eea74f8ak\/200162319\/Hc911a44222a84dcfab182be0eea74f8ak.png\" data-alt=\"polycarbonate sheet&amp;solid,hollow,embossed sheet polycarbonate solid sheet&amp;hollow sheet\" data-width=\"621\" data-height=\"481\" data- title=\"\"><\/strong><\/p>\n<p><img decoding=\"async\" src=\"https:\/\/sc01.alicdn.com\/kf\/H22e7e36f49ec46efbf271e3bab23931eM\/200162319\/H22e7e36f49ec46efbf271e3bab23931eM.png\" alt=\"Polycarbonatplatten&amp;Massiv-, Hohl-, Pr\u00e4geplatten Polycarbonat-Massivplatten&amp;Hohlplatten\" width=\"621\" height=\"380\" data-src=\"\/\/sc01.alicdn.com\/kf\/H22e7e36f49ec46efbf271e3bab23931eM\/200162319\/H22e7e36f49ec46efbf271e3bab23931eM.png\" data-alt=\"polycarbonate sheet&amp;solid,hollow,embossed sheet polycarbonate solid sheet&amp;hollow sheet\" data- title=\"\"><\/p>\n<p><img loading=\"lazy\" decoding=\"async\" src=\"https:\/\/sc01.alicdn.com\/kf\/Ha83aa9b0806f4be8a6c90e9f8bb408d92\/200162319\/Ha83aa9b0806f4be8a6c90e9f8bb408d92.png\" alt=\"Polycarbonatplatten&amp;Massiv-, Hohl-, Pr\u00e4geplatten Polycarbonat-Massivplatten&amp;Hohlplatten\" width=\"630\" height=\"630\" data-src=\"\/\/sc01.alicdn.com\/kf\/Ha83aa9b0806f4be8a6c90e9f8bb408d92\/200162319\/Ha83aa9b0806f4be8a6c90e9f8bb408d92.png\" data-alt=\"polycarbonate sheet&amp;solid,hollow,embossed sheet polycarbonate solid sheet&amp;hollow sheet\" data-width=\"630\" data- title=\"\"><img decoding=\"async\" src=\"https:\/\/sc01.alicdn.com\/kf\/H32573bcb715d41cf947325c6557a5675j\/200162319\/H32573bcb715d41cf947325c6557a5675j.png\" alt=\"Polycarbonatplatten&amp;Massiv-, Hohl-, Pr\u00e4geplatten Polycarbonat-Massivplatten&amp;Hohlplatten\" width=\"630\" height=\"623.0110935023772\" data-src=\"\/\/sc01.alicdn.com\/kf\/H32573bcb715d41cf947325c6557a5675j\/200162319\/H32573bcb715d41cf947325c6557a5675j.png\" data-alt=\"polycarbonate sheet&amp;solid,hollow,embossed sheet polycarbonate solid sheet&amp;hollow sheet\" data-width=\"630\" data- title=\"\"><\/p>","protected":false},"featured_media":0,"parent":0,"template":"","product-catagories":[177],"product-tag":[],"class_list":["post-15293","product","type-product","status-publish","hentry","product-catagories-polycarbonate-solid-sheet"],"acf":[],"_links":{"self":[{"href":"https:\/\/www.tononplastics.com\/de\/wp-json\/wp\/v2\/product\/15293","targetHints":{"allow":["GET"]}}],"collection":[{"href":"https:\/\/www.tononplastics.com\/de\/wp-json\/wp\/v2\/product"}],"about":[{"href":"https:\/\/www.tononplastics.com\/de\/wp-json\/wp\/v2\/types\/product"}],"version-history":[{"count":0,"href":"https:\/\/www.tononplastics.com\/de\/wp-json\/wp\/v2\/product\/15293\/revisions"}],"wp:attachment":[{"href":"https:\/\/www.tononplastics.com\/de\/wp-json\/wp\/v2\/media?parent=15293"}],"wp:term":[{"taxonomy":"product-catagories","embeddable":true,"href":"https:\/\/www.tononplastics.com\/de\/wp-json\/wp\/v2\/product-catagories?post=15293"},{"taxonomy":"product-tag","embeddable":true,"href":"https:\/\/www.tononplastics.com\/de\/wp-json\/wp\/v2\/product-tag?post=15293"}],"curies":[{"name":"wp","href":"https:\/\/api.w.org\/{rel}","templated":true}]}}