{"id":15297,"date":"2023-08-23T22:41:14","date_gmt":"2023-08-23T14:41:14","guid":{"rendered":"https:\/\/tononplastics.com\/?post_type=product&#038;p=15297"},"modified":"2024-03-25T16:23:18","modified_gmt":"2024-03-25T08:23:18","slug":"10mm-solid-polycarbonate-decorative-plastic-wall-covering-sheets-scratch-solution","status":"publish","type":"product","link":"https:\/\/www.tononplastics.com\/de\/product\/10mm-solid-polycarbonate-decorative-plastic-wall-covering-sheets-scratch-solution\/","title":{"rendered":"10mm massive Polycarbonat-Wandverkleidungsplatten aus dekorativem Kunststoff Kratzl\u00f6sung"},"content":{"rendered":"<div data-elementor-type=\"wp-post\" data-elementor-id=\"15297\" class=\"elementor elementor-15297\" data-elementor-post-type=\"product\">\n\t\t\t\t\t\t<section class=\"elementor-section elementor-top-section elementor-element elementor-element-773e9337 elementor-section-boxed elementor-section-height-default elementor-section-height-default\" data-id=\"773e9337\" data-element_type=\"section\">\n\t\t\t\t\t\t<div class=\"elementor-container elementor-column-gap-default\">\n\t\t\t\t\t<div class=\"elementor-column elementor-col-100 elementor-top-column elementor-element elementor-element-30617959\" data-id=\"30617959\" data-element_type=\"column\">\n\t\t\t<div class=\"elementor-widget-wrap elementor-element-populated\">\n\t\t\t\t\t\t<div class=\"elementor-element elementor-element-a098c07 elementor-widget elementor-widget-text-editor\" data-id=\"a098c07\" data-element_type=\"widget\" data-widget_type=\"text-editor.default\">\n\t\t\t\t<div class=\"elementor-widget-container\">\n\t\t\t\t\t\t\t\t\t<p>Lorem ipsum dolor sit amet, consectetur adipiscing elit. Ut elit tellus, luctus nec ullamcorper mattis, pulvinar dapibus leo.<\/p>\t\t\t\t\t\t\t\t<\/div>\n\t\t\t\t<\/div>\n\t\t\t\t<div class=\"elementor-element elementor-element-36725ff4 elementor-widget elementor-widget-text-editor\" data-id=\"36725ff4\" data-element_type=\"widget\" data-widget_type=\"text-editor.default\">\n\t\t\t\t<div class=\"elementor-widget-container\">\n\t\t\t\t\t\t\t\t\t<strong>\u00a0Konventionelle Produktdetails:<\/strong>\n\n1). Stegdoppelplatten aus Polycarbonat, Dicke: 3mm-12mm. Breite: 2100mm.\n\n2). Dreifachstegplatten aus Polycarbonat: 10mm-18mm. Breite: 2100mm.\n\n3). Vierwandige Polycarbonatplatten Dicke: 6mm-14mm. Breite: 2100mm.\n\n4). Wabenf\u00f6rmige Polycarbonatplatten Dicke: 6mm-14mm. Breite: 2100mm.\n\n5). Wir k\u00f6nnen auch die Breite wie 1220mm anpassen, und die normale Dicke ist 4mm-6mm. Aber der Preis wird h\u00f6her als 2100mm Breite, weil es den Verlust von Geb\u00fchren hat.\n\n6). Solide Polycarbonat Blatt Standard-Dicke:\n\n1.1mm-18mm. Breite: 1220, 1560, 1820, 2100mm. Normalerweise 1220x2440mm.\n\n7). Gewellte Polycarbonatplatten Dicke: 0.8mm-1.8mm.  Die Breite betr\u00e4gt 1000mm und 1220mm.\n\n<em><strong>A. L\u00e4nge: Keine Begrenzung (empfohlen 5800, 6000, 11800, 12000mm, um 20\u2032 Container &amp; 40\u2032 Container zu passen).<\/strong><\/em>\n\n<em><strong>B. Farbe: klar\/transparent, seeblau, gr\u00fcn, blau, opal, braun\/bronze, silbergrau, rot, gelb, etc.<\/strong><\/em>\n\n<strong>Projekt<\/strong>\n\n<strong><img decoding=\"async\" src=\"https:\/\/sc01.alicdn.com\/kf\/Hee35153016fb4f64a8abd2cf77d8280dQ\/200162319\/Hee35153016fb4f64a8abd2cf77d8280dQ.jpg\" alt=\"10mm massive Polycarbonat-Wandverkleidungsplatten aus dekorativem Kunststoff Kratzl\u00f6sung\" width=\"630\" height=\"404.88\" data-src=\"\/\/sc01.alicdn.com\/kf\/Hee35153016fb4f64a8abd2cf77d8280dQ\/200162319\/Hee35153016fb4f64a8abd2cf77d8280dQ.jpg\" data-alt=\"10mm solid polycarbonate decorative plastic wall covering sheets scratch solution\" data-width=\"630\" data- title=\"\"><img decoding=\"async\" src=\"https:\/\/sc01.alicdn.com\/kf\/H3e961f45ef114d249ad9c4b4127c550c9\/200162319\/H3e961f45ef114d249ad9c4b4127c550c9.png\" alt=\"10mm massive Polycarbonat-Wandverkleidungsplatten aus dekorativem Kunststoff Kratzl\u00f6sung\" width=\"630\" height=\"357.3333333333333\" data-src=\"\/\/sc01.alicdn.com\/kf\/H3e961f45ef114d249ad9c4b4127c550c9\/200162319\/H3e961f45ef114d249ad9c4b4127c550c9.png\" data-alt=\"10mm solid polycarbonate decorative plastic wall covering sheets scratch solution\" data-width=\"630\" data- title=\"\"><\/strong>\n\n<img fetchpriority=\"high\" decoding=\"async\" src=\"https:\/\/sc01.alicdn.com\/kf\/HTB1NDV9KXXXXXbsaXXXq6xXFXXX2\/200162319\/HTB1NDV9KXXXXXbsaXXXq6xXFXXX2.jpg\" alt=\"10mm massive Polycarbonat-Wandverkleidungsplatten aus dekorativem Kunststoff Kratzl\u00f6sung\" width=\"630\" height=\"630\" data-src=\"\/\/sc01.alicdn.com\/kf\/HTB1NDV9KXXXXXbsaXXXq6xXFXXX2\/200162319\/HTB1NDV9KXXXXXbsaXXXq6xXFXXX2.jpg\" data-alt=\"10mm solid polycarbonate decorative plastic wall covering sheets scratch solution\" data-width=\"630\" data- title=\"\">\n\n<!-- \/wp:group -->\n\n<!-- \/wp:media-text -->\n\n<!-- wp:heading -->\n<h2 class=\"wp-block-heading\"><\/h2>\n<!-- \/wp:heading -->\n\n<!-- wp:heading -->\n<h2 class=\"wp-block-heading\"><\/h2>\n<!-- \/wp:heading -->\t\t\t\t\t\t\t\t<\/div>\n\t\t\t\t<\/div>\n\t\t\t\t\t<\/div>\n\t\t<\/div>\n\t\t\t\t\t<\/div>\n\t\t<\/section>\n\t\t\t\t<\/div>","protected":false},"featured_media":15116,"parent":0,"template":"","product-catagories":[177],"product-tag":[],"class_list":["post-15297","product","type-product","status-publish","has-post-thumbnail","hentry","product-catagories-polycarbonate-solid-sheet"],"acf":[],"_links":{"self":[{"href":"https:\/\/www.tononplastics.com\/de\/wp-json\/wp\/v2\/product\/15297","targetHints":{"allow":["GET"]}}],"collection":[{"href":"https:\/\/www.tononplastics.com\/de\/wp-json\/wp\/v2\/product"}],"about":[{"href":"https:\/\/www.tononplastics.com\/de\/wp-json\/wp\/v2\/types\/product"}],"version-history":[{"count":1,"href":"https:\/\/www.tononplastics.com\/de\/wp-json\/wp\/v2\/product\/15297\/revisions"}],"predecessor-version":[{"id":16838,"href":"https:\/\/www.tononplastics.com\/de\/wp-json\/wp\/v2\/product\/15297\/revisions\/16838"}],"wp:featuredmedia":[{"embeddable":true,"href":"https:\/\/www.tononplastics.com\/de\/wp-json\/wp\/v2\/media\/15116"}],"wp:attachment":[{"href":"https:\/\/www.tononplastics.com\/de\/wp-json\/wp\/v2\/media?parent=15297"}],"wp:term":[{"taxonomy":"product-catagories","embeddable":true,"href":"https:\/\/www.tononplastics.com\/de\/wp-json\/wp\/v2\/product-catagories?post=15297"},{"taxonomy":"product-tag","embeddable":true,"href":"https:\/\/www.tononplastics.com\/de\/wp-json\/wp\/v2\/product-tag?post=15297"}],"curies":[{"name":"wp","href":"https:\/\/api.w.org\/{rel}","templated":true}]}}