{"id":15307,"date":"2023-08-23T22:49:32","date_gmt":"2023-08-23T14:49:32","guid":{"rendered":"https:\/\/tononplastics.com\/?post_type=product&#038;p=15307"},"modified":"2024-03-25T15:45:35","modified_gmt":"2024-03-25T07:45:35","slug":"macrolux-compact-polycarbonate-sheetpc-compact-sheet","status":"publish","type":"product","link":"https:\/\/www.tononplastics.com\/de\/product\/macrolux-compact-polycarbonate-sheetpc-compact-sheet\/","title":{"rendered":"Macrolux-Kompaktplatten aus Polycarbonat&amp;pc-Kompaktplatten"},"content":{"rendered":"<p align=\"left\"><strong><span data-spm-anchor-id=\"a2700.details.0.i30.3f1d3ae9AIp91n\">Beschreibung:<\/span><\/strong><\/p>\n<p align=\"left\">China Nature PC Solid Sheet verwendet Bayer Makrolon\u00ae Polycarbonat-Harz als Rohmaterial. Mit einer einseitigen UV-Schutzschicht besitzt die China Nature PC-Massivplatte eine ausgezeichnete Schlagz\u00e4higkeit und wird h\u00e4ufig im Baubereich eingesetzt.<br \/>\nAllgemeine PC-Massivplatten sind bequem bei der Verarbeitung oder Installation und bieten eine gro\u00dfe Gestaltungsfreiheit. Durch Kaltverformung kann eine perfekte Bogenform f\u00fcr Oberlichter, Fu\u00dfg\u00e4ngerbr\u00fccken, Tonnengew\u00f6lbe usw. erzielt werden. Es kann auch warm in eine Vielzahl von komplexen Geometrien geformt werden.<\/p>\n<p align=\"left\">\u00a0<img fetchpriority=\"high\" decoding=\"async\" class=\"\" src=\"https:\/\/sc02.alicdn.com\/kf\/H5c16f39266364408a0b436a4a956b53c4\/200162319\/H5c16f39266364408a0b436a4a956b53c4.jpg\" alt=\"Macrolux-Kompaktplatten aus Polycarbonat&amp;pc-Kompaktplatten\" width=\"407\" height=\"229\" data-src=\"\/\/sc02.alicdn.com\/kf\/H5c16f39266364408a0b436a4a956b53c4\/200162319\/H5c16f39266364408a0b436a4a956b53c4.jpg\" data-alt=\"Macrolux compact polycarbonate sheet&amp;pc compact sheet\" data-width=\"630\" data- title=\"\"><img decoding=\"async\" class=\"\" src=\"https:\/\/sc01.alicdn.com\/kf\/H65cf6a5ee4c54ae2afbe6a33266cbbebV\/200162319\/H65cf6a5ee4c54ae2afbe6a33266cbbebV.jpg\" alt=\"Macrolux-Kompaktplatten aus Polycarbonat&amp;pc-Kompaktplatten\" width=\"344\" height=\"229\" data-src=\"\/\/sc01.alicdn.com\/kf\/H65cf6a5ee4c54ae2afbe6a33266cbbebV\/200162319\/H65cf6a5ee4c54ae2afbe6a33266cbbebV.jpg\" data-alt=\"Macrolux compact polycarbonate sheet&amp;pc compact sheet\" data-width=\"630\" data- title=\"\"><\/p>\n<p align=\"left\"><strong>Spezifikation:<\/strong><\/p>\n<table class=\"aliDataTable\" border=\"1\" cellspacing=\"0\" cellpadding=\"0\">\n<tbody>\n<tr align=\"left\">\n<td valign=\"top\">Dicke<\/td>\n<td valign=\"top\">\u00a01,2mm, 1,5mm, 2mm, 3mm, 4mm, 4,5mm, 6mm, 8mm, 10mm<\/td>\n<\/tr>\n<tr align=\"left\">\n<td valign=\"top\">Normale Breite<\/td>\n<td valign=\"top\">1220mm, 1560mm, 1820mm, 2100mm<\/td>\n<\/tr>\n<tr align=\"left\">\n<td valign=\"top\">Andere Breite<\/td>\n<td valign=\"top\">Erh\u00e4ltlich nach Kundenwunsch unter 2100mm<\/td>\n<\/tr>\n<tr align=\"left\">\n<td valign=\"top\">H\u00e4ufigste Gr\u00f6\u00dfe<\/td>\n<td valign=\"top\">1220mmx2440mm, 2100mmx5800mm, 2100mmx11800mm<\/td>\n<\/tr>\n<tr align=\"left\">\n<td valign=\"top\">L\u00e4nge in der Spule<\/td>\n<td valign=\"top\">30m-50m pro Rolle mit einer Dicke von 4,5mm<\/td>\n<\/tr>\n<tr align=\"left\">\n<td valign=\"top\">Farbe<\/td>\n<td valign=\"top\">Klar, Blau, Gr\u00fcn, Braun, Opal<\/td>\n<\/tr>\n<\/tbody>\n<\/table>\n<p align=\"left\"><strong>Technische Parameter:<\/strong><\/p>\n<p align=\"left\"><strong>1. Lichtdurchl\u00e4ssigkeit: 88%<\/strong><\/p>\n<p align=\"left\"><strong>2. Selbstentz\u00fcndung: 580 \u00b0 C<\/strong><\/p>\n<p align=\"left\"><strong>3. Feuerbest\u00e4ndigkeit erreicht Grad B nach GB8624-1997, keine Feuertropfen oder giftige Gase<\/strong><\/p>\n<p align=\"left\"><strong>4. Anwendbare Temperatur: von -40\u00b0F bis +248\u00b0F<\/strong><\/p>\n<p align=\"left\"><strong>5. Spektrum der Lichtdurchdringung wie in der Tabelle unten:<\/strong><\/p>\n<p align=\"left\">\u00a0<img decoding=\"async\" class=\"\" src=\"https:\/\/sc01.alicdn.com\/kf\/Hfc9f0493ac81469fac5153cb936855a4q\/200162319\/Hfc9f0493ac81469fac5153cb936855a4q.jpg\" alt=\"Macrolux-Kompaktplatten aus Polycarbonat&amp;pc-Kompaktplatten\" width=\"380\" height=\"253\" data-src=\"\/\/sc01.alicdn.com\/kf\/Hfc9f0493ac81469fac5153cb936855a4q\/200162319\/Hfc9f0493ac81469fac5153cb936855a4q.jpg\" data-alt=\"Macrolux compact polycarbonate sheet&amp;pc compact sheet\" data-width=\"630\" data- title=\"\"><img loading=\"lazy\" decoding=\"async\" class=\"\" src=\"https:\/\/sc02.alicdn.com\/kf\/Hee5865885c604e7b942b364a9fc74f32U\/200162319\/Hee5865885c604e7b942b364a9fc74f32U.jpg\" alt=\"Macrolux-Kompaktplatten aus Polycarbonat&amp;pc-Kompaktplatten\" width=\"449\" height=\"299\" data-src=\"\/\/sc02.alicdn.com\/kf\/Hee5865885c604e7b942b364a9fc74f32U\/200162319\/Hee5865885c604e7b942b364a9fc74f32U.jpg\" data-alt=\"Macrolux compact polycarbonate sheet&amp;pc compact sheet\" data-width=\"630\" data- title=\"\"><\/p>\n<p align=\"left\"><strong>Produktmerkmale:<\/strong><\/p>\n<p align=\"left\"><strong>1. Hervorragende Schlagfestigkeit: diese F\u00e4higkeit entspricht 250-300 Mal von gew\u00f6hnlichem Glas, 20-30 Mal von Alkaliglas und 2 Mal von vorgespanntem Glas; hart gebrochen.<\/strong><\/p>\n<p align=\"left\"><strong>2. Gute Anti-UV (Ultraviolett-Strahl) Leistung: eine UV-blockierende Co-Extrusionsschicht auf der Oberfl\u00e4che, die den Ultraviolett-Strahl herausfiltern k\u00f6nnte.<\/strong><\/p>\n<p align=\"left\"><strong>3. St\u00e4rke Photosynthese: Die gefilterten ultravioletten Strahlen werden in sichtbares Licht umgewandelt (das der Hauptbestandteil der Sonne ist). Das sichtbare Licht wird hinzugef\u00fcgt, was das Wachstum der Pflanzen beschleunigt.<\/strong><\/p>\n<p align=\"left\"><strong>4.  Bequemer Gebrauch: leichtes Gewicht und kundengebundene L\u00e4nge sparen die Last, die tr\u00e4gt und installieren, die Kosten f\u00fcr sie speichern. Gute Flexibilit\u00e4t nimmt die Formen in allen Arten wie halbkreisf\u00f6rmig, gew\u00f6lbt und so weiter durch Kaltverformung oder Warmverformung.<\/strong><\/p>\n<p align=\"left\"><strong>5. Langlebige Qualit\u00e4tsgarantie:<br \/>\nKCC General PC Solid Sheet bietet 10 Jahre Qualit\u00e4tsgarantie.<\/strong><\/p>\n<p align=\"left\"><strong>Anwendung:<\/strong><\/p>\n<table class=\"aliDataTable\" border=\"1\" cellspacing=\"0\" cellpadding=\"0\">\n<tbody>\n<tr align=\"left\">\n<td valign=\"top\">Bereich Landwirtschaft<\/td>\n<td valign=\"top\">Gew\u00e4chshaus, Garten Fabrik Haus<\/td>\n<\/tr>\n<tr align=\"left\">\n<td valign=\"top\">Baugebiet<\/td>\n<td valign=\"top\">Clearstory in Residence, Innenbeleuchtung, Korridore<\/td>\n<\/tr>\n<tr align=\"left\">\n<td valign=\"top\">\u00d6ffentliche Versorgungsbetriebe<\/td>\n<td valign=\"top\">Schuppen, Schwimmbad, Schallschutzw\u00e4nde an Schnellstra\u00dfen, Parkh\u00e4user, Stadion, Durchg\u00e4nge<\/td>\n<\/tr>\n<tr align=\"left\">\n<td valign=\"top\">Industrieller Bereich<\/td>\n<td valign=\"top\">Beleuchtungsdach f\u00fcr industrielle Werkst\u00e4tten, Lagerhallen<\/td>\n<\/tr>\n<\/tbody>\n<\/table>\n<p><img decoding=\"async\" src=\"https:\/\/sc01.alicdn.com\/kf\/H74247c1d61554ba2a775e9ce59244207e\/200162319\/H74247c1d61554ba2a775e9ce59244207e.jpg\" alt=\"Macrolux-Kompaktplatten aus Polycarbonat&amp;pc-Kompaktplatten\" width=\"630\" height=\"509.04\" data-src=\"\/\/sc01.alicdn.com\/kf\/H74247c1d61554ba2a775e9ce59244207e\/200162319\/H74247c1d61554ba2a775e9ce59244207e.jpg\" data-alt=\"Macrolux compact polycarbonate sheet&amp;pc compact sheet\" data-width=\"630\" data- title=\"\"><img decoding=\"async\" src=\"https:\/\/sc01.alicdn.com\/kf\/Hee35153016fb4f64a8abd2cf77d8280dQ\/200162319\/Hee35153016fb4f64a8abd2cf77d8280dQ.jpg\" alt=\"Macrolux-Kompaktplatten aus Polycarbonat&amp;pc-Kompaktplatten\" width=\"630\" height=\"404.88\" data-src=\"\/\/sc01.alicdn.com\/kf\/Hee35153016fb4f64a8abd2cf77d8280dQ\/200162319\/Hee35153016fb4f64a8abd2cf77d8280dQ.jpg\" data-alt=\"Macrolux compact polycarbonate sheet&amp;pc compact sheet\" data-width=\"630\" data- title=\"\"><\/p>\n<div id=\"ali-anchor-AliPostDhMb-jc6po\" data-section=\"AliPostDhMb-jc6po\" data-section-title=\"Packaging &amp; Shipping\">\n<div id=\"ali-title-AliPostDhMb-jc6po\">Verpackung und Versand<\/div>\n<div>\n<p>\u00a0<img decoding=\"async\" src=\"https:\/\/sc01.alicdn.com\/kf\/Hb3bdebb96a2849458ce6dfcbaa19c5d15\/200162319\/Hb3bdebb96a2849458ce6dfcbaa19c5d15.png\" alt=\"Macrolux-Kompaktplatten aus Polycarbonat&amp;pc-Kompaktplatten\" width=\"630\" height=\"312.9083665338646\" data-src=\"\/\/sc01.alicdn.com\/kf\/Hb3bdebb96a2849458ce6dfcbaa19c5d15\/200162319\/Hb3bdebb96a2849458ce6dfcbaa19c5d15.png\" data-alt=\"Macrolux compact polycarbonate sheet&amp;pc compact sheet\" data-width=\"630\" data- title=\"\"><img decoding=\"async\" src=\"https:\/\/sc02.alicdn.com\/kf\/Hd05fdb0988024155a7956963ea5973acD\/200162319\/Hd05fdb0988024155a7956963ea5973acD.png\" alt=\"Macrolux-Kompaktplatten aus Polycarbonat&amp;pc-Kompaktplatten\" width=\"630\" height=\"474.58885941644564\" data-src=\"\/\/sc02.alicdn.com\/kf\/Hd05fdb0988024155a7956963ea5973acD\/200162319\/Hd05fdb0988024155a7956963ea5973acD.png\" data-alt=\"Macrolux compact polycarbonate sheet&amp;pc compact sheet\" data-width=\"630\" data- title=\"\"><img decoding=\"async\" src=\"https:\/\/sc02.alicdn.com\/kf\/H02a52324dc024cdcbaee8c550d0c5b3cR\/200162319\/H02a52324dc024cdcbaee8c550d0c5b3cR.png\" alt=\"Macrolux-Kompaktplatten aus Polycarbonat&amp;pc-Kompaktplatten\" width=\"630\" height=\"214.7347480106101\" data-src=\"\/\/sc02.alicdn.com\/kf\/H02a52324dc024cdcbaee8c550d0c5b3cR\/200162319\/H02a52324dc024cdcbaee8c550d0c5b3cR.png\" data-alt=\"Macrolux compact polycarbonate sheet&amp;pc compact sheet\" data-width=\"630\" data- title=\"\"><\/p>\n<\/div>\n<\/div>","protected":false},"featured_media":0,"parent":0,"template":"","product-catagories":[177],"product-tag":[],"class_list":["post-15307","product","type-product","status-publish","hentry","product-catagories-polycarbonate-solid-sheet"],"acf":[],"_links":{"self":[{"href":"https:\/\/www.tononplastics.com\/de\/wp-json\/wp\/v2\/product\/15307","targetHints":{"allow":["GET"]}}],"collection":[{"href":"https:\/\/www.tononplastics.com\/de\/wp-json\/wp\/v2\/product"}],"about":[{"href":"https:\/\/www.tononplastics.com\/de\/wp-json\/wp\/v2\/types\/product"}],"version-history":[{"count":0,"href":"https:\/\/www.tononplastics.com\/de\/wp-json\/wp\/v2\/product\/15307\/revisions"}],"wp:attachment":[{"href":"https:\/\/www.tononplastics.com\/de\/wp-json\/wp\/v2\/media?parent=15307"}],"wp:term":[{"taxonomy":"product-catagories","embeddable":true,"href":"https:\/\/www.tononplastics.com\/de\/wp-json\/wp\/v2\/product-catagories?post=15307"},{"taxonomy":"product-tag","embeddable":true,"href":"https:\/\/www.tononplastics.com\/de\/wp-json\/wp\/v2\/product-tag?post=15307"}],"curies":[{"name":"wp","href":"https:\/\/api.w.org\/{rel}","templated":true}]}}