{"id":15310,"date":"2023-08-23T22:50:59","date_gmt":"2023-08-23T14:50:59","guid":{"rendered":"https:\/\/tononplastics.com\/?post_type=product&#038;p=15310"},"modified":"2024-03-25T16:34:01","modified_gmt":"2024-03-25T08:34:01","slug":"4mm-polycarbonate-gazebo-plastic-sheet-rolls-polycarbonate-plastic-sheet","status":"publish","type":"product","link":"https:\/\/www.tononplastics.com\/de\/product\/4mm-polycarbonate-gazebo-plastic-sheet-rolls-polycarbonate-plastic-sheet\/","title":{"rendered":"4mm Polycarbonat-Pavillon Kunststoffplatten\/ Rollen Polycarbonat Kunststoffplatten"},"content":{"rendered":"<div id=\"ali-anchor-AliPostDhMb-6qy3o\" data-section=\"AliPostDhMb-6qy3o\" data-section-title=\"Product Description\">\n<div id=\"ali-title-AliPostDhMb-6qy3o\"><strong>Beschreibung des Produkts<\/strong><\/div>\n<div>\n<p>\u00a0<img fetchpriority=\"high\" decoding=\"async\" class=\"\" src=\"https:\/\/sc01.alicdn.com\/kf\/Hd9e19d925ce84a0fa4b3eef7a61b9267P\/200162319\/Hd9e19d925ce84a0fa4b3eef7a61b9267P.jpg\" alt=\"4mm Polycarbonat-Pavillon Kunststoffplatten\/ Rollen Polycarbonat Kunststoffplatten\" width=\"413\" height=\"275\" data-src=\"\/\/sc01.alicdn.com\/kf\/Hd9e19d925ce84a0fa4b3eef7a61b9267P\/200162319\/Hd9e19d925ce84a0fa4b3eef7a61b9267P.jpg\" data-alt=\"4mm polycarbonate gazebo plastic sheet\/ rolls polycarbonate plastic sheet\" data-width=\"630\" data-height=\"468\" data- title=\"\"><img decoding=\"async\" class=\"\" src=\"https:\/\/sc01.alicdn.com\/kf\/H5252f7bf19904b9295f135ab89a014f02\/200162319\/H5252f7bf19904b9295f135ab89a014f02.jpg\" alt=\"4mm Polycarbonat-Pavillon Kunststoffplatten\/ Rollen Polycarbonat Kunststoffplatten\" width=\"402\" height=\"268\" data-src=\"\/\/sc01.alicdn.com\/kf\/H5252f7bf19904b9295f135ab89a014f02\/200162319\/H5252f7bf19904b9295f135ab89a014f02.jpg\" data-alt=\"4mm polycarbonate gazebo plastic sheet\/ rolls polycarbonate plastic sheet\" data-width=\"630\" data-height=\"468\" data- title=\"\"><\/p>\n<\/div>\n<\/div>\n<p><strong>Einleitung:<\/strong><\/p>\n<p>PC Sheet ist aus Sammeln der Kohlens\u00e4ureester gemacht, es hat gute Leistung<br \/>\n<span style=\"font-size: revert; color: initial;\">zu k\u00f6nnen, und es hat immer noch eine sehr hohe Widerstands- und Angriffsf\u00e4higkeit<br \/>\n<\/span><span style=\"font-size: revert; color: initial;\">die Intensit\u00e4t unter der niedrigen Temperatur. Steifigkeit h\u00e4lt St\u00e4rke innerhalb der<br \/>\n<\/span><span style=\"font-size: revert; color: initial;\">gr\u00f6\u00dferen Temperaturbereich. Es ist weit verbreitet in der Konstruktion, Werbung verwendet,<br \/>\n<\/span><span style=\"font-size: revert; color: initial;\">Dekoration, Verkehr usw.<\/span><\/p>\n<p><strong>Merkmale:<\/strong><\/p>\n<p>1. Ausgezeichnete physikalische, mechanische Leistung.<\/p>\n<p>2. Gute elektrische, W\u00e4rme- und Schalld\u00e4mmung.<\/p>\n<p>3. Gute Schlagfestigkeit und hohe Z\u00e4higkeit.<\/p>\n<p>4. Gute Lichtdurchl\u00e4ssigkeit Leistung.<\/p>\n<p>5. Gute Temperaturbest\u00e4ndigkeit.<\/p>\n<p>6. Brandverz\u00f6gerung.<\/p>\n<p>7. Ungiftig.<\/p>\n<p>8. UV-Schutz.<\/p>\n<p>9. B\u00e4renalterung.<\/p>\n<p><img decoding=\"async\" src=\"https:\/\/sc01.alicdn.com\/kf\/Hee35153016fb4f64a8abd2cf77d8280dQ\/200162319\/Hee35153016fb4f64a8abd2cf77d8280dQ.jpg\" alt=\"4mm Polycarbonat-Pavillon Kunststoffplatten\/ Rollen Polycarbonat Kunststoffplatten\" width=\"700\" height=\"520\" data-src=\"\/\/sc01.alicdn.com\/kf\/Hee35153016fb4f64a8abd2cf77d8280dQ\/200162319\/Hee35153016fb4f64a8abd2cf77d8280dQ.jpg\" data-alt=\"4mm polycarbonate gazebo plastic sheet\/ rolls polycarbonate plastic sheet\" data-width=\"700\" data-height=\"520\" data- title=\"\"><\/p>\n<div id=\"ali-anchor-AliPostDhMb-0kuep\" data-section=\"AliPostDhMb-0kuep\" data-section-title=\"FAQ\">\n<div id=\"ali-title-AliPostDhMb-0kuep\"><strong>FAQ<\/strong><\/div>\n<div>\n<p>1.Q:Sind Sie ein Handelsunternehmen oder ein Hersteller?<\/p>\n<p>A:Wir sind Hersteller.<\/p>\n<p>2. Q: Wie lang ist Ihre Lieferzeit?<\/p>\n<p>A: Nach der diddiculty und Quantit\u00e4t der Produktverarbeitung, eine angemessene Ankunftszeit wird Ihnen gegeben werden.<\/p>\n<p>3.Q: Bieten Sie Muster an? Ist das kostenlos oder extra?<\/p>\n<p>A: Ja, wir k\u00f6nnen die Probe kostenlos anbieten, aber wir zahlen nicht die Frachtkosten.<\/p>\n<p>4.Q: Was sind die After-Sale-Dienstleistungen?<\/p>\n<p>A: Im Falle von Qualit\u00e4tsproblemen kann das Paket innerhalb von 90 Tagen umgetauscht werden.<\/p>\n<p><img loading=\"lazy\" decoding=\"async\" src=\"https:\/\/sc01.alicdn.com\/kf\/Hb3bdebb96a2849458ce6dfcbaa19c5d15\/200162319\/Hb3bdebb96a2849458ce6dfcbaa19c5d15.png\" alt=\"4mm Polycarbonat-Pavillon Kunststoffplatten\/ Rollen Polycarbonat Kunststoffplatten\" width=\"700\" height=\"550\" data-src=\"\/\/sc01.alicdn.com\/kf\/Hb3bdebb96a2849458ce6dfcbaa19c5d15\/200162319\/Hb3bdebb96a2849458ce6dfcbaa19c5d15.png\" data-alt=\"4mm polycarbonate gazebo plastic sheet\/ rolls polycarbonate plastic sheet\" data-width=\"700\" data-height=\"550\" data- title=\"\"><\/p>\n<\/div>\n<\/div>","protected":false},"featured_media":15139,"parent":0,"template":"","product-catagories":[177],"product-tag":[],"class_list":["post-15310","product","type-product","status-publish","has-post-thumbnail","hentry","product-catagories-polycarbonate-solid-sheet"],"acf":[],"_links":{"self":[{"href":"https:\/\/www.tononplastics.com\/de\/wp-json\/wp\/v2\/product\/15310","targetHints":{"allow":["GET"]}}],"collection":[{"href":"https:\/\/www.tononplastics.com\/de\/wp-json\/wp\/v2\/product"}],"about":[{"href":"https:\/\/www.tononplastics.com\/de\/wp-json\/wp\/v2\/types\/product"}],"version-history":[{"count":0,"href":"https:\/\/www.tononplastics.com\/de\/wp-json\/wp\/v2\/product\/15310\/revisions"}],"wp:featuredmedia":[{"embeddable":true,"href":"https:\/\/www.tononplastics.com\/de\/wp-json\/wp\/v2\/media\/15139"}],"wp:attachment":[{"href":"https:\/\/www.tononplastics.com\/de\/wp-json\/wp\/v2\/media?parent=15310"}],"wp:term":[{"taxonomy":"product-catagories","embeddable":true,"href":"https:\/\/www.tononplastics.com\/de\/wp-json\/wp\/v2\/product-catagories?post=15310"},{"taxonomy":"product-tag","embeddable":true,"href":"https:\/\/www.tononplastics.com\/de\/wp-json\/wp\/v2\/product-tag?post=15310"}],"curies":[{"name":"wp","href":"https:\/\/api.w.org\/{rel}","templated":true}]}}