{"id":15312,"date":"2023-08-23T22:55:40","date_gmt":"2023-08-23T14:55:40","guid":{"rendered":"https:\/\/tononplastics.com\/?post_type=product&#038;p=15312"},"modified":"2024-03-25T12:03:46","modified_gmt":"2024-03-25T04:03:46","slug":"polycarbonate-solid-sheet-scratch-solution-sun-sheets-pc-embossed-sheets","status":"publish","type":"product","link":"https:\/\/www.tononplastics.com\/de\/product\/polycarbonate-solid-sheet-scratch-solution-sun-sheets-pc-embossed-sheets\/","title":{"rendered":"Polycarbonat-Massivplatten Kratzl\u00f6sung Sun Sheets &amp; PC Embossed Sheets"},"content":{"rendered":"<figure class=\"wp-block-gallery has-nested-images columns-default is-cropped wp-block-gallery-1 is-layout-flex wp-block-gallery-is-layout-flex\">\n<figure class=\"wp-block-image size-large\"><img decoding=\"async\" data-id=\"15101\" src=\"https:\/\/www.tononplastics.com\/wp-content\/uploads\/2023\/08\/H8575ccec63db4612b95ede9a30b7cc782.jpg\" alt=\"\" class=\"wp-image-15101\" title=\"\"><\/figure>\n\n\n\n<figure class=\"wp-block-image size-large\"><img fetchpriority=\"high\" decoding=\"async\" width=\"822\" height=\"822\" data-id=\"15100\" src=\"https:\/\/www.tononplastics.com\/wp-content\/uploads\/2023\/08\/H0c09c837f0a54be1a8b5c6b0ad19f2766.jpg\" alt=\"\" class=\"wp-image-15100\" title=\"\" srcset=\"https:\/\/www.tononplastics.com\/wp-content\/uploads\/2023\/08\/H0c09c837f0a54be1a8b5c6b0ad19f2766.jpg 822w, https:\/\/www.tononplastics.com\/wp-content\/uploads\/2023\/08\/H0c09c837f0a54be1a8b5c6b0ad19f2766-300x300.jpg 300w, https:\/\/www.tononplastics.com\/wp-content\/uploads\/2023\/08\/H0c09c837f0a54be1a8b5c6b0ad19f2766-150x150.jpg 150w, https:\/\/www.tononplastics.com\/wp-content\/uploads\/2023\/08\/H0c09c837f0a54be1a8b5c6b0ad19f2766-768x768.jpg 768w\" sizes=\"(max-width: 822px) 100vw, 822px\" \/><\/figure>\n<\/figure>\n\n\n<div id=\"ali-anchor-AliPostDhMb-sfzs7\" class=\"mceSectionContainer\" data-section=\"AliPostDhMb-sfzs7\" data-section-title=\"Product Description\">\n<div id=\"ali-title-AliPostDhMb-sfzs7\"><strong>Einzelheiten zum Produkt:<\/strong><\/div>\n<div><strong><br \/><\/strong><span style=\"font-size: revert; color: initial;\">1) Schlagz\u00e4higkeit: Die Schlagz\u00e4higkeit von PC-Hohlplatten betr\u00e4gt das 250-fache von Glas.<\/span><\/div>\n<div><span style=\"font-size: revert; color: initial;\"><br \/>2) Geringes Gewicht: Das Gewicht von PC-Hohlplatten betr\u00e4gt nur etwa die H\u00e4lfte von Glas.<\/span><\/div>\n<div>\u00a0<\/div>\n<div><span style=\"font-size: revert; color: initial;\">3) Durchsichtigkeit: Die Lichtdurchl\u00e4ssigkeit einer 3 mm dicken PC-Hohlplatte betr\u00e4gt 88%.<\/span><\/div>\n<div><span style=\"font-size: revert; color: initial;\"><br \/>4) UV-Schutz: Eine PC-Folie wird mit einem hochdichten UV-Strahl koextrudiert, der die PC-Folie auch vor Verf\u00e4rbung sch\u00fctzt.<\/span><\/div>\n<div><span style=\"font-size: revert; color: initial;\"><br \/>5) Wetterbest\u00e4ndigkeit: PC-Hohlfolie hat Widerstand gegen schlechte <\/span><\/div>\n<div><span style=\"font-size: revert; color: initial;\">Witterungsbest\u00e4ndigkeit und hervorragende Leistung im Temperaturbereich von -40\u2103 bis 12\u2103<\/span><\/div>\n<div><span style=\"font-size: revert; color: initial;\"><br \/><\/span><span style=\"font-size: revert; color: initial;\">6) Verhinderung von Kondensation: Wenn die Au\u00dfentemperatur 0 ist und die Innentemperatur 23\u2103 ist, wird das PC-Blatt Kondensation bis zu 80% sein.<\/span><\/div>\n<div><span style=\"font-size: revert; color: initial;\"> <br \/><\/span><span style=\"font-size: revert; color: initial;\">7) W\u00e4rmed\u00e4mmung: Der K-Wert von Glas betr\u00e4gt das 1,2-fache von PC-Massivplatten. PC-Platten k\u00f6nnen Energie sparen und gleichzeitig W\u00e4rmeverluste verhindern.<\/span><\/div>\n<div><span style=\"font-size: revert; color: initial;\"><br \/><\/span><span style=\"font-size: revert; color: initial;\">8) Schalld\u00e4mmung: 6mm Dicke PC hohlen Blatt kann Schall 20db reduzieren.<br \/><\/span><span style=\"font-size: revert; color: initial;\"><br \/>9) Flammbest\u00e4ndigkeit: Durch die Pr\u00fcfung des Nationalen Zentrums f\u00fcr Qualit\u00e4ts\u00fcberwachung und -pr\u00fcfung von Brandbaumaterialien wird das Material als Klasse 1 gem\u00e4\u00df der Norm QB8624-1997 eingestuft.<br \/><br \/><\/span><span style=\"font-size: revert; color: initial;\">10) Einfache Installation: Eine PC-Platte kann im warmen oder kalten Zustand gebogen werden und kann f\u00fcr gebogene D\u00e4cher und Fenster verwendet werden. Der minimale Kr\u00fcmmungsradius einer PC-Platte betr\u00e4gt das 175-fache ihrer Dicke.\u00a0<\/span><\/div>\n<\/div>\n<div id=\"ali-anchor-AliPostDhMb-2qskj\" class=\"mceSectionContainer\" data-section=\"AliPostDhMb-2qskj\" data-section-title=\"Company Information\">\n<p>\u00a0FOSHAN HUAXIA NATURE BUILDING MATERIALS CO. LTD. wurde 2004 gegr\u00fcndet und ist ein professioneller Hersteller, der sich mit der Forschung, der Entwicklung, der Produktion, dem Verkauf und dem Service von Polycarbonat-Massivplatten, Polycarbonat-Hohlplatten, Markisenhaltern und Polycarbonat-Wellendachziegeln besch\u00e4ftigt. Wir befinden uns in Foshan, der bekannten Produktionsbasis f\u00fcr dekorative Materialien in China. Unser Unternehmen verf\u00fcgt \u00fcber ein solides Fundament, eine ausgereifte Fertigungstechnologie und strenge Qualit\u00e4tskontrollsysteme, die eine hohe Produktstabilit\u00e4t und Zuverl\u00e4ssigkeit garantieren.<\/p>\n<\/div>\n<div id=\"ali-anchor-AliPostDhMb-bktqy\" class=\"mceSectionContainer\" data-section=\"AliPostDhMb-bktqy\" data-section-title=\"Packaging &amp; Shipping\">\n<div id=\"ali-title-AliPostDhMb-bktqy\"><strong>Verpackung und Versand<\/strong><\/div>\n<div>\n<p>\u00a0<img decoding=\"async\" src=\"https:\/\/sc01.alicdn.com\/kf\/H74247c1d61554ba2a775e9ce59244207e\/200162319\/H74247c1d61554ba2a775e9ce59244207e.jpg\" alt=\"Polycarbonat-Massivplatten Kratzl\u00f6sung Sun Sheets &amp; PC Embossed Sheets\" width=\"630\" height=\"509.04\" data-src=\"\/\/sc01.alicdn.com\/kf\/H74247c1d61554ba2a775e9ce59244207e\/200162319\/H74247c1d61554ba2a775e9ce59244207e.jpg\" data-alt=\"polycarbonate solid sheet scratch solution Sun Sheets &amp; PC Embossed Sheets\" data-width=\"630\" data- title=\"\"><img decoding=\"async\" src=\"https:\/\/sc02.alicdn.com\/kf\/H02a52324dc024cdcbaee8c550d0c5b3cR\/200162319\/H02a52324dc024cdcbaee8c550d0c5b3cR.png\" alt=\"Polycarbonat-Massivplatten Kratzl\u00f6sung Sun Sheets &amp; PC Embossed Sheets\" width=\"630\" height=\"214.7347480106101\" data-src=\"\/\/sc02.alicdn.com\/kf\/H02a52324dc024cdcbaee8c550d0c5b3cR\/200162319\/H02a52324dc024cdcbaee8c550d0c5b3cR.png\" data-alt=\"polycarbonate solid sheet scratch solution Sun Sheets &amp; PC Embossed Sheets\" data-width=\"630\" data- title=\"\"><\/p>\n<p>\u00a0<img decoding=\"async\" src=\"https:\/\/sc02.alicdn.com\/kf\/H041aadba055e4601bc7a678fb8698a30S\/200162319\/H041aadba055e4601bc7a678fb8698a30S.jpg\" alt=\"Polycarbonat-Massivplatten Kratzl\u00f6sung Sun Sheets &amp; PC Embossed Sheets\" width=\"630\" height=\"472.5\" data-src=\"\/\/sc02.alicdn.com\/kf\/H041aadba055e4601bc7a678fb8698a30S\/200162319\/H041aadba055e4601bc7a678fb8698a30S.jpg\" data-alt=\"polycarbonate solid sheet scratch solution Sun Sheets &amp; PC Embossed Sheets\" data-width=\"630\" data- title=\"\"><img decoding=\"async\" src=\"https:\/\/sc01.alicdn.com\/kf\/H13a68bf757104e7f87240c10e9cd3dffH\/200162319\/H13a68bf757104e7f87240c10e9cd3dffH.jpg\" alt=\"Polycarbonat-Massivplatten Kratzl\u00f6sung Sun Sheets &amp; PC Embossed Sheets\" width=\"630\" height=\"472.5\" data-src=\"\/\/sc01.alicdn.com\/kf\/H13a68bf757104e7f87240c10e9cd3dffH\/200162319\/H13a68bf757104e7f87240c10e9cd3dffH.jpg\" data-alt=\"polycarbonate solid sheet scratch solution Sun Sheets &amp; PC Embossed Sheets\" data-width=\"630\" data- title=\"\"><\/p>\n<\/div>\n<\/div>","protected":false},"featured_media":0,"parent":0,"template":"","product-catagories":[177],"product-tag":[],"class_list":["post-15312","product","type-product","status-publish","hentry","product-catagories-polycarbonate-solid-sheet"],"acf":[],"_links":{"self":[{"href":"https:\/\/www.tononplastics.com\/de\/wp-json\/wp\/v2\/product\/15312","targetHints":{"allow":["GET"]}}],"collection":[{"href":"https:\/\/www.tononplastics.com\/de\/wp-json\/wp\/v2\/product"}],"about":[{"href":"https:\/\/www.tononplastics.com\/de\/wp-json\/wp\/v2\/types\/product"}],"version-history":[{"count":0,"href":"https:\/\/www.tononplastics.com\/de\/wp-json\/wp\/v2\/product\/15312\/revisions"}],"wp:attachment":[{"href":"https:\/\/www.tononplastics.com\/de\/wp-json\/wp\/v2\/media?parent=15312"}],"wp:term":[{"taxonomy":"product-catagories","embeddable":true,"href":"https:\/\/www.tononplastics.com\/de\/wp-json\/wp\/v2\/product-catagories?post=15312"},{"taxonomy":"product-tag","embeddable":true,"href":"https:\/\/www.tononplastics.com\/de\/wp-json\/wp\/v2\/product-tag?post=15312"}],"curies":[{"name":"wp","href":"https:\/\/api.w.org\/{rel}","templated":true}]}}