{"id":15316,"date":"2023-08-23T22:57:51","date_gmt":"2023-08-23T14:57:51","guid":{"rendered":"https:\/\/tononplastics.com\/?post_type=product&#038;p=15316"},"modified":"2024-03-25T12:34:43","modified_gmt":"2024-03-25T04:34:43","slug":"polycarbonate-sheet-used-for-bus-stop-bus-station-roof-sheet","status":"publish","type":"product","link":"https:\/\/www.tononplastics.com\/de\/product\/polycarbonate-sheet-used-for-bus-stop-bus-station-roof-sheet\/","title":{"rendered":"Polycarbonatplatten f\u00fcr Bushaltestelle Busbahnhof Dachplatte"},"content":{"rendered":"<figure class=\"wp-block-gallery has-nested-images columns-default is-cropped wp-block-gallery-1 is-layout-flex wp-block-gallery-is-layout-flex\">\n<figure class=\"wp-block-image size-large\"><img decoding=\"async\" data-id=\"16138\" src=\"https:\/\/www.tononplastics.com\/wp-content\/uploads\/2024\/03\/H8c2216795864433d9334feab5642fc17J.webp\" alt=\"\" class=\"wp-image-16138\" title=\"\"><\/figure>\n\n\n\n<figure class=\"wp-block-image size-large\"><img decoding=\"async\" data-id=\"16139\" src=\"https:\/\/www.tononplastics.com\/wp-content\/uploads\/2024\/03\/H51343cdbb8f04c94a5295d3aa768236fu.webp\" alt=\"\" class=\"wp-image-16139\" title=\"\"><\/figure>\n<\/figure>\n\n\n<p><strong>Merkmale:<\/strong><\/p>\n<p>1) Schlagz\u00e4higkeit: Die Schlagz\u00e4higkeit von Kunststoffplatten betr\u00e4gt das 250-fache von Glas.<\/p>\n<p>2) Geringes Gewicht: Das Gewicht von Kunststoffplatten betr\u00e4gt nur etwa die H\u00e4lfte von Glas.<\/p>\n<p>3) Durchsichtigkeit: Die Lichtdurchl\u00e4ssigkeit einer 3 mm dicken Kunststoffplatte betr\u00e4gt 88%.<\/p>\n<p>4) UV-Schutz: Eine PC-Folie wird mit einem hochdichten UV-Strahl koextrudiert, der die PC-Folie auch vor Verf\u00e4rbung sch\u00fctzt.<\/p>\n<p>5) Witterungsbest\u00e4ndigkeit: Kunststoffplatten sind witterungsbest\u00e4ndig und haben eine ausgezeichnete Leistung im Temperaturbereich von -40oC bis 120oC.<\/p>\n<p>6) Verhinderung von Kondensation: Wenn die Au\u00dfentemperatur 0oC und die Innentemperatur 23oC ist, wird die PC-Platte Kondensation bis zu 80% sein.<\/p>\n<p>7) W\u00e4rmed\u00e4mmung: Der K-Wert von Glas betr\u00e4gt das 1,2-fache von PC-Massivplatten. PC-Platten k\u00f6nnen Energie sparen und gleichzeitig W\u00e4rmeverluste verhindern.<\/p>\n<p>8) Schalld\u00e4mmung: 6 mm dicke PC-Massivplatten k\u00f6nnen den Schall um 20 db reduzieren.<\/p>\n<p>9) Flammbest\u00e4ndigkeit: Durch die Pr\u00fcfung des Nationalen Zentrums f\u00fcr Qualit\u00e4ts\u00fcberwachung und -pr\u00fcfung von Brandbaumaterialien wird das Material als Klasse 1 gem\u00e4\u00df der Norm QB8624-1997 eingestuft.<\/p>\n<p>10) Einfache Installation: Eine PC-Platte kann im warmen oder kalten Zustand gebogen werden und kann f\u00fcr gebogene D\u00e4cher und Fenster verwendet werden. Der minimale Kr\u00fcmmungsradius einer PC-Platte betr\u00e4gt das 175-fache ihrer Dicke.<br \/><img fetchpriority=\"high\" decoding=\"async\" src=\"https:\/\/sc01.alicdn.com\/kf\/H32420328557d486eb5370e0cf573cf134\/200162319\/H32420328557d486eb5370e0cf573cf134.jpg\" alt=\"Polycarbonatplatte f\u00fcr Bushaltestelle Busbahnhof Dachplatte\" width=\"630\" height=\"840\" data-src=\"\/\/sc01.alicdn.com\/kf\/H32420328557d486eb5370e0cf573cf134\/200162319\/H32420328557d486eb5370e0cf573cf134.jpg\" data-alt=\"polycarbonate sheet used for bus stop bus station roof sheet\" data-width=\"630\" data- title=\"\"><\/p>\n<p><strong>Spezifikation:<\/strong><\/p>\n<p>1)Dicke: 1,5mm-16mm<\/p>\n<p>2) Maximale Breite: 2100mm<\/p>\n<p>3) L\u00e4nge: Keine Begrenzung<\/p>\n<p>4) Spezifisches Gewicht: 1200kg\/m3<\/p>\n<p>5) Farbe: Klar, blau, gr\u00fcn, opal, braun, etc.<\/p>\n<p><img decoding=\"async\" src=\"https:\/\/sc01.alicdn.com\/kf\/Hde2b9ec7d1d24a39a08ed8018029c625e\/200162319\/Hde2b9ec7d1d24a39a08ed8018029c625e.jpg\" alt=\"Polycarbonatplatte f\u00fcr Bushaltestelle Busbahnhof Dachplatte\" width=\"630\" height=\"884.52\" data-src=\"\/\/sc01.alicdn.com\/kf\/Hde2b9ec7d1d24a39a08ed8018029c625e\/200162319\/Hde2b9ec7d1d24a39a08ed8018029c625e.jpg\" data-alt=\"polycarbonate sheet used for bus stop bus station roof sheet\" data-width=\"630\" data- title=\"\"><\/p>\n<p><strong>Projekt Fall:<\/strong><\/p>\n<p><strong><img decoding=\"async\" src=\"https:\/\/sc02.alicdn.com\/kf\/Hdd4004b411004005a6f45b41e9b6359cw\/200162319\/Hdd4004b411004005a6f45b41e9b6359cw.png\" alt=\"Polycarbonatplatte f\u00fcr Bushaltestelle Busbahnhof Dachplatte\" width=\"630\" height=\"585.7438016528926\" data-src=\"\/\/sc02.alicdn.com\/kf\/Hdd4004b411004005a6f45b41e9b6359cw\/200162319\/Hdd4004b411004005a6f45b41e9b6359cw.png\" data-alt=\"polycarbonate sheet used for bus stop bus station roof sheet\" data-width=\"630\" data- title=\"\"><\/strong><\/p>","protected":false},"featured_media":15287,"parent":0,"template":"","product-catagories":[177],"product-tag":[],"class_list":["post-15316","product","type-product","status-publish","has-post-thumbnail","hentry","product-catagories-polycarbonate-solid-sheet"],"acf":[],"_links":{"self":[{"href":"https:\/\/www.tononplastics.com\/de\/wp-json\/wp\/v2\/product\/15316","targetHints":{"allow":["GET"]}}],"collection":[{"href":"https:\/\/www.tononplastics.com\/de\/wp-json\/wp\/v2\/product"}],"about":[{"href":"https:\/\/www.tononplastics.com\/de\/wp-json\/wp\/v2\/types\/product"}],"version-history":[{"count":0,"href":"https:\/\/www.tononplastics.com\/de\/wp-json\/wp\/v2\/product\/15316\/revisions"}],"wp:featuredmedia":[{"embeddable":true,"href":"https:\/\/www.tononplastics.com\/de\/wp-json\/wp\/v2\/media\/15287"}],"wp:attachment":[{"href":"https:\/\/www.tononplastics.com\/de\/wp-json\/wp\/v2\/media?parent=15316"}],"wp:term":[{"taxonomy":"product-catagories","embeddable":true,"href":"https:\/\/www.tononplastics.com\/de\/wp-json\/wp\/v2\/product-catagories?post=15316"},{"taxonomy":"product-tag","embeddable":true,"href":"https:\/\/www.tononplastics.com\/de\/wp-json\/wp\/v2\/product-tag?post=15316"}],"curies":[{"name":"wp","href":"https:\/\/api.w.org\/{rel}","templated":true}]}}