{"id":15321,"date":"2023-08-23T23:01:25","date_gmt":"2023-08-23T15:01:25","guid":{"rendered":"https:\/\/tononplastics.com\/?post_type=product&#038;p=15321"},"modified":"2024-03-25T13:22:19","modified_gmt":"2024-03-25T05:22:19","slug":"plastic-pc-light-diffusion-sheet","status":"publish","type":"product","link":"https:\/\/www.tononplastics.com\/de\/product\/plastic-pc-light-diffusion-sheet\/","title":{"rendered":"PC-Lichtdiffusionsfolie aus Kunststoff"},"content":{"rendered":"<p>PC-Lichtdiffusionsfolie aus Kunststoff ist ein lichtdurchl\u00e4ssiges Polycarbonatprodukt, das speziell f\u00fcr Beleuchtungslinsen und Lichtk\u00e4sten entwickelt wurde. Sie zeichnet sich durch eine einzigartige Kombination aus hoher Lichtstreuung und hoher Lichtdurchl\u00e4ssigkeit durch fortschrittliche Diffusortechnologie aus. Seine gleichm\u00e4\u00dfigen Diffusionseigenschaften tragen dazu bei, sichtbare LED-\u2018Hot Spots\u2019 auf der Platte zu verringern. Im Vergleich zu anderen lichtstreuenden Produkten wie Glas und Acryl hat die Quanfu PC-Diffusplatte eine h\u00f6here Schlagfestigkeit. Seine hohe Temperaturbest\u00e4ndigkeit erm\u00f6glicht engere Designs als bei Acryl. Das sichere Brandverhalten von Quanfu PC-Diffusorplatten macht sie ideal f\u00fcr den Einsatz in Bereichen, in denen Bauvorschriften dies erfordern, wie z. B. in Flugh\u00e4fen und U-Bahn-Stationen.<\/p>\n\n\n\n<h2 class=\"wp-block-heading\">Eigenschaften<\/h2>\n\n\n\n<p>Hohe Lichtdurchl\u00e4ssigkeit \/ Astigmatismus-Effekt \/ hohe Schlagz\u00e4higkeit \/ gute Witterungsbest\u00e4ndigkeit \/ schwer entflammbar \/ leicht und einfach zu montieren \/ verarbeitbar<\/p>\n\n\n\n<h2 class=\"wp-block-heading\">Anwendungsbereich<\/h2>\n\n\n\n<p>Beleuchtung Lampe Werbung Lichtkasten, leuchtende Logo Lampenschirm Panel, Modellierung Lampe LED leuchtenden K\u00f6rper<\/p>\n\n\n\n<figure class=\"wp-block-image\"><img decoding=\"async\" src=\"https:\/\/www.qfzhpc.com\/repository\/image\/b9257523-08e8-4c15-bbb6-46a7283094f3.jpg\" alt=\"r\" title=\"\"><\/figure>\n\n\n\n<figure class=\"wp-block-image\"><img decoding=\"async\" src=\"https:\/\/www.qfzhpc.com\/repository\/image\/42e6d982-1a48-4b02-bfe7-d7b70a3a29f9.jpg\" alt=\"qf\" title=\"\"><\/figure>\n\n\n<p><strong>Licht\u00fcbertragung<\/strong><br \/>Die Lichtdurchl\u00e4ssigkeit erreicht je nach Farbe und Dicke 12%-82%.<\/p>\n<p><strong>UV-Schutz<\/strong><br \/>Dank der gesch\u00fctzten Anti-UV-Beschichtung bleiben die mechanischen und optischen Eigenschaften von Polycarbonat-Dachfenstern auch nach der Belichtung perfekt.<\/p>\n<p><strong>Wetter-F\u00e4higkeit<\/strong><br \/>Es ist sehr witterungsbest\u00e4ndig und bietet eine hervorragende Leistung in einem weiten Temperaturbereich von -40\u00b0C bis 120\u00b0C.<br \/>Feuerhemmung: UL Entflammbarkeit 94 V-2<\/p>\n<p><strong>Einfache Installation<\/strong><br \/>Einfach zu installieren und kalt biegbar<\/p>\n<p><strong>Schlagz\u00e4higkeit<\/strong><br \/>250-300 mal die Schlagz\u00e4higkeit von gew\u00f6hnlichem Glas und 30 mal die von Acrylplatten der gleichen Dicke, die 2-20 mal das geh\u00e4rtete Glas f\u00e4llt zwei Meter unter 3kg Hammer keine Risse, keine gebrochen.<\/p>\n<p>\u00a0<\/p>\n<div id=\"ali-anchor-AliPostDhMb-lve6r\" class=\"mceSectionContainer\" data-section=\"AliPostDhMb-lve6r\" data-section-title=\"Company Information\">\n<div>\n<p><img decoding=\"async\" src=\"https:\/\/sc04.alicdn.com\/kf\/He65fe62b4fff4bceb9db2d8d443b0938x\/200162319\/He65fe62b4fff4bceb9db2d8d443b0938x.jpg\" alt=\"kunststoff pc lichtdiffusionsfolie\" width=\"630\" height=\"472.5\" data-src=\"\/\/sc04.alicdn.com\/kf\/He65fe62b4fff4bceb9db2d8d443b0938x\/200162319\/He65fe62b4fff4bceb9db2d8d443b0938x.jpg\" data-alt=\"plastic pc light diffusion sheet\" data-width=\"630\" data- title=\"\"><img decoding=\"async\" src=\"https:\/\/sc04.alicdn.com\/kf\/Hec1893bdf96e4e68954f01c51046919cR\/200162319\/Hec1893bdf96e4e68954f01c51046919cR.jpg\" alt=\"kunststoff pc lichtdiffusionsfolie\" width=\"630\" height=\"346.5\" data-src=\"\/\/sc04.alicdn.com\/kf\/Hec1893bdf96e4e68954f01c51046919cR\/200162319\/Hec1893bdf96e4e68954f01c51046919cR.jpg\" data-alt=\"plastic pc light diffusion sheet\" data-width=\"630\" data- title=\"\"><\/p>\n<\/div>\n<\/div>","protected":false},"featured_media":15323,"parent":0,"template":"","product-catagories":[177],"product-tag":[],"class_list":["post-15321","product","type-product","status-publish","has-post-thumbnail","hentry","product-catagories-polycarbonate-solid-sheet"],"acf":[],"_links":{"self":[{"href":"https:\/\/www.tononplastics.com\/de\/wp-json\/wp\/v2\/product\/15321","targetHints":{"allow":["GET"]}}],"collection":[{"href":"https:\/\/www.tononplastics.com\/de\/wp-json\/wp\/v2\/product"}],"about":[{"href":"https:\/\/www.tononplastics.com\/de\/wp-json\/wp\/v2\/types\/product"}],"version-history":[{"count":0,"href":"https:\/\/www.tononplastics.com\/de\/wp-json\/wp\/v2\/product\/15321\/revisions"}],"wp:featuredmedia":[{"embeddable":true,"href":"https:\/\/www.tononplastics.com\/de\/wp-json\/wp\/v2\/media\/15323"}],"wp:attachment":[{"href":"https:\/\/www.tononplastics.com\/de\/wp-json\/wp\/v2\/media?parent=15321"}],"wp:term":[{"taxonomy":"product-catagories","embeddable":true,"href":"https:\/\/www.tononplastics.com\/de\/wp-json\/wp\/v2\/product-catagories?post=15321"},{"taxonomy":"product-tag","embeddable":true,"href":"https:\/\/www.tononplastics.com\/de\/wp-json\/wp\/v2\/product-tag?post=15321"}],"curies":[{"name":"wp","href":"https:\/\/api.w.org\/{rel}","templated":true}]}}