{"id":15329,"date":"2023-08-23T23:03:50","date_gmt":"2023-08-23T15:03:50","guid":{"rendered":"https:\/\/tononplastics.com\/?post_type=product&#038;p=15329"},"modified":"2024-03-25T12:20:33","modified_gmt":"2024-03-25T04:20:33","slug":"swimming-pool-panels-clear-polycarbonate-5mm-solid-sheet","status":"publish","type":"product","link":"https:\/\/www.tononplastics.com\/de\/product\/swimming-pool-panels-clear-polycarbonate-5mm-solid-sheet\/","title":{"rendered":"Schwimmbadverkleidungen aus klarem Polycarbonat 5mm massiv"},"content":{"rendered":"<p>PC-Schwimmbad-Blatt wird von der Ansammlung des Kohlens\u00e4ureesters gebildet, hat es gute Leistung, zum des Kriechens zu tragen, und es hat noch sehr hohen Widerstand und das Angreifen der Intensit\u00e4t unter der niedrigen Temperatur. Die Steifigkeit h\u00e4lt die Festigkeit im Bereich der gr\u00f6\u00dferen Temperatur. Es ist weit verbreitet in der Konstruktion, Werbung, Dekoration, Verkehr usw. verwendet.<\/p>\n<p align=\"left\"><strong>Eigenschaften<\/strong>:<br \/>\n<span style=\"font-size: revert; color: initial;\">1. Ausgezeichnete physikalische, mechanische Leistung.<br \/>\n<\/span><span style=\"color: initial; font-size: revert;\">2. Gute elektrische, W\u00e4rme- und Schalld\u00e4mmung.<br \/>\n<\/span><span style=\"font-size: revert; color: initial;\">3. Gute Schlagfestigkeit und hohe Z\u00e4higkeit.<br \/>\n<\/span><span style=\"font-size: revert; color: initial;\">4. Gute Lichtdurchl\u00e4ssigkeit Leistung.<br \/>\n<\/span><span style=\"font-size: revert; color: initial;\">5. Gute Temperaturbest\u00e4ndigkeit.<br \/>\n<\/span><span style=\"font-size: revert; color: initial;\">6. Brandverz\u00f6gerung.<br \/>\n<\/span><span style=\"font-size: revert; color: initial;\">7. Ungiftig.<br \/>\n<\/span><span style=\"font-size: revert; color: initial;\">8. UV-Schutz.<br \/>\n<\/span><span style=\"font-size: revert; color: initial;\">9. B\u00e4renalterung.<\/span><\/p>\n<p align=\"left\"><img fetchpriority=\"high\" decoding=\"async\" src=\"https:\/\/sc02.alicdn.com\/kf\/H4222a39a7737419ea9160956cf0c50ffO\/200162319\/H4222a39a7737419ea9160956cf0c50ffO.jpg\" alt=\"Schwimmbadpaneele aus klarem Polycarbonat 5 mm Massivplatten\" width=\"630\" height=\"630\" data-src=\"\/\/sc02.alicdn.com\/kf\/H4222a39a7737419ea9160956cf0c50ffO\/200162319\/H4222a39a7737419ea9160956cf0c50ffO.jpg\" data-alt=\"swimming pool panels clear polycarbonate 5mm solid sheet\" data-width=\"630\" data- title=\"\"><img decoding=\"async\" src=\"https:\/\/sc01.alicdn.com\/kf\/H1baf83ff1ab74e6ab8f72a43aa68be89d\/200162319\/H1baf83ff1ab74e6ab8f72a43aa68be89d.jpg\" alt=\"Schwimmbadpaneele aus klarem Polycarbonat 5 mm Massivplatten\" width=\"630\" height=\"497.7\" data-src=\"\/\/sc01.alicdn.com\/kf\/H1baf83ff1ab74e6ab8f72a43aa68be89d\/200162319\/H1baf83ff1ab74e6ab8f72a43aa68be89d.jpg\" data-alt=\"swimming pool panels clear polycarbonate 5mm solid sheet\" data-width=\"630\" data- title=\"\"><\/p>\n<p align=\"left\"><strong>Anwendungen:<\/strong><\/p>\n<p align=\"left\">1. Ausgezeichnete Bedachungsmaterialien, weit verbreitet f\u00fcr Gauben, Dachfenster, erweiterte Veranden und Gew\u00e4chsh\u00e4user, kommerzielle R\u00e4ume in Hotels, Caf\u00e9s, Boutiquen und Sch\u00f6nheitssalon, Ausstellungszentrum und Telefonzelle.<br \/>\n<span style=\"font-size: revert; color: initial;\">2. Schallschutzwand f\u00fcr Autobahnen, Hochgeschwindigkeitsz\u00fcge.<br \/>\n<\/span><span style=\"font-size: revert; color: initial;\">3. Schautafeln f\u00fcr Werbung.<br \/>\n<\/span><span style=\"font-size: revert; color: initial;\">4. Dekorationsbeleuchtung in Banken, Krankenh\u00e4usern, Flugh\u00e4fen, Busbahnh\u00f6fen, Bahnh\u00f6fen und Kinderg\u00e4rten.<br \/>\n<\/span><span style=\"font-size: revert; color: initial;\">5. Ungiftig, in Kontakt mit der Nahrung zu halten.<br \/>\n<\/span><span style=\"font-size: revert; color: initial;\">6. Ersetzung des gew\u00f6hnlichen Glases an vielen Stellen.<\/span><\/p>\n<p align=\"left\"><strong>Spezifikationen:<\/strong><\/p>\n<p align=\"left\">Dicke:2,0mm 3,0mm 4,0mm 4,5mm 5,0mm 6,0mm 8,0mm 10,0mm<br \/>\n<span style=\"font-size: revert; color: initial;\">L\u00e4nge:20m-50m<br \/>\n<\/span><span style=\"font-size: revert; color: initial;\">Tiefe:1220mm 1560mm 1820mm 2100mm<br \/>\n<\/span><span style=\"font-size: revert; color: initial;\">Farbe:Klar Blau Gr\u00fcn Braun Opaleszierend Klar Gepr\u00e4gt<br \/>\n<\/span><span style=\"font-size: revert; color: initial;\">Wenn Kunden andere Spezifikationen ben\u00f6tigen, k\u00f6nnen wir sie entsprechend ihren W\u00fcnschen liefern.\u00a0\u00a0<\/span><\/p>\n<div id=\"ali-anchor-AliPostDhMb-qyxny\" data-section=\"AliPostDhMb-qyxny\" data-section-title=\"Packaging &amp; Shipping\">\n<div id=\"ali-title-AliPostDhMb-qyxny\"><strong>Verpackung und Versand<\/strong><\/div>\n<div>\n<p>\u00a0<img decoding=\"async\" src=\"https:\/\/sc01.alicdn.com\/kf\/Hb3bdebb96a2849458ce6dfcbaa19c5d15\/200162319\/Hb3bdebb96a2849458ce6dfcbaa19c5d15.png\" alt=\"Schwimmbadpaneele aus klarem Polycarbonat 5 mm Massivplatten\" width=\"630\" height=\"312.9083665338646\" data-src=\"\/\/sc01.alicdn.com\/kf\/Hb3bdebb96a2849458ce6dfcbaa19c5d15\/200162319\/Hb3bdebb96a2849458ce6dfcbaa19c5d15.png\" data-alt=\"swimming pool panels clear polycarbonate 5mm solid sheet\" data-width=\"630\" data- title=\"\"><img decoding=\"async\" src=\"https:\/\/sc02.alicdn.com\/kf\/Hd05fdb0988024155a7956963ea5973acD\/200162319\/Hd05fdb0988024155a7956963ea5973acD.png\" alt=\"Schwimmbadpaneele aus klarem Polycarbonat 5 mm Massivplatten\" width=\"630\" height=\"474.58885941644564\" data-src=\"\/\/sc02.alicdn.com\/kf\/Hd05fdb0988024155a7956963ea5973acD\/200162319\/Hd05fdb0988024155a7956963ea5973acD.png\" data-alt=\"swimming pool panels clear polycarbonate 5mm solid sheet\" data-width=\"630\" data- title=\"\"><img decoding=\"async\" src=\"https:\/\/sc02.alicdn.com\/kf\/H02a52324dc024cdcbaee8c550d0c5b3cR\/200162319\/H02a52324dc024cdcbaee8c550d0c5b3cR.png\" alt=\"Schwimmbadpaneele aus klarem Polycarbonat 5 mm Massivplatten\" width=\"630\" height=\"214.7347480106101\" data-src=\"\/\/sc02.alicdn.com\/kf\/H02a52324dc024cdcbaee8c550d0c5b3cR\/200162319\/H02a52324dc024cdcbaee8c550d0c5b3cR.png\" data-alt=\"swimming pool panels clear polycarbonate 5mm solid sheet\" data-width=\"630\" data- title=\"\"><\/p>\n<\/div>\n<\/div>","protected":false},"featured_media":13740,"parent":0,"template":"","product-catagories":[177],"product-tag":[],"class_list":["post-15329","product","type-product","status-publish","has-post-thumbnail","hentry","product-catagories-polycarbonate-solid-sheet"],"acf":[],"_links":{"self":[{"href":"https:\/\/www.tononplastics.com\/de\/wp-json\/wp\/v2\/product\/15329","targetHints":{"allow":["GET"]}}],"collection":[{"href":"https:\/\/www.tononplastics.com\/de\/wp-json\/wp\/v2\/product"}],"about":[{"href":"https:\/\/www.tononplastics.com\/de\/wp-json\/wp\/v2\/types\/product"}],"version-history":[{"count":0,"href":"https:\/\/www.tononplastics.com\/de\/wp-json\/wp\/v2\/product\/15329\/revisions"}],"wp:featuredmedia":[{"embeddable":true,"href":"https:\/\/www.tononplastics.com\/de\/wp-json\/wp\/v2\/media\/13740"}],"wp:attachment":[{"href":"https:\/\/www.tononplastics.com\/de\/wp-json\/wp\/v2\/media?parent=15329"}],"wp:term":[{"taxonomy":"product-catagories","embeddable":true,"href":"https:\/\/www.tononplastics.com\/de\/wp-json\/wp\/v2\/product-catagories?post=15329"},{"taxonomy":"product-tag","embeddable":true,"href":"https:\/\/www.tononplastics.com\/de\/wp-json\/wp\/v2\/product-tag?post=15329"}],"curies":[{"name":"wp","href":"https:\/\/api.w.org\/{rel}","templated":true}]}}