{"id":15333,"date":"2023-08-23T23:07:05","date_gmt":"2023-08-23T15:07:05","guid":{"rendered":"https:\/\/tononplastics.com\/?post_type=product&#038;p=15333"},"modified":"2024-03-25T14:19:08","modified_gmt":"2024-03-25T06:19:08","slug":"polycarbonate-sheet-shower-enclosure-polycarbonate-greenhouses-sunroof-for-volekswagon","status":"publish","type":"product","link":"https:\/\/www.tononplastics.com\/de\/product\/polycarbonate-sheet-shower-enclosure-polycarbonate-greenhouses-sunroof-for-volekswagon\/","title":{"rendered":"Polycarbonatplatten Duschkabine Polycarbonat Gew\u00e4chsh\u00e4user Schiebedach f\u00fcr Volekswagon"},"content":{"rendered":"<p><strong>Einzelheiten zum Produkt<\/strong><br>Das geringe Gewicht, die Schlagfestigkeit und die Transparenz von Polycarbonat-Massivplatten machen es zum idealen Ersatz f\u00fcr zerbrechliches und schweres Glas. Seine Flexibilit\u00e4t gibt Designern au\u00dferdem Spielraum f\u00fcr au\u00dfergew\u00f6hnliche Designs, einschlie\u00dflich gebogener Strukturen.<\/p>\n\n\n\n<figure class=\"wp-block-gallery has-nested-images columns-default is-cropped wp-block-gallery-1 is-layout-flex wp-block-gallery-is-layout-flex\">\n<figure class=\"wp-block-image size-large\"><img decoding=\"async\" data-id=\"16103\" src=\"https:\/\/www.tononplastics.com\/wp-content\/uploads\/2023\/08\/H912578573bb64e5aa470cb700f63aee7a.webp\" alt=\"\" class=\"wp-image-16103\" title=\"\"><\/figure>\n\n\n\n<figure class=\"wp-block-image size-large\"><img decoding=\"async\" data-id=\"16102\" src=\"https:\/\/www.tononplastics.com\/wp-content\/uploads\/2023\/08\/H5252f7bf19904b9295f135ab89a014f02-1024x683.webp\" alt=\"\" class=\"wp-image-16102\" title=\"\"><\/figure>\n\n\n\n<figure class=\"wp-block-image size-large\"><img fetchpriority=\"high\" decoding=\"async\" width=\"600\" height=\"600\" data-id=\"16095\" src=\"https:\/\/www.tononplastics.com\/wp-content\/uploads\/2023\/08\/eb443cb19045576e6c0bafaf2231dfae.jpg\" alt=\"\" class=\"wp-image-16095\" title=\"\" srcset=\"https:\/\/www.tononplastics.com\/wp-content\/uploads\/2023\/08\/eb443cb19045576e6c0bafaf2231dfae.jpg 600w, https:\/\/www.tononplastics.com\/wp-content\/uploads\/2023\/08\/eb443cb19045576e6c0bafaf2231dfae-300x300.jpg 300w, https:\/\/www.tononplastics.com\/wp-content\/uploads\/2023\/08\/eb443cb19045576e6c0bafaf2231dfae-150x150.jpg 150w, https:\/\/www.tononplastics.com\/wp-content\/uploads\/2023\/08\/eb443cb19045576e6c0bafaf2231dfae-12x12.jpg 12w\" sizes=\"(max-width: 600px) 100vw, 600px\" \/><\/figure>\n<\/figure>\n\n\n<div id=\"module_product_packaging_and_quick_detail\">\n<div class=\"widget-detail-overview\">\n<div class=\"structure-layout\">\n<p data-spm-anchor-id=\"a2700.details.0.i34.7bc14b4dOl1DMR\"><strong>Technische Merkmale:<br \/><\/strong><span style=\"font-size: revert; color: initial;\">1) Schlagz\u00e4higkeit: 850J\/m<br \/><\/span><span style=\"font-size: revert; color: initial;\">2) Lichtdurchl\u00e4ssigkeit: 88%<br \/><\/span><span style=\"font-size: revert; color: initial;\">3) Spezifisches Gewicht: 1200kg\/m3<br \/><\/span><span style=\"font-size: revert; color: initial;\">4) W\u00e4rmeausdehnungskoeffizient: 0,065<br \/><\/span><span style=\"font-size: revert; color: initial;\">5) Temperatur: -40oC - 120oC<br \/><\/span><span style=\"font-size: revert; color: initial;\">6) W\u00e4rmeleitf\u00e4higkeit: 2,3-3,9 W\/m2<br \/><\/span><span style=\"font-size: revert; color: initial;\">7) Zugfestigkeit: Mehr als602<br \/><\/span><span style=\"font-size: revert; color: initial;\">8) Biegefestigkeit: 1002<br \/><\/span><span style=\"font-size: revert; color: initial;\">9)Elastizit\u00e4tsmodul: 2400Mpa<br \/><\/span><span style=\"font-size: revert; color: initial;\">10) Zugstra\u00dfe beim Bruch: Mehr als 65Mpa<br \/><\/span><span style=\"font-size: revert; color: initial;\">11)Bruchdehnung: Mehr als 100%<br \/><\/span><span style=\"font-size: revert; color: initial;\">12)Spezifische W\u00e4rme: 1,16j\/kg. K<br \/><\/span><span style=\"font-size: revert; color: initial;\">13) W\u00e4rmeablenkungstemperatur: 140oC<br \/><\/span><span style=\"font-size: revert; color: initial;\">14) Schalld\u00e4mmung (6mm Dicke): 20db<\/span><\/p>\n<\/div>\n<\/div>\n<\/div>\n<div id=\"module_product_specification\">\n<div id=\"J-rich-text-description\" class=\"richtext richtext-detail rich-text-description\">\n<p><img decoding=\"async\" src=\"https:\/\/sc01.alicdn.com\/kf\/HTB1X5a2kOCYBuNkHFCcq6AHtVXaw\/200162319\/HTB1X5a2kOCYBuNkHFCcq6AHtVXaw.jpg\" alt=\"polycarbonatplatten duschkabine polycarbonat gew\u00e4chsh\u00e4user schiebedach f\u00fcr volekswagon\" width=\"600\" height=\"613.8107416879795\" data-src=\"\/\/sc01.alicdn.com\/kf\/HTB1X5a2kOCYBuNkHFCcq6AHtVXaw\/200162319\/HTB1X5a2kOCYBuNkHFCcq6AHtVXaw.jpg\" data-alt=\"polycarbonate sheet shower enclosure polycarbonate greenhouses sunroof for volekswagon\" data-width=\"600\" data- title=\"\"><img decoding=\"async\" src=\"https:\/\/sc02.alicdn.com\/kf\/HTB1Zn3GkS8YBeNkSnb4q6yevFXad\/200162319\/HTB1Zn3GkS8YBeNkSnb4q6yevFXad.jpg\" alt=\"polycarbonatplatten duschkabine polycarbonat gew\u00e4chsh\u00e4user schiebedach f\u00fcr volekswagon\" width=\"600\" height=\"734.7926267281106\" data-src=\"\/\/sc02.alicdn.com\/kf\/HTB1Zn3GkS8YBeNkSnb4q6yevFXad\/200162319\/HTB1Zn3GkS8YBeNkSnb4q6yevFXad.jpg\" data-alt=\"polycarbonate sheet shower enclosure polycarbonate greenhouses sunroof for volekswagon\" data-width=\"600\" data- title=\"\"><\/p>\n<\/div>\n<\/div>","protected":false},"featured_media":15139,"parent":0,"template":"","product-catagories":[177],"product-tag":[],"class_list":["post-15333","product","type-product","status-publish","has-post-thumbnail","hentry","product-catagories-polycarbonate-solid-sheet"],"acf":[],"_links":{"self":[{"href":"https:\/\/www.tononplastics.com\/de\/wp-json\/wp\/v2\/product\/15333","targetHints":{"allow":["GET"]}}],"collection":[{"href":"https:\/\/www.tononplastics.com\/de\/wp-json\/wp\/v2\/product"}],"about":[{"href":"https:\/\/www.tononplastics.com\/de\/wp-json\/wp\/v2\/types\/product"}],"version-history":[{"count":0,"href":"https:\/\/www.tononplastics.com\/de\/wp-json\/wp\/v2\/product\/15333\/revisions"}],"wp:featuredmedia":[{"embeddable":true,"href":"https:\/\/www.tononplastics.com\/de\/wp-json\/wp\/v2\/media\/15139"}],"wp:attachment":[{"href":"https:\/\/www.tononplastics.com\/de\/wp-json\/wp\/v2\/media?parent=15333"}],"wp:term":[{"taxonomy":"product-catagories","embeddable":true,"href":"https:\/\/www.tononplastics.com\/de\/wp-json\/wp\/v2\/product-catagories?post=15333"},{"taxonomy":"product-tag","embeddable":true,"href":"https:\/\/www.tononplastics.com\/de\/wp-json\/wp\/v2\/product-tag?post=15333"}],"curies":[{"name":"wp","href":"https:\/\/api.w.org\/{rel}","templated":true}]}}