{"id":15337,"date":"2023-08-23T23:08:00","date_gmt":"2023-08-23T15:08:00","guid":{"rendered":"https:\/\/tononplastics.com\/?post_type=product&#038;p=15337"},"modified":"2024-03-25T15:19:13","modified_gmt":"2024-03-25T07:19:13","slug":"high-end-polycarbonate-bathroom-enclosure-fob-reference-priceget-latest-price","status":"publish","type":"product","link":"https:\/\/www.tononplastics.com\/de\/product\/high-end-polycarbonate-bathroom-enclosure-fob-reference-priceget-latest-price\/","title":{"rendered":"Hochwertiges Badgeh\u00e4use aus Polycarbonat FOB Referenzpreis:Aktueller Preis"},"content":{"rendered":"<h2 class=\"wp-block-heading\">Beschreibung<\/h2>\n\n\n\n<p>Polycarbonat-Hohlkammerplatten finden in vielen Bereichen Anwendung, z. B. in Gew\u00e4chsh\u00e4usern, Dachpaneelen und L\u00e4rmschutzw\u00e4nden. Polycarbonat-Hohlplatten ersetzen im Allgemeinen Glas, geh\u00e4rtetes Glas und Polyethylenfolien in vielen Bereichen wie Landwirtschaft, Industrie, \u00f6ffentliche Geb\u00e4ude und Zubeh\u00f6r. Sie ist die perfekte Kombination aus geringem Gewicht, hoher Schlagfestigkeit, Lichtdurchl\u00e4ssigkeit, Rahmenbest\u00e4ndigkeit, UV-Schutz, Fallschutz und attraktivem Aussehen.<\/p>\n\n\n\n<h4 class=\"wp-block-heading\"><strong>Informationen zum Produkt<\/strong><\/h4>\n\n\n\n<figure class=\"wp-block-table\"><table><tbody><tr><td>Name des Produkts:<\/td><td colspan=\"3\">Polycarbonat-Hohlkammerplatte<\/td><\/tr><tr><td>Die Dicke:<\/td><td colspan=\"3\">2,8mm-20mm \/ kundenspezifisch<\/td><\/tr><tr><td>Breite:<\/td><td colspan=\"3\">1220\/1560\/1820\/2100mm;custom<\/td><\/tr><tr><td>L\u00e4nge:<\/td><td colspan=\"3\">Beliebige L\u00e4nge, freier Zuschnitt<\/td><\/tr><tr><td>Standardgr\u00f6\u00dfe:<\/td><td colspan=\"3\">1.22*2.44;2.1*5.8;2.1*6;2.1*11.6;2.1*11.8;2.1*30m<\/td><\/tr><tr><td>Farbe:<\/td><td colspan=\"3\">klar;opal;blau;gr\u00fcn;grau;braun;gelb;etc<\/td><\/tr><tr><td>Zertifizierung:<\/td><td colspan=\"3\">ISO9001:2008 \/CE<\/td><\/tr><tr><td>Garantie:<\/td><td colspan=\"3\">10 Jahre<\/td><\/tr><tr><td>UV-Dicke:<\/td><td colspan=\"3\">50 Mikron; je nach Kundenbedarf<\/td><\/tr><tr><td>Betriebstemperatur:<\/td><td colspan=\"3\">-40\u00baC-120\u00baC<\/td><\/tr><tr><td>Technologie:<\/td><td colspan=\"3\">Co-Extrusion<\/td><\/tr><tr><td>Lieferung:<\/td><td colspan=\"3\">7-14 Tage nach Erhalt der Einzahlung<\/td><\/tr><tr><td>Anmeldung<\/td><td colspan=\"3\">Gew\u00e4chshaus; Schallschutzw\u00e4nde; Carport; Fensterfl\u00fcgel; Schiebet\u00fcr; Schwimmbadabdeckung; polizeiliche Abschirmung; Dachfenster; Vorhangfassade<\/td><\/tr><tr><td>bearbeitbaren Prozess:<\/td><td colspan=\"3\">Blendend; hart; kratzfest<\/td><\/tr><tr><td>Muster<\/td><td colspan=\"3\">Bitte kontaktieren Sie uns f\u00fcr kostenlose Muster<\/td><\/tr><\/tbody><\/table><\/figure>\n\n\n\n<h4 class=\"wp-block-heading\"><strong>Warum sollten Sie sich f\u00fcr Polycarbonat-Hohlk\u00f6rperplatten entscheiden?<br><\/strong><strong><\/strong><\/h4>\n\n\n\n<ol class=\"wp-block-list\">\n<li>Die Schlagfestigkeit ist 200-mal h\u00f6her als die von normalem Glas und 2-20-mal h\u00f6her als die von geh\u00e4rtetem Glas.<\/li>\n\n\n\n<li>Das Gewicht betr\u00e4gt 50% Glas, aber die Transparenz ist die gleiche wie bei gew\u00f6hnlichem Glas.<\/li>\n\n\n\n<li>Die spezielle Behandlung sorgt f\u00fcr eine ausreichende Beleuchtung des Gew\u00e4chshauses, ohne dass es zu Kondensation kommt.<\/li>\n\n\n\n<li>Ausgezeichnete Lichtdurchl\u00e4ssigkeit, bis zu 18%-80%.<\/li>\n\n\n\n<li>Es ist ein idealer Ersatz f\u00fcr gew\u00f6hnliches Glas, geh\u00e4rtetes Glas und Polyethylenfolie.<\/li>\n\n\n\n<li>Polycarbonatplatten sind die schlagz\u00e4hesten technischen Kunststoffe, 10 bis 27 Mal widerstandsf\u00e4higer als Plexiglas.<\/li>\n\n\n\n<li>50 Mikron Anti-UV-Beschichtung auf der Oberfl\u00e4che, 10 Jahre Qualit\u00e4tsgarantie, verursacht keine Vergilbung.<\/li>\n\n\n\n<li>Die Temperatur zwischen -40\u2103~+120\u2103 wird keine Qualit\u00e4tsverschlechterung wie Verformung verursachen.<\/li>\n\n\n\n<li>Leichtes Gewicht f\u00fcr einfachen Transport und Installation.<\/li>\n<\/ol>\n\n\n\n<h4 class=\"wp-block-heading\"><strong>Arten von Polycarbonat-Hohlplatten<br><\/strong><strong><\/strong><\/h4>\n\n\n\n<figure class=\"wp-block-image size-full\"><img fetchpriority=\"high\" decoding=\"async\" width=\"800\" height=\"440\" src=\"https:\/\/www.tononplastics.com\/wp-content\/uploads\/2024\/03\/Hec1893bdf96e4e68954f01c51046919cR.webp\" alt=\"\" class=\"wp-image-16180\" title=\"\" srcset=\"https:\/\/www.tononplastics.com\/wp-content\/uploads\/2024\/03\/Hec1893bdf96e4e68954f01c51046919cR.webp 800w, https:\/\/www.tononplastics.com\/wp-content\/uploads\/2024\/03\/Hec1893bdf96e4e68954f01c51046919cR-300x165.webp 300w, https:\/\/www.tononplastics.com\/wp-content\/uploads\/2024\/03\/Hec1893bdf96e4e68954f01c51046919cR-768x422.webp 768w, https:\/\/www.tononplastics.com\/wp-content\/uploads\/2024\/03\/Hec1893bdf96e4e68954f01c51046919cR-18x10.webp 18w\" sizes=\"(max-width: 800px) 100vw, 800px\" \/><\/figure>\n\n\n\n<h4 class=\"wp-block-heading\"><strong>Anwendungen des PC-Hohlblechs<br><\/strong><\/h4>\n\n\n\n<p>Hohlkammerplatten aus Polycarbonat werden h\u00e4ufig f\u00fcr Geb\u00e4uded\u00e4cher, Kuppeln, Oberlichter, Carports, Schwimmb\u00e4der, Sonnenr\u00e4ume, Bahnh\u00f6fe, Gew\u00e4chsh\u00e4user, Seitenw\u00e4nde, Lagerhallend\u00e4cher und Stadien verwendet. All diese Orte ben\u00f6tigen Sonnenlicht, ohne sch\u00e4dliche UV-Strahlen. Auch f\u00fcr beleuchtete Schilder und Werbetafeln geeignet.<\/p>\n\n\n<p><strong><span data-spm-anchor-id=\"a2700.details.0.i19.674c1facMlRcof\">Das geringe Gewicht, die Schlagfestigkeit und die Transparenz von Polycarbonat-Massivplatten machen es zum idealen Ersatz f\u00fcr zerbrechliches und schweres Glas. Seine Flexibilit\u00e4t gibt Designern au\u00dferdem Spielraum f\u00fcr au\u00dfergew\u00f6hnliche Designs, einschlie\u00dflich gebogener Strukturen.<\/span><\/strong><\/p>\n<p><strong><img decoding=\"async\" src=\"https:\/\/sc01.alicdn.com\/kf\/HTB1fjxltXuWBuNjSszbq6AS7FXap\/200162319\/HTB1fjxltXuWBuNjSszbq6AS7FXap.jpg\" alt=\"Hochwertige Badabtrennung aus Polycarbonat\" width=\"690\" height=\"688\" data-src=\"\/\/sc01.alicdn.com\/kf\/HTB1fjxltXuWBuNjSszbq6AS7FXap\/200162319\/HTB1fjxltXuWBuNjSszbq6AS7FXap.jpg\" data-alt=\"high end polycarbonate bathroom enclosure\" data- title=\"\"><img decoding=\"async\" src=\"https:\/\/sc02.alicdn.com\/kf\/HTB1Zn3GkS8YBeNkSnb4q6yevFXad\/200162319\/HTB1Zn3GkS8YBeNkSnb4q6yevFXad.jpg\" alt=\"Hochwertige Badabtrennung aus Polycarbonat\" width=\"706\" height=\"1063\" data-src=\"\/\/sc02.alicdn.com\/kf\/HTB1Zn3GkS8YBeNkSnb4q6yevFXad\/200162319\/HTB1Zn3GkS8YBeNkSnb4q6yevFXad.jpg\" data-alt=\"high end polycarbonate bathroom enclosure\" data-width=\"706\" data-height=\"1063\" data- title=\"\"><\/strong><\/p>","protected":false},"featured_media":0,"parent":0,"template":"","product-catagories":[177],"product-tag":[],"class_list":["post-15337","product","type-product","status-publish","hentry","product-catagories-polycarbonate-solid-sheet"],"acf":[],"_links":{"self":[{"href":"https:\/\/www.tononplastics.com\/de\/wp-json\/wp\/v2\/product\/15337","targetHints":{"allow":["GET"]}}],"collection":[{"href":"https:\/\/www.tononplastics.com\/de\/wp-json\/wp\/v2\/product"}],"about":[{"href":"https:\/\/www.tononplastics.com\/de\/wp-json\/wp\/v2\/types\/product"}],"version-history":[{"count":0,"href":"https:\/\/www.tononplastics.com\/de\/wp-json\/wp\/v2\/product\/15337\/revisions"}],"wp:attachment":[{"href":"https:\/\/www.tononplastics.com\/de\/wp-json\/wp\/v2\/media?parent=15337"}],"wp:term":[{"taxonomy":"product-catagories","embeddable":true,"href":"https:\/\/www.tononplastics.com\/de\/wp-json\/wp\/v2\/product-catagories?post=15337"},{"taxonomy":"product-tag","embeddable":true,"href":"https:\/\/www.tononplastics.com\/de\/wp-json\/wp\/v2\/product-tag?post=15337"}],"curies":[{"name":"wp","href":"https:\/\/api.w.org\/{rel}","templated":true}]}}