{"id":15344,"date":"2023-08-23T23:12:45","date_gmt":"2023-08-23T15:12:45","guid":{"rendered":"https:\/\/tononplastics.com\/?post_type=product&#038;p=15344"},"modified":"2024-04-16T12:49:23","modified_gmt":"2024-04-16T04:49:23","slug":"3mm-green-custom-width-48-polycarbonate-solid-sheet-protective-film","status":"publish","type":"product","link":"https:\/\/www.tononplastics.com\/de\/product\/3mm-green-custom-width-48-polycarbonate-solid-sheet-protective-film\/","title":{"rendered":"3mm gr\u00fcne benutzerdefinierte Breite 4*8 Polycarbonat solide Blatt Schutzfolie"},"content":{"rendered":"<p><img fetchpriority=\"high\" decoding=\"async\" class=\"\" src=\"https:\/\/sc02.alicdn.com\/kf\/H912578573bb64e5aa470cb700f63aee7a\/200162319\/H912578573bb64e5aa470cb700f63aee7a.jpg\" alt=\"3mm gr\u00fcne benutzerdefinierte Breite 4*8 Polycarbonat solide Blatt Schutzfolie\" width=\"333\" height=\"333\" data-src=\"\/\/sc02.alicdn.com\/kf\/H912578573bb64e5aa470cb700f63aee7a\/200162319\/H912578573bb64e5aa470cb700f63aee7a.jpg\" data-alt=\"3mm green custom width 4*8 polycarbonate solid sheet protective film\" data-width=\"630\" data- title=\"\"><img decoding=\"async\" class=\"\" src=\"https:\/\/sc01.alicdn.com\/kf\/H5252f7bf19904b9295f135ab89a014f02\/200162319\/H5252f7bf19904b9295f135ab89a014f02.jpg\" alt=\"3mm gr\u00fcne benutzerdefinierte Breite 4*8 Polycarbonat solide Blatt Schutzfolie\" width=\"490\" height=\"327\" data-src=\"\/\/sc01.alicdn.com\/kf\/H5252f7bf19904b9295f135ab89a014f02\/200162319\/H5252f7bf19904b9295f135ab89a014f02.jpg\" data-alt=\"3mm green custom width 4*8 polycarbonate solid sheet protective film\" data-width=\"630\" data- title=\"\"><\/p>\n<p>1) Schlagz\u00e4higkeit: Die Schlagz\u00e4higkeit von PC-Hohlplatten betr\u00e4gt das 250-fache von Glas.<br \/>\n2) Geringes Gewicht: Das Gewicht von PC-Hohlplatten betr\u00e4gt nur etwa die H\u00e4lfte von Glas.<br \/>\n3) Durchsichtigkeit: Die Lichtdurchl\u00e4ssigkeit einer 3 mm dicken PC-Hohlplatte betr\u00e4gt 88%.<br \/>\n4) UV-Schutz: Eine PC-Folie wird mit einem hochdichten UV-Strahl koextrudiert, der die PC-Folie auch vor Verf\u00e4rbung sch\u00fctzt.<br \/>\n5) Best\u00e4ndigkeit gegen Wetter: PC hohlen Blatt hat Widerstand gegen schlechtes Wetter und halten ausgezeichnete Leistung im Temperaturbereich von -40\u2103 bis 12\u2103<\/p>\n<p>6) Verhinderung von Kondensation: Wenn die Au\u00dfentemperatur 0 ist und die Innentemperatur 23\u2103 ist, wird das PC-Blatt Kondensation bis zu 80% sein.<\/p>\n<p>7) W\u00e4rmed\u00e4mmung: Der K-Wert von Glas betr\u00e4gt das 1,2-fache von PC-Massivplatten. PC-Platten k\u00f6nnen Energie sparen und gleichzeitig W\u00e4rmeverluste verhindern.<br \/>\n8) Schalld\u00e4mmung: 6mm Dicke PC hohlen Blatt kann Schall 20db reduzieren.<br \/>\n9) Flammbest\u00e4ndigkeit: Durch die Pr\u00fcfung des Nationalen Zentrums f\u00fcr Qualit\u00e4ts\u00fcberwachung und -pr\u00fcfung von Brandbaumaterialien wird das Material als Klasse 1 gem\u00e4\u00df der Norm QB8624-1997 eingestuft.<br \/>\n10) Einfache Installation: Eine PC-Platte kann im warmen oder kalten Zustand gebogen werden und kann f\u00fcr gebogene D\u00e4cher und Fenster verwendet werden. Der minimale Kr\u00fcmmungsradius einer PC-Platte betr\u00e4gt das 175-fache ihrer Dicke.<\/p>\n<p><img decoding=\"async\" class=\"\" src=\"https:\/\/sc01.alicdn.com\/kf\/Hfc9f0493ac81469fac5153cb936855a4q\/200162319\/Hfc9f0493ac81469fac5153cb936855a4q.jpg\" alt=\"3mm gr\u00fcne benutzerdefinierte Breite 4*8 Polycarbonat solide Blatt Schutzfolie\" width=\"379\" height=\"253\" data-src=\"\/\/sc01.alicdn.com\/kf\/Hfc9f0493ac81469fac5153cb936855a4q\/200162319\/Hfc9f0493ac81469fac5153cb936855a4q.jpg\" data-alt=\"3mm green custom width 4*8 polycarbonate solid sheet protective film\" data-width=\"630\" data- title=\"\"><img loading=\"lazy\" decoding=\"async\" class=\"\" src=\"https:\/\/sc02.alicdn.com\/kf\/H5c16f39266364408a0b436a4a956b53c4\/200162319\/H5c16f39266364408a0b436a4a956b53c4.jpg\" alt=\"3mm gr\u00fcne benutzerdefinierte Breite 4*8 Polycarbonat solide Blatt Schutzfolie\" width=\"440\" height=\"248\" data-src=\"\/\/sc02.alicdn.com\/kf\/H5c16f39266364408a0b436a4a956b53c4\/200162319\/H5c16f39266364408a0b436a4a956b53c4.jpg\" data-alt=\"3mm green custom width 4*8 polycarbonate solid sheet protective film\" data-width=\"630\" data- title=\"\"><\/p>\n<div id=\"ali-anchor-AliPostDhMb-2qskj\" class=\"mceSectionContainer\" data-section=\"AliPostDhMb-2qskj\" data-section-title=\"Company Information\">\n<div id=\"ali-title-AliPostDhMb-2qskj\"><strong>Informationen zum Unternehmen<\/strong><\/div>\n<div>\n<p>\u00a0<img loading=\"lazy\" decoding=\"async\" class=\"\" src=\"https:\/\/sc01.alicdn.com\/kf\/HTB1qs8od5FTMKJjSZFAq6AkJpXad\/200162319\/HTB1qs8od5FTMKJjSZFAq6AkJpXad.jpg\" alt=\"3mm gr\u00fcne benutzerdefinierte Breite 4*8 Polycarbonat solide Blatt Schutzfolie\" width=\"403\" height=\"269\" data-src=\"\/\/sc01.alicdn.com\/kf\/HTB1qs8od5FTMKJjSZFAq6AkJpXad\/200162319\/HTB1qs8od5FTMKJjSZFAq6AkJpXad.jpg\" data-alt=\"3mm green custom width 4*8 polycarbonate solid sheet protective film\" data-width=\"630\" data- title=\"\"><img loading=\"lazy\" decoding=\"async\" class=\"\" src=\"https:\/\/sc01.alicdn.com\/kf\/HTB1wu8nSFXXXXXYXXXXq6xXFXXXY\/200162319\/HTB1wu8nSFXXXXXYXXXXq6xXFXXXY.jpg\" alt=\"3mm gr\u00fcne benutzerdefinierte Breite 4*8 Polycarbonat solide Blatt Schutzfolie\" width=\"410\" height=\"273\" data-src=\"\/\/sc01.alicdn.com\/kf\/HTB1wu8nSFXXXXXYXXXXq6xXFXXXY\/200162319\/HTB1wu8nSFXXXXXYXXXXq6xXFXXXY.jpg\" data-alt=\"3mm green custom width 4*8 polycarbonate solid sheet protective film\" data-width=\"630\" data- title=\"\"><\/p>\n<p><strong style=\"color: initial;\">Verpackung und Versand<\/strong><\/p>\n<\/div>\n<\/div>\n<div id=\"ali-anchor-AliPostDhMb-bktqy\" class=\"mceSectionContainer\" data-section=\"AliPostDhMb-bktqy\" data-section-title=\"Packaging &amp; Shipping\">\n<div>\n<p>\u00a0<img loading=\"lazy\" decoding=\"async\" class=\"\" src=\"https:\/\/sc02.alicdn.com\/kf\/H02a52324dc024cdcbaee8c550d0c5b3cR\/200162319\/H02a52324dc024cdcbaee8c550d0c5b3cR.png\" alt=\"3mm gr\u00fcne benutzerdefinierte Breite 4*8 Polycarbonat solide Blatt Schutzfolie\" width=\"818\" height=\"279\" data-src=\"\/\/sc02.alicdn.com\/kf\/H02a52324dc024cdcbaee8c550d0c5b3cR\/200162319\/H02a52324dc024cdcbaee8c550d0c5b3cR.png\" data-alt=\"3mm green custom width 4*8 polycarbonate solid sheet protective film\" data-width=\"630\" data- title=\"\"><\/p>\n<p><img loading=\"lazy\" decoding=\"async\" class=\"\" src=\"https:\/\/sc02.alicdn.com\/kf\/H041aadba055e4601bc7a678fb8698a30S\/200162319\/H041aadba055e4601bc7a678fb8698a30S.jpg\" alt=\"3mm gr\u00fcne benutzerdefinierte Breite 4*8 Polycarbonat solide Blatt Schutzfolie\" width=\"408\" height=\"306\" data-src=\"\/\/sc02.alicdn.com\/kf\/H041aadba055e4601bc7a678fb8698a30S\/200162319\/H041aadba055e4601bc7a678fb8698a30S.jpg\" data-alt=\"3mm green custom width 4*8 polycarbonate solid sheet protective film\" data-width=\"630\" data- title=\"\"><img loading=\"lazy\" decoding=\"async\" class=\"\" src=\"https:\/\/sc01.alicdn.com\/kf\/H13a68bf757104e7f87240c10e9cd3dffH\/200162319\/H13a68bf757104e7f87240c10e9cd3dffH.jpg\" alt=\"3mm gr\u00fcne benutzerdefinierte Breite 4*8 Polycarbonat solide Blatt Schutzfolie\" width=\"411\" height=\"309\" data-src=\"\/\/sc01.alicdn.com\/kf\/H13a68bf757104e7f87240c10e9cd3dffH\/200162319\/H13a68bf757104e7f87240c10e9cd3dffH.jpg\" data-alt=\"3mm green custom width 4*8 polycarbonate solid sheet protective film\" data-width=\"630\" data- title=\"\"><\/p>\n<\/div>\n<\/div>","protected":false},"featured_media":16747,"parent":0,"template":"","product-catagories":[178,177],"product-tag":[],"class_list":["post-15344","product","type-product","status-publish","has-post-thumbnail","hentry","product-catagories-polycarbonate-hollow-sheet","product-catagories-polycarbonate-solid-sheet"],"acf":[],"_links":{"self":[{"href":"https:\/\/www.tononplastics.com\/de\/wp-json\/wp\/v2\/product\/15344","targetHints":{"allow":["GET"]}}],"collection":[{"href":"https:\/\/www.tononplastics.com\/de\/wp-json\/wp\/v2\/product"}],"about":[{"href":"https:\/\/www.tononplastics.com\/de\/wp-json\/wp\/v2\/types\/product"}],"version-history":[{"count":0,"href":"https:\/\/www.tononplastics.com\/de\/wp-json\/wp\/v2\/product\/15344\/revisions"}],"wp:featuredmedia":[{"embeddable":true,"href":"https:\/\/www.tononplastics.com\/de\/wp-json\/wp\/v2\/media\/16747"}],"wp:attachment":[{"href":"https:\/\/www.tononplastics.com\/de\/wp-json\/wp\/v2\/media?parent=15344"}],"wp:term":[{"taxonomy":"product-catagories","embeddable":true,"href":"https:\/\/www.tononplastics.com\/de\/wp-json\/wp\/v2\/product-catagories?post=15344"},{"taxonomy":"product-tag","embeddable":true,"href":"https:\/\/www.tononplastics.com\/de\/wp-json\/wp\/v2\/product-tag?post=15344"}],"curies":[{"name":"wp","href":"https:\/\/api.w.org\/{rel}","templated":true}]}}