{"id":15347,"date":"2023-08-23T23:18:30","date_gmt":"2023-08-23T15:18:30","guid":{"rendered":"https:\/\/tononplastics.com\/?post_type=product&#038;p=15347"},"modified":"2024-04-16T12:43:52","modified_gmt":"2024-04-16T04:43:52","slug":"ten-years-guarantee-uv-protected-color-pc-hollow-sheet","status":"publish","type":"product","link":"https:\/\/www.tononplastics.com\/de\/product\/ten-years-guarantee-uv-protected-color-pc-hollow-sheet\/","title":{"rendered":"Zehn Jahre Garantie auf UV-gesch\u00fctzte farbige Hohlkammerplatten"},"content":{"rendered":"<figure class=\"wp-block-gallery has-nested-images columns-default is-cropped wp-block-gallery-1 is-layout-flex wp-block-gallery-is-layout-flex\">\n<figure class=\"wp-block-image size-full\"><img decoding=\"async\" data-id=\"15257\" src=\"https:\/\/www.tononplastics.com\/wp-content\/uploads\/2023\/08\/\u56fe\u72471-1.png\" alt=\"\" class=\"wp-image-15257\" title=\"\"><\/figure>\n\n\n\n<figure class=\"wp-block-image size-full\"><img decoding=\"async\" data-id=\"15258\" src=\"https:\/\/www.tononplastics.com\/wp-content\/uploads\/2023\/08\/\u56fe\u72471-1-1.png\" alt=\"\" class=\"wp-image-15258\" title=\"\"><\/figure>\n<\/figure>\n\n\n<div id=\"ali-anchor-AliPostDhMb-dt96l\" data-section=\"AliPostDhMb-dt96l\" data-section-title=\"Product Description\">\n<p><span data-spm-anchor-id=\"a2700.details.0.i30.5c4e7fa2ThoF7K\">1) Lichtdurchl\u00e4ssigkeit: bis zu 88%<br \/><\/span><span style=\"font-size: revert; color: initial;\">2) Sto\u00dffestigkeit: 80-mal so hoch wie bei Glas, 15-mal so hoch wie bei Acrylglas<br \/><\/span><span style=\"color: initial; font-size: revert;\">3) Temperaturbest\u00e4ndigkeitsbereich: -40 ~ 120oC<br \/><\/span><span style=\"color: initial; font-size: revert;\">4) Geringes Gewicht: nur 1\/12 des Gewichts von Glas gleicher Dicke<br \/><\/span><span style=\"font-size: revert; color: initial;\">5) Ultraviolettbest\u00e4ndigkeit: mit UV-Schutzschicht<br \/><\/span><span style=\"font-size: revert; color: initial;\">6) Flammbest\u00e4ndigkeit: Klasse B1<br \/><\/span><span style=\"font-size: revert; color: initial;\">7) Schall- und hitzebest\u00e4ndig<\/span><\/p>\n<\/div>\n<p align=\"left\"><strong>Spezifikation<br \/><\/strong>1) Breite:1220mm- 2100mm (unsere normale Spezifikation)<br \/>2) L\u00e4nge: 20m--50m (unsere normale Spezifikation)<br \/>3) Erh\u00e4ltlich in 4mm, 5mm, 6mm, 7,5mm, 8mm, 10mm, 12mm, 14mm, 16mm, 18mm.<br \/>4) Farbe: klar, seeblau, gr\u00fcn, blau, opal, bronze, grau, rot, bronze (braun), blau-gr\u00fcn, hell-gr\u00fcn, klar, schwarz, klar-gepr\u00e4gt, hell-gepr\u00e4gt, blau-gepr\u00e4gt<br \/>5) Kundenspezifische Farben und Abmessungen auf Anfrage erh\u00e4ltlich<br \/>6) Verpackung: Beide Seiten mit PE-Folie bedeckt\u00a0\u00a0<\/p>\n<p align=\"left\">\u00a0<img fetchpriority=\"high\" decoding=\"async\" src=\"https:\/\/sc01.alicdn.com\/kf\/H32420328557d486eb5370e0cf573cf134\/200162319\/H32420328557d486eb5370e0cf573cf134.jpg\" alt=\"zehn Jahre Garantie UV-gesch\u00fctztes farbiges PC-Hohlblech\" width=\"630\" height=\"840\" data-src=\"\/\/sc01.alicdn.com\/kf\/H32420328557d486eb5370e0cf573cf134\/200162319\/H32420328557d486eb5370e0cf573cf134.jpg\" data-alt=\"ten years guarantee UV protected color pc hollow sheet\" data-width=\"630\" data- title=\"\"><img decoding=\"async\" class=\"alignright\" src=\"https:\/\/sc01.alicdn.com\/kf\/H276597fb63bf4e8ebb711e73f1e18dd4h\/200162319\/H276597fb63bf4e8ebb711e73f1e18dd4h.jpg\" alt=\"zehn Jahre Garantie UV-gesch\u00fctztes farbiges PC-Hohlblech\" width=\"630\" height=\"427.0323325635104\" data-src=\"\/\/sc01.alicdn.com\/kf\/H276597fb63bf4e8ebb711e73f1e18dd4h\/200162319\/H276597fb63bf4e8ebb711e73f1e18dd4h.jpg\" data-alt=\"ten years guarantee UV protected color pc hollow sheet\" data-width=\"630\" data- title=\"\"><\/p>\n<p align=\"left\">\u00a0<\/p>\n<p align=\"left\"><strong>Anwendungen:<br \/><\/strong>1) Telefonkabinen<br \/>2) Stra\u00dfenschilder und Werbung<br \/>3) Plakate auf Lampenk\u00e4sten<br \/>4) Beleuchtung und Trennw\u00e4nde f\u00fcr Banken, Krankenh\u00e4user und Bahnh\u00f6fe<br \/>5) Gew\u00e4chsh\u00e4user f\u00fcr Gem\u00fcse, Zoos, aquatische Produkte<br \/>6) Schall- und W\u00e4rmed\u00e4mmung f\u00fcr Schnellstra\u00dfen<\/p>\n<p align=\"left\">7) Instrumenten- und Kriegsindustrie - Windschutzscheiben, Armeeschilde\u00a0<\/p>\n<p align=\"left\">\u00a0<\/p>\n<p align=\"left\">\u00a0<\/p>\n<p align=\"left\">\u00a0<\/p>\n<p align=\"left\"><strong>Projekt Fall:<\/strong><\/p>\n<p align=\"left\"><img decoding=\"async\" src=\"https:\/\/sc01.alicdn.com\/kf\/HTB1W4NetXOWBuNjy0Fiq6xFxVXa0\/200162319\/HTB1W4NetXOWBuNjy0Fiq6xFxVXa0.jpg\" alt=\"zehn Jahre Garantie UV-gesch\u00fctztes farbiges PC-Hohlblech\" width=\"630\" height=\"429.975\" data-src=\"\/\/sc01.alicdn.com\/kf\/HTB1W4NetXOWBuNjy0Fiq6xFxVXa0\/200162319\/HTB1W4NetXOWBuNjy0Fiq6xFxVXa0.jpg\" data-alt=\"ten years guarantee UV protected color pc hollow sheet\" data-width=\"630\" data- title=\"\"><\/p>\n<div id=\"ali-anchor-AliPostDhMb-0cbwi\" data-section=\"AliPostDhMb-0cbwi\" data-section-title=\"Packaging &amp; Shipping\">\n<div id=\"ali-title-AliPostDhMb-0cbwi\"><strong>Verpackung und Versand<\/strong><\/div>\n<div>\n<p>\u00a0<img decoding=\"async\" src=\"https:\/\/sc01.alicdn.com\/kf\/Hb3bdebb96a2849458ce6dfcbaa19c5d15\/200162319\/Hb3bdebb96a2849458ce6dfcbaa19c5d15.png\" alt=\"zehn Jahre Garantie UV-gesch\u00fctztes farbiges PC-Hohlblech\" width=\"630\" height=\"312.9083665338646\" data-src=\"\/\/sc01.alicdn.com\/kf\/Hb3bdebb96a2849458ce6dfcbaa19c5d15\/200162319\/Hb3bdebb96a2849458ce6dfcbaa19c5d15.png\" data-alt=\"ten years guarantee UV protected color pc hollow sheet\" data-width=\"630\" data- title=\"\"><img decoding=\"async\" src=\"https:\/\/sc02.alicdn.com\/kf\/Hd05fdb0988024155a7956963ea5973acD\/200162319\/Hd05fdb0988024155a7956963ea5973acD.png\" alt=\"zehn Jahre Garantie UV-gesch\u00fctztes farbiges PC-Hohlblech\" width=\"630\" height=\"474.58885941644564\" data-src=\"\/\/sc02.alicdn.com\/kf\/Hd05fdb0988024155a7956963ea5973acD\/200162319\/Hd05fdb0988024155a7956963ea5973acD.png\" data-alt=\"ten years guarantee UV protected color pc hollow sheet\" data-width=\"630\" data- title=\"\"><img decoding=\"async\" src=\"https:\/\/sc02.alicdn.com\/kf\/H02a52324dc024cdcbaee8c550d0c5b3cR\/200162319\/H02a52324dc024cdcbaee8c550d0c5b3cR.png\" alt=\"zehn Jahre Garantie UV-gesch\u00fctztes farbiges PC-Hohlblech\" width=\"630\" height=\"214.7347480106101\" data-src=\"\/\/sc02.alicdn.com\/kf\/H02a52324dc024cdcbaee8c550d0c5b3cR\/200162319\/H02a52324dc024cdcbaee8c550d0c5b3cR.png\" data-alt=\"ten years guarantee UV protected color pc hollow sheet\" data-width=\"630\" data- title=\"\"><\/p>\n<\/div>\n<\/div>","protected":false},"featured_media":16738,"parent":0,"template":"","product-catagories":[178],"product-tag":[],"class_list":["post-15347","product","type-product","status-publish","has-post-thumbnail","hentry","product-catagories-polycarbonate-hollow-sheet"],"acf":[],"_links":{"self":[{"href":"https:\/\/www.tononplastics.com\/de\/wp-json\/wp\/v2\/product\/15347","targetHints":{"allow":["GET"]}}],"collection":[{"href":"https:\/\/www.tononplastics.com\/de\/wp-json\/wp\/v2\/product"}],"about":[{"href":"https:\/\/www.tononplastics.com\/de\/wp-json\/wp\/v2\/types\/product"}],"version-history":[{"count":0,"href":"https:\/\/www.tononplastics.com\/de\/wp-json\/wp\/v2\/product\/15347\/revisions"}],"wp:featuredmedia":[{"embeddable":true,"href":"https:\/\/www.tononplastics.com\/de\/wp-json\/wp\/v2\/media\/16738"}],"wp:attachment":[{"href":"https:\/\/www.tononplastics.com\/de\/wp-json\/wp\/v2\/media?parent=15347"}],"wp:term":[{"taxonomy":"product-catagories","embeddable":true,"href":"https:\/\/www.tononplastics.com\/de\/wp-json\/wp\/v2\/product-catagories?post=15347"},{"taxonomy":"product-tag","embeddable":true,"href":"https:\/\/www.tononplastics.com\/de\/wp-json\/wp\/v2\/product-tag?post=15347"}],"curies":[{"name":"wp","href":"https:\/\/api.w.org\/{rel}","templated":true}]}}