{"id":15363,"date":"2023-08-23T23:42:08","date_gmt":"2023-08-23T15:42:08","guid":{"rendered":"https:\/\/tononplastics.com\/?post_type=product&#038;p=15363"},"modified":"2024-03-25T14:05:51","modified_gmt":"2024-03-25T06:05:51","slug":"plastic-canopy-polycarbonate-hollow-sheet","status":"publish","type":"product","link":"https:\/\/www.tononplastics.com\/de\/product\/plastic-canopy-polycarbonate-hollow-sheet\/","title":{"rendered":"Kunststoff-Vordach Polycarbonat-Hohlkammerplatte"},"content":{"rendered":"<p><strong>Einzelheiten zum Produkt<br><\/strong>1. einfache und leichte Installation<br>2.100% DIY Markise. Neuartig, modern, stark<br>3. UV-Schutz<br>4. die Zusammensetzung: Bretter, Klammern, Schrauben, Aluminiumstangen, Gummistreifen, etc.<br>5.Aericans Markise ist von Klammern und Brett, einfach und leicht zu installieren und zu warten. Konsolen und Zubeh\u00f6r werden in Massenproduktion hergestellt, um die Qualit\u00e4t und Handwerkskunst zu gew\u00e4hrleisten. Aericans Markise w\u00e4hlen Sie spezielle Material, so dass die Produkte k\u00f6nnen windbest\u00e4ndig und antiseptisch und sto\u00dffest und alterungsbest\u00e4ndig sein. Neu und modern und langlebig und stark Aericans Awning hat die l\u00e4ngere Lebensdauer als gew\u00f6hnliche Markise von 8-15 mal. 100% DIY macht es einfach, f\u00fcr den Agenten zu bedienen, keine Werkstatt und Arbeiter brauchen, m\u00fcssen nur Arbeiter oder Verpackung Menschen installieren, um die Kosten zu senken.<\/p>\n\n\n\n<figure class=\"wp-block-gallery has-nested-images columns-default is-cropped wp-block-gallery-1 is-layout-flex wp-block-gallery-is-layout-flex\">\n<figure class=\"wp-block-image size-large\"><img fetchpriority=\"high\" decoding=\"async\" width=\"1024\" height=\"683\" data-id=\"16246\" src=\"https:\/\/www.tononplastics.com\/wp-content\/uploads\/2023\/08\/H8f0fe05f6ce04a849984d23754bbc891V-1024x683.webp\" alt=\"\" class=\"wp-image-16246\" title=\"\" srcset=\"https:\/\/www.tononplastics.com\/wp-content\/uploads\/2023\/08\/H8f0fe05f6ce04a849984d23754bbc891V-1024x683.webp 1024w, https:\/\/www.tononplastics.com\/wp-content\/uploads\/2023\/08\/H8f0fe05f6ce04a849984d23754bbc891V-300x200.webp 300w, https:\/\/www.tononplastics.com\/wp-content\/uploads\/2023\/08\/H8f0fe05f6ce04a849984d23754bbc891V-768x512.webp 768w, https:\/\/www.tononplastics.com\/wp-content\/uploads\/2023\/08\/H8f0fe05f6ce04a849984d23754bbc891V-1536x1024.webp 1536w, https:\/\/www.tononplastics.com\/wp-content\/uploads\/2023\/08\/H8f0fe05f6ce04a849984d23754bbc891V-18x12.webp 18w, https:\/\/www.tononplastics.com\/wp-content\/uploads\/2023\/08\/H8f0fe05f6ce04a849984d23754bbc891V.webp 1620w\" sizes=\"(max-width: 1024px) 100vw, 1024px\" \/><\/figure>\n\n\n\n<figure class=\"wp-block-image size-large\"><img decoding=\"async\" width=\"1024\" height=\"576\" data-id=\"16248\" src=\"https:\/\/www.tononplastics.com\/wp-content\/uploads\/2023\/08\/Hdb9578162af048c388296e47f7c0f0c9T-1024x576.webp\" alt=\"\" class=\"wp-image-16248\" title=\"\" srcset=\"https:\/\/www.tononplastics.com\/wp-content\/uploads\/2023\/08\/Hdb9578162af048c388296e47f7c0f0c9T-1024x576.webp 1024w, https:\/\/www.tononplastics.com\/wp-content\/uploads\/2023\/08\/Hdb9578162af048c388296e47f7c0f0c9T-300x169.webp 300w, https:\/\/www.tononplastics.com\/wp-content\/uploads\/2023\/08\/Hdb9578162af048c388296e47f7c0f0c9T-768x432.webp 768w, https:\/\/www.tononplastics.com\/wp-content\/uploads\/2023\/08\/Hdb9578162af048c388296e47f7c0f0c9T-1536x864.webp 1536w, https:\/\/www.tononplastics.com\/wp-content\/uploads\/2023\/08\/Hdb9578162af048c388296e47f7c0f0c9T-18x10.webp 18w, https:\/\/www.tononplastics.com\/wp-content\/uploads\/2023\/08\/Hdb9578162af048c388296e47f7c0f0c9T.webp 1920w\" sizes=\"(max-width: 1024px) 100vw, 1024px\" \/><\/figure>\n<\/figure>\n\n\n<p data-spm-anchor-id=\"a2700.details.0.i27.39d5242dDOiEef\">\u00a0<\/p>\n<div id=\"1700020836475\" class=\"cke-navigation\" contenteditable=\"false\">Produktvorteile<\/div>\n<p><b>1) Energieeinsparung:<\/b><br \/>K\u00fchlung im Sommer, Isolierung im Winter, Ausdauerplatte hat eine niedrigere W\u00e4rmeleitf\u00e4higkeit (K-Wert) als gew\u00f6hnliches Glas und andere Kunststoffe, die W\u00e4rmed\u00e4mmwirkung ist 7%-25% h\u00f6her als die des gleichen Glases, und die W\u00e4rmed\u00e4mmung der Ausdauerplatte betr\u00e4gt bis zu 49%.<br \/>Dadurch wird der W\u00e4rmeverlust stark reduziert, und es wird in Geb\u00e4uden mit Heizungsanlagen verwendet, was ein umweltfreundliches Material ist.<br \/><br \/><b>2. Schalld\u00e4mmung:<\/b><br \/>Die schalld\u00e4mmende Wirkung der Dauerhaftigkeitsplatte ist offensichtlich, und die Schalld\u00e4mmung der Dauerhaftigkeitsplatte ist besser als die des Glases und der Unterverl\u00e4ngerungsplatte derselben Dicke, und die Schalld\u00e4mmung der Dauerhaftigkeitsplatte ist 5-9 dB h\u00f6her als die des Glases unter denselben Dickenbedingungen.<br \/>Auf internationaler Ebene ist es das bevorzugte Material f\u00fcr L\u00e4rmschutzw\u00e4nde an Autobahnen.<br \/><br \/><b>3. Anpassungsf\u00e4higkeit an die Temperatur:<\/b><br \/>PC-Platten werden bei -40 \u00baC nicht kalt und spr\u00f6de, werden bei 125 \u00baC nicht weich und weisen in der rauen Umgebung keine signifikanten Ver\u00e4nderungen ihrer Mechanik und mechanischen Eigenschaften auf.<br \/><br \/><b>4. Flammhemmend:<\/b><br \/>Die nationale Norm GB50222-95 best\u00e4tigt, dass es sich bei der Widerstandsplatte um ein feuerfestes Material handelt, d. h. um die Stufe B1.<br \/>Der Brennpunkt der Leiterplatte selbst liegt bei 580 \u00b0C, und sie erlischt nach dem Brand von selbst; beim Brennen entstehen keine giftigen Gase, und sie tr\u00e4gt nicht zur Ausbreitung des Feuers bei.<br \/><br \/><b>5. UV-Schutz:<\/b><br \/>Eine Seite der PC-Platte ist mit einer UV-Beschichtung koextrudiert, und die andere Seite ist mit einer Anti-Kondensationsbehandlung versehen, die UV-Schutz, W\u00e4rmed\u00e4mmung und Beschlagschutz vereint.<br \/>Es kann den Durchgang ultravioletter Strahlen blockieren und eignet sich zum Schutz wertvoller Kunstwerke und Ausstellungsst\u00fccke vor UV-Sch\u00e4den.<\/p>\n\n\n<figure class=\"wp-block-image size-full is-resized\"><img decoding=\"async\" width=\"1640\" height=\"1000\" src=\"https:\/\/www.tononplastics.com\/wp-content\/uploads\/2024\/03\/16995219633519-1.png\" alt=\"\" class=\"wp-image-16266\" style=\"width:1021px;height:auto\" title=\"\" srcset=\"https:\/\/www.tononplastics.com\/wp-content\/uploads\/2024\/03\/16995219633519-1.png 1640w, https:\/\/www.tononplastics.com\/wp-content\/uploads\/2024\/03\/16995219633519-1-300x183.png 300w, https:\/\/www.tononplastics.com\/wp-content\/uploads\/2024\/03\/16995219633519-1-1024x624.png 1024w, https:\/\/www.tononplastics.com\/wp-content\/uploads\/2024\/03\/16995219633519-1-768x468.png 768w, https:\/\/www.tononplastics.com\/wp-content\/uploads\/2024\/03\/16995219633519-1-1536x937.png 1536w, https:\/\/www.tononplastics.com\/wp-content\/uploads\/2024\/03\/16995219633519-1-18x12.png 18w\" sizes=\"(max-width: 1640px) 100vw, 1640px\" \/><\/figure>","protected":false},"featured_media":14365,"parent":0,"template":"","product-catagories":[171],"product-tag":[],"class_list":["post-15363","product","type-product","status-publish","has-post-thumbnail","hentry","product-catagories-awning"],"acf":[],"_links":{"self":[{"href":"https:\/\/www.tononplastics.com\/de\/wp-json\/wp\/v2\/product\/15363","targetHints":{"allow":["GET"]}}],"collection":[{"href":"https:\/\/www.tononplastics.com\/de\/wp-json\/wp\/v2\/product"}],"about":[{"href":"https:\/\/www.tononplastics.com\/de\/wp-json\/wp\/v2\/types\/product"}],"version-history":[{"count":0,"href":"https:\/\/www.tononplastics.com\/de\/wp-json\/wp\/v2\/product\/15363\/revisions"}],"wp:featuredmedia":[{"embeddable":true,"href":"https:\/\/www.tononplastics.com\/de\/wp-json\/wp\/v2\/media\/14365"}],"wp:attachment":[{"href":"https:\/\/www.tononplastics.com\/de\/wp-json\/wp\/v2\/media?parent=15363"}],"wp:term":[{"taxonomy":"product-catagories","embeddable":true,"href":"https:\/\/www.tononplastics.com\/de\/wp-json\/wp\/v2\/product-catagories?post=15363"},{"taxonomy":"product-tag","embeddable":true,"href":"https:\/\/www.tononplastics.com\/de\/wp-json\/wp\/v2\/product-tag?post=15363"}],"curies":[{"name":"wp","href":"https:\/\/api.w.org\/{rel}","templated":true}]}}