{"id":15364,"date":"2023-08-23T23:43:34","date_gmt":"2023-08-23T15:43:34","guid":{"rendered":"https:\/\/tononplastics.com\/?post_type=product&#038;p=15364"},"modified":"2024-03-25T12:39:59","modified_gmt":"2024-03-25T04:39:59","slug":"polycarbonate-sheet-for-canop-polycarbonate-window-awning","status":"publish","type":"product","link":"https:\/\/www.tononplastics.com\/de\/product\/polycarbonate-sheet-for-canop-polycarbonate-window-awning\/","title":{"rendered":"Polycarbonatplatten f\u00fcr Vord\u00e4cher Polycarbonat-Fenstermarkisen"},"content":{"rendered":"<div id=\"ali-anchor-AliPostDhMb-ikrk2\" data-section=\"AliPostDhMb-ikrk2\" data-section-title=\"Product Description\">\n<div>\n<p><span data-spm-anchor-id=\"a2700.details.0.i44.40e911fecVyXv2\">Markisenbrett<\/span><\/p>\n<p>1) Lichtdurchl\u00e4ssigkeit: bis zu 88%\u00a0<\/p>\n<p>2) Sto\u00dffestigkeit: 80-mal so hoch wie bei Glas, 15-mal so hoch wie bei Acrylglas\u00a0<\/p>\n<\/div>\n<\/div>\n<p align=\"left\">3) Temperaturbest\u00e4ndigkeitsbereich: -40 ~ 120oC<br \/>\n4) Geringes Gewicht: nur 1\/12 des Gewichts von Glas gleicher Dicke<br \/>\n5) Ultraviolettbest\u00e4ndigkeit: mit UV-Schutzschicht<br \/>\n6) Flammbest\u00e4ndigkeit: Klasse B1<br \/>\n7) Schall- und hitzebest\u00e4ndig<\/p>\n<p align=\"left\"><img decoding=\"async\" src=\"https:\/\/sc01.alicdn.com\/kf\/H0ae698f80b9840449576927fcabf54feZ\/200162319\/H0ae698f80b9840449576927fcabf54feZ.jpg\" alt=\"Polycarbonatplatte f\u00fcr Vordach Polycarbonat-Fenstermarkise\" width=\"630\" height=\"662.76\" data-src=\"\/\/sc01.alicdn.com\/kf\/H0ae698f80b9840449576927fcabf54feZ\/200162319\/H0ae698f80b9840449576927fcabf54feZ.jpg\" data-alt=\"polycarbonate sheet for canop polycarbonate window awning\" data-width=\"630\" data- title=\"\"><br \/>\nSpezifikation einer Polycarbonat-Markise<br \/>\nPlatte: 5,5 mm PC-Hohlplatte oder 3,0 mm PC-Vollplatte<br \/>\nB\u00fcgell\u00e4nge 600mm,800mm,1000mm,1200mm,1500mm<br \/>\nFarbe der Halterung Wei\u00df oder Schwarz<br \/>\nAbstand der Halterung kundenspezifisch<br \/>\nMaterial der Halterung Kunststoff oder Aluminium<\/p>\n<p align=\"left\"><img decoding=\"async\" src=\"https:\/\/sc01.alicdn.com\/kf\/H2f4db787a3b343c8b287bd745f006630r\/200162319\/H2f4db787a3b343c8b287bd745f006630r.png\" alt=\"Polycarbonatplatte f\u00fcr Vordach Polycarbonat-Fenstermarkise\" width=\"630\" height=\"362.2162740899357\" data-src=\"\/\/sc01.alicdn.com\/kf\/H2f4db787a3b343c8b287bd745f006630r\/200162319\/H2f4db787a3b343c8b287bd745f006630r.png\" data-alt=\"polycarbonate sheet for canop polycarbonate window awning\" data-width=\"630\" data- title=\"\"><img decoding=\"async\" src=\"https:\/\/sc02.alicdn.com\/kf\/Hab2ac95f2ca34cec9459c4b7915aac1ef\/200162319\/Hab2ac95f2ca34cec9459c4b7915aac1ef.png\" alt=\"Polycarbonatplatte f\u00fcr Vordach Polycarbonat-Fenstermarkise\" width=\"630\" height=\"507.27272727272725\" data-src=\"\/\/sc02.alicdn.com\/kf\/Hab2ac95f2ca34cec9459c4b7915aac1ef\/200162319\/Hab2ac95f2ca34cec9459c4b7915aac1ef.png\" data-alt=\"polycarbonate sheet for canop polycarbonate window awning\" data-width=\"630\" data- title=\"\">\u00a0<\/p>\n<p align=\"left\">\u00a0<\/p>\n<p>Eigenschaften von Polycarbonat:<\/p>\n<p>Licht\u00fcbertragung<br \/>\nDie Lichtdurchl\u00e4ssigkeit erreicht je nach Farbe und Dicke 12%-82%.<\/p>\n<p>UV-Schutz<br \/>\nDank der gesch\u00fctzten Anti-UV-Beschichtung bleiben die mechanischen und optischen Eigenschaften von Polycarbonat-Dachfenstern auch nach der Belichtung perfekt.<\/p>\n<p>Wetter-F\u00e4higkeit<br \/>\nEs ist sehr witterungsbest\u00e4ndig und bietet eine hervorragende Leistung in einem weiten Temperaturbereich von -40\u00b0C bis 120\u00b0C.<br \/>\nFeuerhemmung: UL Entflammbarkeit 94 V-2<\/p>\n<p>Einfache Installation<br \/>\nEinfach zu installieren und kalt biegbar<\/p>\n<p>Schlagz\u00e4higkeit<br \/>\n250-300 mal die Schlagz\u00e4higkeit von gew\u00f6hnlichem Glas und 30 mal die von Acrylplatten der gleichen Dicke, die 2-20 mal das geh\u00e4rtete Glas f\u00e4llt zwei Meter unter 3kg Hammer keine Risse, keine gebrochen.<\/p>\n<p><img decoding=\"async\" src=\"https:\/\/sc02.alicdn.com\/kf\/HTB1xO6PJVXXXXXQXpXXq6xXFXXXE\/200162319\/HTB1xO6PJVXXXXXQXpXXq6xXFXXXE.jpg\" alt=\"Polycarbonatplatte f\u00fcr Vordach Polycarbonat-Fenstermarkise\" width=\"630\" height=\"763.5600000000001\" data-src=\"\/\/sc02.alicdn.com\/kf\/HTB1xO6PJVXXXXXQXpXXq6xXFXXXE\/200162319\/HTB1xO6PJVXXXXXQXpXXq6xXFXXXE.jpg\" data-alt=\"polycarbonate sheet for canop polycarbonate window awning\" data-width=\"630\" data- title=\"\"><img decoding=\"async\" src=\"https:\/\/sc01.alicdn.com\/kf\/H696af1b5dc524570886fcc96da6160f3q\/200162319\/H696af1b5dc524570886fcc96da6160f3q.jpg\" alt=\"Polycarbonatplatte f\u00fcr Vordach Polycarbonat-Fenstermarkise\" width=\"630\" height=\"580.44\" data-src=\"\/\/sc01.alicdn.com\/kf\/H696af1b5dc524570886fcc96da6160f3q\/200162319\/H696af1b5dc524570886fcc96da6160f3q.jpg\" data-alt=\"polycarbonate sheet for canop polycarbonate window awning\" data-width=\"630\" data- title=\"\"><img decoding=\"async\" src=\"https:\/\/sc01.alicdn.com\/kf\/He251bd0b45d14e5583f0a7b16198126fz\/200162319\/He251bd0b45d14e5583f0a7b16198126fz.png\" alt=\"Polycarbonatplatte f\u00fcr Vordach Polycarbonat-Fenstermarkise\" width=\"630\" height=\"156.24\" data-src=\"\/\/sc01.alicdn.com\/kf\/He251bd0b45d14e5583f0a7b16198126fz\/200162319\/He251bd0b45d14e5583f0a7b16198126fz.png\" data-alt=\"polycarbonate sheet for canop polycarbonate window awning\" data-width=\"630\" data- title=\"\"><img decoding=\"async\" src=\"https:\/\/sc02.alicdn.com\/kf\/HTB1c_rWJVXXXXXfXXXXq6xXFXXX4\/200162319\/HTB1c_rWJVXXXXXfXXXXq6xXFXXX4.jpg\" alt=\"Polycarbonatplatte f\u00fcr Vordach Polycarbonat-Fenstermarkise\" width=\"630\" height=\"436.9893899204244\" data-src=\"\/\/sc02.alicdn.com\/kf\/HTB1c_rWJVXXXXXfXXXXq6xXFXXX4\/200162319\/HTB1c_rWJVXXXXXfXXXXq6xXFXXX4.jpg\" data-alt=\"polycarbonate sheet for canop polycarbonate window awning\" data-width=\"630\" data- title=\"\"><img decoding=\"async\" src=\"https:\/\/sc01.alicdn.com\/kf\/Hd35db4f291a3474c9fed03fab96b343dt\/200162319\/Hd35db4f291a3474c9fed03fab96b343dt.jpg\" alt=\"Polycarbonatplatte f\u00fcr Vordach Polycarbonat-Fenstermarkise\" width=\"630\" height=\"420.21000000000004\" data-src=\"\/\/sc01.alicdn.com\/kf\/Hd35db4f291a3474c9fed03fab96b343dt\/200162319\/Hd35db4f291a3474c9fed03fab96b343dt.jpg\" data-alt=\"polycarbonate sheet for canop polycarbonate window awning\" data-width=\"630\" data- title=\"\"><img decoding=\"async\" src=\"https:\/\/sc01.alicdn.com\/kf\/H8ab2ccf15d5542e7a82269c541d00856p\/200162319\/H8ab2ccf15d5542e7a82269c541d00856p.jpg\" alt=\"Polycarbonatplatte f\u00fcr Vordach Polycarbonat-Fenstermarkise\" width=\"630\" height=\"420.21000000000004\" data-src=\"\/\/sc01.alicdn.com\/kf\/H8ab2ccf15d5542e7a82269c541d00856p\/200162319\/H8ab2ccf15d5542e7a82269c541d00856p.jpg\" data-alt=\"polycarbonate sheet for canop polycarbonate window awning\" data-width=\"630\" data- title=\"\"><\/p>\n<div id=\"ali-anchor-AliPostDhMb-slgsl\" data-section=\"AliPostDhMb-slgsl\" data-section-title=\"Packaging &amp; Shipping\">\n<div id=\"ali-title-AliPostDhMb-slgsl\">Verpackung und Versand<\/div>\n<div>\n<p>\u00a0<img decoding=\"async\" src=\"https:\/\/sc02.alicdn.com\/kf\/Hd05fdb0988024155a7956963ea5973acD\/200162319\/Hd05fdb0988024155a7956963ea5973acD.png\" alt=\"Polycarbonatplatte f\u00fcr Vordach Polycarbonat-Fenstermarkise\" width=\"630\" height=\"474.58885941644564\" data-src=\"\/\/sc02.alicdn.com\/kf\/Hd05fdb0988024155a7956963ea5973acD\/200162319\/Hd05fdb0988024155a7956963ea5973acD.png\" data-alt=\"polycarbonate sheet for canop polycarbonate window awning\" data-width=\"630\" data- title=\"\"><img decoding=\"async\" src=\"https:\/\/sc02.alicdn.com\/kf\/H02a52324dc024cdcbaee8c550d0c5b3cR\/200162319\/H02a52324dc024cdcbaee8c550d0c5b3cR.png\" alt=\"Polycarbonatplatte f\u00fcr Vordach Polycarbonat-Fenstermarkise\" width=\"630\" height=\"214.7347480106101\" data-src=\"\/\/sc02.alicdn.com\/kf\/H02a52324dc024cdcbaee8c550d0c5b3cR\/200162319\/H02a52324dc024cdcbaee8c550d0c5b3cR.png\" data-alt=\"polycarbonate sheet for canop polycarbonate window awning\" data-width=\"630\" data- title=\"\"><\/p>\n<\/div>\n<\/div>","protected":false},"featured_media":15366,"parent":0,"template":"","product-catagories":[171],"product-tag":[],"class_list":["post-15364","product","type-product","status-publish","has-post-thumbnail","hentry","product-catagories-awning"],"acf":[],"_links":{"self":[{"href":"https:\/\/www.tononplastics.com\/de\/wp-json\/wp\/v2\/product\/15364","targetHints":{"allow":["GET"]}}],"collection":[{"href":"https:\/\/www.tononplastics.com\/de\/wp-json\/wp\/v2\/product"}],"about":[{"href":"https:\/\/www.tononplastics.com\/de\/wp-json\/wp\/v2\/types\/product"}],"version-history":[{"count":0,"href":"https:\/\/www.tononplastics.com\/de\/wp-json\/wp\/v2\/product\/15364\/revisions"}],"wp:featuredmedia":[{"embeddable":true,"href":"https:\/\/www.tononplastics.com\/de\/wp-json\/wp\/v2\/media\/15366"}],"wp:attachment":[{"href":"https:\/\/www.tononplastics.com\/de\/wp-json\/wp\/v2\/media?parent=15364"}],"wp:term":[{"taxonomy":"product-catagories","embeddable":true,"href":"https:\/\/www.tononplastics.com\/de\/wp-json\/wp\/v2\/product-catagories?post=15364"},{"taxonomy":"product-tag","embeddable":true,"href":"https:\/\/www.tononplastics.com\/de\/wp-json\/wp\/v2\/product-tag?post=15364"}],"curies":[{"name":"wp","href":"https:\/\/api.w.org\/{rel}","templated":true}]}}