{"id":15370,"date":"2023-08-23T23:46:36","date_gmt":"2023-08-23T15:46:36","guid":{"rendered":"https:\/\/tononplastics.com\/?post_type=product&#038;p=15370"},"modified":"2024-03-25T12:23:25","modified_gmt":"2024-03-25T04:23:25","slug":"polycarbonate-sheet-waterproof-window-canopy-awning-aluminum-window-canopy","status":"publish","type":"product","link":"https:\/\/www.tononplastics.com\/de\/product\/polycarbonate-sheet-waterproof-window-canopy-awning-aluminum-window-canopy\/","title":{"rendered":"Wasserdichtes Polycarbonat-Fenstervordach &amp; Markise Aluminium-Fenstervordach"},"content":{"rendered":"<p>Windbest\u00e4ndigkeit, Sto\u00dffestigkeit, Alterungsschutz, Korrosionsschutz, Selbstreinigung durch Regenwasser<br \/>\nGebogenes Design zur Ger\u00e4uschreduzierung, UV-Filterung, 80% Lichtdurchl\u00e4ssigkeit<br \/>\nBlatt:PC-Vollblatt,PC-Sonnenblatt<br \/>\nDie Markise Unterst\u00fctzung Textur: PP-Glasfaser-Mischung<br \/>\nVerbindende Teile: Aluminium-Profil<br \/>\nZubeh\u00f6r:Spreizbolzen<br \/>\nDimension:600mm,800mm,1000mm,1200mm<\/p>\n<p><img decoding=\"async\" src=\"https:\/\/sc01.alicdn.com\/kf\/H2d98bb868b2d4385b8957b7b46c19741H\/200162319\/H2d98bb868b2d4385b8957b7b46c19741H.png\" alt=\"Polycarbonatplatte wasserdichtes Fenstervordach &amp; Markise Aluminium-Fenstervordach\" width=\"630\" height=\"330.7038123167155\" data-src=\"\/\/sc01.alicdn.com\/kf\/H2d98bb868b2d4385b8957b7b46c19741H\/200162319\/H2d98bb868b2d4385b8957b7b46c19741H.png\" data-alt=\"polycarbonate sheet waterproof window canopy &amp; awning aluminum window canopy\" data-width=\"630\" data- title=\"\"><img decoding=\"async\" src=\"https:\/\/sc01.alicdn.com\/kf\/H145c9c7432d4497e82ab7af0f96fa1d5d\/200162319\/H145c9c7432d4497e82ab7af0f96fa1d5d.png\" alt=\"Polycarbonatplatte wasserdichtes Fenstervordach &amp; Markise Aluminium-Fenstervordach\" width=\"630\" height=\"441.5308988764045\" data-src=\"\/\/sc01.alicdn.com\/kf\/H145c9c7432d4497e82ab7af0f96fa1d5d\/200162319\/H145c9c7432d4497e82ab7af0f96fa1d5d.png\" data-alt=\"polycarbonate sheet waterproof window canopy &amp; awning aluminum window canopy\" data-width=\"630\" data- title=\"\"><\/p>\n<p>Die Vorz\u00fcge unserer Produkte sind wie folgt:<br \/>\n*Einfache Installation, geeignet f\u00fcr den Heimwerkermarkt;<br \/>\n*Taifunresistenz der Klasse 12;<br \/>\n*99% Beidseitiger UV-Schutz;<br \/>\n*Sto\u00dffestigkeit;<br \/>\n*Vergilbungsschutz und Alterungsbest\u00e4ndigkeit;<br \/>\n*Chemische Best\u00e4ndigkeit;<br \/>\n*Tieftemperaturbest\u00e4ndigkeit und -verz\u00f6gerung;<br \/>\n*Sicherheitsversicherung mit der Qualifikation unter 376 strengen Tests (CE, TUV und ISO-Zertifikat verf\u00fcgbar);<br \/>\n*Umweltfreundlich.<\/p>\n<p>China Nature Markisen und Vord\u00e4cher k\u00f6nnen an den Fenstern oder T\u00fcren angebracht werden, um Schutz vor schlechtem Wetter zu bieten und Energie zu sparen.<\/p>\n<p><img fetchpriority=\"high\" decoding=\"async\" src=\"https:\/\/sc01.alicdn.com\/kf\/H3f7c937cb4ef463386c7fb3295c98cfdu\/200162319\/H3f7c937cb4ef463386c7fb3295c98cfdu.jpg\" alt=\"Polycarbonatplatte wasserdichtes Fenstervordach &amp; Markise Aluminium-Fenstervordach\" width=\"630\" height=\"630\" data-src=\"\/\/sc01.alicdn.com\/kf\/H3f7c937cb4ef463386c7fb3295c98cfdu\/200162319\/H3f7c937cb4ef463386c7fb3295c98cfdu.jpg\" data-alt=\"polycarbonate sheet waterproof window canopy &amp; awning aluminum window canopy\" data-width=\"630\" data- title=\"\"><\/p>\n<p><strong>Anwendung von Polycarbonat-Markisen:<br \/>\n<\/strong><span style=\"font-size: revert; color: initial;\">Awing vor dem Fenster und vor der T\u00fcr; ;<br \/>\n<\/span><span style=\"font-size: revert; color: initial;\">Vordach \u00fcber der Klimaanlage.<br \/>\n<\/span><span style=\"font-size: revert; color: initial;\">Radfahrer-Fu\u00dfg\u00e4nger-Passage .<\/span><\/p>\n<div id=\"ali-anchor-AliPostDhMb-ocf1v\" data-section=\"AliPostDhMb-ocf1v\" data-section-title=\"Packaging &amp; Shipping\">\n<div id=\"ali-title-AliPostDhMb-ocf1v\"><strong>Verpackung und Versand<\/strong><\/div>\n<div>\n<p>\u00a0<img decoding=\"async\" src=\"https:\/\/sc02.alicdn.com\/kf\/H02a52324dc024cdcbaee8c550d0c5b3cR\/200162319\/H02a52324dc024cdcbaee8c550d0c5b3cR.png\" alt=\"Polycarbonatplatte wasserdichtes Fenstervordach &amp; Markise Aluminium-Fenstervordach\" width=\"630\" height=\"214.7347480106101\" data-src=\"\/\/sc02.alicdn.com\/kf\/H02a52324dc024cdcbaee8c550d0c5b3cR\/200162319\/H02a52324dc024cdcbaee8c550d0c5b3cR.png\" data-alt=\"polycarbonate sheet waterproof window canopy &amp; awning aluminum window canopy\" data-width=\"630\" data- title=\"\"><img decoding=\"async\" src=\"https:\/\/sc02.alicdn.com\/kf\/Hd05fdb0988024155a7956963ea5973acD\/200162319\/Hd05fdb0988024155a7956963ea5973acD.png\" alt=\"Polycarbonatplatte wasserdichtes Fenstervordach &amp; Markise Aluminium-Fenstervordach\" width=\"630\" height=\"474.58885941644564\" data-src=\"\/\/sc02.alicdn.com\/kf\/Hd05fdb0988024155a7956963ea5973acD\/200162319\/Hd05fdb0988024155a7956963ea5973acD.png\" data-alt=\"polycarbonate sheet waterproof window canopy &amp; awning aluminum window canopy\" data-width=\"630\" data- title=\"\"><\/p>\n<\/div>\n<\/div>\n<div id=\"ali-anchor-AliPostDhMb-44gc5\" data-section=\"AliPostDhMb-44gc5\" data-section-title=\"Company Information\">\n<div><\/div>\n<\/div>\n<div id=\"ali-anchor-AliPostDhMb-3shm5\" data-section=\"AliPostDhMb-3shm5\" data-section-title=\"FAQ\">\n<div id=\"ali-title-AliPostDhMb-3shm5\"><\/div>\n<\/div>","protected":false},"featured_media":15124,"parent":0,"template":"","product-catagories":[171],"product-tag":[],"class_list":["post-15370","product","type-product","status-publish","has-post-thumbnail","hentry","product-catagories-awning"],"acf":[],"_links":{"self":[{"href":"https:\/\/www.tononplastics.com\/de\/wp-json\/wp\/v2\/product\/15370","targetHints":{"allow":["GET"]}}],"collection":[{"href":"https:\/\/www.tononplastics.com\/de\/wp-json\/wp\/v2\/product"}],"about":[{"href":"https:\/\/www.tononplastics.com\/de\/wp-json\/wp\/v2\/types\/product"}],"version-history":[{"count":0,"href":"https:\/\/www.tononplastics.com\/de\/wp-json\/wp\/v2\/product\/15370\/revisions"}],"wp:featuredmedia":[{"embeddable":true,"href":"https:\/\/www.tononplastics.com\/de\/wp-json\/wp\/v2\/media\/15124"}],"wp:attachment":[{"href":"https:\/\/www.tononplastics.com\/de\/wp-json\/wp\/v2\/media?parent=15370"}],"wp:term":[{"taxonomy":"product-catagories","embeddable":true,"href":"https:\/\/www.tononplastics.com\/de\/wp-json\/wp\/v2\/product-catagories?post=15370"},{"taxonomy":"product-tag","embeddable":true,"href":"https:\/\/www.tononplastics.com\/de\/wp-json\/wp\/v2\/product-tag?post=15370"}],"curies":[{"name":"wp","href":"https:\/\/api.w.org\/{rel}","templated":true}]}}