{"id":15378,"date":"2023-08-23T23:47:42","date_gmt":"2023-08-23T15:47:42","guid":{"rendered":"https:\/\/tononplastics.com\/?post_type=product&#038;p=15378"},"modified":"2024-03-25T14:43:28","modified_gmt":"2024-03-25T06:43:28","slug":"factory-direct-sale-polycarbonate-awning-pc-canopy-aluminium-plastic-bracket","status":"publish","type":"product","link":"https:\/\/www.tononplastics.com\/de\/product\/factory-direct-sale-polycarbonate-awning-pc-canopy-aluminium-plastic-bracket\/","title":{"rendered":"Fabrik Direktverkauf Polycarbonat Markise PC Vordach Aluminium Kunststoff Halterung"},"content":{"rendered":"<p><img fetchpriority=\"high\" decoding=\"async\" class=\"\" src=\"https:\/\/sc02.alicdn.com\/kf\/Hab2ac95f2ca34cec9459c4b7915aac1ef\/200162319\/Hab2ac95f2ca34cec9459c4b7915aac1ef.png\" alt=\"Fabrik Direktverkauf Polycarbonat Markise PC Vordach Aluminium Kunststoff Halterung\" width=\"334\" height=\"269\" data-src=\"\/\/sc02.alicdn.com\/kf\/Hab2ac95f2ca34cec9459c4b7915aac1ef\/200162319\/Hab2ac95f2ca34cec9459c4b7915aac1ef.png\" data-alt=\"factory direct sale polycarbonate awning PC canopy aluminium plastic bracket\" data-width=\"630\" data- title=\"\"><img decoding=\"async\" class=\"\" src=\"https:\/\/sc01.alicdn.com\/kf\/H2f4db787a3b343c8b287bd745f006630r\/200162319\/H2f4db787a3b343c8b287bd745f006630r.png\" alt=\"Fabrik Direktverkauf Polycarbonat Markise PC Vordach Aluminium Kunststoff Halterung\" width=\"502\" height=\"288\" data-src=\"\/\/sc01.alicdn.com\/kf\/H2f4db787a3b343c8b287bd745f006630r\/200162319\/H2f4db787a3b343c8b287bd745f006630r.png\" data-alt=\"factory direct sale polycarbonate awning PC canopy aluminium plastic bracket\" data-width=\"630\" data- title=\"\"><\/p>\n<div id=\"ali-anchor-AliPostDhMb-stcmy\" data-section=\"AliPostDhMb-stcmy\" data-section-title=\"Product Description\">\n<div id=\"ali-title-AliPostDhMb-stcmy\"><strong>Beschreibung des Produkts<\/strong><\/div>\n<\/div>\n<p>1. neuartiges Design 100cm Aluminiumlegierung<br \/>\n2. einfache Montage und Installation<br \/>\n3. witterungsbest\u00e4ndig<br \/>\n4. Wartungsarm<\/p>\n<div>\n<p><strong>Polycarbonat Aluminium Vordach\/Markise<\/strong><br \/>\n1. 1000X1200mm<br \/>\n2. 2010Jahr Neues und neuartiges Design<br \/>\n3,20 Jahre garantiert<br \/>\n4. Einfach installiert<br \/>\nDas Markisenmaterial, das heutzutage auf dem Markt ist, ist immer noch nicht so gut, besonders bei schlechtem Wetter.  Die Markise mit Stoffbespannung kann dem starken Wind nicht standhalten, w\u00e4hrend das Acryl leicht brechen kann. Aber die st\u00e4rkste rostfreie Markise macht viel L\u00e4rm, wenn es regnet.<\/p>\n<p>Die Polycarbonat-Markise kann dieses Problem hervorragend l\u00f6sen. Sie wird aus einer flexiblen Kunststoffhalterung und einer Polycarbonatplatte zusammengesetzt. Dieses neue Design ist einfach, aber es \u00e4ndert die traditionelle Art und Weise der Anpassung der Nicht-Standard-Markise und Schwei\u00dfen Stahlrahmen.<\/p>\n<p>Die Markise aus Polycarbonat ist ein neuartiges Design, stark und langlebig.  Es kann \u00fcber der T\u00fcr, dem Fenster, der Klimaanlage, dem Geldautomaten, dem Briefkasten im Freien usw. installiert werden, um vor Sonne und Sturm zu sch\u00fctzen. Alle Montageteile werden maschinell in gleichbleibender Qualit\u00e4t hergestellt. Ihre Unzerst\u00f6rbarkeit kann durch den Aufprall einer 4,5 kg schweren Stahlkugel getestet werden, und ihre Alterungsbest\u00e4ndigkeit wurde durch einen beschleunigten Alterungstest gepr\u00fcft, der eine Lebensdauer von 15 Jahren bei Verwendung im Freien zeigt - 8-15 Mal wie eine normale Markise. Au\u00dferdem ist sie UV-gesch\u00fctzt und widersteht Taifun 12.  Diese Serie ist patentrechtlich gesch\u00fctzt und garantiert eine gleichbleibende Qualit\u00e4t.<\/p>\n<p><img decoding=\"async\" src=\"https:\/\/sc01.alicdn.com\/kf\/H0ae698f80b9840449576927fcabf54feZ\/200162319\/H0ae698f80b9840449576927fcabf54feZ.jpg\" alt=\"Fabrik Direktverkauf Polycarbonat Markise PC Vordach Aluminium Kunststoff Halterung\" width=\"630\" height=\"662.76\" data-src=\"\/\/sc01.alicdn.com\/kf\/H0ae698f80b9840449576927fcabf54feZ\/200162319\/H0ae698f80b9840449576927fcabf54feZ.jpg\" data-alt=\"factory direct sale polycarbonate awning PC canopy aluminium plastic bracket\" data-width=\"630\" data- title=\"\"><\/p>\n<p><img decoding=\"async\" src=\"https:\/\/sc01.alicdn.com\/kf\/H2f4db787a3b343c8b287bd745f006630r\/200162319\/H2f4db787a3b343c8b287bd745f006630r.png\" alt=\"Fabrik Direktverkauf Polycarbonat Markise PC Vordach Aluminium Kunststoff Halterung\" width=\"630\" height=\"362.2162740899357\" data-src=\"\/\/sc01.alicdn.com\/kf\/H2f4db787a3b343c8b287bd745f006630r\/200162319\/H2f4db787a3b343c8b287bd745f006630r.png\" data-alt=\"factory direct sale polycarbonate awning PC canopy aluminium plastic bracket\" data-width=\"630\" data- title=\"\"><\/p>\n<\/div>\n<div id=\"ali-anchor-AliPostDhMb-5h5c9\" data-section=\"AliPostDhMb-5h5c9\" data-section-title=\"Packaging &amp; Shipping\">\n<div id=\"ali-title-AliPostDhMb-5h5c9\"><strong>Verpackung und Versand<\/strong><\/div>\n<div>\n<p>\u00a0<img decoding=\"async\" src=\"https:\/\/sc02.alicdn.com\/kf\/Hd05fdb0988024155a7956963ea5973acD\/200162319\/Hd05fdb0988024155a7956963ea5973acD.png\" alt=\"Fabrik Direktverkauf Polycarbonat Markise PC Vordach Aluminium Kunststoff Halterung\" width=\"630\" height=\"474.58885941644564\" data-src=\"\/\/sc02.alicdn.com\/kf\/Hd05fdb0988024155a7956963ea5973acD\/200162319\/Hd05fdb0988024155a7956963ea5973acD.png\" data-alt=\"factory direct sale polycarbonate awning PC canopy aluminium plastic bracket\" data-width=\"630\" data- title=\"\"><img decoding=\"async\" src=\"https:\/\/sc02.alicdn.com\/kf\/H02a52324dc024cdcbaee8c550d0c5b3cR\/200162319\/H02a52324dc024cdcbaee8c550d0c5b3cR.png\" alt=\"Fabrik Direktverkauf Polycarbonat Markise PC Vordach Aluminium Kunststoff Halterung\" width=\"630\" height=\"214.7347480106101\" data-src=\"\/\/sc02.alicdn.com\/kf\/H02a52324dc024cdcbaee8c550d0c5b3cR\/200162319\/H02a52324dc024cdcbaee8c550d0c5b3cR.png\" data-alt=\"factory direct sale polycarbonate awning PC canopy aluminium plastic bracket\" data-width=\"630.\" data- title=\"\"><\/p>\n<\/div>\n<\/div>\n<div id=\"ali-anchor-AliPostDhMb-irqfd\" data-section=\"AliPostDhMb-irqfd\" data-section-title=\"Company Information\">\n<div id=\"ali-title-AliPostDhMb-irqfd\"><strong>Informationen zum Unternehmen<\/strong><\/div>\n<div>\n<p>\u00a0<img decoding=\"async\" src=\"https:\/\/sc01.alicdn.com\/kf\/Hb3bdebb96a2849458ce6dfcbaa19c5d15\/200162319\/Hb3bdebb96a2849458ce6dfcbaa19c5d15.png\" alt=\"Fabrik Direktverkauf Polycarbonat Markise PC Vordach Aluminium Kunststoff Halterung\" width=\"630\" height=\"312.9083665338646\" data-src=\"\/\/sc01.alicdn.com\/kf\/Hb3bdebb96a2849458ce6dfcbaa19c5d15\/200162319\/Hb3bdebb96a2849458ce6dfcbaa19c5d15.png\" data-alt=\"factory direct sale polycarbonate awning PC canopy aluminium plastic bracket\" data-width=\"630\" data- title=\"\"><img decoding=\"async\" src=\"https:\/\/sc01.alicdn.com\/kf\/HTB1ggLnJVXXXXcYXVXXq6xXFXXXP\/200162319\/HTB1ggLnJVXXXXcYXVXXq6xXFXXXP.jpg\" alt=\"Fabrik Direktverkauf Polycarbonat Markise PC Vordach Aluminium Kunststoff Halterung\" width=\"630\" height=\"635.88\" data-src=\"\/\/sc01.alicdn.com\/kf\/HTB1ggLnJVXXXXcYXVXXq6xXFXXXP\/200162319\/HTB1ggLnJVXXXXcYXVXXq6xXFXXXP.jpg\" data-alt=\"factory direct sale polycarbonate awning PC canopy aluminium plastic bracket\" data-width=\"630\" data- title=\"\"><\/p>\n<\/div>\n<\/div>","protected":false},"featured_media":15372,"parent":0,"template":"","product-catagories":[171],"product-tag":[],"class_list":["post-15378","product","type-product","status-publish","has-post-thumbnail","hentry","product-catagories-awning"],"acf":[],"_links":{"self":[{"href":"https:\/\/www.tononplastics.com\/de\/wp-json\/wp\/v2\/product\/15378","targetHints":{"allow":["GET"]}}],"collection":[{"href":"https:\/\/www.tononplastics.com\/de\/wp-json\/wp\/v2\/product"}],"about":[{"href":"https:\/\/www.tononplastics.com\/de\/wp-json\/wp\/v2\/types\/product"}],"version-history":[{"count":0,"href":"https:\/\/www.tononplastics.com\/de\/wp-json\/wp\/v2\/product\/15378\/revisions"}],"wp:featuredmedia":[{"embeddable":true,"href":"https:\/\/www.tononplastics.com\/de\/wp-json\/wp\/v2\/media\/15372"}],"wp:attachment":[{"href":"https:\/\/www.tononplastics.com\/de\/wp-json\/wp\/v2\/media?parent=15378"}],"wp:term":[{"taxonomy":"product-catagories","embeddable":true,"href":"https:\/\/www.tononplastics.com\/de\/wp-json\/wp\/v2\/product-catagories?post=15378"},{"taxonomy":"product-tag","embeddable":true,"href":"https:\/\/www.tononplastics.com\/de\/wp-json\/wp\/v2\/product-tag?post=15378"}],"curies":[{"name":"wp","href":"https:\/\/api.w.org\/{rel}","templated":true}]}}