{"id":15379,"date":"2023-08-23T23:48:41","date_gmt":"2023-08-23T15:48:41","guid":{"rendered":"https:\/\/tononplastics.com\/?post_type=product&#038;p=15379"},"modified":"2024-03-25T16:51:33","modified_gmt":"2024-03-25T08:51:33","slug":"attractive-and-durable-awning-polycarbonate-hollow-awning-the-awning-for-balcony","status":"publish","type":"product","link":"https:\/\/www.tononplastics.com\/de\/product\/attractive-and-durable-awning-polycarbonate-hollow-awning-the-awning-for-balcony\/","title":{"rendered":"Attraktive und langlebige Markise Polycarbonat-Hohlmarkise Die Markise f\u00fcr den Balkon"},"content":{"rendered":"<p><strong>attraktive und langlebige Markise Polycarbonat-Hohlmarkise Die Markise f\u00fcr den Balkon<br \/>\n<\/strong><\/p>\n<table class=\"aliDataTable\" border=\"0\" cellspacing=\"0\" cellpadding=\"0\">\n<tbody>\n<tr>\n<td><strong>W(CM)<\/strong><\/td>\n<td><strong>D(CM)<\/strong><\/td>\n<td><strong>Bemerkung<\/strong><\/td>\n<\/tr>\n<tr>\n<td>100<\/td>\n<td>100<\/td>\n<td>1 Brett, 2 Halterungen, kompletter Satz Zubeh\u00f6r<\/td>\n<\/tr>\n<tr>\n<td>120<\/td>\n<td>100<\/td>\n<td>1 Brett, 2 Halterungen, kompletter Satz Zubeh\u00f6r<\/td>\n<\/tr>\n<tr>\n<td>150<\/td>\n<td>100<\/td>\n<td>1 Brett, 2 Halterungen, kompletter Satz Zubeh\u00f6r<\/td>\n<\/tr>\n<tr>\n<td>180<\/td>\n<td>100<\/td>\n<td>1 Brett, 2 Halterungen, kompletter Satz Zubeh\u00f6r<\/td>\n<\/tr>\n<tr>\n<td>200<\/td>\n<td>100<\/td>\n<td>2 Bretter, 3 Halterungen, kompletter Satz Zubeh\u00f6r<\/td>\n<\/tr>\n<tr>\n<td>240<\/td>\n<td>100<\/td>\n<td>2 Bretter, 3 Halterungen, kompletter Satz Zubeh\u00f6r<\/td>\n<\/tr>\n<\/tbody>\n<\/table>\n<p>1. blatt: PC-Vollblatt, PC-Sonnenblatt<\/p>\n<p>2. das Material der Markisenhalterung: PA+Glasfasermischung<\/p>\n<p>3. die Verbindungsteile: Aluminiumprofil<\/p>\n<p>4.Zubeh\u00f6r:Spreizbolzen<\/p>\n<p><img fetchpriority=\"high\" decoding=\"async\" class=\"\" src=\"https:\/\/sc02.alicdn.com\/kf\/HTB1c_rWJVXXXXXfXXXXq6xXFXXX4\/200162319\/HTB1c_rWJVXXXXXfXXXXq6xXFXXX4.jpg\" alt=\"attraktive und langlebige Markise Polycarbonat-Hohlmarkise Die Markise f\u00fcr den Balkon\" width=\"636\" height=\"441\" data-src=\"\/\/sc02.alicdn.com\/kf\/HTB1c_rWJVXXXXXfXXXXq6xXFXXX4\/200162319\/HTB1c_rWJVXXXXXfXXXXq6xXFXXX4.jpg\" data-alt=\"attractive and durable awning polycarbonate hollow awning The awning for  balcony\" data-width=\"630\" data- title=\"\"><img decoding=\"async\" class=\"\" src=\"https:\/\/sc01.alicdn.com\/kf\/H8ab2ccf15d5542e7a82269c541d00856p\/200162319\/H8ab2ccf15d5542e7a82269c541d00856p.jpg\" alt=\"attraktive und langlebige Markise Polycarbonat-Hohlmarkise Die Markise f\u00fcr den Balkon\" width=\"632\" height=\"421\" data-src=\"\/\/sc01.alicdn.com\/kf\/H8ab2ccf15d5542e7a82269c541d00856p\/200162319\/H8ab2ccf15d5542e7a82269c541d00856p.jpg\" data-alt=\"attractive and durable awning polycarbonate hollow awning The awning for  balcony\" data-width=\"630\" data- title=\"\"><img decoding=\"async\" src=\"https:\/\/sc01.alicdn.com\/kf\/H9272fa42caf843959a9af6e8f6554a49Z\/200162319\/H9272fa42caf843959a9af6e8f6554a49Z.jpg\" alt=\"attraktive und langlebige Markise Polycarbonat-Hohlmarkise Die Markise f\u00fcr den Balkon\" width=\"630\" height=\"420.21000000000004\" data-src=\"\/\/sc01.alicdn.com\/kf\/H9272fa42caf843959a9af6e8f6554a49Z\/200162319\/H9272fa42caf843959a9af6e8f6554a49Z.jpg\" data-alt=\"attractive and durable awning polycarbonate hollow awning The awning for  balcony\" data-width=\"630\" data- title=\"\"><\/p>\n<p><img decoding=\"async\" class=\"\" src=\"https:\/\/sc01.alicdn.com\/kf\/H3f7c937cb4ef463386c7fb3295c98cfdu\/200162319\/H3f7c937cb4ef463386c7fb3295c98cfdu.jpg\" alt=\"attraktive und langlebige Markise Polycarbonat-Hohlmarkise Die Markise f\u00fcr den Balkon\" width=\"329\" height=\"329\" data-src=\"\/\/sc01.alicdn.com\/kf\/H3f7c937cb4ef463386c7fb3295c98cfdu\/200162319\/H3f7c937cb4ef463386c7fb3295c98cfdu.jpg\" data-alt=\"attractive and durable awning polycarbonate hollow awning The awning for  balcony\" data-width=\"630\" data- title=\"\"><img loading=\"lazy\" decoding=\"async\" class=\"\" src=\"https:\/\/sc01.alicdn.com\/kf\/H099167a0f65f4900bf63ad604b9e13e7V\/200162319\/H099167a0f65f4900bf63ad604b9e13e7V.jpg\" alt=\"attraktive und langlebige Markise Polycarbonat-Hohlmarkise Die Markise f\u00fcr den Balkon\" width=\"412\" height=\"412\" data-src=\"\/\/sc01.alicdn.com\/kf\/H099167a0f65f4900bf63ad604b9e13e7V\/200162319\/H099167a0f65f4900bf63ad604b9e13e7V.jpg\" data-alt=\"attractive and durable awning polycarbonate hollow awning The awning for  balcony\" data-width=\"630\" data- title=\"\"><\/p>\n<p><strong>\u00a0Unendlich viele Markisenst\u00fctzen und frei ausfahrbar f\u00fcr die Montage<\/strong><\/p>\n<p>Die innovative Markise unterscheidet sich vollst\u00e4ndig von den traditionellen geschwei\u00dften Markisen, die nach Ma\u00df angefertigt werden, und ist in ihrer Hauptstruktur, die aus PC-Platten und Markisenst\u00fctzen besteht, einfach und in Massenproduktion hergestellt.<\/p>\n<p>$$Ck\u00f6nnen Taifunen (Kategorie 12) sicher widerstehen<\/p>\n<p>Windbest\u00e4ndigkeit, Sto\u00dffestigkeit, Alterungsschutz, Korrosionsschutz, Selbstreinigung durch Regenwasser<\/p>\n<p>Die Markise ist zum Selbermachen geeignet und kann von Hausbesitzern leicht installiert werden, was Kosten und Platz spart.<\/p>\n<p><img decoding=\"async\" src=\"https:\/\/sc01.alicdn.com\/kf\/H0ae698f80b9840449576927fcabf54feZ\/200162319\/H0ae698f80b9840449576927fcabf54feZ.jpg\" alt=\"attraktive und langlebige Markise Polycarbonat-Hohlmarkise Die Markise f\u00fcr den Balkon\" width=\"630\" height=\"662.76\" data-src=\"\/\/sc01.alicdn.com\/kf\/H0ae698f80b9840449576927fcabf54feZ\/200162319\/H0ae698f80b9840449576927fcabf54feZ.jpg\" data-alt=\"attractive and durable awning polycarbonate hollow awning The awning for  balcony\" data-width=\"630\" data- title=\"\"><\/p>\n<div><em><strong>\u00a0Handel&amp;Markt<\/strong><\/em><\/div>\n<table class=\"aliDataTable\" border=\"0\">\n<tbody>\n<tr>\n<td><strong>Wichtigste M\u00e4rkte:<\/strong><\/td>\n<td><strong>Nord-Amerika<br \/>\nS\u00fcdamerika<br \/>\nOst-Europa<br \/>\nS\u00fcdostasien<br \/>\nAfrika<br \/>\nOzeanien<br \/>\nMittlerer Osten<br \/>\nOstasien<br \/>\nWesteuropa<br \/>\n<\/strong><\/td>\n<\/tr>\n<tr>\n<td><strong>Gesamtes j\u00e4hrliches Verkaufsvolumen:<\/strong><\/td>\n<td><strong>US$30 Millionen - US$50 Millionen \u00a0<\/strong><\/td>\n<\/tr>\n<\/tbody>\n<\/table>\n<p><strong><span style=\"color: initial;\">Verpackung und Versand<\/span><\/strong><\/p>\n<div id=\"ali-anchor-AliPostDhMb-6uyfa\" data-section=\"AliPostDhMb-6uyfa\" data-section-title=\"Packaging &amp; Shipping\">\n<div>\n<p>\u00a0<img decoding=\"async\" src=\"https:\/\/sc02.alicdn.com\/kf\/Hd05fdb0988024155a7956963ea5973acD\/200162319\/Hd05fdb0988024155a7956963ea5973acD.png\" alt=\"attraktive und langlebige Markise Polycarbonat-Hohlmarkise Die Markise f\u00fcr den Balkon\" width=\"630\" height=\"474.58885941644564\" data-src=\"\/\/sc02.alicdn.com\/kf\/Hd05fdb0988024155a7956963ea5973acD\/200162319\/Hd05fdb0988024155a7956963ea5973acD.png\" data-alt=\"attractive and durable awning polycarbonate hollow awning The awning for  balcony\" data-width=\"630\" data- title=\"\"><img decoding=\"async\" src=\"https:\/\/sc02.alicdn.com\/kf\/H02a52324dc024cdcbaee8c550d0c5b3cR\/200162319\/H02a52324dc024cdcbaee8c550d0c5b3cR.png\" alt=\"attraktive und langlebige Markise Polycarbonat-Hohlmarkise Die Markise f\u00fcr den Balkon\" width=\"630\" height=\"214.7347480106101\" data-src=\"\/\/sc02.alicdn.com\/kf\/H02a52324dc024cdcbaee8c550d0c5b3cR\/200162319\/H02a52324dc024cdcbaee8c550d0c5b3cR.png\" data-alt=\"attractive and durable awning polycarbonate hollow awning The awning for  balcony\" data-width=\"630\" data- title=\"\"><\/p>\n<\/div>\n<\/div>","protected":false},"featured_media":15374,"parent":0,"template":"","product-catagories":[171],"product-tag":[],"class_list":["post-15379","product","type-product","status-publish","has-post-thumbnail","hentry","product-catagories-awning"],"acf":[],"_links":{"self":[{"href":"https:\/\/www.tononplastics.com\/de\/wp-json\/wp\/v2\/product\/15379","targetHints":{"allow":["GET"]}}],"collection":[{"href":"https:\/\/www.tononplastics.com\/de\/wp-json\/wp\/v2\/product"}],"about":[{"href":"https:\/\/www.tononplastics.com\/de\/wp-json\/wp\/v2\/types\/product"}],"version-history":[{"count":0,"href":"https:\/\/www.tononplastics.com\/de\/wp-json\/wp\/v2\/product\/15379\/revisions"}],"wp:featuredmedia":[{"embeddable":true,"href":"https:\/\/www.tononplastics.com\/de\/wp-json\/wp\/v2\/media\/15374"}],"wp:attachment":[{"href":"https:\/\/www.tononplastics.com\/de\/wp-json\/wp\/v2\/media?parent=15379"}],"wp:term":[{"taxonomy":"product-catagories","embeddable":true,"href":"https:\/\/www.tononplastics.com\/de\/wp-json\/wp\/v2\/product-catagories?post=15379"},{"taxonomy":"product-tag","embeddable":true,"href":"https:\/\/www.tononplastics.com\/de\/wp-json\/wp\/v2\/product-tag?post=15379"}],"curies":[{"name":"wp","href":"https:\/\/api.w.org\/{rel}","templated":true}]}}