{"id":15381,"date":"2023-08-23T23:50:21","date_gmt":"2023-08-23T15:50:21","guid":{"rendered":"https:\/\/tononplastics.com\/?post_type=product&#038;p=15381"},"modified":"2024-03-25T15:35:57","modified_gmt":"2024-03-25T07:35:57","slug":"high-quality-rain-protect-canopy-rain-shelter-canopies-polycarbonate-clear-sheet","status":"publish","type":"product","link":"https:\/\/www.tononplastics.com\/de\/product\/high-quality-rain-protect-canopy-rain-shelter-canopies-polycarbonate-clear-sheet\/","title":{"rendered":"Hochwertige Regen Schutz Vordach regen Schutz Vord\u00e4cher Polycarbonat klar Blatt"},"content":{"rendered":"<figure class=\"wp-block-gallery has-nested-images columns-default is-cropped wp-block-gallery-1 is-layout-flex wp-block-gallery-is-layout-flex\">\n<figure class=\"wp-block-image size-large\"><img fetchpriority=\"high\" decoding=\"async\" width=\"1024\" height=\"624\" data-id=\"16266\" src=\"https:\/\/www.tononplastics.com\/wp-content\/uploads\/2024\/03\/16995219633519-1-1024x624.png\" alt=\"\" class=\"wp-image-16266\" title=\"\" srcset=\"https:\/\/www.tononplastics.com\/wp-content\/uploads\/2024\/03\/16995219633519-1-1024x624.png 1024w, https:\/\/www.tononplastics.com\/wp-content\/uploads\/2024\/03\/16995219633519-1-300x183.png 300w, https:\/\/www.tononplastics.com\/wp-content\/uploads\/2024\/03\/16995219633519-1-768x468.png 768w, https:\/\/www.tononplastics.com\/wp-content\/uploads\/2024\/03\/16995219633519-1-1536x937.png 1536w, https:\/\/www.tononplastics.com\/wp-content\/uploads\/2024\/03\/16995219633519-1-18x12.png 18w, https:\/\/www.tononplastics.com\/wp-content\/uploads\/2024\/03\/16995219633519-1.png 1640w\" sizes=\"(max-width: 1024px) 100vw, 1024px\" \/><\/figure>\n<\/figure>\n\n\n<p><strong>Spezifikationen<\/strong><\/p>\n<div>\n<table border=\"1\">\n<tbody>\n<tr>\n<td>Markise aus Vollpappe<\/td>\n<\/tr>\n<\/tbody>\n<\/table>\n<table border=\"1\">\n<tbody>\n<tr>\n<td>\u00a0Nein.<\/td>\n<td>Modell\u00a0<\/td>\n<td>\u00a0Spezifikation (T*B)mm<\/td>\n<td>\n<p>Dicke der Platte<\/p>\n<p>(mm)\u00a0<\/p>\n<\/td>\n<td>Bemerkung\u00a0<\/td>\n<td>Material des Hauptk\u00f6rpers\u00a0<\/td>\n<\/tr>\n<tr>\n<td>\u00a0Merikanische Markise<\/td>\n<td>600-S(Vollblech)\u00a0<\/td>\n<td>\u00a0600mm*600mm(700mm;800mm)<\/td>\n<td>3\u00a0<\/td>\n<td>1Board, 2Halterungen, kompletter Satz Zubeh\u00f6r\u00a0<\/td>\n<td rowspan=\"5\">\u00a0\u00a0Engineering Plaktische Klammern<\/td>\n<\/tr>\n<tr>\n<td>\u00a0Merikanische Markise<\/td>\n<td>800-S(Vollblech)<\/td>\n<td>800mm*800mm(1000mm;1200mm;1500mm)<\/td>\n<td>3<\/td>\n<td>1Board, 2Halterungen, kompletter Satz Zubeh\u00f6r<\/td>\n<\/tr>\n<tr>\n<td>\u00a0Merikanische Markise<\/td>\n<td>1000-S(Vollblech)<\/td>\n<td>1000mm*800mm(1000mm;1200mm;1500mm)<\/td>\n<td>3<\/td>\n<td>1Board, 2Halterungen, kompletter Satz Zubeh\u00f6r<\/td>\n<\/tr>\n<tr>\n<td>\u00a0Merikanische Markise<\/td>\n<td>1200-S(Vollblech)<\/td>\n<td>1200mm*800mm(1000mm;1200mm;1500mm)<\/td>\n<td>3<\/td>\n<td>1Board, 2Halterungen, kompletter Satz Zubeh\u00f6r<\/td>\n<\/tr>\n<tr>\n<td>\u00a0Merikanische Markise<\/td>\n<td>15100-S(Vollblech)<\/td>\n<td>1500mm*800mm(1000mm;1200mm;1500mm)<\/td>\n<td>3<\/td>\n<td>1Board, 2Halterungen, kompletter Satz Zubeh\u00f6r<\/td>\n<\/tr>\n<\/tbody>\n<\/table>\n<p>\u00a0<\/p>\n<table border=\"1\">\n<tbody>\n<tr>\n<td colspan=\"6\">Pc Hohlkammermarkise<\/td>\n<\/tr>\n<tr>\n<td>Nein.<\/td>\n<td>Modell<\/td>\n<td>Spezifikation (T*B)mm<\/td>\n<td>\n<p>Dicke der Platte<\/p>\n<p>(mm)<\/p>\n<\/td>\n<td>Bemerkung<\/td>\n<td>Material des Hauptk\u00f6rpers<\/td>\n<\/tr>\n<tr>\n<td>Merikanische Markise<\/td>\n<td>600-H(Hohlkammerplatte)<\/td>\n<td>600mm*600mm(800mm;1000mm;1200mm)<\/td>\n<td>6<\/td>\n<td>1Board,2Halterungen,kompletter Satz Zubeh\u00f6r<\/td>\n<td rowspan=\"5\">Engineering Plaktische Klammern<\/td>\n<\/tr>\n<tr>\n<td>Merikanische Markise<\/td>\n<td>800-H(Hohlkammerplatte)<\/td>\n<td>800mm*800mm(1000mm;1200mm;1500mm)<\/td>\n<td>6<\/td>\n<td>1Board,2Halterungen,kompletter Satz Zubeh\u00f6r<\/td>\n<\/tr>\n<tr>\n<td>Merikanische Markise<\/td>\n<td>1000-H(Hohles Blech)<\/td>\n<td>1000mm*800mm(1000mm;1200mm;1500mm)<\/td>\n<td>6<\/td>\n<td>1Board,2Halterungen,kompletter Satz Zubeh\u00f6r<\/td>\n<\/tr>\n<tr>\n<td>Merikanische Markise<\/td>\n<td>1200-H(Hohlkammerplatte)<\/td>\n<td>1200mm*800mm(1000mm;1200mm;1500mm)<\/td>\n<td>6<\/td>\n<td>1Board,2Halterungen,kompletter Satz Zubeh\u00f6r<\/td>\n<\/tr>\n<tr>\n<td>Merikanische Markise<\/td>\n<td>1500-H(Hohlkammerplatte)<\/td>\n<td>1500mm*800mm(1000mm;1200mm;1500mm)<\/td>\n<td>6<\/td>\n<td>1Board,2Halterungen,kompletter Satz Zubeh\u00f6r<\/td>\n<\/tr>\n<\/tbody>\n<\/table>\n<\/div>\n<p>Wei\u00df Markisenst\u00fctze\u00a0<br \/>1) konkurrenzf\u00e4higer Preis\u00a0<br \/>2) aushaltbar\u00a0<br \/><img decoding=\"async\" class=\"\" src=\"https:\/\/sc02.alicdn.com\/kf\/H9f08f5ed02234de4be18cc9d36d18cc91\/200162319\/H9f08f5ed02234de4be18cc9d36d18cc91.jpg\" alt=\"Hochwertige Regen Schutz Vordach regen Schutz Vord\u00e4cher Polycarbonat klar Blatt\" width=\"376\" height=\"376\" data-src=\"\/\/sc02.alicdn.com\/kf\/H9f08f5ed02234de4be18cc9d36d18cc91\/200162319\/H9f08f5ed02234de4be18cc9d36d18cc91.jpg\" data-alt=\"High Quality Rain Protect Canopy rain shelter canopies polycarbonate clear sheet\" data-width=\"630\" data- title=\"\"><img decoding=\"async\" class=\"\" src=\"https:\/\/sc02.alicdn.com\/kf\/Had0756212dc14f48b5c605d06ad52305b\/200162319\/Had0756212dc14f48b5c605d06ad52305b.jpg\" alt=\"Hochwertige Regen Schutz Vordach regen Schutz Vord\u00e4cher Polycarbonat klar Blatt\" width=\"377\" height=\"377\" data-src=\"\/\/sc02.alicdn.com\/kf\/Had0756212dc14f48b5c605d06ad52305b\/200162319\/Had0756212dc14f48b5c605d06ad52305b.jpg\" data-alt=\"High Quality Rain Protect Canopy rain shelter canopies polycarbonate clear sheet\" data-width=\"630\" data- title=\"\"><\/p>\n<div>\u00a0<\/div>\n<p><strong>Wei\u00df Markisenst\u00fctze<\/strong><\/p>\n<p>*Angepasste Farben und Abmessungen auf Anfrage erh\u00e4ltlich<\/p>\n<div>\n<p><strong>Produktmerkmale:<\/strong><\/p>\n<p>Windbest\u00e4ndigkeit, Sto\u00dffestigkeit, Alterungsschutz, Korrosionsschutz, Selbstreinigung durch Regenwasser, gebogenes Design zur Ger\u00e4uschreduzierung, UV-Filterung, 80% Lichtdurchl\u00e4ssigkeit.<\/p>\n<p>*Blech: PC-Folie, PC-Sonnenschutzfolie, Aluminium-Kunststoffplatte, Porenbetonplatte<\/p>\n<p>*Die Markise Unterst\u00fctzung Textur: ABS-PVC-Mischung<\/p>\n<p>*Verbindungsteile: H\/U-Profil<\/p>\n<p>*Zubeh\u00f6r: Spreizbolzen<\/p>\n<p>*Length:600mm,800mm,1000mm,1200mm<\/p>\n<p>*Unendlich viele Markisenst\u00fctzen und frei ausfahrbar f\u00fcr den Zusammenbau<\/p>\n<p>*Die innovative Markise unterscheidet sich vollst\u00e4ndig von den traditionellen, nach Ma\u00df geschwei\u00dften Markisen. *Eine Markise, die in ihrer Hauptstruktur einfach aus einer Abdeckplatte und geformten Tr\u00e4gern besteht.<\/p>\n<p>*Da die Markise in Massenproduktion hergestellt wird und dem strengen Designstandard entspricht, ist sie von gleichbleibend hoher Produktqualit\u00e4t.<\/p>\n<p>*Die Markise kann als komplettes Set mit den Hauptkomponenten der Struktur und den Standardbefestigungselementen geliefert werden.<\/p>\n<p>*Die Markise ist zum Selbsteinbau geeignet und kann von Hausbesitzern installiert werden. Die Gesamtkosten f\u00fcr Arbeit und Teile sind m\u00f6glicherweise nur halb so hoch wie die einer ma\u00dfgefertigten Markise.<\/p>\n<p>\u00a0*Die Markise ist aus fortschrittlichen Materialien gefertigt, hat eine stabile Struktur und h\u00e4lt auch starken St\u00fcrmen stand.<\/p>\n<p>*Die Markise ist gut gebaut, verrottungsfest und sto\u00dffest. Die Ger\u00e4usche des Windes und des Regens werden auf dem Markisen-Scoverboard weitgehend reduziert.<br \/><img loading=\"lazy\" decoding=\"async\" class=\"\" src=\"https:\/\/sc02.alicdn.com\/kf\/HTB1JnbWkNuTBuNkHFNRq6A9qpXaz\/200162319\/HTB1JnbWkNuTBuNkHFNRq6A9qpXaz.jpg\" alt=\"Hochwertige Regen Schutz Vordach regen Schutz Vord\u00e4cher Polycarbonat klar Blatt\" width=\"395\" height=\"297\" data-src=\"\/\/sc02.alicdn.com\/kf\/HTB1JnbWkNuTBuNkHFNRq6A9qpXaz\/200162319\/HTB1JnbWkNuTBuNkHFNRq6A9qpXaz.jpg\" data-alt=\"High Quality Rain Protect Canopy rain shelter canopies polycarbonate clear sheet\" data-width=\"630\" data- title=\"\"><img loading=\"lazy\" decoding=\"async\" class=\"\" src=\"https:\/\/sc01.alicdn.com\/kf\/HTB1Om2YgCcqBKNjSZFgq6x_kXXaN\/200162319\/HTB1Om2YgCcqBKNjSZFgq6x_kXXaN.jpg\" alt=\"Hochwertige Regen Schutz Vordach regen Schutz Vord\u00e4cher Polycarbonat klar Blatt\" width=\"394\" height=\"296\" data-src=\"\/\/sc01.alicdn.com\/kf\/HTB1Om2YgCcqBKNjSZFgq6x_kXXaN\/200162319\/HTB1Om2YgCcqBKNjSZFgq6x_kXXaN.jpg\" data-alt=\"High Quality Rain Protect Canopy rain shelter canopies polycarbonate clear sheet\" data-width=\"630\" data- title=\"\"><\/p>\n<\/div>\n<div id=\"ali-anchor-AliPostDhMb-4ly65\" class=\"mceSectionContainer\" data-section=\"AliPostDhMb-4ly65\" data-section-title=\"Packaging &amp; Shipping\">\n<div id=\"ali-title-AliPostDhMb-4ly65\">Verpackung und Versand<\/div>\n<div>\n<p>\u00a0<img decoding=\"async\" src=\"https:\/\/sc02.alicdn.com\/kf\/Hd05fdb0988024155a7956963ea5973acD\/200162319\/Hd05fdb0988024155a7956963ea5973acD.png\" alt=\"Hochwertige Regen Schutz Vordach regen Schutz Vord\u00e4cher Polycarbonat klar Blatt\" width=\"630\" height=\"474.58885941644564\" data-src=\"\/\/sc02.alicdn.com\/kf\/Hd05fdb0988024155a7956963ea5973acD\/200162319\/Hd05fdb0988024155a7956963ea5973acD.png\" data-alt=\"High Quality Rain Protect Canopy rain shelter canopies polycarbonate clear sheet\" data-width=\"630\" data- title=\"\"><\/p>\n<\/div>\n<\/div>","protected":false},"featured_media":15376,"parent":0,"template":"","product-catagories":[171],"product-tag":[],"class_list":["post-15381","product","type-product","status-publish","has-post-thumbnail","hentry","product-catagories-awning"],"acf":[],"_links":{"self":[{"href":"https:\/\/www.tononplastics.com\/de\/wp-json\/wp\/v2\/product\/15381","targetHints":{"allow":["GET"]}}],"collection":[{"href":"https:\/\/www.tononplastics.com\/de\/wp-json\/wp\/v2\/product"}],"about":[{"href":"https:\/\/www.tononplastics.com\/de\/wp-json\/wp\/v2\/types\/product"}],"version-history":[{"count":0,"href":"https:\/\/www.tononplastics.com\/de\/wp-json\/wp\/v2\/product\/15381\/revisions"}],"wp:featuredmedia":[{"embeddable":true,"href":"https:\/\/www.tononplastics.com\/de\/wp-json\/wp\/v2\/media\/15376"}],"wp:attachment":[{"href":"https:\/\/www.tononplastics.com\/de\/wp-json\/wp\/v2\/media?parent=15381"}],"wp:term":[{"taxonomy":"product-catagories","embeddable":true,"href":"https:\/\/www.tononplastics.com\/de\/wp-json\/wp\/v2\/product-catagories?post=15381"},{"taxonomy":"product-tag","embeddable":true,"href":"https:\/\/www.tononplastics.com\/de\/wp-json\/wp\/v2\/product-tag?post=15381"}],"curies":[{"name":"wp","href":"https:\/\/api.w.org\/{rel}","templated":true}]}}