{"id":15383,"date":"2023-08-23T23:52:10","date_gmt":"2023-08-23T15:52:10","guid":{"rendered":"https:\/\/tononplastics.com\/?post_type=product&#038;p=15383"},"modified":"2024-03-25T17:16:37","modified_gmt":"2024-03-25T09:16:37","slug":"diy-reliable-awning-for-balcony-roof-or-windows-awning","status":"publish","type":"product","link":"https:\/\/www.tononplastics.com\/de\/product\/diy-reliable-awning-for-balcony-roof-or-windows-awning\/","title":{"rendered":"DIY zuverl\u00e4ssige Markise f\u00fcr Balkondach oder Fenstermarkise"},"content":{"rendered":"<p align=\"left\"><strong style=\"color: initial;\">Beschreibung des Produkts<\/strong><\/p>\n<p align=\"left\">\u00a0 \u00a0Die Markisenst\u00fctze ist stark und widerstandsf\u00e4hig. 4,5 Kilogramm schwere Eisenkugeln k\u00f6nnen sie nicht verletzen. Die Lebensdauer ist 8-15 Mal so hoch wie bei herk\u00f6mmlichen Markisen. Da sie unter schlechten Wetterbedingungen getestet wurden, k\u00f6nnen die amerikanischen Markisenst\u00fctzen mehr als 20 Jahre verwendet werden.<\/p>\n<p align=\"left\">\u00a0 \u00a0 Die aktuellen urspr\u00fcnglichen Markisen Texturen sind nicht gut genug.Es ist gef\u00e4hrlich, durch Taifune Widerstand.Stoff Markise und Plexiglas Markise kann auch nicht widerstehen Taifune dauerhaft.aber Merican Markise unterst\u00fctzt sind aus fortschrittlichen Materialien, so dass die Merican Markise unterst\u00fctzt kann dauerhaft widerstehen Taifune und reduzieren L\u00e4rm.<\/p>\n<p align=\"left\">\u00a0 \u00a0 \u00a0Die Markise ist zum Selbermachen geeignet und kann von Hausbesitzern leicht installiert werden, was Kosten und Platz spart.<\/p>\n<p align=\"left\">\u00a0<img decoding=\"async\" src=\"https:\/\/sc01.alicdn.com\/kf\/H145c9c7432d4497e82ab7af0f96fa1d5d\/200162319\/H145c9c7432d4497e82ab7af0f96fa1d5d.png\" alt=\"DIY zuverl\u00e4ssige Markise f\u00fcr Balkondach oder Fenstermarkise\" width=\"630\" height=\"441.5308988764045\" data-src=\"\/\/sc01.alicdn.com\/kf\/H145c9c7432d4497e82ab7af0f96fa1d5d\/200162319\/H145c9c7432d4497e82ab7af0f96fa1d5d.png\" data-alt=\"DIY reliable awning for Balcony roof or Windows awning\" data-width=\"630\" data- title=\"\"><img decoding=\"async\" src=\"https:\/\/sc01.alicdn.com\/kf\/H2d98bb868b2d4385b8957b7b46c19741H\/200162319\/H2d98bb868b2d4385b8957b7b46c19741H.png\" alt=\"DIY zuverl\u00e4ssige Markise f\u00fcr Balkondach oder Fenstermarkise\" width=\"630\" height=\"330.7038123167155\" data-src=\"\/\/sc01.alicdn.com\/kf\/H2d98bb868b2d4385b8957b7b46c19741H\/200162319\/H2d98bb868b2d4385b8957b7b46c19741H.png\" data-alt=\"DIY reliable awning for Balcony roof or Windows awning\" data-width=\"630\" data- title=\"\"><\/p>\n<div id=\"ali-anchor-AliPostDhMb-iaq4y\" data-section=\"AliPostDhMb-iaq4y\" data-section-title=\"Packaging &amp; Shipping\"><\/div>\n<table border=\"0\" cellspacing=\"0\" cellpadding=\"0\">\n<tbody>\n<tr>\n<td height=\"20\">FAQ<\/td>\n<td><\/td>\n<td><\/td>\n<\/tr>\n<tr>\n<td colspan=\"3\" height=\"20\">1.Q:Sind Sie ein Handelsunternehmen oder ein Hersteller?<\/td>\n<\/tr>\n<tr>\n<td colspan=\"3\" height=\"20\">A:Wir sind Hersteller.<\/td>\n<\/tr>\n<tr>\n<td colspan=\"3\" height=\"20\">2. Q: Wie lang ist Ihre Lieferzeit?<\/td>\n<\/tr>\n<tr>\n<td colspan=\"3\" height=\"20\">A: Nach der diddiculty und Quantit\u00e4t der Produktverarbeitung, eine angemessene Ankunftszeit wird Ihnen gegeben werden.<\/td>\n<\/tr>\n<tr>\n<td colspan=\"3\" height=\"20\">3.Q: Bieten Sie Muster an? Ist das kostenlos oder extra?<\/td>\n<\/tr>\n<tr>\n<td colspan=\"3\" height=\"20\">A: Ja, wir k\u00f6nnen die Probe kostenlos anbieten, aber wir zahlen nicht die Frachtkosten.<\/td>\n<\/tr>\n<tr>\n<td colspan=\"3\" height=\"20\">4.Q: Was sind die After-Sale-Dienstleistungen?<\/td>\n<\/tr>\n<tr>\n<td colspan=\"3\" height=\"20\">A: Im Falle von Qualit\u00e4tsproblemen kann das Paket innerhalb von 90 Tagen umgetauscht werden.<\/td>\n<\/tr>\n<\/tbody>\n<\/table>\n<p align=\"left\">\u00a0<img decoding=\"async\" src=\"https:\/\/sc01.alicdn.com\/kf\/HTB1Zj.KsVmWBuNjSspdq6zugXXa2\/200162319\/HTB1Zj.KsVmWBuNjSspdq6zugXXa2.jpg\" alt=\"DIY zuverl\u00e4ssige Markise f\u00fcr Balkondach oder Fenstermarkise\" width=\"630\" height=\"863.013698630137\" data-src=\"\/\/sc01.alicdn.com\/kf\/HTB1Zj.KsVmWBuNjSspdq6zugXXa2\/200162319\/HTB1Zj.KsVmWBuNjSspdq6zugXXa2.jpg\" data-alt=\"DIY reliable awning for Balcony roof or Windows awning\" data-width=\"630\" data- title=\"\"><\/p>","protected":false},"featured_media":16070,"parent":0,"template":"","product-catagories":[171],"product-tag":[],"class_list":["post-15383","product","type-product","status-publish","has-post-thumbnail","hentry","product-catagories-awning"],"acf":[],"_links":{"self":[{"href":"https:\/\/www.tononplastics.com\/de\/wp-json\/wp\/v2\/product\/15383","targetHints":{"allow":["GET"]}}],"collection":[{"href":"https:\/\/www.tononplastics.com\/de\/wp-json\/wp\/v2\/product"}],"about":[{"href":"https:\/\/www.tononplastics.com\/de\/wp-json\/wp\/v2\/types\/product"}],"version-history":[{"count":0,"href":"https:\/\/www.tononplastics.com\/de\/wp-json\/wp\/v2\/product\/15383\/revisions"}],"wp:featuredmedia":[{"embeddable":true,"href":"https:\/\/www.tononplastics.com\/de\/wp-json\/wp\/v2\/media\/16070"}],"wp:attachment":[{"href":"https:\/\/www.tononplastics.com\/de\/wp-json\/wp\/v2\/media?parent=15383"}],"wp:term":[{"taxonomy":"product-catagories","embeddable":true,"href":"https:\/\/www.tononplastics.com\/de\/wp-json\/wp\/v2\/product-catagories?post=15383"},{"taxonomy":"product-tag","embeddable":true,"href":"https:\/\/www.tononplastics.com\/de\/wp-json\/wp\/v2\/product-tag?post=15383"}],"curies":[{"name":"wp","href":"https:\/\/api.w.org\/{rel}","templated":true}]}}