{"id":15392,"date":"2023-08-23T23:57:06","date_gmt":"2023-08-23T15:57:06","guid":{"rendered":"https:\/\/tononplastics.com\/?post_type=product&#038;p=15392"},"modified":"2024-03-25T17:18:59","modified_gmt":"2024-03-25T09:18:59","slug":"durable-polycarbonate-window-awning-brackets-for-canopy","status":"publish","type":"product","link":"https:\/\/www.tononplastics.com\/de\/product\/durable-polycarbonate-window-awning-brackets-for-canopy\/","title":{"rendered":"Langlebige Markisenhalterungen aus Polycarbonat f\u00fcr Vord\u00e4cher"},"content":{"rendered":"<p><strong>Markise Produktmerkmal:<\/strong><\/p>\n<p data-spm-anchor-id=\"a2700.details.0.i27.5cb425173i2LV2\">Windbest\u00e4ndigkeit, Schlagfestigkeit, Alterungsbest\u00e4ndigkeit, Korrosionsschutz, Selbstreinigung durch Regenwasser, gebogenes Design zur Ger\u00e4uschreduzierung, UV-Filterung, 80%-Lichtdurchl\u00e4ssigkeit.<\/p>\n<p><strong>Die Spezifikation des Vorzelts:<\/strong><\/p>\n<table class=\"aliDataTable\" style=\"width: 636px; height: 560px;\">\n<tbody>\n<tr style=\"height: 28px;\" align=\"left\">\n<td style=\"height: 28px;\" valign=\"top\">\n<p>Nein.<\/p>\n<\/td>\n<td style=\"height: 28px;\" align=\"center\" valign=\"top\">\n<p>Modell<\/p>\n<\/td>\n<td style=\"height: 28px;\" valign=\"top\">\n<p>Spez.(B*T)mm<\/p>\n<\/td>\n<\/tr>\n<tr style=\"height: 118px;\" align=\"left\">\n<td style=\"height: 590px;\" rowspan=\"5\" valign=\"top\">\n<p>Merikanische Markise<\/p>\n<\/td>\n<td style=\"height: 118px;\" align=\"center\" valign=\"top\">\n<p>600<\/p>\n<\/td>\n<td style=\"height: 118px;\" valign=\"top\">\n<p>600*600, 600*800, 600*1000<\/p>\n<\/td>\n<\/tr>\n<tr style=\"height: 118px;\" align=\"left\">\n<td style=\"height: 118px;\" align=\"center\" valign=\"top\">\n<p>800<\/p>\n<\/td>\n<td style=\"height: 118px;\" valign=\"top\">\n<p>800*800 ,800*1000, 800*1200<\/p>\n<\/td>\n<\/tr>\n<tr style=\"height: 118px;\" align=\"left\">\n<td style=\"height: 118px;\" align=\"center\" valign=\"top\">\n<p>1000<\/p>\n<\/td>\n<td style=\"height: 118px;\" valign=\"top\">\n<p>1000*1000 ,1000*1200,1000*1500<\/p>\n<\/td>\n<\/tr>\n<tr style=\"height: 118px;\" align=\"left\">\n<td style=\"height: 118px;\" align=\"center\" valign=\"top\">\n<p>1200<\/p>\n<\/td>\n<td style=\"height: 118px;\" valign=\"top\">\n<p>1200*1200 ,1200*1000,,1200*1500<\/p>\n<\/td>\n<\/tr>\n<tr style=\"height: 118px;\" align=\"left\">\n<td style=\"height: 118px;\" align=\"center\" valign=\"top\">\n<p>1500<\/p>\n<\/td>\n<td style=\"height: 118px;\" valign=\"top\">\n<p>1500*1000 ,1500*1200<\/p>\n<\/td>\n<\/tr>\n<\/tbody>\n<\/table>\n<div><img decoding=\"async\" src=\"https:\/\/sc02.alicdn.com\/kf\/HTB1c_rWJVXXXXXfXXXXq6xXFXXX4\/200162319\/HTB1c_rWJVXXXXXfXXXXq6xXFXXX4.jpg\" alt=\"Langlebige Markisenhalterungen aus Polycarbonat f\u00fcr Vord\u00e4cher\" width=\"630\" height=\"436.9893899204244\" data-src=\"\/\/sc02.alicdn.com\/kf\/HTB1c_rWJVXXXXXfXXXXq6xXFXXX4\/200162319\/HTB1c_rWJVXXXXXfXXXXq6xXFXXX4.jpg\" data-alt=\"Durable polycarbonate window awning brackets for canopy\" data-width=\"630\" data- title=\"\"><\/div>\n<div><img decoding=\"async\" src=\"https:\/\/sc02.alicdn.com\/kf\/HTB1xO6PJVXXXXXQXpXXq6xXFXXXE\/200162319\/HTB1xO6PJVXXXXXQXpXXq6xXFXXXE.jpg\" alt=\"Langlebige Markisenhalterungen aus Polycarbonat f\u00fcr Vord\u00e4cher\" width=\"630\" height=\"763.5600000000001\" data-src=\"\/\/sc02.alicdn.com\/kf\/HTB1xO6PJVXXXXXQXpXXq6xXFXXXE\/200162319\/HTB1xO6PJVXXXXXQXpXXq6xXFXXXE.jpg\" data-alt=\"Durable polycarbonate window awning brackets for canopy\" data-width=\"630\" data- title=\"\"><\/div>\n<div>\u00a0<\/div>\n<div id=\"ali-anchor-AliPostDhMb-w8n97\" data-section=\"AliPostDhMb-w8n97\" data-section-title=\"Packaging &amp; Shipping\">\n<div id=\"ali-title-AliPostDhMb-w8n97\"><strong>Verpackung und Versand<\/strong><\/div>\n<div>\n<p>\u00a0<img decoding=\"async\" src=\"https:\/\/sc01.alicdn.com\/kf\/HTB1whXpKXXXXXckXFXXq6xXFXXXA\/200162319\/HTB1whXpKXXXXXckXFXXq6xXFXXXA.jpg\" width=\"630\" height=\"191.33858267716533\" data-src=\"\/\/sc01.alicdn.com\/kf\/HTB1whXpKXXXXXckXFXXq6xXFXXXA\/200162319\/HTB1whXpKXXXXXckXFXXq6xXFXXXA.jpg\" data-width=\"630\" data- alt=\"\" title=\"\"><\/p>\n<p>\u00a0<\/p>\n<\/div>\n<\/div>\n<p><strong><span style=\"font-size: revert; color: initial;\">Licht\u00fcbertragung<\/span><\/strong><\/p>\n<div>\n<p>Die Lichtdurchl\u00e4ssigkeit erreicht je nach Farbe und Dicke 12%-82%.<\/p>\n<p><strong>UV-Schutz<\/strong><br \/>Dank der gesch\u00fctzten Anti-UV-Beschichtung bleiben die mechanischen und optischen Eigenschaften von Polycarbonat-Dachfenstern auch nach der Belichtung perfekt.<\/p>\n<p><strong>Wetter-F\u00e4higkeit<\/strong><br \/>Es ist sehr witterungsbest\u00e4ndig und bietet eine hervorragende Leistung in einem weiten Temperaturbereich von -40\u00b0C bis 120\u00b0C.<br \/>Feuerhemmung: UL Entflammbarkeit 94 V-2<\/p>\n<p><strong>Einfache Installation<\/strong><br \/>Einfach zu installieren und kalt biegbar<\/p>\n<p><strong>Schlagz\u00e4higkeit<\/strong><br \/>250-300 mal die Schlagz\u00e4higkeit von gew\u00f6hnlichem Glas und 30 mal die von Acrylplatten der gleichen Dicke, die 2-20 mal das geh\u00e4rtete Glas f\u00e4llt zwei Meter unter 3kg Hammer keine Risse, keine gebrochen.<\/p>\n<p><img decoding=\"async\" src=\"https:\/\/sc01.alicdn.com\/kf\/H0ae698f80b9840449576927fcabf54feZ\/200162319\/H0ae698f80b9840449576927fcabf54feZ.jpg\" alt=\"Langlebige Markisenhalterungen aus Polycarbonat f\u00fcr Vord\u00e4cher\" width=\"630\" height=\"662.76\" data-src=\"\/\/sc01.alicdn.com\/kf\/H0ae698f80b9840449576927fcabf54feZ\/200162319\/H0ae698f80b9840449576927fcabf54feZ.jpg\" data-alt=\"Durable polycarbonate window awning brackets for canopy\" data-width=\"630\" data- title=\"\"><img decoding=\"async\" src=\"https:\/\/sc02.alicdn.com\/kf\/HTB1c_rWJVXXXXXfXXXXq6xXFXXX4\/200162319\/HTB1c_rWJVXXXXXfXXXXq6xXFXXX4.jpg\" alt=\"Langlebige Markisenhalterungen aus Polycarbonat f\u00fcr Vord\u00e4cher\" width=\"630\" height=\"436.9893899204244\" data-src=\"\/\/sc02.alicdn.com\/kf\/HTB1c_rWJVXXXXXfXXXXq6xXFXXX4\/200162319\/HTB1c_rWJVXXXXXfXXXXq6xXFXXX4.jpg\" data-alt=\"Durable polycarbonate window awning brackets for canopy\" data-width=\"630\" data- title=\"\"><img decoding=\"async\" src=\"https:\/\/sc01.alicdn.com\/kf\/H8ab2ccf15d5542e7a82269c541d00856p\/200162319\/H8ab2ccf15d5542e7a82269c541d00856p.jpg\" alt=\"Langlebige Markisenhalterungen aus Polycarbonat f\u00fcr Vord\u00e4cher\" width=\"630\" height=\"420.21000000000004\" data-src=\"\/\/sc01.alicdn.com\/kf\/H8ab2ccf15d5542e7a82269c541d00856p\/200162319\/H8ab2ccf15d5542e7a82269c541d00856p.jpg\" data-alt=\"Durable polycarbonate window awning brackets for canopy\" data-width=\"630\" data- title=\"\"><img decoding=\"async\" src=\"https:\/\/sc01.alicdn.com\/kf\/Hd35db4f291a3474c9fed03fab96b343dt\/200162319\/Hd35db4f291a3474c9fed03fab96b343dt.jpg\" alt=\"Langlebige Markisenhalterungen aus Polycarbonat f\u00fcr Vord\u00e4cher\" width=\"630\" height=\"420.21000000000004\" data-src=\"\/\/sc01.alicdn.com\/kf\/Hd35db4f291a3474c9fed03fab96b343dt\/200162319\/Hd35db4f291a3474c9fed03fab96b343dt.jpg\" data-alt=\"Durable polycarbonate window awning brackets for canopy\" data-width=\"630\" data- title=\"\"><\/p>\n<\/div>","protected":false},"featured_media":15401,"parent":0,"template":"","product-catagories":[171],"product-tag":[],"class_list":["post-15392","product","type-product","status-publish","has-post-thumbnail","hentry","product-catagories-awning"],"acf":[],"_links":{"self":[{"href":"https:\/\/www.tononplastics.com\/de\/wp-json\/wp\/v2\/product\/15392","targetHints":{"allow":["GET"]}}],"collection":[{"href":"https:\/\/www.tononplastics.com\/de\/wp-json\/wp\/v2\/product"}],"about":[{"href":"https:\/\/www.tononplastics.com\/de\/wp-json\/wp\/v2\/types\/product"}],"version-history":[{"count":0,"href":"https:\/\/www.tononplastics.com\/de\/wp-json\/wp\/v2\/product\/15392\/revisions"}],"wp:featuredmedia":[{"embeddable":true,"href":"https:\/\/www.tononplastics.com\/de\/wp-json\/wp\/v2\/media\/15401"}],"wp:attachment":[{"href":"https:\/\/www.tononplastics.com\/de\/wp-json\/wp\/v2\/media?parent=15392"}],"wp:term":[{"taxonomy":"product-catagories","embeddable":true,"href":"https:\/\/www.tononplastics.com\/de\/wp-json\/wp\/v2\/product-catagories?post=15392"},{"taxonomy":"product-tag","embeddable":true,"href":"https:\/\/www.tononplastics.com\/de\/wp-json\/wp\/v2\/product-tag?post=15392"}],"curies":[{"name":"wp","href":"https:\/\/api.w.org\/{rel}","templated":true}]}}