{"id":15394,"date":"2023-08-24T00:01:21","date_gmt":"2023-08-23T16:01:21","guid":{"rendered":"https:\/\/tononplastics.com\/?post_type=product&#038;p=15394"},"modified":"2024-04-22T09:03:42","modified_gmt":"2024-04-22T01:03:42","slug":"songlang-polycarbonate-profile-h","status":"publish","type":"product","link":"https:\/\/www.tononplastics.com\/de\/product\/songlang-polycarbonate-profile-h\/","title":{"rendered":"Polycarbonat Profil H"},"content":{"rendered":"<figure class=\"wp-block-gallery has-nested-images columns-default is-cropped wp-block-gallery-1 is-layout-flex wp-block-gallery-is-layout-flex\">\n<figure class=\"wp-block-image size-large\"><img fetchpriority=\"high\" decoding=\"async\" width=\"800\" height=\"800\" data-id=\"13968\" src=\"https:\/\/www.tononplastics.com\/wp-content\/uploads\/2023\/05\/polycarbonate-redge-cap.jpg\" alt=\"\" class=\"wp-image-13968\" title=\"\" srcset=\"https:\/\/www.tononplastics.com\/wp-content\/uploads\/2023\/05\/polycarbonate-redge-cap.jpg 800w, https:\/\/www.tononplastics.com\/wp-content\/uploads\/2023\/05\/polycarbonate-redge-cap-300x300.jpg 300w, https:\/\/www.tononplastics.com\/wp-content\/uploads\/2023\/05\/polycarbonate-redge-cap-150x150.jpg 150w, https:\/\/www.tononplastics.com\/wp-content\/uploads\/2023\/05\/polycarbonate-redge-cap-768x768.jpg 768w\" sizes=\"(max-width: 800px) 100vw, 800px\" \/><\/figure>\n\n\n\n<figure class=\"wp-block-image size-large\"><img decoding=\"async\" width=\"800\" height=\"800\" data-id=\"13745\" src=\"https:\/\/www.tononplastics.com\/wp-content\/uploads\/2023\/05\/transparent-roofing-sheet.jpg\" alt=\"\" class=\"wp-image-13745\" title=\"\" srcset=\"https:\/\/www.tononplastics.com\/wp-content\/uploads\/2023\/05\/transparent-roofing-sheet.jpg 800w, https:\/\/www.tononplastics.com\/wp-content\/uploads\/2023\/05\/transparent-roofing-sheet-300x300.jpg 300w, https:\/\/www.tononplastics.com\/wp-content\/uploads\/2023\/05\/transparent-roofing-sheet-150x150.jpg 150w, https:\/\/www.tononplastics.com\/wp-content\/uploads\/2023\/05\/transparent-roofing-sheet-768x768.jpg 768w\" sizes=\"(max-width: 800px) 100vw, 800px\" \/><\/figure>\n<\/figure>\n\n\n\n<p>in Sonnenschein durch Schichtung wird haupts\u00e4chlich in Platte und Platte Verbindung und gro\u00dfe Spannweite zwischen Gebrauch Brett und Brett die Verbindung zwischen der Planke verwendet.<br>Beide sch\u00f6n und easy.construction Installation und bequem, Farbe kann nach Engineering-Installation Blatt Farbe Synchronisation ausgew\u00e4hlt werden,<\/p>\n\n\n\n<p><strong>Material:<\/strong>\u00a0Deutsches Bayer Markolon-Polycarbonat\/amerikanisches GE Lexan-Polycarbonat<br><strong>Spezifikation:<\/strong>\u00a06 m\/a, Menge oder nach den speziellen Bed\u00fcrfnissen der Kunden L\u00e4nge (in Transportbedingungen erlaubt).<\/p>\n\n\n\n<p>4 mm PC-Hpick up 6 mm in PC-H nehmen 8 mm in PC-H Pick10 mm in PC-H von 12 mm von ~ 20 mm dreischichtigen Board PC-H in PC Sonnenschein Board U treffen die Kante ist vor allem in der Sonne verwendet endet Bord Abdichtung, verhindern, dass der Staub, der regen, und Insekten in den Vorstand Loch, wirkt sich die Planke Lebensdauer und sch\u00f6n!<\/p>\n\n\n\n<p>\u00a0<strong>Material: <\/strong>Deutsches Bayer Markolon-Polycarbonat\/amerikanisches GE Lexan-Polycarbonat<br><strong>Spezifikation:<\/strong> 6 m\/a, Menge oder nach den speziellen Bed\u00fcrfnissen der Kunden L\u00e4nge (im Transport erlaubt Bedingungen). 4 mm ~ 6 mm PC-U, um eine Kante zu 8 mm bis 10 mmPC-U die Kante zu erhalten<\/p>\n\n\n\n<figure class=\"wp-block-image\"><img decoding=\"async\" src=\"https:\/\/sc02.alicdn.com\/kf\/H4a5e33e5f1034bce8dde77f9a90d1cd9q\/200162319\/H4a5e33e5f1034bce8dde77f9a90d1cd9q.png\" alt=\"Songlang Polycarbonat-Profil H\" title=\"\"><\/figure>\n\n\n\n<figure class=\"wp-block-image\"><img decoding=\"async\" src=\"https:\/\/sc02.alicdn.com\/kf\/Hd05fdb0988024155a7956963ea5973acD\/200162319\/Hd05fdb0988024155a7956963ea5973acD.png\" alt=\"Songlang Polycarbonat-Profil H\" title=\"\"><\/figure>\n\n\n\n<figure class=\"wp-block-image\"><img decoding=\"async\" src=\"https:\/\/sc02.alicdn.com\/kf\/H02a52324dc024cdcbaee8c550d0c5b3cR\/200162319\/H02a52324dc024cdcbaee8c550d0c5b3cR.png\" alt=\"Songlang Polycarbonat-Profil H\" title=\"\"><\/figure>\n\n\n\n<div class=\"wp-block-columns is-layout-flex wp-container-core-columns-is-layout-28f84493 wp-block-columns-is-layout-flex\"><\/div>","protected":false},"featured_media":16747,"parent":0,"template":"","product-catagories":[174,172],"product-tag":[],"class_list":["post-15394","product","type-product","status-publish","has-post-thumbnail","hentry","product-catagories-polycarbonate-corrugated-sheet","product-catagories-polycarbonate-light-diffuse-sheet"],"acf":[],"_links":{"self":[{"href":"https:\/\/www.tononplastics.com\/de\/wp-json\/wp\/v2\/product\/15394","targetHints":{"allow":["GET"]}}],"collection":[{"href":"https:\/\/www.tononplastics.com\/de\/wp-json\/wp\/v2\/product"}],"about":[{"href":"https:\/\/www.tononplastics.com\/de\/wp-json\/wp\/v2\/types\/product"}],"version-history":[{"count":0,"href":"https:\/\/www.tononplastics.com\/de\/wp-json\/wp\/v2\/product\/15394\/revisions"}],"wp:featuredmedia":[{"embeddable":true,"href":"https:\/\/www.tononplastics.com\/de\/wp-json\/wp\/v2\/media\/16747"}],"wp:attachment":[{"href":"https:\/\/www.tononplastics.com\/de\/wp-json\/wp\/v2\/media?parent=15394"}],"wp:term":[{"taxonomy":"product-catagories","embeddable":true,"href":"https:\/\/www.tononplastics.com\/de\/wp-json\/wp\/v2\/product-catagories?post=15394"},{"taxonomy":"product-tag","embeddable":true,"href":"https:\/\/www.tononplastics.com\/de\/wp-json\/wp\/v2\/product-tag?post=15394"}],"curies":[{"name":"wp","href":"https:\/\/api.w.org\/{rel}","templated":true}]}}