{"id":15398,"date":"2024-03-25T17:10:28","date_gmt":"2024-03-25T09:10:28","guid":{"rendered":"https:\/\/tononplastics.com\/?post_type=product&#038;p=15398"},"modified":"2024-03-25T17:12:10","modified_gmt":"2024-03-25T09:12:10","slug":"colorful-polycarbonate-profile-h-for-polycarbonate-sheet-pc-profile-h-2","status":"publish","type":"product","link":"https:\/\/www.tononplastics.com\/de\/product\/colorful-polycarbonate-profile-h-for-polycarbonate-sheet-pc-profile-h-2\/","title":{"rendered":"Buntes Polycarbonatprofil H f\u00fcr Polycarbonatplatten pc Profil H"},"content":{"rendered":"<p>PC-Profile werden aus Bayer-Makrolon-Harz hergestellt. Sie k\u00f6nnen nicht nur die Installation schnell und bequem machen, sondern auch effektiv verhindern, dass die Bl\u00e4tter gebrochen werden, wenn sie L\u00f6cher in das Blatt machen. Dar\u00fcber hinaus kann die Verwendung von PC-Profilen die Wasserdichtigkeit vereinfachen.&nbsp;<br>Produktmerkmale:&nbsp;<br>1. Leichtes Gewicht&nbsp;<br>2. Bei der k\u00f6rperlichen Leistung mit dem PC-Blatt \u00fcbereinstimmen&nbsp;<br>3. Gute wasserdichte Leistung&nbsp;<br>4. Gute Wetterbest\u00e4ndigkeit und UV-Schutz&nbsp;<br>5. Einfach installiert&nbsp;<br>6. Zertifiziert nach ISO9001:2000&nbsp;<br>7. 10 Jahre Garantie&nbsp;<\/p>\n\n\n\n<figure class=\"wp-block-gallery has-nested-images columns-default is-cropped wp-block-gallery-1 is-layout-flex wp-block-gallery-is-layout-flex\">\n<figure class=\"wp-block-image size-large\"><img decoding=\"async\" data-id=\"15284\" src=\"https:\/\/www.tononplastics.com\/wp-content\/uploads\/2023\/08\/H24c6424deccc4e299e7a21e4fdb2c22bl.png\" alt=\"\" class=\"wp-image-15284\" title=\"\"><\/figure>\n\n\n\n<figure class=\"wp-block-image size-large\"><img decoding=\"async\" data-id=\"15282\" src=\"https:\/\/www.tononplastics.com\/wp-content\/uploads\/2023\/08\/H1cbb870bbc214fd782f8e4ea067b0f87t.png\" alt=\"\" class=\"wp-image-15282\" title=\"\"><\/figure>\n\n\n\n<figure class=\"wp-block-image size-large\"><img decoding=\"async\" data-id=\"15268\" src=\"https:\/\/www.tononplastics.com\/wp-content\/uploads\/2023\/08\/HTB1wYcHkS8YBeNkSnb4q6yevFXaH.jpg\" alt=\"\" class=\"wp-image-15268\" title=\"\"><\/figure>\n<\/figure>\n\n\n\n<h2 class=\"wp-block-heading\">Einsatzgebiete:<\/h2>\n\n\n\n<ul class=\"wp-block-list\">\n<li>Das Polycarbonat-Verbindungsprofil wird haupts\u00e4chlich als Verbindung zwischen Polycarbonat-Stegplatten f\u00fcr Gew\u00e4chsh\u00e4user und Massivplatten f\u00fcr D\u00e4cher verwendet.<\/li>\n\n\n\n<li>Polycarbonat-Kantenversiegelung<\/li>\n\n\n\n<li>macht die Installation schnell und einfach<\/li>\n\n\n\n<li>bietet Komfort bei der Handhabung&nbsp;<\/li>\n\n\n\n<li>verhindern, dass sich der Bogen bewegt<br><\/li>\n\n\n\n<li><strong>HAUPTEIGENSCHAFTEN VON MONOLITHISCHEN PLATTEN<\/strong><\/li>\n\n\n\n<li>Monolithische Platten sind ein Material mit einer ausgezeichneten Kombination von physikalischen und mechanischen Eigenschaften, die unter verschiedenen Temperatur- und Feuchtigkeitsbedingungen erhalten bleiben.<\/li>\n\n\n\n<li>\u00a0<\/li>\n\n\n\n<li>Polycarbonatplatten sind ein idealer Ersatz f\u00fcr herk\u00f6mmliche Verglasungsmaterialien. Sie sind sicher und einfach zu schneiden, zu montieren und zu verwenden und fast unzerst\u00f6rbar. Aufgrund ihres geringen spezifischen Gewichts k\u00f6nnen Polycarbonatplatten die Kosten der tragenden Struktur im Vergleich zu der Struktur, in der Glas verwendet wird, deutlich verringern und zu einer erheblichen Reduzierung der Transport-, Handhabungs- und Installationskosten beitragen.<\/li>\n\n\n\n<li><strong>UV-Schutz<\/strong><\/li>\n\n\n\n<li>Die Sonneneinstrahlung wirkt sich nachteilig auf polymere Werkstoffe aus und f\u00fchrt zu deren Zerst\u00f6rung und zur Rissbildung an der Oberfl\u00e4che der Materialien. Diese kleinen Risse werden durch Wasser, Staub und Chemikalien weiter vergr\u00f6\u00dfert.<\/li>\n\n\n\n<li>Monolithische Polycarbonatplatten haben eine Oberfl\u00e4che mit einer aufgebrachten Schutzschicht gegen ultraviolette Strahlung, die eine hervorragende Witterungsbest\u00e4ndigkeit bietet.<\/li>\n\n\n\n<li><strong>Gew\u00f6lbte Verglasung<\/strong><\/li>\n\n\n\n<li>Alle monolithischen Polycarbonatplatten werden zu gebogenen Verglasungstr\u00e4gerprofilen kaltverformt. Unter der Voraussetzung, dass der Biegeradius der Platte gr\u00f6\u00dfer ist als der empfohlene Mindestwert, beeintr\u00e4chtigt die aus der Kaltverformung resultierende mechanische Belastung die mechanischen Eigenschaften der Platte nicht.<\/li>\n\n\n\n<li><strong>Die garantierte Nutzungsdauer der Platten betr\u00e4gt 15 Jahre.<\/strong><\/li>\n<\/ul>","protected":false},"featured_media":16195,"parent":0,"template":"","product-catagories":[177],"product-tag":[],"class_list":["post-15398","product","type-product","status-publish","has-post-thumbnail","hentry","product-catagories-polycarbonate-solid-sheet"],"acf":[],"_links":{"self":[{"href":"https:\/\/www.tononplastics.com\/de\/wp-json\/wp\/v2\/product\/15398","targetHints":{"allow":["GET"]}}],"collection":[{"href":"https:\/\/www.tononplastics.com\/de\/wp-json\/wp\/v2\/product"}],"about":[{"href":"https:\/\/www.tononplastics.com\/de\/wp-json\/wp\/v2\/types\/product"}],"version-history":[{"count":0,"href":"https:\/\/www.tononplastics.com\/de\/wp-json\/wp\/v2\/product\/15398\/revisions"}],"wp:featuredmedia":[{"embeddable":true,"href":"https:\/\/www.tononplastics.com\/de\/wp-json\/wp\/v2\/media\/16195"}],"wp:attachment":[{"href":"https:\/\/www.tononplastics.com\/de\/wp-json\/wp\/v2\/media?parent=15398"}],"wp:term":[{"taxonomy":"product-catagories","embeddable":true,"href":"https:\/\/www.tononplastics.com\/de\/wp-json\/wp\/v2\/product-catagories?post=15398"},{"taxonomy":"product-tag","embeddable":true,"href":"https:\/\/www.tononplastics.com\/de\/wp-json\/wp\/v2\/product-tag?post=15398"}],"curies":[{"name":"wp","href":"https:\/\/api.w.org\/{rel}","templated":true}]}}