{"id":15417,"date":"2023-08-22T11:10:19","date_gmt":"2023-08-22T03:10:19","guid":{"rendered":"https:\/\/tononplastics.com\/?post_type=product&#038;p=15417"},"modified":"2024-03-25T10:58:10","modified_gmt":"2024-03-25T02:58:10","slug":"scratch-solution-resistant-polycarbonate-solid-frosted-polycarbonate-sheet-pc-sheets","status":"publish","type":"product","link":"https:\/\/www.tononplastics.com\/de\/product\/scratch-solution-resistant-polycarbonate-solid-frosted-polycarbonate-sheet-pc-sheets\/","title":{"rendered":"Kratzfestes Polycarbonat massiv mattiert Polycarbonatplatten"},"content":{"rendered":"<figure class=\"wp-block-gallery has-nested-images columns-default is-cropped wp-block-gallery-1 is-layout-flex wp-block-gallery-is-layout-flex\">\n<figure class=\"wp-block-image size-full\"><img fetchpriority=\"high\" decoding=\"async\" width=\"640\" height=\"640\" data-id=\"15422\" src=\"https:\/\/www.tononplastics.com\/wp-content\/uploads\/2023\/08\/Hdce328a67d81495a812f963bcc590d4e8.jpg\" alt=\"\" class=\"wp-image-15422\" title=\"\" srcset=\"https:\/\/www.tononplastics.com\/wp-content\/uploads\/2023\/08\/Hdce328a67d81495a812f963bcc590d4e8.jpg 640w, https:\/\/www.tononplastics.com\/wp-content\/uploads\/2023\/08\/Hdce328a67d81495a812f963bcc590d4e8-300x300.jpg 300w, https:\/\/www.tononplastics.com\/wp-content\/uploads\/2023\/08\/Hdce328a67d81495a812f963bcc590d4e8-150x150.jpg 150w\" sizes=\"(max-width: 640px) 100vw, 640px\" \/><\/figure>\n\n\n\n<figure class=\"wp-block-image size-full\"><img decoding=\"async\" data-id=\"15954\" src=\"https:\/\/www.tononplastics.com\/wp-content\/uploads\/2024\/03\/HTB15gMmkMKTBuNkSne1q6yJoXXaN.webp\" alt=\"\" class=\"wp-image-15954\" title=\"\"><\/figure>\n<\/figure>\n\n\n<p><strong>Anwendungen:<br \/><\/strong>1. Ausgezeichnete Bedachungsmaterialien, weit verbreitet f\u00fcr Gauben, Dachfenster, erweiterte Veranden und Gew\u00e4chsh\u00e4user, kommerzielle R\u00e4ume in Hotels, Caf\u00e9s, Boutiquen und Sch\u00f6nheitssalon, Ausstellungszentrum und Telefonzelle.<br \/>2. Schallschutzwand f\u00fcr Autobahnen, Hochgeschwindigkeitsz\u00fcge.<br \/>3. Schautafeln f\u00fcr Werbung.<br \/>4. Dekorationsbeleuchtung in Banken, Krankenh\u00e4usern, Flugh\u00e4fen, Busbahnh\u00f6fen, Bahnh\u00f6fen und Kinderg\u00e4rten.<br \/>5. Ungiftig, in Kontakt mit der Nahrung zu halten.<br \/>6. Ersetzung des gew\u00f6hnlichen Glases an vielen Stellen.<\/p>\n<p><strong>Merkmale:<br \/><\/strong><span style=\"font-size: revert; color: initial;\">1. Ausgezeichnete physikalische, mechanische Leistung.<br \/><\/span><span style=\"font-size: revert; color: initial;\">2. Gute elektrische, W\u00e4rme- und Schalld\u00e4mmung.<br \/>3. Gute Schlagfestigkeit und hohe Z\u00e4higkeit.<br \/>4. Gute Lichtdurchl\u00e4ssigkeit Leistung.<br \/>5. Gute Temperaturbest\u00e4ndigkeit.<br \/>6. Brandverz\u00f6gerung.<br \/>7. Ungiftig.<br \/>8. UV-Schutz.<br \/>9. B\u00e4renalterung.<\/span><\/p>\n<p><img decoding=\"async\" src=\"https:\/\/sc01.alicdn.com\/kf\/Hee35153016fb4f64a8abd2cf77d8280dQ\/200162319\/Hee35153016fb4f64a8abd2cf77d8280dQ.jpg\" alt=\"Kratzfestes Polycarbonat massiv mattiert Polycarbonatplatten\" width=\"630\" height=\"404.88\" data-src=\"\/\/sc01.alicdn.com\/kf\/Hee35153016fb4f64a8abd2cf77d8280dQ\/200162319\/Hee35153016fb4f64a8abd2cf77d8280dQ.jpg\" data-alt=\"Scratch solution resistant polycarbonate solid frosted polycarbonate sheet pc sheets\" data-width=\"630\" data- title=\"\"><img decoding=\"async\" src=\"https:\/\/sc01.alicdn.com\/kf\/Hc6401cfcb4334b6db778c359d08238c0l\/200162319\/Hc6401cfcb4334b6db778c359d08238c0l.jpg\" alt=\"Kratzfestes Polycarbonat massiv mattiert Polycarbonatplatten\" width=\"630\" height=\"1226.3999999999999\" data-src=\"\/\/sc01.alicdn.com\/kf\/Hc6401cfcb4334b6db778c359d08238c0l\/200162319\/Hc6401cfcb4334b6db778c359d08238c0l.jpg\" data-alt=\"Scratch solution resistant polycarbonate solid frosted polycarbonate sheet pc sheets\" data-width=\"630\" data- title=\"\"><img decoding=\"async\" src=\"https:\/\/sc02.alicdn.com\/kf\/H02a52324dc024cdcbaee8c550d0c5b3cR\/200162319\/H02a52324dc024cdcbaee8c550d0c5b3cR.png\" alt=\"Kratzfestes Polycarbonat massiv mattiert Polycarbonatplatten\" width=\"630\" height=\"214.7347480106101\" data-src=\"\/\/sc02.alicdn.com\/kf\/H02a52324dc024cdcbaee8c550d0c5b3cR\/200162319\/H02a52324dc024cdcbaee8c550d0c5b3cR.png\" data-alt=\"Scratch solution resistant polycarbonate solid frosted polycarbonate sheet pc sheets\" data-width=\"630\" data- title=\"\"><\/p>\n<div id=\"ali-anchor-AliPostDhMb-bo0og\" data-section=\"AliPostDhMb-bo0og\" data-section-title=\"FAQ\">\n<div id=\"ali-title-AliPostDhMb-bo0og\"><strong>FAQ<\/strong><\/div>\n<div>\n<table border=\"0\" cellspacing=\"0\" cellpadding=\"0\">\n<tbody>\n<tr>\n<td colspan=\"2\" height=\"20\">1.Q:Sind Sie ein Handelsunternehmen oder ein Hersteller?<\/td>\n<\/tr>\n<tr>\n<td colspan=\"2\" height=\"20\">A:Wir sind Hersteller.<\/td>\n<\/tr>\n<tr>\n<td colspan=\"2\" height=\"20\">2. Q: Wie lang ist Ihre Lieferzeit?<\/td>\n<\/tr>\n<tr>\n<td colspan=\"2\" height=\"20\">A: Nach der diddiculty und Quantit\u00e4t der Produktverarbeitung, eine angemessene Ankunftszeit wird Ihnen gegeben werden.<\/td>\n<\/tr>\n<tr>\n<td colspan=\"2\" height=\"20\">3.Q: Bieten Sie Muster an? Ist das kostenlos oder extra?<\/td>\n<\/tr>\n<tr>\n<td colspan=\"2\" height=\"20\">A: Ja, wir k\u00f6nnen die Probe kostenlos anbieten, aber wir zahlen nicht die Frachtkosten.<\/td>\n<\/tr>\n<tr>\n<td colspan=\"2\" height=\"20\">4.Q: Was sind die After-Sale-Dienstleistungen?<\/td>\n<\/tr>\n<tr>\n<td colspan=\"2\" height=\"20\">A: Im Falle von Qualit\u00e4tsproblemen kann das Paket innerhalb von 90 Tagen umgetauscht werden.<\/td>\n<\/tr>\n<\/tbody>\n<\/table>\n<\/div>\n<\/div>","protected":false},"featured_media":15998,"parent":0,"template":"","product-catagories":[170],"product-tag":[],"class_list":["post-15417","product","type-product","status-publish","has-post-thumbnail","hentry","product-catagories-polycarbonate-deep-processing"],"acf":[],"_links":{"self":[{"href":"https:\/\/www.tononplastics.com\/de\/wp-json\/wp\/v2\/product\/15417","targetHints":{"allow":["GET"]}}],"collection":[{"href":"https:\/\/www.tononplastics.com\/de\/wp-json\/wp\/v2\/product"}],"about":[{"href":"https:\/\/www.tononplastics.com\/de\/wp-json\/wp\/v2\/types\/product"}],"version-history":[{"count":0,"href":"https:\/\/www.tononplastics.com\/de\/wp-json\/wp\/v2\/product\/15417\/revisions"}],"wp:featuredmedia":[{"embeddable":true,"href":"https:\/\/www.tononplastics.com\/de\/wp-json\/wp\/v2\/media\/15998"}],"wp:attachment":[{"href":"https:\/\/www.tononplastics.com\/de\/wp-json\/wp\/v2\/media?parent=15417"}],"wp:term":[{"taxonomy":"product-catagories","embeddable":true,"href":"https:\/\/www.tononplastics.com\/de\/wp-json\/wp\/v2\/product-catagories?post=15417"},{"taxonomy":"product-tag","embeddable":true,"href":"https:\/\/www.tononplastics.com\/de\/wp-json\/wp\/v2\/product-tag?post=15417"}],"curies":[{"name":"wp","href":"https:\/\/api.w.org\/{rel}","templated":true}]}}