{"id":13936,"date":"2023-05-04T17:10:26","date_gmt":"2023-05-04T09:10:26","guid":{"rendered":"https:\/\/tononplastics.com\/?post_type=product&#038;p=13936"},"modified":"2024-03-25T12:52:26","modified_gmt":"2024-03-25T04:52:26","slug":"polycarbonate-crystal-hollow-sheet-colors","status":"publish","type":"product","link":"https:\/\/www.tononplastics.com\/es\/product\/polycarbonate-crystal-hollow-sheet-colors\/","title":{"rendered":"Policarbonato Cristal Hoja Hueca Colores"},"content":{"rendered":"<p><strong><b>Detalle del producto<\/b><\/strong><strong><b>:<\/b><\/strong><\/p>\n<p>La l\u00e1mina hueca de policarbonato de cristal (tambi\u00e9n conocida como l\u00e1mina solar, l\u00e1mina de vidrio Capron, l\u00e1mina hueca de PC) se fabrica a partir de un pl\u00e1stico de ingenier\u00eda de alto rendimiento: el policarbonato (PC). Tiene las caracter\u00edsticas de alta transparencia, peso ligero, resistencia al impacto, aislamiento ac\u00fastico, aislamiento t\u00e9rmico, retardante de llama, antienvejecimiento, etc. Se trata de una l\u00e1mina de pl\u00e1stico con una alta tecnolog\u00eda, un rendimiento extremadamente completo, ahorro de energ\u00eda y protecci\u00f3n del medio ambiente que es actualmente el general internacional de materiales de construcci\u00f3n de pl\u00e1stico, hay otros materiales de decoraci\u00f3n de edificios (como el vidrio, plexigl\u00e1s, etc) no se puede comparar con \u00e9l. Ampliamente utilizado en comerciales, f\u00e1bricas, instalaciones deportivas, techos de iluminaci\u00f3n y sombra refugios, invernaderos agr\u00edcolas, acuicultura e invernaderos de flores, y cabinas telef\u00f3nicas, quioscos, estaciones y otros servicios p\u00fablicos, el ruido de la carretera, la publicidad campo de la decoraci\u00f3n.<\/p>\n<table border=\"1\" cellspacing=\"1\" cellpadding=\"1\">\n<tbody>\n<tr>\n<td width=\"355\">Nombre del producto<\/td>\n<td width=\"355\">Plancha de policarbonato hueca Crystal<\/td>\n<\/tr>\n<tr>\n<td width=\"355\">Lugar de origen<\/td>\n<td width=\"355\">Ciudad de Foshan, Guangdong, China<\/td>\n<\/tr>\n<tr>\n<td width=\"355\">Material<\/td>\n<td width=\"355\">100% Material de policarbonato virgen<\/td>\n<\/tr>\n<tr>\n<td width=\"355\">Colores<\/td>\n<td width=\"355\">Transparente, Bronce, Azul, Verde, \u00d3palo, Gris o personalizado<\/td>\n<\/tr>\n<tr>\n<td width=\"355\">Espesor<\/td>\n<td width=\"355\">4-20 mm<\/td>\n<\/tr>\n<tr>\n<td width=\"355\">Anchura<\/td>\n<td width=\"355\">2,1 m, 1,22 m O a medida<\/td>\n<\/tr>\n<tr>\n<td width=\"355\">Superficie<\/td>\n<td width=\"355\">Con protecci\u00f3n UV de 50 micras, resistente al calor<\/td>\n<\/tr>\n<tr>\n<td width=\"355\">Norma retardante<\/td>\n<td width=\"355\">Grado A<\/td>\n<\/tr>\n<tr>\n<td width=\"355\">Embalaje<\/td>\n<td width=\"355\">Ambos lados con la pel\u00edcula del PE, logotipo en la pel\u00edcula del PE. el paquete modificado para requisitos particulares est\u00e1 disponible tambi\u00e9n.<\/td>\n<\/tr>\n<tr>\n<td width=\"355\">Entrega<\/td>\n<td width=\"355\">En un plazo de 7-10 d\u00edas una vez recibido el dep\u00f3sito<\/td>\n<\/tr>\n<\/tbody>\n<\/table>\n<p><strong>Especificaciones de la l\u00e1mina hueca de policarbonato Tonon<\/strong><\/p>\n<table border=\"1\" cellspacing=\"1\" cellpadding=\"1\">\n<tbody>\n<tr>\n<td width=\"90\">Espesor<\/td>\n<td width=\"67\">Peso<\/td>\n<td width=\"58\">Anchura<\/td>\n<td width=\"66\">Longitud<\/td>\n<td colspan=\"6\" width=\"426\">Transmisi\u00f3n de luz%(\u00b13%)<\/td>\n<\/tr>\n<tr>\n<td width=\"90\">mm<\/td>\n<td width=\"67\">Kg\/m2<\/td>\n<td width=\"58\">mm<\/td>\n<td width=\"66\">mm<\/td>\n<td width=\"59\">Claro<\/td>\n<td width=\"98\">Opalescente<\/td>\n<td width=\"50\">Azul<\/td>\n<td width=\"91\">Lago Azul<\/td>\n<td width=\"66\">Bronce<\/td>\n<td width=\"58\">Verde<\/td>\n<\/tr>\n<tr>\n<td width=\"90\">4<\/td>\n<td width=\"67\">1<\/td>\n<td width=\"58\">2100<\/td>\n<td width=\"66\">6000<\/td>\n<td width=\"59\">80<\/td>\n<td width=\"98\">57<\/td>\n<td width=\"50\">45<\/td>\n<td width=\"91\">55<\/td>\n<td width=\"66\">55<\/td>\n<td width=\"58\">45<\/td>\n<\/tr>\n<tr>\n<td width=\"90\">6<\/td>\n<td width=\"67\">1.3<\/td>\n<td width=\"58\">2100<\/td>\n<td width=\"66\">6000<\/td>\n<td width=\"59\">79<\/td>\n<td width=\"98\">56<\/td>\n<td width=\"50\">36<\/td>\n<td width=\"91\">50<\/td>\n<td width=\"66\">53<\/td>\n<td width=\"58\">42<\/td>\n<\/tr>\n<tr>\n<td width=\"90\">8<\/td>\n<td width=\"67\">1.5<\/td>\n<td width=\"58\">2100<\/td>\n<td width=\"66\">6000<\/td>\n<td width=\"59\">78<\/td>\n<td width=\"98\">52<\/td>\n<td width=\"50\">30<\/td>\n<td width=\"91\">47<\/td>\n<td width=\"66\">51<\/td>\n<td width=\"58\">40<\/td>\n<\/tr>\n<tr>\n<td width=\"90\">10<\/td>\n<td width=\"67\">1.7<\/td>\n<td width=\"58\">2100<\/td>\n<td width=\"66\">6000<\/td>\n<td width=\"59\">77<\/td>\n<td width=\"98\">44<\/td>\n<td width=\"50\">25<\/td>\n<td width=\"91\">42<\/td>\n<td width=\"66\">48<\/td>\n<td width=\"58\">35<\/td>\n<\/tr>\n<\/tbody>\n<\/table>\n<p><strong>Datos t\u00e9cnicos de la l\u00e1mina hueca de policarbonato Tonon<\/strong><\/p>\n<table border=\"1\" cellspacing=\"1\" cellpadding=\"1\">\n<tbody>\n<tr>\n<td width=\"81\">No.<\/td>\n<td width=\"273\">Caracter\u00edsticas<\/td>\n<td width=\"177\">Unidad<\/td>\n<td width=\"177\">Fecha<\/td>\n<\/tr>\n<tr>\n<td width=\"81\">1<\/td>\n<td width=\"273\">Resistencia al impacto<\/td>\n<td width=\"177\">J\/M<\/td>\n<td width=\"177\">850<\/td>\n<\/tr>\n<tr>\n<td width=\"81\">2<\/td>\n<td width=\"273\">Transmisi\u00f3n de la luz<\/td>\n<td width=\"177\">%<\/td>\n<td width=\"177\">88<\/td>\n<\/tr>\n<tr>\n<td width=\"81\">3<\/td>\n<td width=\"273\">Peso espec\u00edfico<\/td>\n<td width=\"177\">g\/cm<sup>3<\/sup><\/td>\n<td width=\"177\">1.2<\/td>\n<\/tr>\n<tr>\n<td width=\"81\">4<\/td>\n<td width=\"273\">Coeficiente de dilataci\u00f3n t\u00e9rmica<\/td>\n<td width=\"177\">Mm\/m.\u2103<\/td>\n<td width=\"177\">0.065<\/td>\n<\/tr>\n<tr>\n<td width=\"81\">5<\/td>\n<td width=\"273\">Rango de temperatura<\/td>\n<td width=\"177\">\u2103<\/td>\n<td width=\"177\">-40\uff5e+120<\/td>\n<\/tr>\n<tr>\n<td width=\"81\">6<\/td>\n<td width=\"273\">Conductividad t\u00e9rmica<\/td>\n<td width=\"177\">W\/m<sup>2<\/sup>.\u2103<\/td>\n<td width=\"177\">2.3\uff5e3.9<\/td>\n<\/tr>\n<tr>\n<td width=\"81\">7<\/td>\n<td width=\"273\">Resistencia a la tracci\u00f3n<\/td>\n<td width=\"177\">N\/mm<sup>2<\/sup><\/td>\n<td width=\"177\">\u226560<\/td>\n<\/tr>\n<tr>\n<td width=\"81\">8<\/td>\n<td width=\"273\">Resistencia a la flexi\u00f3n<\/td>\n<td width=\"177\">N\/mm<sup>2<\/sup><\/td>\n<td width=\"177\">100<\/td>\n<\/tr>\n<tr>\n<td width=\"81\">9<\/td>\n<td width=\"273\">M\u00f3dulo de elasticidad<\/td>\n<td width=\"177\">Mpa<\/td>\n<td width=\"177\">2400<\/td>\n<\/tr>\n<tr>\n<td width=\"81\">10<\/td>\n<td width=\"273\">Tensi\u00f3n de rotura<\/td>\n<td width=\"177\">Mpa<\/td>\n<td width=\"177\">\u226565<\/td>\n<\/tr>\n<tr>\n<td width=\"81\">11<\/td>\n<td width=\"273\">Alargamiento a la rotura<\/td>\n<td width=\"177\">%<\/td>\n<td width=\"177\">&gt;100<\/td>\n<\/tr>\n<tr>\n<td width=\"81\">12<\/td>\n<td width=\"273\">Calor espec\u00edfico<\/td>\n<td width=\"177\">Kj\/Kg.K<\/td>\n<td width=\"177\">1.17<\/td>\n<\/tr>\n<tr>\n<td width=\"81\">13<\/td>\n<td width=\"273\">Temperatura de deflexi\u00f3n t\u00e9rmica<\/td>\n<td width=\"177\">\u2103<\/td>\n<td width=\"177\">140<\/td>\n<\/tr>\n<tr>\n<td width=\"81\">14<\/td>\n<td width=\"273\">Efecto de insonorizaci\u00f3n<\/td>\n<td width=\"177\">Chapa hueca de 10 mm<\/td>\n<td width=\"177\">Atenuaci\u00f3n 20 dB<\/td>\n<\/tr>\n<\/tbody>\n<\/table>\n<p><strong><b>Aplicaci\u00f3n de la l\u00e1mina de policarbonato de doble pared<\/b><\/strong><\/p>\n<p>1.Techo para iluminaci\u00f3n natural de edificios civiles y p\u00fablicos , decoraci\u00f3n interior e instalaciones p\u00fablicas .<\/p>\n<p>2.Estadio e instalaciones recreativas .<\/p>\n<p>3.Invernaderos comerciales y marquesinas de acuicultura y avicultura .<\/p>\n<p>4. Cajas de luz, carteles y paneles publicitarios en los puntos de venta. .<\/p>\n<p>5.Techos de salas de espera en estaciones de tren, metro, autobuses y aeropuertos. .<\/p>\n<p>\u00a0<\/p>\n\n\n<figure class=\"wp-block-image size-full\"><img fetchpriority=\"high\" decoding=\"async\" width=\"800\" height=\"440\" src=\"https:\/\/www.tononplastics.com\/wp-content\/uploads\/2024\/03\/Hec1893bdf96e4e68954f01c51046919cR.webp\" alt=\"\" class=\"wp-image-16180\" title=\"\" srcset=\"https:\/\/www.tononplastics.com\/wp-content\/uploads\/2024\/03\/Hec1893bdf96e4e68954f01c51046919cR.webp 800w, https:\/\/www.tononplastics.com\/wp-content\/uploads\/2024\/03\/Hec1893bdf96e4e68954f01c51046919cR-300x165.webp 300w, https:\/\/www.tononplastics.com\/wp-content\/uploads\/2024\/03\/Hec1893bdf96e4e68954f01c51046919cR-768x422.webp 768w, https:\/\/www.tononplastics.com\/wp-content\/uploads\/2024\/03\/Hec1893bdf96e4e68954f01c51046919cR-18x10.webp 18w\" sizes=\"(max-width: 800px) 100vw, 800px\" \/><\/figure>","protected":false},"featured_media":13751,"parent":0,"template":"","product-catagories":[181,178],"product-tag":[],"class_list":["post-13936","product","type-product","status-publish","has-post-thumbnail","hentry","product-catagories-crystal-polycarbonate-hollow-sheet","product-catagories-polycarbonate-hollow-sheet"],"acf":[],"_links":{"self":[{"href":"https:\/\/www.tononplastics.com\/es\/wp-json\/wp\/v2\/product\/13936","targetHints":{"allow":["GET"]}}],"collection":[{"href":"https:\/\/www.tononplastics.com\/es\/wp-json\/wp\/v2\/product"}],"about":[{"href":"https:\/\/www.tononplastics.com\/es\/wp-json\/wp\/v2\/types\/product"}],"version-history":[{"count":0,"href":"https:\/\/www.tononplastics.com\/es\/wp-json\/wp\/v2\/product\/13936\/revisions"}],"wp:featuredmedia":[{"embeddable":true,"href":"https:\/\/www.tononplastics.com\/es\/wp-json\/wp\/v2\/media\/13751"}],"wp:attachment":[{"href":"https:\/\/www.tononplastics.com\/es\/wp-json\/wp\/v2\/media?parent=13936"}],"wp:term":[{"taxonomy":"product-catagories","embeddable":true,"href":"https:\/\/www.tononplastics.com\/es\/wp-json\/wp\/v2\/product-catagories?post=13936"},{"taxonomy":"product-tag","embeddable":true,"href":"https:\/\/www.tononplastics.com\/es\/wp-json\/wp\/v2\/product-tag?post=13936"}],"curies":[{"name":"wp","href":"https:\/\/api.w.org\/{rel}","templated":true}]}}