{"id":14017,"date":"2023-05-04T20:47:29","date_gmt":"2023-05-04T12:47:29","guid":{"rendered":"https:\/\/tononplastics.com\/?post_type=product&#038;p=14017"},"modified":"2024-03-25T12:58:41","modified_gmt":"2024-03-25T04:58:41","slug":"polycarbonate-crystal-hollow-sheet","status":"publish","type":"product","link":"https:\/\/www.tononplastics.com\/es\/product\/polycarbonate-crystal-hollow-sheet\/","title":{"rendered":"Hoja hueca de policarbonato cristal"},"content":{"rendered":"<p>La plancha hueca de policarbonato es un termopl\u00e1stico de ingenier\u00eda. Moldeado por extrusi\u00f3n a trav\u00e9s de la l\u00ednea de extrusi\u00f3n Omipa&amp;Breyer, con una capa 1UV\/2UV. Tiene bienes propiedades f\u00edsicas y mec\u00e1nicas.peso es s\u00f3lo 1\/12\uff5e1\/15 del mismo espesor de vidrio.<\/p>\n\n\n\n<figure class=\"wp-block-table\"><table><tbody><tr><td><strong>Especificaci\u00f3n:<\/strong><\/td><\/tr><\/tbody><\/table><\/figure>\n\n\n\n<figure class=\"wp-block-table\"><table><tbody><tr><td>Espesor (mm)<\/td><td>Anchura (mm)<\/td><td>Longitud (mm)<\/td><td>UV(um)<\/td><td>Garant\u00eda<\/td><td>LT%<\/td><\/tr><tr><td>8-20 mm &nbsp;<\/td><td>1220\/2100<\/td><td>No limitado<\/td><td>1o2 lados<\/td><td>10 a\u00f1os<\/td><td>clear(85%)<\/td><\/tr><\/tbody><\/table><\/figure>\n\n\n\n<figure class=\"wp-block-table\"><table><tbody><tr><td><strong>Color est\u00e1ndar<\/strong>:<\/td><\/tr><\/tbody><\/table><\/figure>\n\n\n\n<figure class=\"wp-block-table\"><table><tbody><tr><td><img fetchpriority=\"high\" decoding=\"async\" alt=\"\" height=\"202\" src=\"https:\/\/www.polyrise.cn\/repository\/image\/d02daa06-5fce-47cc-9ac5-dcb51b23a1a1.png\" width=\"288\" title=\"\">Azul Verde<\/td><td><img decoding=\"async\" src=\"https:\/\/www.polyrise.cn\/repository\/image\/ab1d9604-73c9-4caf-96a8-233acef52c04.png\" alt=\"\" title=\"\">Azul<\/td><td><img decoding=\"async\" src=\"https:\/\/www.polyrise.cn\/repository\/image\/0aca4c6c-a7c8-4bf5-82cc-adbe9a592004.png\" alt=\"\" title=\"\">Bronce<\/td><td><img decoding=\"async\" src=\"https:\/\/www.polyrise.cn\/repository\/image\/40335534-4598-4ce0-ade0-e882adc1a74d.png\" alt=\"\" title=\"\">Claro<\/td><\/tr><tr><td><img decoding=\"async\" alt=\"\" height=\"202\" src=\"https:\/\/www.polyrise.cn\/repository\/image\/7577d6ae-8a16-447b-983a-0006b576fbe2.png\" width=\"288\" title=\"\">Funci\u00f3n de borde cerrado<\/td><td><img decoding=\"async\" alt=\"\" height=\"202\" src=\"https:\/\/www.polyrise.cn\/repository\/image\/9bc12b2c-88ef-4d35-88ac-cb3377a601f0.png\" width=\"288\" title=\"\">Verde<\/td><td><img loading=\"lazy\" decoding=\"async\" alt=\"\" height=\"202\" src=\"https:\/\/www.polyrise.cn\/repository\/image\/ca07db95-36d7-4ddc-bc84-c2d9a5b1f60d.png\" width=\"288\" title=\"\">Lago Azul<\/td><td><img loading=\"lazy\" decoding=\"async\" alt=\"\" height=\"202\" src=\"https:\/\/www.polyrise.cn\/repository\/image\/0b68c626-944c-4a38-95c2-e8b7a91d0a46.png\" width=\"288\" title=\"\">\u00d3palo<\/td><\/tr><tr><td><img loading=\"lazy\" decoding=\"async\" alt=\"\" height=\"202\" src=\"https:\/\/www.polyrise.cn\/repository\/image\/78e79a2c-bfa3-4545-90c7-4d2dd4b3a1ad.png\" width=\"288\" title=\"\">Naranja<\/td><td><img loading=\"lazy\" decoding=\"async\" alt=\"\" height=\"202\" src=\"https:\/\/www.polyrise.cn\/repository\/image\/a92b5542-4833-4a54-92f7-7e59ec81c0e5.png\" width=\"288\" title=\"\">Plata<\/td><td><img loading=\"lazy\" decoding=\"async\" alt=\"\" height=\"202\" src=\"https:\/\/www.polyrise.cn\/repository\/image\/2777c060-6474-4e7a-94cf-3556c936d450.png\" width=\"288\" title=\"\">Blanco<\/td><td><img loading=\"lazy\" decoding=\"async\" alt=\"\" height=\"202\" src=\"https:\/\/www.polyrise.cn\/repository\/image\/a5438982-da51-41b5-b3d9-4eaee8275634.png\" width=\"288\" title=\"\">Amarillo<\/td><\/tr><\/tbody><\/table><\/figure>\n\n\n\n<figure class=\"wp-block-table\"><table><tbody><tr><td>Antigoteo para invernadero<\/td><td>Purpurina para decorar<\/td><td>Anti Infrarrojos para tejados<\/td><\/tr><tr><td><img loading=\"lazy\" decoding=\"async\" alt=\"\" height=\"256\" src=\"https:\/\/www.polyrise.cn\/repository\/image\/177e0db5-9988-446f-952b-f93e42db52fa.png\" width=\"381\" title=\"\"><\/td><td><img decoding=\"async\" src=\"https:\/\/www.polyrise.cn\/repository\/image\/a0347cee-febe-474c-90d0-9da1b6893b15.png\" alt=\"\" title=\"\"><\/td><td><img loading=\"lazy\" decoding=\"async\" alt=\"\" height=\"256\" src=\"https:\/\/www.polyrise.cn\/repository\/image\/e99ffeda-87b5-4635-9e43-21c6700c4e24.png\" width=\"381\" title=\"\"><\/td><\/tr><\/tbody><\/table><\/figure>\n\n\n\n<figure class=\"wp-block-table\"><table><tbody><tr><td><strong>Rendimiento:<\/strong>Peso ligero<br>Alta resistencia al impacto<br>Alta transmisi\u00f3n luminosa<br>Resistente a la intemperie y a los rayos UV<br>Alto rendimiento de aislamiento t\u00e9rmico<br>F\u00e1cil de procesar e instalar&nbsp;&nbsp;&nbsp;<\/td><td><img decoding=\"async\" alt=\"1\" src=\"https:\/\/www.polyrise.cn\/repository\/image\/c163b942-14e7-46ea-b1b6-1da1166d57bb.png\" title=\"\"><\/td><\/tr><tr><td>Campo de aplicaci\u00f3n: claraboya residencial\/comercial<br>Nave industrial, techo luminoso de almac\u00e9n<br>Techo del estadio<br>Canal\/cobertizo de aparcamiento<br>Cubierta superior de piscina<br>Tabique interior<\/td><td><img loading=\"lazy\" decoding=\"async\" height=\"176\" width=\"249\" src=\"https:\/\/www.polyrise.cn\/repository\/image\/dc8e7adf-04e3-4b41-828d-0929ef7bba86.png\" alt=\"\" title=\"\"><img loading=\"lazy\" decoding=\"async\" height=\"176\" width=\"249\" src=\"https:\/\/www.polyrise.cn\/repository\/image\/b1cf1ed2-d7a9-4dd2-8947-4b7932b10120.png\" alt=\"\" title=\"\"><\/td><\/tr><\/tbody><\/table><\/figure>\n\n\n\n<figure class=\"wp-block-table\"><table><tbody><tr><td><strong>Datos t\u00e9cnicos<\/strong><\/td><\/tr><\/tbody><\/table><\/figure>\n\n\n\n<figure class=\"wp-block-table\"><table><tbody><tr><td>Propiedad<\/td><td>Est\u00e1ndar<\/td><td>Est\u00e1ndar<\/td><td>Unidad<\/td><td>Valor<\/td><\/tr><tr><td>Densidad<\/td><td>ASTM D792<\/td><td>&nbsp;<\/td><td>g\/cm3<\/td><td>1.2<\/td><\/tr><tr><td>Temperatura de deflexi\u00f3n t\u00e9rmica<br>Temperatura de servicio<\/td><td>ASTM D648<\/td><td>1,82 MPa<\/td><td>OC<br>OC<\/td><td>130<br>-40 a 120<\/td><\/tr><tr><td>Coeficiente de dilataci\u00f3n t\u00e9rmica lineal<\/td><td>ASTM D696<\/td><td>&nbsp;<\/td><td>cm\/cm OC<\/td><td>6.5 X 10-5<\/td><\/tr><tr><td>Conductividad t\u00e9rmica<\/td><td>ASTM C177<\/td><td>&nbsp;<\/td><td>W\/mK<\/td><td>0.21<\/td><\/tr><tr><td>Resistencia a la tracci\u00f3n<\/td><td>ASTM D638<\/td><td>10 mm\/min<\/td><td>MPa<\/td><td>65<\/td><\/tr><tr><td>Resistencia a la rotura<\/td><td>ASTM D638<\/td><td>10 mm\/min<\/td><td>MPa<\/td><td>60<\/td><\/tr><tr><td>Alargamiento en l\u00edmite el\u00e1sticoMPa<\/td><td>ASTM D638<\/td><td>10 mm\/min<\/td><td>%<\/td><td>6<\/td><\/tr><tr><td>Alargamiento a la rotura<\/td><td>ASTM D638<\/td><td>10 mm\/min<\/td><td>%<\/td><td>&gt;90<\/td><\/tr><tr><td>M\u00f3dulo de elasticidad a la tracci\u00f3n<\/td><td>ASTM D638<\/td><td>1 mm\/min<\/td><td>MPa<\/td><td>2300<\/td><\/tr><tr><td>Resistencia a la flexi\u00f3n<\/td><td>ASTM D790<\/td><td>1,3 mm\/min<\/td><td>MPa<\/td><td>100<\/td><\/tr><tr><td>M\u00f3dulo de flexi\u00f3n<\/td><td>ASTM D790<\/td><td>1,3 mm\/min<\/td><td>MPa<\/td><td>2600<\/td><\/tr><tr><td>Peso de ca\u00edda por impacto (E-50)<\/td><td>ISO 6603\/1<\/td><td>&nbsp;<\/td><td>J<\/td><td>195<\/td><\/tr><tr><td>Dureza Rockwell<\/td><td>ASTM D785<\/td><td>&nbsp;<\/td><td>Escala R<\/td><td>125R<\/td><\/tr><tr><td>Transmisi\u00f3n de la luz<\/td><td>ASTM D1003<\/td><td>&nbsp;<\/td><td>%<\/td><td>80<\/td><\/tr><tr><td>Haze<\/td><td>ASTM D1003<\/td><td>&nbsp;<\/td><td>%<\/td><td>&lt;0.5<\/td><\/tr><tr><td>\u00cdndice de amarillez<\/td><td>ASTM D1925<\/td><td>&nbsp;<\/td><td>&nbsp;<\/td><td>&lt;1<\/td><\/tr><\/tbody><\/table><\/figure>","protected":false},"featured_media":16195,"parent":0,"template":"","product-catagories":[181,178],"product-tag":[],"class_list":["post-14017","product","type-product","status-publish","has-post-thumbnail","hentry","product-catagories-crystal-polycarbonate-hollow-sheet","product-catagories-polycarbonate-hollow-sheet"],"acf":[],"_links":{"self":[{"href":"https:\/\/www.tononplastics.com\/es\/wp-json\/wp\/v2\/product\/14017","targetHints":{"allow":["GET"]}}],"collection":[{"href":"https:\/\/www.tononplastics.com\/es\/wp-json\/wp\/v2\/product"}],"about":[{"href":"https:\/\/www.tononplastics.com\/es\/wp-json\/wp\/v2\/types\/product"}],"version-history":[{"count":0,"href":"https:\/\/www.tononplastics.com\/es\/wp-json\/wp\/v2\/product\/14017\/revisions"}],"wp:featuredmedia":[{"embeddable":true,"href":"https:\/\/www.tononplastics.com\/es\/wp-json\/wp\/v2\/media\/16195"}],"wp:attachment":[{"href":"https:\/\/www.tononplastics.com\/es\/wp-json\/wp\/v2\/media?parent=14017"}],"wp:term":[{"taxonomy":"product-catagories","embeddable":true,"href":"https:\/\/www.tononplastics.com\/es\/wp-json\/wp\/v2\/product-catagories?post=14017"},{"taxonomy":"product-tag","embeddable":true,"href":"https:\/\/www.tononplastics.com\/es\/wp-json\/wp\/v2\/product-tag?post=14017"}],"curies":[{"name":"wp","href":"https:\/\/api.w.org\/{rel}","templated":true}]}}