{"id":14027,"date":"2023-05-04T21:07:46","date_gmt":"2023-05-04T13:07:46","guid":{"rendered":"https:\/\/tononplastics.com\/?post_type=product&#038;p=14027"},"modified":"2024-04-16T14:12:47","modified_gmt":"2024-04-16T06:12:47","slug":"2-layer-polycarbonate-hollow-sheet","status":"publish","type":"product","link":"https:\/\/www.tononplastics.com\/es\/product\/2-layer-polycarbonate-hollow-sheet\/","title":{"rendered":"Plancha hueca de policarbonato de 2 capas"},"content":{"rendered":"<figure class=\"wp-block-gallery has-nested-images columns-default is-cropped wp-block-gallery-1 is-layout-flex wp-block-gallery-is-layout-flex\">\n<figure class=\"wp-block-image size-large\"><img fetchpriority=\"high\" decoding=\"async\" width=\"640\" height=\"640\" data-id=\"15287\" src=\"https:\/\/www.tononplastics.com\/wp-content\/uploads\/2023\/08\/H905833aa270b428cb135157888c4d1ebN.jpg\" alt=\"\" class=\"wp-image-15287\" title=\"\" srcset=\"https:\/\/www.tononplastics.com\/wp-content\/uploads\/2023\/08\/H905833aa270b428cb135157888c4d1ebN.jpg 640w, https:\/\/www.tononplastics.com\/wp-content\/uploads\/2023\/08\/H905833aa270b428cb135157888c4d1ebN-300x300.jpg 300w, https:\/\/www.tononplastics.com\/wp-content\/uploads\/2023\/08\/H905833aa270b428cb135157888c4d1ebN-150x150.jpg 150w\" sizes=\"(max-width: 640px) 100vw, 640px\" \/><\/figure>\n\n\n\n<figure class=\"wp-block-image size-large\"><img decoding=\"async\" data-id=\"15285\" src=\"https:\/\/www.tononplastics.com\/wp-content\/uploads\/2023\/08\/H64fb2f7828404745a8e81dabfa6bb5c54.png\" alt=\"\" class=\"wp-image-15285\" title=\"\"><\/figure>\n<\/figure>\n\n\n<p><strong><b>Detalle del producto:<\/b><\/strong><\/p>\n<p><!-- \/wp:post-content --><\/p>\n<p><!-- wp:paragraph \/--><\/p>\n<p><!-- wp:image {\"id\":6628} \/--><\/p>\n<p><!-- wp:table --><\/p>\n<figure class=\"wp-block-table\">\n<table>\n<tbody>\n<tr>\n<td>Nombre del producto<\/td>\n<td>Plancha hueca de policarbonato<\/td>\n<\/tr>\n<tr>\n<td>Lugar de origen<\/td>\n<td>Ciudad de Foshan, Guangdong, China<\/td>\n<\/tr>\n<tr>\n<td>Material<\/td>\n<td>100% Material de policarbonato virgen<\/td>\n<\/tr>\n<tr>\n<td>Colores<\/td>\n<td>Transparente, Bronce, Azul, Verde, \u00d3palo, Gris o personalizado<\/td>\n<\/tr>\n<tr>\n<td>Espesor<\/td>\n<td>4-20 mm<\/td>\n<\/tr>\n<tr>\n<td>Anchura<\/td>\n<td>2,1 m, 1,22 m O a medida<\/td>\n<\/tr>\n<tr>\n<td>Superficie<\/td>\n<td>Con protecci\u00f3n UV de 50 micras, resistente al calor<\/td>\n<\/tr>\n<tr>\n<td>Norma retardante<\/td>\n<td>Grado A<\/td>\n<\/tr>\n<tr>\n<td>Embalaje<\/td>\n<td>Ambos lados con la pel\u00edcula del PE, logotipo en la pel\u00edcula del PE. el paquete modificado para requisitos particulares est\u00e1 disponible tambi\u00e9n.<\/td>\n<\/tr>\n<tr>\n<td>Entrega<\/td>\n<td>En un plazo de 7-10 d\u00edas una vez recibido el dep\u00f3sito<\/td>\n<\/tr>\n<\/tbody>\n<\/table>\n<\/figure>\n<p><!-- \/wp:table --><\/p>\n<p><!-- wp:image {\"id\":6592} --><\/p>\n<p><!-- \/wp:image --><\/p>\n<p><!-- wp:image {\"id\":6593} --><\/p>\n<p><!-- \/wp:image --><\/p>\n<p><!-- wp:table --><\/p>\n<figure class=\"wp-block-table\">\n<table>\n<tbody>\n<tr>\n<td colspan=\"10\"><strong><b>Especificaciones de la l\u00e1mina hueca de policarbonato Tonon<\/b><\/strong><\/td>\n<\/tr>\n<tr>\n<td>Espesor<\/td>\n<td>Peso<\/td>\n<td>Anchura<\/td>\n<td>Longitud<\/td>\n<td colspan=\"6\">Transmisi\u00f3n de luz%(\u00b13%)<\/td>\n<\/tr>\n<tr>\n<td>mm<\/td>\n<td>Kg\/m2<\/td>\n<td>mm<\/td>\n<td>mm<\/td>\n<td>Claro<\/td>\n<td>Opalescente<\/td>\n<td>Azul<\/td>\n<td>Lago Azul<\/td>\n<td>Bronce<\/td>\n<td>Verde<\/td>\n<\/tr>\n<tr>\n<td>4<\/td>\n<td>1<\/td>\n<td>2100<\/td>\n<td>6000<\/td>\n<td>80<\/td>\n<td>57<\/td>\n<td>45<\/td>\n<td>55<\/td>\n<td>55<\/td>\n<td>45<\/td>\n<\/tr>\n<tr>\n<td>6<\/td>\n<td>1.3<\/td>\n<td>2100<\/td>\n<td>6000<\/td>\n<td>79<\/td>\n<td>56<\/td>\n<td>36<\/td>\n<td>50<\/td>\n<td>53<\/td>\n<td>42<\/td>\n<\/tr>\n<tr>\n<td>8<\/td>\n<td>1.5<\/td>\n<td>2100<\/td>\n<td>6000<\/td>\n<td>78<\/td>\n<td>52<\/td>\n<td>30<\/td>\n<td>47<\/td>\n<td>51<\/td>\n<td>40<\/td>\n<\/tr>\n<tr>\n<td>10<\/td>\n<td>1.7<\/td>\n<td>2100<\/td>\n<td>6000<\/td>\n<td>77<\/td>\n<td>44<\/td>\n<td>25<\/td>\n<td>42<\/td>\n<td>48<\/td>\n<td>35<\/td>\n<\/tr>\n<\/tbody>\n<\/table>\n<\/figure>\n<p><!-- \/wp:table --><\/p>\n<p><!-- wp:image {\"id\":6594} --><\/p>\n<p><!-- \/wp:image --><\/p>\n<p><!-- wp:image {\"id\":6595} --><\/p>\n<p><!-- \/wp:image --><\/p>\n<p><!-- wp:table --><\/p>\n<figure class=\"wp-block-table\">\n<table>\n<tbody>\n<tr>\n<td colspan=\"4\"><strong><b>Datos t\u00e9cnicos de la l\u00e1mina hueca de policarbonato Tonon<\/b><\/strong><\/td>\n<\/tr>\n<tr>\n<td>No.<\/td>\n<td>Caracter\u00edsticas<\/td>\n<td>Unidad<\/td>\n<td>Fecha<\/td>\n<\/tr>\n<tr>\n<td>1<\/td>\n<td>Resistencia al impacto<\/td>\n<td>J\/M<\/td>\n<td>850<\/td>\n<\/tr>\n<tr>\n<td>2<\/td>\n<td>Transmisi\u00f3n de la luz<\/td>\n<td>%<\/td>\n<td>88<\/td>\n<\/tr>\n<tr>\n<td>3<\/td>\n<td>Peso espec\u00edfico<\/td>\n<td>g\/cm<sup>3<\/sup><\/td>\n<td>1.2<\/td>\n<\/tr>\n<tr>\n<td>4<\/td>\n<td>Coeficiente de dilataci\u00f3n t\u00e9rmica<\/td>\n<td>Mm\/m.\u2103<\/td>\n<td>0.065<\/td>\n<\/tr>\n<tr>\n<td>5<\/td>\n<td>Rango de temperatura<\/td>\n<td>\u2103<\/td>\n<td>-40\uff5e+120<\/td>\n<\/tr>\n<tr>\n<td>6<\/td>\n<td>Conductividad t\u00e9rmica<\/td>\n<td>W\/m<sup>2<\/sup>.\u2103<\/td>\n<td>2.3\uff5e3.9<\/td>\n<\/tr>\n<tr>\n<td>7<\/td>\n<td>Resistencia a la tracci\u00f3n<\/td>\n<td>N\/mm<sup>2<\/sup><\/td>\n<td>\u226560<\/td>\n<\/tr>\n<tr>\n<td>8<\/td>\n<td>Resistencia a la flexi\u00f3n<\/td>\n<td>N\/mm<sup>2<\/sup><\/td>\n<td>100<\/td>\n<\/tr>\n<tr>\n<td>9<\/td>\n<td>M\u00f3dulo de elasticidad<\/td>\n<td>Mpa<\/td>\n<td>2400<\/td>\n<\/tr>\n<tr>\n<td>10<\/td>\n<td>Tensi\u00f3n de rotura<\/td>\n<td>Mpa<\/td>\n<td>\u226565<\/td>\n<\/tr>\n<tr>\n<td>11<\/td>\n<td>Alargamiento a la rotura<\/td>\n<td>%<\/td>\n<td>&gt;100<\/td>\n<\/tr>\n<tr>\n<td>12<\/td>\n<td>Calor espec\u00edfico<\/td>\n<td>Kj\/Kg.K<\/td>\n<td>1.17<\/td>\n<\/tr>\n<tr>\n<td>13<\/td>\n<td>Temperatura de deflexi\u00f3n t\u00e9rmica<\/td>\n<td>\u2103<\/td>\n<td>140<\/td>\n<\/tr>\n<tr>\n<td>14<\/td>\n<td>Efecto de insonorizaci\u00f3n<\/td>\n<td>Chapa hueca de 10 mm<\/td>\n<td>Atenuaci\u00f3n 20 dB<\/td>\n<\/tr>\n<\/tbody>\n<\/table>\n<\/figure>\n<p><!-- \/wp:table --><\/p>\n<p><!-- wp:image {\"id\":6596} --><\/p>\n<p><!-- \/wp:image --><\/p>\n<p><!-- wp:paragraph --><\/p>\n<p><strong><b>Aplicaci\u00f3n de la l\u00e1mina de policarbonato de doble pared<\/b><\/strong><\/p>\n<p><!-- \/wp:paragraph --><\/p>\n<p><!-- wp:paragraph --><\/p>\n<p>1.Techo para iluminaci\u00f3n natural de edificios civiles y p\u00fablicos , decoraci\u00f3n interior e instalaciones p\u00fablicas .<\/p>\n<p><!-- \/wp:paragraph --><\/p>\n<p><!-- wp:paragraph --><\/p>\n<p>2.Estadio e instalaciones recreativas .<\/p>\n<p><!-- \/wp:paragraph --><\/p>\n<p><!-- wp:paragraph --><\/p>\n<p>3.Invernaderos comerciales y marquesinas de acuicultura y avicultura .<\/p>\n<p><!-- \/wp:paragraph --><\/p>\n<p><!-- wp:paragraph --><\/p>\n<p>4. Cajas de luz, carteles y paneles publicitarios en los puntos de venta. .<\/p>\n<p><!-- \/wp:paragraph --><\/p>\n<p><!-- wp:paragraph --><\/p>\n<p>5.Techos de salas de espera en estaciones de tren, metro, autobuses y aeropuertos. .<\/p>","protected":false},"featured_media":16775,"parent":0,"template":"","product-catagories":[178,179],"product-tag":[],"class_list":["post-14027","product","type-product","status-publish","has-post-thumbnail","hentry","product-catagories-polycarbonate-hollow-sheet","product-catagories-twin-wall-polycarbonate-sheet"],"acf":[],"_links":{"self":[{"href":"https:\/\/www.tononplastics.com\/es\/wp-json\/wp\/v2\/product\/14027","targetHints":{"allow":["GET"]}}],"collection":[{"href":"https:\/\/www.tononplastics.com\/es\/wp-json\/wp\/v2\/product"}],"about":[{"href":"https:\/\/www.tononplastics.com\/es\/wp-json\/wp\/v2\/types\/product"}],"version-history":[{"count":0,"href":"https:\/\/www.tononplastics.com\/es\/wp-json\/wp\/v2\/product\/14027\/revisions"}],"wp:featuredmedia":[{"embeddable":true,"href":"https:\/\/www.tononplastics.com\/es\/wp-json\/wp\/v2\/media\/16775"}],"wp:attachment":[{"href":"https:\/\/www.tononplastics.com\/es\/wp-json\/wp\/v2\/media?parent=14027"}],"wp:term":[{"taxonomy":"product-catagories","embeddable":true,"href":"https:\/\/www.tononplastics.com\/es\/wp-json\/wp\/v2\/product-catagories?post=14027"},{"taxonomy":"product-tag","embeddable":true,"href":"https:\/\/www.tononplastics.com\/es\/wp-json\/wp\/v2\/product-tag?post=14027"}],"curies":[{"name":"wp","href":"https:\/\/api.w.org\/{rel}","templated":true}]}}