{"id":14546,"date":"2023-08-08T09:08:02","date_gmt":"2023-08-08T01:08:02","guid":{"rendered":"https:\/\/tononplastics.com\/?post_type=product&#038;p=14546"},"modified":"2024-03-25T13:01:39","modified_gmt":"2024-03-25T05:01:39","slug":"polycarbonate-corrugated-sheet","status":"publish","type":"product","link":"https:\/\/www.tononplastics.com\/es\/product\/polycarbonate-corrugated-sheet\/","title":{"rendered":"Plancha ondulada de policarbonato"},"content":{"rendered":"<p><strong>Detalles<\/strong><\/p>\n\n\n\n<p>Tecplast produce todo tipo de l\u00e1minas onduladas de policarbonato. \u00a1Tambi\u00e9n producimos de acuerdo a su molde de forma corrugada!<\/p>\n\n\n\n<p><strong>Productos<\/strong><\/p>\n\n\n\n<figure class=\"wp-block-image is-resized\"><img decoding=\"async\" src=\"https:\/\/www.techplast.com.cn\/d\/file\/polycarbonate-corrugated-solid-sheet\/2023-11-09\/16995219633519.png\" alt=\"\" style=\"width:840px;height:auto\" title=\"1.png\"><\/figure>\n\n\n\n<p><strong>Caracter\u00edsticas<\/strong><\/p>\n\n\n\n<p>1.Super claridad y mucho m\u00e1s fuerte que otros materiales pl\u00e1sticos,<\/p>\n\n\n\n<p>2.Superficie perfectamente lisa, producida con resinas v\u00edrgenes 100% y tecnolog\u00eda sofisticada.<\/p>\n\n\n\n<p>3.Ligero pero pr\u00e1cticamente irrompible, Transmisi\u00f3n de luz: hasta 88%<\/p>\n\n\n\n<p>4.F\u00e1cil de instalar con un mantenimiento m\u00ednimo<\/p>\n\n\n\n<p>5.Absorbe casi 100% de radiaci\u00f3n UV da\u00f1ina<\/p>\n\n\n\n<p>6.Alta resistencia al impacto, 80 veces superior al vidrio, 15 veces superior a la l\u00e1mina acr\u00edlica<\/p>\n\n\n\n<p>7.Coextrusi\u00f3n UV para una larga vida \u00fatil, 10 a\u00f1os de garant\u00eda<\/p>\n\n\n\n<p><strong>Detalles de tama\u00f1o<\/strong><\/p>\n\n\n\n<p>Grosor: 0,8-2,5 mm<\/p>\n\n\n\n<p>Anchura: 600-1800 mm<\/p>\n\n\n\n<p>Duraci\u00f3n: sin l\u00edmite<\/p>\n\n\n\n<p><strong>Datos t\u00e9cnicos<\/strong><\/p>\n\n\n\n<figure class=\"wp-block-table\"><table><tbody><tr><td><strong>Fuerza de impacto<\/strong><\/td><td><strong>Transparencia<\/strong><\/td><td><strong>Gravedad espec\u00edfica<\/strong><\/td><td><strong>Coeficiente de dilataci\u00f3n t\u00e9rmica<\/strong><\/td><td><strong>Temperatura de servicio<\/strong><\/td><td><strong>Conductividad t\u00e9rmica<\/strong><\/td><\/tr><tr><td>50j\/m<\/td><td>88%-92%<\/td><td>1200 kg\/m\u00b3<\/td><td>0,065mm\/m\u00b0C<\/td><td>-40\u00b0C~+120\u00b0C<\/td><td>0,21w\/m\u00b2\u00b0C<\/td><\/tr><tr><td><strong>Resistencia a la tracci\u00f3n<\/strong><\/td><td><strong>Fuerza de flexi\u00f3n<\/strong><\/td><td><strong>M\u00f3dulo de elasticidad<\/strong><\/td><td><strong>Efecto del aislamiento ac\u00fastico<\/strong><\/td><td><strong>Tensi\u00f3n de rotura<\/strong><\/td><td><strong>Alargamiento a la rotura<\/strong><\/td><\/tr><tr><td>\u226560N\/mm<\/td><td>100N\/mm\u00b2<\/td><td>2400Mpa<\/td><td>Disminuci\u00f3n de 35 decibelios para chapa maciza de 6 mm<\/td><td>\u2265130Mpa<\/td><td><\/td><\/tr><\/tbody><\/table><\/figure>\n\n\n\n<p><h3><span style=\"font-size: revert; color: initial;\"> <\/span><\/h3><table style=\"border-collapse: collapse; width: 100%;\"> <tbody> <tr style=\"background-color: #0e6fe6;\"> <td style=\"width: 18.1592%;\"> <p><span style=\"color: #ffffff;\"><b>Fotopermeabilidad<\/b><\/span><\/p> <\/td> <td style=\"width: 81.8408%;\"> <p><span style=\"color: #ffffff;\">Seg\u00fan el color, la transmitancia puede alcanzar 0-89%<\/span><\/p> <\/td> <\/tr> <tr> <td style=\"width: 18.1592%;\"> <p><b>Peso ligero<\/b><\/p> <\/td> <td style=\"width: 81.8408%;\"> <p>el peso es el mismo espesor de vidrio 1\/15<\/p> <\/td> <\/tr> <tr> <td style=\"width: 18.1592%;\"> <p><b>Resistencia a los golpes <\/b><\/p> <\/td> <td style=\"width: 81.8408%;\"> <p>buena tenacidad, no es f\u00e1cil que se da\u00f1e en el transporte, la instalaci\u00f3n y el uso;La resistencia al impacto<\/p> <p>es 250 veces superior a la del vidrio y 30 veces superior a la del plexigl\u00e1s<\/p> <\/td> <\/tr> <tr> <td style=\"width: 18.1592%;\"> <p><b>Resistencia al envejecimiento:<\/b><\/p> <\/td> <td style=\"width: 81.8408%;\"> <p>La superficie del producto contiene una capa de coextrusi\u00f3n ultravioleta, buena resistencia a la intemperie,<\/p> <p>el uso a largo plazo sigue manteniendo buenas propiedades \u00f3pticas y mec\u00e1nicas<\/p> <\/td> <\/tr> <tr> <td style=\"width: 18.1592%;\"> <p><b>Resistencia al viento <\/b><\/p> <p><b>presi\u00f3n<\/b><\/p> <\/td> <td style=\"width: 81.8408%;\"> <p>resistencia a la presi\u00f3n del viento prestaciones GB\/T 7106-2008 primer nivel<\/p> <\/td> <\/tr> <tr> <td style=\"width: 18.1592%;\"> <p><b>Adaptarse a grandes <\/b><\/p> <p><b>temperatura <\/b><\/p> <p><b>diferencia<\/b><\/p> <\/td> <td style=\"width: 81.8408%;\"> <p>temperatura de uso prolongado: de -40\u00b0C a 120\u00b0C de alta temperatura<\/p> <\/td> <\/tr> <tr> <td style=\"width: 18.1592%;\"> <p><b>Aislamiento ac\u00fastico<\/b><\/p> <\/td> <td style=\"width: 81.8408%;\"> <p>estructura hueca de policarbonato buenas caracter\u00edsticas de aislamiento ac\u00fastico, puede reducir eficazmente<\/p> <p>ruido<\/p> <\/td> <\/tr> <tr> <td style=\"width: 18.1592%;\"> <p><b>Inflamable <\/b><\/p> <\/td> <td style=\"width: 81.8408%;\"> <p>seg\u00fan la norma nacional GB8624-2012 es inflamable de grado B1<\/p> <\/td> <\/tr> <tr> <td style=\"width: 18.1592%;\"> <p><b>F\u00e1cil instalaci\u00f3n <\/b><\/p> <\/td> <td style=\"width: 81.8408%;\"> <p>Curvado en fr\u00edo con un radio de curvatura m\u00ednimo de 175 veces el grosor de la chapa<\/p> <\/td> <\/tr> <tr> <td style=\"width: 18.1592%;\"> <p><b>Ahorro de energ\u00eda <\/b><\/p> <\/td> <td style=\"width: 81.8408%;\"> <p>bajo coeficiente de transferencia de calor (valor K), buen aislamiento t\u00e9rmico, el ahorro de energ\u00eda es de 1,5-1,7 veces del<\/p> <p>mismo espesor de vidrio<\/p> <\/td> <\/tr> <\/tbody> <\/table><\/p>","protected":false},"featured_media":14351,"parent":0,"template":"","product-catagories":[174],"product-tag":[],"class_list":["post-14546","product","type-product","status-publish","has-post-thumbnail","hentry","product-catagories-polycarbonate-corrugated-sheet"],"acf":[],"_links":{"self":[{"href":"https:\/\/www.tononplastics.com\/es\/wp-json\/wp\/v2\/product\/14546","targetHints":{"allow":["GET"]}}],"collection":[{"href":"https:\/\/www.tononplastics.com\/es\/wp-json\/wp\/v2\/product"}],"about":[{"href":"https:\/\/www.tononplastics.com\/es\/wp-json\/wp\/v2\/types\/product"}],"version-history":[{"count":0,"href":"https:\/\/www.tononplastics.com\/es\/wp-json\/wp\/v2\/product\/14546\/revisions"}],"wp:featuredmedia":[{"embeddable":true,"href":"https:\/\/www.tononplastics.com\/es\/wp-json\/wp\/v2\/media\/14351"}],"wp:attachment":[{"href":"https:\/\/www.tononplastics.com\/es\/wp-json\/wp\/v2\/media?parent=14546"}],"wp:term":[{"taxonomy":"product-catagories","embeddable":true,"href":"https:\/\/www.tononplastics.com\/es\/wp-json\/wp\/v2\/product-catagories?post=14546"},{"taxonomy":"product-tag","embeddable":true,"href":"https:\/\/www.tononplastics.com\/es\/wp-json\/wp\/v2\/product-tag?post=14546"}],"curies":[{"name":"wp","href":"https:\/\/api.w.org\/{rel}","templated":true}]}}