{"id":14552,"date":"2023-08-08T10:34:22","date_gmt":"2023-08-08T02:34:22","guid":{"rendered":"https:\/\/tononplastics.com\/?post_type=product&#038;p=14552"},"modified":"2024-03-25T14:17:02","modified_gmt":"2024-03-25T06:17:02","slug":"pc-embossed-sheet","status":"publish","type":"product","link":"https:\/\/www.tononplastics.com\/es\/product\/pc-embossed-sheet\/","title":{"rendered":"Hoja de PC en relieve"},"content":{"rendered":"<p>PC hojas en relieve se hacen sobre la base de la general de policarbonato s\u00f3lido hoja de tecnolog\u00eda de fabricaci\u00f3n, el cambio de piezas de herramientas de moldeo y la artesan\u00eda, por lo que la apariencia de la superficie se produjo el cambio de la f\u00edsica, su cambio de construcci\u00f3n de la superficie hacer una buena caracter\u00edstica de la luz y la variedad de la sensaci\u00f3n de la visi\u00f3n y la tala. funci\u00f3n de la mec\u00e1nica, la funci\u00f3n de la electricidad, la funci\u00f3n ign\u00edfuga, la capacidad de anti-rayos ultravioleta, etc de los dos tipos de material de la hoja de acuerdo con la general de PC hoja s\u00f3lida, es diferente en una apariencia externa y la caracter\u00edstica de la luz.<\/p>\n\n\n\n<figure class=\"wp-block-gallery has-nested-images columns-default is-cropped wp-block-gallery-1 is-layout-flex wp-block-gallery-is-layout-flex\">\n<figure class=\"wp-block-image size-large\"><img fetchpriority=\"high\" decoding=\"async\" width=\"640\" height=\"640\" data-id=\"15414\" src=\"https:\/\/www.tononplastics.com\/wp-content\/uploads\/2023\/08\/He8274ae2b415410ca5198fdb7cc29c56f.jpg\" alt=\"\" class=\"wp-image-15414\" title=\"\" srcset=\"https:\/\/www.tononplastics.com\/wp-content\/uploads\/2023\/08\/He8274ae2b415410ca5198fdb7cc29c56f.jpg 640w, https:\/\/www.tononplastics.com\/wp-content\/uploads\/2023\/08\/He8274ae2b415410ca5198fdb7cc29c56f-300x300.jpg 300w, https:\/\/www.tononplastics.com\/wp-content\/uploads\/2023\/08\/He8274ae2b415410ca5198fdb7cc29c56f-150x150.jpg 150w\" sizes=\"(max-width: 640px) 100vw, 640px\" \/><\/figure>\n\n\n\n<figure class=\"wp-block-image size-large\"><img decoding=\"async\" width=\"640\" height=\"640\" data-id=\"15412\" src=\"https:\/\/www.tononplastics.com\/wp-content\/uploads\/2023\/08\/Hbdfc9ad4c729484daa1291b1050c2c2fx.jpg\" alt=\"\" class=\"wp-image-15412\" title=\"\" srcset=\"https:\/\/www.tononplastics.com\/wp-content\/uploads\/2023\/08\/Hbdfc9ad4c729484daa1291b1050c2c2fx.jpg 640w, https:\/\/www.tononplastics.com\/wp-content\/uploads\/2023\/08\/Hbdfc9ad4c729484daa1291b1050c2c2fx-300x300.jpg 300w, https:\/\/www.tononplastics.com\/wp-content\/uploads\/2023\/08\/Hbdfc9ad4c729484daa1291b1050c2c2fx-150x150.jpg 150w\" sizes=\"(max-width: 640px) 100vw, 640px\" \/><\/figure>\n<\/figure>\n\n\n\n<p><strong>Ventajas<br><\/strong>Bloquea los rayos UV - Ecol\u00f3gico - Ahorra energ\u00eda - Anti-calor - anti-fr\u00edo - Bloquea el viento<br>Ign\u00edfugo - Insonorizado - Alta transmisi\u00f3n luminosa - Ligero - F\u00e1cil instalaci\u00f3n<\/p>\n\n\n\n<p><strong>Especificaciones<br><\/strong>Longitud: longitud est\u00e1ndar 6m(hoja), 30m(rollo), longitud especial personalizada<br>Anchura: est\u00e1ndar 1,22 m\/1,56 m\/1,82 m\/2,1 m, m\u00e1x. 2,1 m<br>Espesor: 0,8 mm - 20 mm<br>Color: transparente, azul lago, azul, verde hierba, marr\u00f3n, gris claro, \u00f3palo, marr\u00f3n claro, amarillo, naranja, negro, caf\u00e9, rojo, etc,<\/p>\n\n\n\n<figure class=\"wp-block-gallery has-nested-images columns-default is-cropped wp-block-gallery-2 is-layout-flex wp-block-gallery-is-layout-flex\">\n<figure class=\"wp-block-image size-large\"><img decoding=\"async\" width=\"179\" height=\"185\" data-id=\"16303\" src=\"https:\/\/www.tononplastics.com\/wp-content\/uploads\/2023\/08\/th-1.jpg\" alt=\"\" class=\"wp-image-16303\" title=\"\" srcset=\"https:\/\/www.tononplastics.com\/wp-content\/uploads\/2023\/08\/th-1.jpg 179w, https:\/\/www.tononplastics.com\/wp-content\/uploads\/2023\/08\/th-1-12x12.jpg 12w\" sizes=\"(max-width: 179px) 100vw, 179px\" \/><\/figure>\n\n\n\n<figure class=\"wp-block-image size-large\"><img loading=\"lazy\" decoding=\"async\" width=\"179\" height=\"185\" data-id=\"16304\" src=\"https:\/\/www.tononplastics.com\/wp-content\/uploads\/2023\/08\/th.jpg\" alt=\"\" class=\"wp-image-16304\" title=\"\" srcset=\"https:\/\/www.tononplastics.com\/wp-content\/uploads\/2023\/08\/th.jpg 179w, https:\/\/www.tononplastics.com\/wp-content\/uploads\/2023\/08\/th-12x12.jpg 12w\" sizes=\"(max-width: 179px) 100vw, 179px\" \/><\/figure>\n<\/figure>","protected":false},"featured_media":14352,"parent":0,"template":"","product-catagories":[173],"product-tag":[],"class_list":["post-14552","product","type-product","status-publish","has-post-thumbnail","hentry","product-catagories-polycarbonate-embossed-sheet"],"acf":[],"_links":{"self":[{"href":"https:\/\/www.tononplastics.com\/es\/wp-json\/wp\/v2\/product\/14552","targetHints":{"allow":["GET"]}}],"collection":[{"href":"https:\/\/www.tononplastics.com\/es\/wp-json\/wp\/v2\/product"}],"about":[{"href":"https:\/\/www.tononplastics.com\/es\/wp-json\/wp\/v2\/types\/product"}],"version-history":[{"count":0,"href":"https:\/\/www.tononplastics.com\/es\/wp-json\/wp\/v2\/product\/14552\/revisions"}],"wp:featuredmedia":[{"embeddable":true,"href":"https:\/\/www.tononplastics.com\/es\/wp-json\/wp\/v2\/media\/14352"}],"wp:attachment":[{"href":"https:\/\/www.tononplastics.com\/es\/wp-json\/wp\/v2\/media?parent=14552"}],"wp:term":[{"taxonomy":"product-catagories","embeddable":true,"href":"https:\/\/www.tononplastics.com\/es\/wp-json\/wp\/v2\/product-catagories?post=14552"},{"taxonomy":"product-tag","embeddable":true,"href":"https:\/\/www.tononplastics.com\/es\/wp-json\/wp\/v2\/product-tag?post=14552"}],"curies":[{"name":"wp","href":"https:\/\/api.w.org\/{rel}","templated":true}]}}