{"id":14555,"date":"2023-08-08T10:35:55","date_gmt":"2023-08-08T02:35:55","guid":{"rendered":"https:\/\/tononplastics.com\/?post_type=product&#038;p=14555"},"modified":"2024-04-16T14:10:09","modified_gmt":"2024-04-16T06:10:09","slug":"polycarbonate-hollow-sheet","status":"publish","type":"product","link":"https:\/\/www.tononplastics.com\/es\/product\/polycarbonate-hollow-sheet\/","title":{"rendered":"Plancha hueca de policarbonato"},"content":{"rendered":"<p>TECHPLAST -PLANCHA HUECA DE POLICARBONATO<\/p>\n\n\n\n<p>( 100% BAYER\/SABIC materia prima con 10 a\u00f1os de garant\u00eda; el espesor UV es superior a 50 micras)<\/p>\n\n\n\n<p>La plancha hueca de policarbonato combina la resistencia del policarbonato con un aislamiento superior gracias a su estructura celular.<\/p>\n\n\n\n<p>Tambi\u00e9n es est\u00e1ndar la protecci\u00f3n UV unilateral, que proporciona una protecci\u00f3n de 99,9% frente a los da\u00f1inos rayos UV y una resistencia a los impactos 250 veces superior a la del cristal.<\/p>\n\n\n\n<p>Esta combinaci\u00f3n hace de Techplast el material perfecto para estructuras comerciales y dom\u00e9sticas.<\/p>\n\n\n\n<p>como p\u00e9rgolas, pasarelas, fachadas, claraboyas y paredes transl\u00facidas.<\/p>\n\n\n\n<p>\u25b6 Alto aislamiento t\u00e9rmico<\/p>\n\n\n\n<p>\u25b6 Extremadamente ligero pero resistente a los impactos.<\/p>\n\n\n\n<p>\u25b6 Alta transmisi\u00f3n de la luz<\/p>\n\n\n\n<p>\u25b6 Excelente durabilidad estructural<\/p>\n\n\n\n<p>Resistente a la intemperie y a los rayos UV<\/p>\n\n\n\n<p>\u25b6 Bloquea pr\u00e1cticamente toda la radiaci\u00f3n UV.<\/p>\n\n\n\n<p>\u25b6 F\u00e1cil de manejar e instalar<\/p>\n\n\n\n<p>\u25b6 Alta resistencia al fuego<\/p>\n\n\n\n<p><strong>ESTRUCTURA Y TAMA\u00d1O<\/strong><\/p>\n\n\n\n<figure class=\"wp-block-table\"><table><tbody><tr><td>Tipo<\/td><td>Espesor (mm)<\/td><td>Longitud est\u00e1ndar (mm)<\/td><td>Peso (kg\/\u33a1)<\/td><td>Valor K(w\/m\u00b2*k)<\/td><td>LT claro&nbsp;<\/td><td>Radio de curvatura m\u00ednimo (mm)<\/td><td>Anti-Voz(DB)<\/td><\/tr><tr><td rowspan=\"5\">Estructura R de 2 paredes<\/td><td>4<\/td><td>2100,1050,700<\/td><td>0.85<\/td><td>3.96<\/td><td>80<\/td><td>700<\/td><td>15<\/td><\/tr><tr><td>6<\/td><td>2100,1050,700<\/td><td>1.3<\/td><td>3.56<\/td><td>78<\/td><td>1050<\/td><td>17<\/td><\/tr><tr><td>8<\/td><td>2100,1050,700<\/td><td>1.5<\/td><td>3.26<\/td><td>76<\/td><td>1400<\/td><td>18<\/td><\/tr><tr><td>10<\/td><td>2100,1050,700<\/td><td>1.7<\/td><td>3.02<\/td><td>73<\/td><td>1750<\/td><td>19<\/td><\/tr><tr><td>12<\/td><td>2100,1050,700<\/td><td>1.9<\/td><td>2.78<\/td><td>72<\/td><td>2100<\/td><td>20<\/td><\/tr><tr><td rowspan=\"6\">Estructura R de 3 paredes<\/td><td>8<\/td><td>2100,1050,700<\/td><td>1.6<\/td><td>2.76<\/td><td>73<\/td><td>1400<\/td><td>19<\/td><\/tr><tr><td>10<\/td><td>2100,1050,700<\/td><td>1.80<\/td><td>2.68<\/td><td>71<\/td><td>1750<\/td><td>19<\/td><\/tr><tr><td>12<\/td><td>2100,1050,700<\/td><td>2.10<\/td><td>2.60<\/td><td>71<\/td><td>2100<\/td><td>19<\/td><\/tr><tr><td>14<\/td><td>2100,1050,700<\/td><td>2.40<\/td><td>2.42<\/td><td>69<\/td><td>2450<\/td><td>20<\/td><\/tr><tr><td>16<\/td><td>2100,1050,700<\/td><td>2.70<\/td><td>2.27<\/td><td>68<\/td><td>2800<\/td><td>21<\/td><\/tr><tr><td>18<\/td><td>2100,1050,700<\/td><td>3.00<\/td><td>2.21<\/td><td>67<\/td><td>3150<\/td><td>22<\/td><\/tr><tr><td rowspan=\"7\">Estructura en R de 4 paredes<\/td><td>8<\/td><td>2100,1050,700<\/td><td>1.80<\/td><td>2.56<\/td><td>71<\/td><td>1400<\/td><td>18<\/td><\/tr><tr><td>10<\/td><td>2100,1050,700<\/td><td>2.10<\/td><td>2.39<\/td><td>71<\/td><td>1750<\/td><td>19<\/td><\/tr><tr><td>12<\/td><td>2100,1050,700<\/td><td>2.30<\/td><td>2.30<\/td><td>70<\/td><td>2100<\/td><td>20<\/td><\/tr><tr><td>14<\/td><td>2100,1050,700<\/td><td>2.50<\/td><td>2.10<\/td><td>69<\/td><td>2450<\/td><td>21<\/td><\/tr><tr><td>16<\/td><td>2100,1050,700<\/td><td>2.80<\/td><td>2.00<\/td><td>68<\/td><td>2800<\/td><td>22<\/td><\/tr><tr><td>18<\/td><td>2100,1050,700<\/td><td>3.10<\/td><td>1.88<\/td><td>66<\/td><td>3150<\/td><td>22<\/td><\/tr><tr><td>20<\/td><td>2100,1050,700<\/td><td>3.30<\/td><td>1.69<\/td><td>63<\/td><td>3500<\/td><td>23<\/td><\/tr><tr><td rowspan=\"6\">Estructura en H de 4 paredes<\/td><td>6<\/td><td>2100,1050,700<\/td><td>1.30<\/td><td>2.96<\/td><td>59<\/td><td>1050<\/td><td>18<\/td><\/tr><tr><td>8<\/td><td>2100,1050,700<\/td><td>1.7<\/td><td>2.58<\/td><td>58<\/td><td>1400<\/td><td>18<\/td><\/tr><tr><td>10<\/td><td>2100,1050,700<\/td><td>1.9<\/td><td>2.16<\/td><td>57<\/td><td>1750<\/td><td>19<\/td><\/tr><tr><td>12<\/td><td>2100,1050,700<\/td><td>2.20<\/td><td>1.98<\/td><td>56<\/td><td>2100<\/td><td>20<\/td><\/tr><tr><td>14<\/td><td>2100,1050,700<\/td><td>2.40<\/td><td>1.74<\/td><td>55<\/td><td>2450<\/td><td>20<\/td><\/tr><tr><td>16<\/td><td>2100,1050,700<\/td><td>2.70<\/td><td>1.56<\/td><td>53<\/td><td>2800<\/td><td>21<\/td><\/tr><tr><td rowspan=\"4\">Estructura en X de 5 paredes<\/td><td>12<\/td><td>2100,1050,700<\/td><td>2.10<\/td><td>2.56<\/td><td>66<\/td><td>2100<\/td><td>20<\/td><\/tr><tr><td>16<\/td><td>2100,1050,700<\/td><td>2.80<\/td><td>2.10<\/td><td>65<\/td><td>2800<\/td><td>21<\/td><\/tr><tr><td>20<\/td><td>2100,1050,700<\/td><td>2.95<\/td><td>2.27<\/td><td>63<\/td><td>3500<\/td><td>22<\/td><\/tr><tr><td>25<\/td><td>2100,1050,700<\/td><td>3.35<\/td><td>2.16<\/td><td>60<\/td><td>4375<\/td><td>23<\/td><\/tr><tr><td rowspan=\"5\">Estructura en D de 7 paredes<\/td><td>22<\/td><td>2100,1050,700<\/td><td>3.40<\/td><td>1.51<\/td><td>58<\/td><td>3850<\/td><td>22<\/td><\/tr><tr><td>25<\/td><td>2100,1050,700<\/td><td>3.60<\/td><td>1.41<\/td><td>57<\/td><td>4375<\/td><td>23<\/td><\/tr><tr><td>32<\/td><td>2100,1050,700<\/td><td>4.00<\/td><td>1.32<\/td><td>53<\/td><td>5600<\/td><td>23<\/td><\/tr><tr><td>35<\/td><td>2100,1050,700<\/td><td>4.50<\/td><td>1.19<\/td><td>50<\/td><td>6125<\/td><td>24<\/td><\/tr><tr><td>40<\/td><td>2100,1050,700<\/td><td>5.00<\/td><td>1.19<\/td><td>50<\/td><td>6125<\/td><td>24<\/td><\/tr><\/tbody><\/table><\/figure>\n\n\n\n<p><strong>COLOR<\/strong><\/p>\n\n\n\n<figure class=\"wp-block-image\"><img decoding=\"async\" src=\"https:\/\/www.techplast.com.cn\/d\/file\/polycarbonate-sheet\/1\/2023-10-31\/16987396803570.jpg\" alt=\"\" title=\"1.jpg\"><\/figure>\n\n\n\n<p><strong>MATERIAL<\/strong><\/p>\n\n\n\n<figure class=\"wp-block-image\"><img decoding=\"async\" src=\"https:\/\/www.techplast.com.cn\/d\/file\/polycarbonate-sheet\/1\/2023-11-09\/16995220514591.png\" alt=\"\" title=\"1.png\"><\/figure>\n\n\n\n<p><strong>TALLER<\/strong><\/p>\n\n\n\n<figure class=\"wp-block-image\"><img decoding=\"async\" src=\"https:\/\/www.techplast.com.cn\/d\/file\/polycarbonate-sheet\/1\/2023-11-08\/16994152714023.png\" alt=\"\" title=\"1.png\"><\/figure>\n\n\n\n<p><strong>LOG\u00cdSTICA<\/strong><\/p>\n\n\n\n<figure class=\"wp-block-image\"><img decoding=\"async\" src=\"https:\/\/www.techplast.com.cn\/d\/file\/polycarbonate-sheet\/1\/2023-11-09\/16995221347488.jpg\" alt=\"\" title=\"2.jpg\"><\/figure>\n\n\n\n<p><strong>SOLICITUD<\/strong><\/p>\n\n\n\n<figure class=\"wp-block-image\"><img decoding=\"async\" src=\"https:\/\/www.techplast.com.cn\/d\/file\/polycarbonate-sheet\/1\/2023-11-08\/16994268547308.png\" alt=\"\" title=\"1.png\"><\/figure>","protected":false},"featured_media":16744,"parent":0,"template":"","product-catagories":[178],"product-tag":[],"class_list":["post-14555","product","type-product","status-publish","has-post-thumbnail","hentry","product-catagories-polycarbonate-hollow-sheet"],"acf":[],"_links":{"self":[{"href":"https:\/\/www.tononplastics.com\/es\/wp-json\/wp\/v2\/product\/14555","targetHints":{"allow":["GET"]}}],"collection":[{"href":"https:\/\/www.tononplastics.com\/es\/wp-json\/wp\/v2\/product"}],"about":[{"href":"https:\/\/www.tononplastics.com\/es\/wp-json\/wp\/v2\/types\/product"}],"version-history":[{"count":0,"href":"https:\/\/www.tononplastics.com\/es\/wp-json\/wp\/v2\/product\/14555\/revisions"}],"wp:featuredmedia":[{"embeddable":true,"href":"https:\/\/www.tononplastics.com\/es\/wp-json\/wp\/v2\/media\/16744"}],"wp:attachment":[{"href":"https:\/\/www.tononplastics.com\/es\/wp-json\/wp\/v2\/media?parent=14555"}],"wp:term":[{"taxonomy":"product-catagories","embeddable":true,"href":"https:\/\/www.tononplastics.com\/es\/wp-json\/wp\/v2\/product-catagories?post=14555"},{"taxonomy":"product-tag","embeddable":true,"href":"https:\/\/www.tononplastics.com\/es\/wp-json\/wp\/v2\/product-tag?post=14555"}],"curies":[{"name":"wp","href":"https:\/\/api.w.org\/{rel}","templated":true}]}}