{"id":14567,"date":"2023-08-08T10:49:25","date_gmt":"2023-08-08T02:49:25","guid":{"rendered":"https:\/\/tononplastics.com\/?post_type=product&#038;p=14567"},"modified":"2024-03-25T14:11:31","modified_gmt":"2024-03-25T06:11:31","slug":"pc-finish-sheet","status":"publish","type":"product","link":"https:\/\/www.tononplastics.com\/es\/product\/pc-finish-sheet\/","title":{"rendered":"Hoja de acabado PC"},"content":{"rendered":"<figure class=\"wp-block-gallery has-nested-images columns-default is-cropped wp-block-gallery-1 is-layout-flex wp-block-gallery-is-layout-flex\">\n<figure class=\"wp-block-image size-large\"><img decoding=\"async\" data-id=\"16103\" src=\"https:\/\/www.tononplastics.com\/wp-content\/uploads\/2023\/08\/H912578573bb64e5aa470cb700f63aee7a.webp\" alt=\"\" class=\"wp-image-16103\" title=\"\"><\/figure>\n\n\n\n<figure class=\"wp-block-image size-large\"><img fetchpriority=\"high\" decoding=\"async\" width=\"850\" height=\"567\" data-id=\"15130\" src=\"https:\/\/www.tononplastics.com\/wp-content\/uploads\/2023\/08\/UTB8n0ouXHnJXKJkSahGq6xhzFXaT.jpg\" alt=\"\" class=\"wp-image-15130\" title=\"\" srcset=\"https:\/\/www.tononplastics.com\/wp-content\/uploads\/2023\/08\/UTB8n0ouXHnJXKJkSahGq6xhzFXaT.jpg 850w, https:\/\/www.tononplastics.com\/wp-content\/uploads\/2023\/08\/UTB8n0ouXHnJXKJkSahGq6xhzFXaT-300x200.jpg 300w, https:\/\/www.tononplastics.com\/wp-content\/uploads\/2023\/08\/UTB8n0ouXHnJXKJkSahGq6xhzFXaT-768x512.jpg 768w\" sizes=\"(max-width: 850px) 100vw, 850px\" \/><\/figure>\n<\/figure>\n\n\n\n<h5 class=\"wp-block-heading\">DESCRIPCI\u00d3N<\/h5>\n\n\n\n<p>PC (policarbonato): Muy alta resistencia al impacto, aislamiento ac\u00fastico, aislamiento t\u00e9rmico y resistencia al envejecimiento. Es un pl\u00e1stico termopl\u00e1stico de ingenier\u00eda amorfo, inodoro, no t\u00f3xico, muy transparente, incoloro o ligeramente amarillo, conocido como metal transparente.<\/p>\n\n\n\n<p><strong>Detalles del producto:<\/strong><br>Nombre del producto: Tarjeta PC<br>Usos: modelos prototipo, aparatos electr\u00f3nicos, autom\u00f3viles, accesorios m\u00e9dicos, industriales, accesorios, aeroespacial, fibra electr\u00f3nica \/ el\u00e9ctrica, etc.<br>Longitud: Est\u00e1ndar: 2100MM se puede personalizar seg\u00fan los requisitos<br>Anchura: Est\u00e1ndar: 1200MM se puede personalizar seg\u00fan los requisitos<br>Espesor: 1-120MM<br>Material: PC<br>Aspecto: transparente y plano<br>Color: transparente<br>Caracter\u00edsticas: La madura tecnolog\u00eda de alivio de tensi\u00f3n interna asegura que el tablero tenga las ventajas de buena planitud, alta transparencia, sin deformaci\u00f3n y sin burbujas.<\/p>\n\n\n\n<figure class=\"wp-block-image size-large\"><img decoding=\"async\" src=\"https:\/\/www.tononplastics.com\/wp-content\/uploads\/2023\/08\/H5252f7bf19904b9295f135ab89a014f02-1024x683.webp\" alt=\"\" class=\"wp-image-16102\" title=\"\"><\/figure>","protected":false},"featured_media":0,"parent":0,"template":"","product-catagories":[168],"product-tag":[],"class_list":["post-14567","product","type-product","status-publish","hentry","product-catagories-acrylic-sheet"],"acf":[],"_links":{"self":[{"href":"https:\/\/www.tononplastics.com\/es\/wp-json\/wp\/v2\/product\/14567","targetHints":{"allow":["GET"]}}],"collection":[{"href":"https:\/\/www.tononplastics.com\/es\/wp-json\/wp\/v2\/product"}],"about":[{"href":"https:\/\/www.tononplastics.com\/es\/wp-json\/wp\/v2\/types\/product"}],"version-history":[{"count":0,"href":"https:\/\/www.tononplastics.com\/es\/wp-json\/wp\/v2\/product\/14567\/revisions"}],"wp:attachment":[{"href":"https:\/\/www.tononplastics.com\/es\/wp-json\/wp\/v2\/media?parent=14567"}],"wp:term":[{"taxonomy":"product-catagories","embeddable":true,"href":"https:\/\/www.tononplastics.com\/es\/wp-json\/wp\/v2\/product-catagories?post=14567"},{"taxonomy":"product-tag","embeddable":true,"href":"https:\/\/www.tononplastics.com\/es\/wp-json\/wp\/v2\/product-tag?post=14567"}],"curies":[{"name":"wp","href":"https:\/\/api.w.org\/{rel}","templated":true}]}}