{"id":14571,"date":"2023-08-08T10:50:24","date_gmt":"2023-08-08T02:50:24","guid":{"rendered":"https:\/\/tononplastics.com\/?post_type=product&#038;p=14571"},"modified":"2024-03-25T11:25:13","modified_gmt":"2024-03-25T03:25:13","slug":"polycarbonte-awning","status":"publish","type":"product","link":"https:\/\/www.tononplastics.com\/es\/product\/polycarbonte-awning\/","title":{"rendered":"Toldo de policarbonato"},"content":{"rendered":"<p><strong>Detalles<\/strong>:<br>El toldo de policarbonato utiliza principalmente l\u00e1minas de policarbonato Bayer (incluidas l\u00e1minas huecas de PC y l\u00e1minas s\u00f3lidas de PC) como material. El peso ligero y la fuerte resistencia a la intemperie son dos caracter\u00edsticas importantes. Se utiliza mucho como toldo para estaciones de autobuses y aparcamientos subterr\u00e1neos. Y es f\u00e1cil de instalar.<\/p>\n\n\n\n<p><strong>Ventajas de los toldos de policarbonato<\/strong><br>1.Superficie transparente \u00fanica con protecci\u00f3n UV<br>2.Resistente a la intemperie<br>3.L\u00e1mina de pl\u00e1stico de policarbonato resistente y fuertes soportes estructurales de pl\u00e1stico<br>4.Dise\u00f1ado para resistir hasta un hurac\u00e1n de categor\u00eda 1<br>5.La superficie reduce el ruido de la lluvia y el granizo<br>6.Respetuoso con el medio ambiente<br>7.Se pueden conectar varias marquesinas para crear una marquesina m\u00e1s larga.<br>8.Se incluye toda la torniller\u00eda para un montaje e instalaci\u00f3n r\u00e1pidos y sencillos<\/p>\n\n\n\n<figure class=\"wp-block-gallery has-nested-images columns-default is-cropped wp-block-gallery-1 is-layout-flex wp-block-gallery-is-layout-flex\">\n<figure class=\"wp-block-image size-large\"><img fetchpriority=\"high\" decoding=\"async\" width=\"662\" height=\"379\" data-id=\"14365\" src=\"https:\/\/www.tononplastics.com\/wp-content\/uploads\/2023\/08\/img-121.jpg\" alt=\"\" class=\"wp-image-14365\" title=\"\" srcset=\"https:\/\/www.tononplastics.com\/wp-content\/uploads\/2023\/08\/img-121.jpg 662w, https:\/\/www.tononplastics.com\/wp-content\/uploads\/2023\/08\/img-121-300x172.jpg 300w\" sizes=\"(max-width: 662px) 100vw, 662px\" \/><\/figure>\n\n\n\n<figure class=\"wp-block-image size-large\"><img decoding=\"async\" width=\"1024\" height=\"683\" data-id=\"14364\" src=\"https:\/\/www.tononplastics.com\/wp-content\/uploads\/2023\/08\/img-120-1024x683.jpg\" alt=\"\" class=\"wp-image-14364\" title=\"\" srcset=\"https:\/\/www.tononplastics.com\/wp-content\/uploads\/2023\/08\/img-120-1024x683.jpg 1024w, https:\/\/www.tononplastics.com\/wp-content\/uploads\/2023\/08\/img-120-300x200.jpg 300w, https:\/\/www.tononplastics.com\/wp-content\/uploads\/2023\/08\/img-120-768x512.jpg 768w, https:\/\/www.tononplastics.com\/wp-content\/uploads\/2023\/08\/img-120-1536x1024.jpg 1536w, https:\/\/www.tononplastics.com\/wp-content\/uploads\/2023\/08\/img-120-2048x1365.jpg 2048w\" sizes=\"(max-width: 1024px) 100vw, 1024px\" \/><\/figure>\n<\/figure>\n\n\n<p><b>ESPECIFICACIONES DEL TOLDO<\/b><\/p>\n<table style=\"border-collapse: collapse; width: 100%;\">\n<tbody>\n<tr>\n<td style=\"width: 16.335%;\">\n<p>Anchura (mm)<\/p>\n<\/td>\n<td style=\"width: 83.665%;\">\n<p>600,800,1000,1200,1500,2000<\/p>\n<\/td>\n<\/tr>\n<tr>\n<td style=\"width: 16.335%;\">\n<p>Profundidad (mm)<\/p>\n<\/td>\n<td style=\"width: 83.665%;\">\n<p>600,800,1000,1200,1500<\/p>\n<\/td>\n<\/tr>\n<tr>\n<td style=\"width: 16.335%;\">\n<p>Material del tablero<\/p>\n<\/td>\n<td style=\"width: 83.665%;\">\n<p>Hoja maciza de PC de 3 mm<\/p>\n<p>Hoja maciza de PC de 6 mm<\/p>\n<\/td>\n<\/tr>\n<tr>\n<td style=\"width: 16.335%;\">\n<p>Soporte<\/p>\n<\/td>\n<td style=\"width: 83.665%;\">\n<p>Pl\u00e1sticos t\u00e9cnicos PP o aluminio<\/p>\n<\/td>\n<\/tr>\n<tr>\n<td style=\"width: 16.335%;\">\n<p>Observaciones<\/p>\n<\/td>\n<td style=\"width: 83.665%;\">\n<p>Los tama\u00f1os se pueden personalizar seg\u00fan las necesidades del cliente<\/p>\n<\/td>\n<\/tr>\n<\/tbody>\n<\/table>\n<p>\u00a0<\/p>\n\n\n<figure class=\"wp-block-gallery has-nested-images columns-default is-cropped wp-block-gallery-2 is-layout-flex wp-block-gallery-is-layout-flex\">\n<figure class=\"wp-block-image size-large\"><img decoding=\"async\" width=\"682\" height=\"358\" data-id=\"15372\" src=\"https:\/\/www.tononplastics.com\/wp-content\/uploads\/2023\/08\/H2d98bb868b2d4385b8957b7b46c19741H.png\" alt=\"\" class=\"wp-image-15372\" title=\"\" srcset=\"https:\/\/www.tononplastics.com\/wp-content\/uploads\/2023\/08\/H2d98bb868b2d4385b8957b7b46c19741H.png 682w, https:\/\/www.tononplastics.com\/wp-content\/uploads\/2023\/08\/H2d98bb868b2d4385b8957b7b46c19741H-300x157.png 300w\" sizes=\"(max-width: 682px) 100vw, 682px\" \/><\/figure>\n<\/figure>","protected":false},"featured_media":14364,"parent":0,"template":"","product-catagories":[171],"product-tag":[],"class_list":["post-14571","product","type-product","status-publish","has-post-thumbnail","hentry","product-catagories-awning"],"acf":[],"_links":{"self":[{"href":"https:\/\/www.tononplastics.com\/es\/wp-json\/wp\/v2\/product\/14571","targetHints":{"allow":["GET"]}}],"collection":[{"href":"https:\/\/www.tononplastics.com\/es\/wp-json\/wp\/v2\/product"}],"about":[{"href":"https:\/\/www.tononplastics.com\/es\/wp-json\/wp\/v2\/types\/product"}],"version-history":[{"count":0,"href":"https:\/\/www.tononplastics.com\/es\/wp-json\/wp\/v2\/product\/14571\/revisions"}],"wp:featuredmedia":[{"embeddable":true,"href":"https:\/\/www.tononplastics.com\/es\/wp-json\/wp\/v2\/media\/14364"}],"wp:attachment":[{"href":"https:\/\/www.tononplastics.com\/es\/wp-json\/wp\/v2\/media?parent=14571"}],"wp:term":[{"taxonomy":"product-catagories","embeddable":true,"href":"https:\/\/www.tononplastics.com\/es\/wp-json\/wp\/v2\/product-catagories?post=14571"},{"taxonomy":"product-tag","embeddable":true,"href":"https:\/\/www.tononplastics.com\/es\/wp-json\/wp\/v2\/product-tag?post=14571"}],"curies":[{"name":"wp","href":"https:\/\/api.w.org\/{rel}","templated":true}]}}