{"id":15092,"date":"2023-08-22T15:54:49","date_gmt":"2023-08-22T07:54:49","guid":{"rendered":"https:\/\/tononplastics.com\/?post_type=product&#038;p=15092"},"modified":"2024-03-25T12:43:29","modified_gmt":"2024-03-25T04:43:29","slug":"polycarbonate-price-m2-thickness-1mm-to-20mm-polycarbonate-sheet-skylight","status":"publish","type":"product","link":"https:\/\/www.tononplastics.com\/es\/product\/polycarbonate-price-m2-thickness-1mm-to-20mm-polycarbonate-sheet-skylight\/","title":{"rendered":"Policarbonato precio m2 espesor 1mm a 20mm l\u00e1mina de policarbonato claraboya"},"content":{"rendered":"<figure class=\"wp-block-gallery has-nested-images columns-default is-cropped wp-block-gallery-1 is-layout-flex wp-block-gallery-is-layout-flex\">\n<figure class=\"wp-block-image size-large\"><img decoding=\"async\" data-id=\"16102\" src=\"https:\/\/www.tononplastics.com\/wp-content\/uploads\/2023\/08\/H5252f7bf19904b9295f135ab89a014f02-1024x683.webp\" alt=\"\" class=\"wp-image-16102\" title=\"\"><\/figure>\n\n\n\n<figure class=\"wp-block-image size-large\"><img decoding=\"async\" data-id=\"16103\" src=\"https:\/\/www.tononplastics.com\/wp-content\/uploads\/2023\/08\/H912578573bb64e5aa470cb700f63aee7a.webp\" alt=\"\" class=\"wp-image-16103\" title=\"\"><\/figure>\n<\/figure>\n\n\n<p align=\"left\"><strong data-spm-anchor-id=\"a2700.details.0.i49.3dd740b027tc6R\">Aplicaci\u00f3n de la l\u00e1mina de policarbonato<\/strong><\/p>\n<p>1) L\u00e1minas de luz para tejados y parasoles para edificios de oficinas, grandes almacenes, hoteles, estadios, escuelas, centros de ocio, hospitales, etc.<\/p>\n<p>2) Claraboya, iluminaci\u00f3n de pasillos, balcones, pasadizos y entradas de metro, pasarelas.<\/p>\n<p>3) Bricolaje, toldo, capota.<\/p>\n<p>4) Cajas de l\u00e1mparas publicitarias, tabl\u00f3n de anuncios.<\/p>\n<p>5) Escudo antidisturbios, material antibalas, cajeros autom\u00e1ticos de bancos.<\/p>\n<p>6) Conservatorios, invernaderos agr\u00edcolas, zool\u00f3gicos, jardines bot\u00e1nicos.<\/p>\n<p>7) Tejados y acristalamientos industriales<\/p>\n<p>8) Pl\u00e1stico ineering para cubiertas de piscinas de excelente capacidad de integraci\u00f3n.\u00a0<\/p>\n<p>9) Diez a\u00f1os de garant\u00eda.<\/p>\n<p align=\"left\"><strong>Condiciones comerciales:<\/strong><\/p>\n<p align=\"left\">1.T\u00e9rmino del precio: EXW\/FOB\/C&amp;F\/CIF\u00a0<\/p>\n<p align=\"left\">2.Pago por T\/T o L\/C. 30% dep\u00f3sito y 70% antes del env\u00edo.\u00a0<\/p>\n<p align=\"left\">3.Plazo de entrega:7-10 d\u00edas laborables,sujeto a la cantidad del pedido<\/p>\n<p align=\"left\">4.MOQ:3tons<\/p>\n<p><strong>Informaci\u00f3n sobre la empresa<\/strong><\/p>\n<p>\u00a0<img decoding=\"async\" src=\"https:\/\/sc02.alicdn.com\/kf\/H3cbcbd416388413795ef9aae9767675d6\/200162319\/H3cbcbd416388413795ef9aae9767675d6.png\" alt=\"Policarbonato precio m2 espesor 1mm a 20mm l\u00e1mina de policarbonato claraboya\" width=\"630\" data-src=\"\/\/sc02.alicdn.com\/kf\/H3cbcbd416388413795ef9aae9767675d6\/200162319\/H3cbcbd416388413795ef9aae9767675d6.png\" data-alt=\"Polycarbonate price m2 thickness 1mm to 20mm polycarbonate sheet skylight\" data-width=\"630\" data- title=\"\"><\/p>\n<p><img fetchpriority=\"high\" decoding=\"async\" src=\"https:\/\/tononplastics.com\/wp-content\/uploads\/2023\/08\/10007-1.jpg\" sizes=\"(max-width: 800px) 100vw, 800px\" srcset=\"https:\/\/tononplastics.com\/wp-content\/uploads\/2023\/08\/10007-1.jpg 800w, https:\/\/tononplastics.com\/wp-content\/uploads\/2023\/08\/10007-1-300x300.jpg 300w, https:\/\/tononplastics.com\/wp-content\/uploads\/2023\/08\/10007-1-150x150.jpg 150w, https:\/\/tononplastics.com\/wp-content\/uploads\/2023\/08\/10007-1-768x768.jpg 768w\" alt=\"\" width=\"800\" height=\"800\" title=\"\"><\/p>","protected":false},"featured_media":14843,"parent":0,"template":"","product-catagories":[168],"product-tag":[],"class_list":["post-15092","product","type-product","status-publish","has-post-thumbnail","hentry","product-catagories-acrylic-sheet"],"acf":[],"_links":{"self":[{"href":"https:\/\/www.tononplastics.com\/es\/wp-json\/wp\/v2\/product\/15092","targetHints":{"allow":["GET"]}}],"collection":[{"href":"https:\/\/www.tononplastics.com\/es\/wp-json\/wp\/v2\/product"}],"about":[{"href":"https:\/\/www.tononplastics.com\/es\/wp-json\/wp\/v2\/types\/product"}],"version-history":[{"count":0,"href":"https:\/\/www.tononplastics.com\/es\/wp-json\/wp\/v2\/product\/15092\/revisions"}],"wp:featuredmedia":[{"embeddable":true,"href":"https:\/\/www.tononplastics.com\/es\/wp-json\/wp\/v2\/media\/14843"}],"wp:attachment":[{"href":"https:\/\/www.tononplastics.com\/es\/wp-json\/wp\/v2\/media?parent=15092"}],"wp:term":[{"taxonomy":"product-catagories","embeddable":true,"href":"https:\/\/www.tononplastics.com\/es\/wp-json\/wp\/v2\/product-catagories?post=15092"},{"taxonomy":"product-tag","embeddable":true,"href":"https:\/\/www.tononplastics.com\/es\/wp-json\/wp\/v2\/product-tag?post=15092"}],"curies":[{"name":"wp","href":"https:\/\/api.w.org\/{rel}","templated":true}]}}