{"id":15108,"date":"2023-08-22T16:06:27","date_gmt":"2023-08-22T08:06:27","guid":{"rendered":"https:\/\/tononplastics.com\/?post_type=product&#038;p=15108"},"modified":"2024-03-25T14:01:23","modified_gmt":"2024-03-25T06:01:23","slug":"pc-plastic-board-endurance-plate-1mm-polycarbonate-corrugate-sheet-scratch-solution","status":"publish","type":"product","link":"https:\/\/www.tononplastics.com\/es\/product\/pc-plastic-board-endurance-plate-1mm-polycarbonate-corrugate-sheet-scratch-solution\/","title":{"rendered":"PC placa de pl\u00e1stico placa de resistencia 1mm policarbonato corrugado hoja de ara\u00f1azos soluci\u00f3n"},"content":{"rendered":"<p><strong>Breve introducci\u00f3n:<\/strong><\/p>\n<p>A. Gama de productos<\/p>\n<p>1). espesor de la l\u00e1mina de policarbonato: 4, 5, 6, 8 y 10mm. Anchura: 2100mm.<\/p>\n<p>2). Espesor de la l\u00e1mina de policarbonato de triple pared: 8, 10, 12, 16 mm. Anchura: 2100mm.<\/p>\n<p>3). Espesor de la l\u00e1mina de policarbonato de cuatro paredes: 6, 8, 10, 12, 16 mm. Anchura: 2100mm.<\/p>\n<p>4). Espesor de la plancha de policarbonato alveolar: 8, 10, 12 mm. Anchura: 2100mm.<\/p>\n<p>5). Sistema de cubierta de policarbonato [Estructura rectangular y de nido de abeja de cuatro capas] Espesor: 8, 10 y 12 mm. Anchura: 600mm.<\/p>\n<p>6). Espesor de la l\u00e1mina de policarbonato macizo [Compacto]: 0,9-8,0 mm.<\/p>\n<p>Anchura: 1220, 1560, 1820, 2100mm, Normalmente 1220x2440mm, 2050mmx3000mm<\/p>\n<p>7). Plancha ondulada de policarbonato [Roma &amp; Greca &amp; Trimdek &amp; Minwave].<br \/>\nA. Grosor: 0,8-2,5 mm. La anchura es diferente.<\/p>\n<p>B. Longitud: Sin l\u00edmite (se recomiendan 5800, 6000, 11800, 12000 mm para adaptarse a contenedores de 20\u2032 y contenedores de 40\u2032).<br \/>\nC. Color: claro\/transparente, azul lago, verde, azul, \u00f3palo, blanco, marr\u00f3n\/bronce, gris plateado, rojo, amarillo, etc.<\/p>\n<p><img fetchpriority=\"high\" decoding=\"async\" class=\"\" src=\"https:\/\/sc01.alicdn.com\/kf\/H4924704161ca4407afe395c32f2f1217O\/200162319\/H4924704161ca4407afe395c32f2f1217O.jpg\" alt=\"PC placa de pl\u00e1stico placa de resistencia 1mm policarbonato corrugado hoja de ara\u00f1azos soluci\u00f3n\" width=\"397\" height=\"397\" data-src=\"\/\/sc01.alicdn.com\/kf\/H4924704161ca4407afe395c32f2f1217O\/200162319\/H4924704161ca4407afe395c32f2f1217O.jpg\" data-alt=\"PC plastic board endurance plate 1mm polycarbonate corrugate sheet scratch solution\" data-width=\"630\" data- title=\"\"><img decoding=\"async\" class=\"\" src=\"https:\/\/sc02.alicdn.com\/kf\/H6a84f70266a1495594600983849c9e3cP\/200162319\/H6a84f70266a1495594600983849c9e3cP.jpg\" alt=\"PC placa de pl\u00e1stico placa de resistencia 1mm policarbonato corrugado hoja de ara\u00f1azos soluci\u00f3n\" width=\"354\" height=\"354\" data-src=\"\/\/sc02.alicdn.com\/kf\/H6a84f70266a1495594600983849c9e3cP\/200162319\/H6a84f70266a1495594600983849c9e3cP.jpg\" data-alt=\"PC plastic board endurance plate 1mm polycarbonate corrugate sheet scratch solution\" data-width=\"630\" data- title=\"\"><br \/>\n<strong>Detalles del producto<\/strong><br \/>\n<strong>Principales ventajas competitivas:<\/strong><br \/>\nEmbalajePiezas de marcaPa\u00eds de origenEnlace electr\u00f3nicoPersonal con experienciaForm AGProducto verdeGarant\u00edaAprobaciones internacionalesPrecioCaracter\u00edsticas del productoDesempe\u00f1o del productoEntrega r\u00e1pidaAprobaciones de calidadReputaci\u00f3nServicio<br \/>\nPrincipales mercados de exportaci\u00f3n:<br \/>\nAsiaAustralasiaAm\u00e9rica Central y del SurEuropa OrientalMedio Oriente y \u00c1fricaAm\u00e9rica del NorteEuropa Occidental<br \/>\nDetalles de la entrega:<br \/>\nPrecio FOB:US$ 3 - 5 \/ Metros cuadrados<br \/>\nPuerto FOB:GuangZhou<br \/>\nPlazo de entrega:3-5 d\u00edas<\/p>\n<p><img decoding=\"async\" class=\"\" src=\"https:\/\/sc01.alicdn.com\/kf\/H0df9a838554943d78a9da9ed19748703l\/200162319\/H0df9a838554943d78a9da9ed19748703l.jpg\" alt=\"PC placa de pl\u00e1stico placa de resistencia 1mm policarbonato corrugado hoja de ara\u00f1azos soluci\u00f3n\" width=\"350\" height=\"350\" data-src=\"\/\/sc01.alicdn.com\/kf\/H0df9a838554943d78a9da9ed19748703l\/200162319\/H0df9a838554943d78a9da9ed19748703l.jpg\" data-alt=\"PC plastic board endurance plate 1mm polycarbonate corrugate sheet scratch solution\" data-width=\"630\" data- title=\"\"><img loading=\"lazy\" decoding=\"async\" class=\"\" src=\"https:\/\/sc02.alicdn.com\/kf\/H50ae5977d66849c9b99788f6bf113f2ck\/200162319\/H50ae5977d66849c9b99788f6bf113f2ck.jpg\" alt=\"PC placa de pl\u00e1stico placa de resistencia 1mm policarbonato corrugado hoja de ara\u00f1azos soluci\u00f3n\" width=\"365\" height=\"365\" data-src=\"\/\/sc02.alicdn.com\/kf\/H50ae5977d66849c9b99788f6bf113f2ck\/200162319\/H50ae5977d66849c9b99788f6bf113f2ck.jpg\" data-alt=\"PC plastic board endurance plate 1mm polycarbonate corrugate sheet scratch solution\" data-width=\"630\" data- title=\"\"><\/p>","protected":false},"featured_media":0,"parent":0,"template":"","product-catagories":[168],"product-tag":[],"class_list":["post-15108","product","type-product","status-publish","hentry","product-catagories-acrylic-sheet"],"acf":[],"_links":{"self":[{"href":"https:\/\/www.tononplastics.com\/es\/wp-json\/wp\/v2\/product\/15108","targetHints":{"allow":["GET"]}}],"collection":[{"href":"https:\/\/www.tononplastics.com\/es\/wp-json\/wp\/v2\/product"}],"about":[{"href":"https:\/\/www.tononplastics.com\/es\/wp-json\/wp\/v2\/types\/product"}],"version-history":[{"count":0,"href":"https:\/\/www.tononplastics.com\/es\/wp-json\/wp\/v2\/product\/15108\/revisions"}],"wp:attachment":[{"href":"https:\/\/www.tononplastics.com\/es\/wp-json\/wp\/v2\/media?parent=15108"}],"wp:term":[{"taxonomy":"product-catagories","embeddable":true,"href":"https:\/\/www.tononplastics.com\/es\/wp-json\/wp\/v2\/product-catagories?post=15108"},{"taxonomy":"product-tag","embeddable":true,"href":"https:\/\/www.tononplastics.com\/es\/wp-json\/wp\/v2\/product-tag?post=15108"}],"curies":[{"name":"wp","href":"https:\/\/api.w.org\/{rel}","templated":true}]}}