{"id":15112,"date":"2023-08-22T16:55:23","date_gmt":"2023-08-22T08:55:23","guid":{"rendered":"https:\/\/tononplastics.com\/?post_type=product&#038;p=15112"},"modified":"2024-03-25T15:09:25","modified_gmt":"2024-03-25T07:09:25","slug":"germany-imported-raw-materials-pc-corrugated-sheet-sales-promotion-polycarbonate-corrugated-sheet","status":"publish","type":"product","link":"https:\/\/www.tononplastics.com\/es\/product\/germany-imported-raw-materials-pc-corrugated-sheet-sales-promotion-polycarbonate-corrugated-sheet\/","title":{"rendered":"Alemania import\u00f3 materias primas PC Hoja corrugada Promoci\u00f3n de ventas Hoja corrugada de policarbonato"},"content":{"rendered":"<p><img fetchpriority=\"high\" decoding=\"async\" src=\"https:\/\/sc01.alicdn.com\/kf\/UTB87SFrgBahduJk43Jaq6zM8FXay\/200162319\/UTB87SFrgBahduJk43Jaq6zM8FXay.jpg\" alt=\"Alemania import\u00f3 materias primas PC Hoja corrugada Promoci\u00f3n de ventas Hoja corrugada de policarbonato\" width=\"732\" height=\"976\" data-src=\"\/\/sc01.alicdn.com\/kf\/UTB87SFrgBahduJk43Jaq6zM8FXay\/200162319\/UTB87SFrgBahduJk43Jaq6zM8FXay.jpg\" data-alt=\"Germany imported raw materials PC Corrugated Sheet Sales Promotion Polycarbonate Corrugated Sheet\" data-width=\"732\" data-height=\"976\" data- title=\"\"><\/p>\n<p><strong>Plancha ondulada de policarbonato transparente :\u00a0\u00a0<\/strong><\/p>\n<p><img decoding=\"async\" src=\"https:\/\/sc01.alicdn.com\/kf\/HTB1orUjqYsTMeJjSsziq6AdwXXat\/200162319\/HTB1orUjqYsTMeJjSsziq6AdwXXat.jpg\" alt=\"Alemania import\u00f3 materias primas PC Hoja corrugada Promoci\u00f3n de ventas Hoja corrugada de policarbonato\" width=\"732\" height=\"412\" data-src=\"\/\/sc01.alicdn.com\/kf\/HTB1orUjqYsTMeJjSsziq6AdwXXat\/200162319\/HTB1orUjqYsTMeJjSsziq6AdwXXat.jpg\" data-alt=\"Germany imported raw materials PC Corrugated Sheet Sales Promotion Polycarbonate Corrugated Sheet\" data-width=\"732\" data-height=\"412\" data- title=\"\"><\/p>\n<p><strong>930#Verde:<\/strong><\/p>\n<p><img decoding=\"async\" src=\"https:\/\/sc01.alicdn.com\/kf\/HTB1taZhmfNNTKJjSspkq6yeWFXaW\/200162319\/HTB1taZhmfNNTKJjSspkq6yeWFXaW.jpg\" alt=\"Alemania import\u00f3 materias primas PC Hoja corrugada Promoci\u00f3n de ventas Hoja corrugada de policarbonato\" width=\"730\" height=\"730\" data-src=\"\/\/sc01.alicdn.com\/kf\/HTB1taZhmfNNTKJjSspkq6yeWFXaW\/200162319\/HTB1taZhmfNNTKJjSspkq6yeWFXaW.jpg\" data-alt=\"Germany imported raw materials PC Corrugated Sheet Sales Promotion Polycarbonate Corrugated Sheet\" data-width=\"730\" data-height=\"730\" data- title=\"\"><\/p>\n<p><strong>1050#Opal:<\/strong><\/p>\n<p><img loading=\"lazy\" decoding=\"async\" src=\"https:\/\/sc01.alicdn.com\/kf\/HTB1_pI2kgoQMeJjy0Fnq6z8gFXaN\/200162319\/HTB1_pI2kgoQMeJjy0Fnq6z8gFXaN.jpg\" alt=\"Alemania import\u00f3 materias primas PC Hoja corrugada Promoci\u00f3n de ventas Hoja corrugada de policarbonato\" width=\"739\" height=\"621\" data-src=\"\/\/sc01.alicdn.com\/kf\/HTB1_pI2kgoQMeJjy0Fnq6z8gFXaN\/200162319\/HTB1_pI2kgoQMeJjy0Fnq6z8gFXaN.jpg\" data-alt=\"Germany imported raw materials PC Corrugated Sheet Sales Promotion Polycarbonate Corrugated Sheet\" data-width=\"739\" data-height=\"621\" data- title=\"\"><\/p>\n<p><strong>Suministros suficientes:<\/strong><\/p>\n<p><img loading=\"lazy\" decoding=\"async\" src=\"https:\/\/sc02.alicdn.com\/kf\/HTB1G1ZZSpXXXXbLXXXXq6xXFXXX7\/200162319\/HTB1G1ZZSpXXXXbLXXXXq6xXFXXX7.jpg\" alt=\"Alemania import\u00f3 materias primas PC Hoja corrugada Promoci\u00f3n de ventas Hoja corrugada de policarbonato\" width=\"737\" height=\"983\" data-src=\"\/\/sc02.alicdn.com\/kf\/HTB1G1ZZSpXXXXbLXXXXq6xXFXXX7\/200162319\/HTB1G1ZZSpXXXXbLXXXXq6xXFXXX7.jpg\" data-alt=\"Germany imported raw materials PC Corrugated Sheet Sales Promotion Polycarbonate Corrugated Sheet\" data-width=\"737\" data-height=\"983\" data- title=\"\"><\/p>\n<p><img loading=\"lazy\" decoding=\"async\" src=\"https:\/\/sc01.alicdn.com\/kf\/HTB11LPNSpXXXXa2XXXXq6xXFXXXF\/200162319\/HTB11LPNSpXXXXa2XXXXq6xXFXXXF.jpg\" alt=\"Alemania import\u00f3 materias primas PC Hoja corrugada Promoci\u00f3n de ventas Hoja corrugada de policarbonato\" width=\"741\" height=\"741\" data-src=\"\/\/sc01.alicdn.com\/kf\/HTB11LPNSpXXXXa2XXXXq6xXFXXXF\/200162319\/HTB11LPNSpXXXXa2XXXXq6xXFXXXF.jpg\" data-alt=\"Germany imported raw materials PC Corrugated Sheet Sales Promotion Polycarbonate Corrugated Sheet\" data-width=\"741\" data-height=\"741\" data- title=\"\"><\/p>\n<p><strong>\u00a0\u00a0M\u00e1quina nueva :<\/strong><\/p>\n<p><img loading=\"lazy\" decoding=\"async\" src=\"https:\/\/sc01.alicdn.com\/kf\/HTB12lZaa4TI8KJjSspiq6zM4FXab\/200162319\/HTB12lZaa4TI8KJjSspiq6zM4FXab.jpg\" alt=\"Alemania import\u00f3 materias primas PC Hoja corrugada Promoci\u00f3n de ventas Hoja corrugada de policarbonato\" width=\"710\" height=\"532\" data-src=\"\/\/sc01.alicdn.com\/kf\/HTB12lZaa4TI8KJjSspiq6zM4FXab\/200162319\/HTB12lZaa4TI8KJjSspiq6zM4FXab.jpg\" data-alt=\"Germany imported raw materials PC Corrugated Sheet Sales Promotion Polycarbonate Corrugated Sheet\" data-width=\"710\" data-height=\"532\" data- title=\"\"><\/p>\n<p><strong>\u00a0\u00a0Material: Bayer<\/strong><\/p>\n<p><img loading=\"lazy\" decoding=\"async\" src=\"https:\/\/sc02.alicdn.com\/kf\/UTB8qazkXMnJXKJkSaelq6xUzXXax\/200162319\/UTB8qazkXMnJXKJkSaelq6xUzXXax.jpg\" alt=\"Alemania import\u00f3 materias primas PC Hoja corrugada Promoci\u00f3n de ventas Hoja corrugada de policarbonato\" width=\"731\" height=\"731\" data-src=\"\/\/sc02.alicdn.com\/kf\/UTB8qazkXMnJXKJkSaelq6xUzXXax\/200162319\/UTB8qazkXMnJXKJkSaelq6xUzXXax.jpg\" data-alt=\"Germany imported raw materials PC Corrugated Sheet Sales Promotion Polycarbonate Corrugated Sheet\" data-width=\"731\" data-height=\"731\" data- title=\"\"><\/p>\n<p>Otros:<\/p>\n<p>Plancha maciza de policarbonato esmerilado<\/p>\n<p>Difusi\u00f3n de la luz Plancha de policarbonato<\/p>\n<p>Plancha maciza de policarbonato<\/p>\n<p>Plancha ondulada de policarbonato<\/p>\n<p><img loading=\"lazy\" decoding=\"async\" src=\"https:\/\/sc02.alicdn.com\/kf\/UTB8lZvkXFPJXKJkSahVq6xyzFXap\/200162319\/UTB8lZvkXFPJXKJkSahVq6xyzFXap.jpg\" alt=\"Alemania import\u00f3 materias primas PC Hoja corrugada Promoci\u00f3n de ventas Hoja corrugada de policarbonato\" width=\"725\" height=\"725\" data-src=\"\/\/sc02.alicdn.com\/kf\/UTB8lZvkXFPJXKJkSahVq6xyzFXap\/200162319\/UTB8lZvkXFPJXKJkSahVq6xyzFXap.jpg\" data-alt=\"Germany imported raw materials PC Corrugated Sheet Sales Promotion Polycarbonate Corrugated Sheet\" data-width=\"725\" data-height=\"725\" data- title=\"\"><\/p>\n<p><strong>\u00a0 \u00a0Paneles de policarbonato de nido de abeja y claraboyas de policarbonato :<\/strong><\/p>\n<p><img loading=\"lazy\" decoding=\"async\" src=\"https:\/\/sc02.alicdn.com\/kf\/UTB8xrRugBahduJk43Jaq6zM8FXaI\/200162319\/UTB8xrRugBahduJk43Jaq6zM8FXaI.jpg\" alt=\"Alemania import\u00f3 materias primas PC Hoja corrugada Promoci\u00f3n de ventas Hoja corrugada de policarbonato\" width=\"716\" height=\"1015\" data-src=\"\/\/sc02.alicdn.com\/kf\/UTB8xrRugBahduJk43Jaq6zM8FXaI\/200162319\/UTB8xrRugBahduJk43Jaq6zM8FXaI.jpg\" data-alt=\"Germany imported raw materials PC Corrugated Sheet Sales Promotion Polycarbonate Corrugated Sheet\" data-width=\"716\" data-height=\"1015\" data- title=\"\"><\/p>\n<p><strong>Toldo de policarbonato :<\/strong><\/p>\n<p><img loading=\"lazy\" decoding=\"async\" src=\"https:\/\/sc01.alicdn.com\/kf\/HTB1bNcba8fH8KJjy1Xbq6zLdXXah\/200162319\/HTB1bNcba8fH8KJjy1Xbq6zLdXXah.jpg\" alt=\"Alemania import\u00f3 materias primas PC Hoja corrugada Promoci\u00f3n de ventas Hoja corrugada de policarbonato\" width=\"709\" height=\"709\" data-src=\"\/\/sc01.alicdn.com\/kf\/HTB1bNcba8fH8KJjy1Xbq6zLdXXah\/200162319\/HTB1bNcba8fH8KJjy1Xbq6zLdXXah.jpg\" data-alt=\"Germany imported raw materials PC Corrugated Sheet Sales Promotion Polycarbonate Corrugated Sheet\" data-width=\"709\" data-height=\"709\" data- title=\"\"><\/p>\n<p>Caracter\u00edsticas de la l\u00e1mina ondulada de policarbonato:<\/p>\n<p><strong>Transmisi\u00f3n de luz:<\/strong><br \/>\nLa transmisi\u00f3n de la luz alcanza 12%-95% seg\u00fan el color y el grosor.<\/p>\n<p><strong>Protecci\u00f3n UV:<\/strong><br \/>\nGracias al revestimiento anti-UV patentado, la l\u00e1mina ondulada de policarbonato mantiene unas perfectas prestaciones mec\u00e1nicas y \u00f3pticas tras la exposici\u00f3n.<\/p>\n<p><strong>Habilidad meteorol\u00f3gica:<\/strong><br \/>\nTiene una gran resistencia a la intemperie, que mantiene un excelente rendimiento en un amplio rango de temperaturas de -40 \u00b0C a 120 \u00b0C.<\/p>\n<p>Ignifugaci\u00f3n : UL Flammability 94 V-2<\/p>\n<p>F\u00e1cil instalaci\u00f3n<br \/>\nF\u00e1cil de instalar y se puede doblar en fr\u00edo<\/p>\n<p><strong>Resistencia al impacto :<\/strong><br \/>\n250-300 veces la resistencia al impacto de vidrio ordinario y 30 veces la de los paneles de acr\u00edlico del mismo espesor, que es de 2-20 veces el vidrio templado caer dos metros por debajo de 3 kg martillo sin grietas, sin rotos<\/p>\n<p><strong>Aplicaci\u00f3n de la l\u00e1mina ondulada de policarbonato:<\/strong><\/p>\n<p>Barreras ac\u00fasticas elevadas para carreteras y v\u00edas urbanas;<br \/>\nInvernadero agr\u00edcola y nave de cr\u00eda;<br \/>\nTecho de restaurante ecol\u00f3gico moderno;<br \/>\nTodas las unidades o el ciclo celular cobertizo, el balc\u00f3n toldo de sol y el techo de descanso quioscos cobertizo;<br \/>\nIluminaci\u00f3n de techos de edificios de oficinas, grandes almacenes, hoteles, chalets, escuelas, hospitales, estadios deportivos, centros de ocio e instalaciones p\u00fablicas et .<\/p>","protected":false},"featured_media":15126,"parent":0,"template":"","product-catagories":[168,174],"product-tag":[],"class_list":["post-15112","product","type-product","status-publish","has-post-thumbnail","hentry","product-catagories-acrylic-sheet","product-catagories-polycarbonate-corrugated-sheet"],"acf":[],"_links":{"self":[{"href":"https:\/\/www.tononplastics.com\/es\/wp-json\/wp\/v2\/product\/15112","targetHints":{"allow":["GET"]}}],"collection":[{"href":"https:\/\/www.tononplastics.com\/es\/wp-json\/wp\/v2\/product"}],"about":[{"href":"https:\/\/www.tononplastics.com\/es\/wp-json\/wp\/v2\/types\/product"}],"version-history":[{"count":0,"href":"https:\/\/www.tononplastics.com\/es\/wp-json\/wp\/v2\/product\/15112\/revisions"}],"wp:featuredmedia":[{"embeddable":true,"href":"https:\/\/www.tononplastics.com\/es\/wp-json\/wp\/v2\/media\/15126"}],"wp:attachment":[{"href":"https:\/\/www.tononplastics.com\/es\/wp-json\/wp\/v2\/media?parent=15112"}],"wp:term":[{"taxonomy":"product-catagories","embeddable":true,"href":"https:\/\/www.tononplastics.com\/es\/wp-json\/wp\/v2\/product-catagories?post=15112"},{"taxonomy":"product-tag","embeddable":true,"href":"https:\/\/www.tononplastics.com\/es\/wp-json\/wp\/v2\/product-tag?post=15112"}],"curies":[{"name":"wp","href":"https:\/\/api.w.org\/{rel}","templated":true}]}}