{"id":15145,"date":"2023-08-23T10:22:54","date_gmt":"2023-08-23T02:22:54","guid":{"rendered":"https:\/\/tononplastics.com\/?post_type=product&#038;p=15145"},"modified":"2024-03-25T14:46:09","modified_gmt":"2024-03-25T06:46:09","slug":"foshan-factory-direct-sale-blue-pc-solid-sheet-polycarbonate-roof-sound-insulantion-reach-grade-b1","status":"publish","type":"product","link":"https:\/\/www.tononplastics.com\/es\/product\/foshan-factory-direct-sale-blue-pc-solid-sheet-polycarbonate-roof-sound-insulantion-reach-grade-b1\/","title":{"rendered":"Foshan F\u00e1brica Venta Directa Azul PC Hoja S\u00f3lida Policarbonato Techo Sound Insulantion Alcance Grado B1"},"content":{"rendered":"<table>\n<tbody>\n<tr>\n<td colspan=\"2\" height=\"66\" data-spm-anchor-id=\"a2700.details.0.i28.18671560If61rG\">Especificaciones de la plancha maciza de policarbonato<\/td>\n<\/tr>\n<tr>\n<td height=\"66\">Anchura:<\/td>\n<td height=\"66\">2,1m 1,82m,1,56m o 1,22m<\/td>\n<\/tr>\n<tr>\n<td height=\"66\">Longitud:<\/td>\n<td height=\"66\">No limitado<\/td>\n<\/tr>\n<tr>\n<td height=\"66\">Grosor:<\/td>\n<td height=\"66\">0,6 mm a 18,0 mm<\/td>\n<\/tr>\n<tr>\n<td height=\"66\">Color est\u00e1ndar:<\/td>\n<td height=\"66\">Transparente,Azul,Verde,Opal,Marr\u00f3n<\/td>\n<\/tr>\n<\/tbody>\n<\/table>\n<p><strong>Aplicaci\u00f3n de la hoja maciza de PC :<\/strong><\/p>\n<p>Galer\u00eda Pabell\u00f3n jardines, parque de atracciones decoraci\u00f3n ex\u00f3tica y lugares de descanso;<br \/>\nEdificios comerciales, muros cortina interiores y exteriores de los modernos edificios urbanos;<br \/>\nContenedores transparentes para aviaci\u00f3n, parabrisas delanteros de motocicletas, aviones, trenes, barcos, coches, lanchas motoras, submarinos y escudos militares y policiales de cristal;<br \/>\nCabinas telef\u00f3nicas, carteles publicitarios, cajas de luz publicitarias muestran la disposici\u00f3n de la exposici\u00f3n;<br \/>\nEquipos, instrumentaci\u00f3n, cuadro de distribuci\u00f3n de baja tensi\u00f3n e industrial militar;<br \/>\nParedes, techos, pantallas y otros materiales decorativos de interior de alta calidad;<br \/>\nBarreras ac\u00fasticas elevadas para carreteras y v\u00edas urbanas;<br \/>\nInvernadero agr\u00edcola y nave de cr\u00eda;<br \/>\nTecho de restaurante ecol\u00f3gico moderno;<br \/>\nTodas las unidades o el ciclo celular cobertizo, el balc\u00f3n toldo de sol y el techo de descanso quioscos cobertizo;<br \/>\nIluminaci\u00f3n de techos de edificios de oficinas, grandes almacenes, hoteles, chal\u00e9s, escuelas, hospitales, estadios deportivos, centros de ocio e instalaciones p\u00fablicas et.<\/p>\n<p><strong>Nuestros servicios:<\/strong><br \/>\n1.Responda a su consulta en 8 horas laborables.<br \/>\n2.Personal con experiencia responder\u00e1 a todas sus preguntas en un ingl\u00e9s fluido. .<br \/>\n3.Customized desigh est\u00e1 disponible, OEM es bienvenida.<br \/>\n4.Descuento especial y protecci\u00f3n del \u00e1rea de ventas proporcionada a nuestro distribuidor.<\/p>\n<p><strong>Condiciones comerciales:<\/strong><br \/>\n1.T\u00e9rmino del precio: EXW\/FOB\/C&amp;F\/CIF<br \/>\n2.Pago por T\/T o L\/C. 30% dep\u00f3sito y 70% antes del env\u00edo.<br \/>\n3.Plazo de entrega:7-10 d\u00edas laborables,sujeto a la cantidad del pedido<br \/>\n4.MOQ:3tons<\/p>\n<p><strong>Despejado:<\/strong><\/p>\n<p><img fetchpriority=\"high\" decoding=\"async\" src=\"https:\/\/sc02.alicdn.com\/kf\/UTB8n0ouXHnJXKJkSahGq6xhzFXaT\/200162319\/UTB8n0ouXHnJXKJkSahGq6xhzFXaT.jpg\" alt=\"Foshan F\u00e1brica Venta Directa Azul PC Hoja S\u00f3lida Policarbonato Techo Sound Insulantion Alcance Grado B1\" width=\"678\" height=\"452\" data-src=\"\/\/sc02.alicdn.com\/kf\/UTB8n0ouXHnJXKJkSahGq6xhzFXaT\/200162319\/UTB8n0ouXHnJXKJkSahGq6xhzFXaT.jpg\" data-alt=\"Foshan Factory Direct Sale Blue PC Solid Sheet Polycarbonate Roof Sound Insulantion Reach Grade B1\" data-width=\"678\" data-height=\"452\" data- title=\"\"><\/p>\n<p><img decoding=\"async\" src=\"https:\/\/sc01.alicdn.com\/kf\/UTB8szPkXHPJXKJkSafSq6yqUXXae\/200162319\/UTB8szPkXHPJXKJkSafSq6yqUXXae.jpg\" alt=\"Foshan F\u00e1brica Venta Directa Azul PC Hoja S\u00f3lida Policarbonato Techo Sound Insulantion Alcance Grado B1\" width=\"677\" height=\"677\" data-src=\"\/\/sc01.alicdn.com\/kf\/UTB8szPkXHPJXKJkSafSq6yqUXXae\/200162319\/UTB8szPkXHPJXKJkSafSq6yqUXXae.jpg\" data-alt=\"Foshan Factory Direct Sale Blue PC Solid Sheet Polycarbonate Roof Sound Insulantion Reach Grade B1\" data-width=\"677\" data-height=\"677\" data- title=\"\"><\/p>\n<p><strong>\u00a0\u00a0Otros productos:<\/strong><\/p>\n<p><strong>PC chapa hueca :<\/strong><\/p>\n<p><img decoding=\"async\" src=\"https:\/\/sc02.alicdn.com\/kf\/UTB8pTAvXFPJXKJkSahVq6xyzFXa1\/200162319\/UTB8pTAvXFPJXKJkSahVq6xyzFXa1.jpg\" alt=\"Foshan F\u00e1brica Venta Directa Azul PC Hoja S\u00f3lida Policarbonato Techo Sound Insulantion Alcance Grado B1\" width=\"674\" height=\"449\" data-src=\"\/\/sc02.alicdn.com\/kf\/UTB8pTAvXFPJXKJkSahVq6xyzFXa1\/200162319\/UTB8pTAvXFPJXKJkSahVq6xyzFXa1.jpg\" data-alt=\"Foshan Factory Direct Sale Blue PC Solid Sheet Polycarbonate Roof Sound Insulantion Reach Grade B1\" data-width=\"674\" data-height=\"449\" data- title=\"\"><\/p>\n<p>De izquierda a derecha , de arriba abajo<br \/>\n1.Plancha maciza de policarbonato esmerilado<br \/>\n2.Difusi\u00f3n de la luz Plancha maciza de policarbonato<br \/>\n3.Plancha maciza de policarbonato<br \/>\n4.Plancha ondulada de policarbonato<\/p>\n<p><img loading=\"lazy\" decoding=\"async\" src=\"https:\/\/sc02.alicdn.com\/kf\/UTB8lZvkXFPJXKJkSahVq6xyzFXap\/200162319\/UTB8lZvkXFPJXKJkSahVq6xyzFXap.jpg\" alt=\"Foshan F\u00e1brica Venta Directa Azul PC Hoja S\u00f3lida Policarbonato Techo Sound Insulantion Alcance Grado B1\" width=\"685\" height=\"685\" data-src=\"\/\/sc02.alicdn.com\/kf\/UTB8lZvkXFPJXKJkSahVq6xyzFXap\/200162319\/UTB8lZvkXFPJXKJkSahVq6xyzFXap.jpg\" data-alt=\"Foshan Factory Direct Sale Blue PC Solid Sheet Polycarbonate Roof Sound Insulantion Reach Grade B1\" data-width=\"685\" data-height=\"685\" data- title=\"\"><\/p>\n<p><strong>\u00a0 Claraboya de policarbonato y l\u00e1mina de policarbonato en relieve<\/strong><\/p>\n<p><img loading=\"lazy\" decoding=\"async\" src=\"https:\/\/sc01.alicdn.com\/kf\/UTB8AnLkXTzIXKJkSafVq6yWgXXaZ\/200162319\/UTB8AnLkXTzIXKJkSafVq6yWgXXaZ.jpg\" width=\"676\" height=\"946\" data-src=\"\/\/sc01.alicdn.com\/kf\/UTB8AnLkXTzIXKJkSafVq6yWgXXaZ\/200162319\/UTB8AnLkXTzIXKJkSafVq6yWgXXaZ.jpg\" data-width=\"676\" data-height=\"946\" data- alt=\"\" title=\"\"><\/p>\n<p><strong>Toldo de policarbonato y difusi\u00f3n de la luz Plancha de policarbonato<\/strong><\/p>\n<p><img loading=\"lazy\" decoding=\"async\" src=\"https:\/\/sc02.alicdn.com\/kf\/UTB8OKfkXL2JXKJkSanrq6y3lVXaW\/200162319\/UTB8OKfkXL2JXKJkSanrq6y3lVXaW.jpg\" alt=\"Foshan F\u00e1brica Venta Directa Azul PC Hoja S\u00f3lida Policarbonato Techo Sound Insulantion Alcance Grado B1\" width=\"696\" height=\"1197\" data-src=\"\/\/sc02.alicdn.com\/kf\/UTB8OKfkXL2JXKJkSanrq6y3lVXaW\/200162319\/UTB8OKfkXL2JXKJkSanrq6y3lVXaW.jpg\" data-alt=\"Foshan Factory Direct Sale Blue PC Solid Sheet Polycarbonate Roof Sound Insulantion Reach Grade B1\" data-width=\"696\" data-height=\"1197\" data- title=\"\"><\/p>\n<p><img loading=\"lazy\" decoding=\"async\" src=\"https:\/\/sc01.alicdn.com\/kf\/HTB1NDV9KXXXXXbsaXXXq6xXFXXX2\/200162319\/HTB1NDV9KXXXXXbsaXXXq6xXFXXX2.jpg\" alt=\"Foshan F\u00e1brica Venta Directa Azul PC Hoja S\u00f3lida Policarbonato Techo Sound Insulantion Alcance Grado B1\" width=\"679\" height=\"679\" data-src=\"\/\/sc01.alicdn.com\/kf\/HTB1NDV9KXXXXXbsaXXXq6xXFXXX2\/200162319\/HTB1NDV9KXXXXXbsaXXXq6xXFXXX2.jpg\" data-alt=\"Foshan Factory Direct Sale Blue PC Solid Sheet Polycarbonate Roof Sound Insulantion Reach Grade B1\" data-width=\"679\" data-height=\"679\" data- title=\"\"><\/p>\n<p>Suministro suficiente<\/p>\n<p><img loading=\"lazy\" decoding=\"async\" src=\"https:\/\/sc01.alicdn.com\/kf\/HTB11LPNSpXXXXa2XXXXq6xXFXXXF\/200162319\/HTB11LPNSpXXXXa2XXXXq6xXFXXXF.jpg\" width=\"688\" height=\"688\" data-src=\"\/\/sc01.alicdn.com\/kf\/HTB11LPNSpXXXXa2XXXXq6xXFXXXF\/200162319\/HTB11LPNSpXXXXa2XXXXq6xXFXXXF.jpg\" data-width=\"688\" data-height=\"688\" data- alt=\"\" title=\"\"><\/p>\n<p><img loading=\"lazy\" decoding=\"async\" src=\"https:\/\/sc02.alicdn.com\/kf\/HTB1wi_pSpXXXXbjXVXXq6xXFXXX9\/200162319\/HTB1wi_pSpXXXXbjXVXXq6xXFXXX9.jpg\" alt=\"Foshan F\u00e1brica Venta Directa Azul PC Hoja S\u00f3lida Policarbonato Techo Sound Insulantion Alcance Grado B1\" width=\"681\" height=\"909\" data-src=\"\/\/sc02.alicdn.com\/kf\/HTB1wi_pSpXXXXbjXVXXq6xXFXXX9\/200162319\/HTB1wi_pSpXXXXbjXVXXq6xXFXXX9.jpg\" data-alt=\"Foshan Factory Direct Sale Blue PC Solid Sheet Polycarbonate Roof Sound Insulantion Reach Grade B1\" data-width=\"681\" data-height=\"909\" data- title=\"\"><\/p>\n<p>100% Virgen Bayer Materiales:<\/p>\n<p><img loading=\"lazy\" decoding=\"async\" src=\"https:\/\/sc02.alicdn.com\/kf\/UTB8qazkXMnJXKJkSaelq6xUzXXax\/200162319\/UTB8qazkXMnJXKJkSaelq6xUzXXax.jpg\" alt=\"Foshan F\u00e1brica Venta Directa Azul PC Hoja S\u00f3lida Policarbonato Techo Sound Insulantion Alcance Grado B1\" width=\"697\" height=\"697\" data-src=\"\/\/sc02.alicdn.com\/kf\/UTB8qazkXMnJXKJkSaelq6xUzXXax\/200162319\/UTB8qazkXMnJXKJkSaelq6xUzXXax.jpg\" data-alt=\"Foshan Factory Direct Sale Blue PC Solid Sheet Polycarbonate Roof Sound Insulantion Reach Grade B1\" data-width=\"697\" data-height=\"697\" data- title=\"\"><\/p>\n<p><img loading=\"lazy\" decoding=\"async\" src=\"https:\/\/sc02.alicdn.com\/kf\/HTB1k6UuKVXXXXccXFXXq6xXFXXX9\/200162319\/HTB1k6UuKVXXXXccXFXXq6xXFXXX9.jpg\" alt=\"Foshan F\u00e1brica Venta Directa Azul PC Hoja S\u00f3lida Policarbonato Techo Sound Insulantion Alcance Grado B1\" width=\"693\" height=\"693\" data-src=\"\/\/sc02.alicdn.com\/kf\/HTB1k6UuKVXXXXccXFXXq6xXFXXX9\/200162319\/HTB1k6UuKVXXXXccXFXXq6xXFXXX9.jpg\" data-alt=\"Foshan Factory Direct Sale Blue PC Solid Sheet Polycarbonate Roof Sound Insulantion Reach Grade B1\" data-width=\"693\" data-height=\"693\" data- title=\"\"><\/p>","protected":false},"featured_media":15138,"parent":0,"template":"","product-catagories":[168],"product-tag":[],"class_list":["post-15145","product","type-product","status-publish","has-post-thumbnail","hentry","product-catagories-acrylic-sheet"],"acf":[],"_links":{"self":[{"href":"https:\/\/www.tononplastics.com\/es\/wp-json\/wp\/v2\/product\/15145","targetHints":{"allow":["GET"]}}],"collection":[{"href":"https:\/\/www.tononplastics.com\/es\/wp-json\/wp\/v2\/product"}],"about":[{"href":"https:\/\/www.tononplastics.com\/es\/wp-json\/wp\/v2\/types\/product"}],"version-history":[{"count":0,"href":"https:\/\/www.tononplastics.com\/es\/wp-json\/wp\/v2\/product\/15145\/revisions"}],"wp:featuredmedia":[{"embeddable":true,"href":"https:\/\/www.tononplastics.com\/es\/wp-json\/wp\/v2\/media\/15138"}],"wp:attachment":[{"href":"https:\/\/www.tononplastics.com\/es\/wp-json\/wp\/v2\/media?parent=15145"}],"wp:term":[{"taxonomy":"product-catagories","embeddable":true,"href":"https:\/\/www.tononplastics.com\/es\/wp-json\/wp\/v2\/product-catagories?post=15145"},{"taxonomy":"product-tag","embeddable":true,"href":"https:\/\/www.tononplastics.com\/es\/wp-json\/wp\/v2\/product-tag?post=15145"}],"curies":[{"name":"wp","href":"https:\/\/api.w.org\/{rel}","templated":true}]}}