{"id":15185,"date":"2023-08-23T12:30:36","date_gmt":"2023-08-23T04:30:36","guid":{"rendered":"https:\/\/tononplastics.com\/?post_type=product&#038;p=15185"},"modified":"2024-03-25T16:54:43","modified_gmt":"2024-03-25T08:54:43","slug":"awning-corrugated-polycarbonate-transparent-sheets-pc-roofing-panels","status":"publish","type":"product","link":"https:\/\/www.tononplastics.com\/es\/product\/awning-corrugated-polycarbonate-transparent-sheets-pc-roofing-panels\/","title":{"rendered":"Toldos de policarbonato ondulado l\u00e1minas transparentes pc paneles para techos"},"content":{"rendered":"<table>\n<tbody>\n<tr>\n<td colspan=\"2\" height=\"66\" data-spm-anchor-id=\"a2700.details.0.i32.6c0432c7qU9JTw\">Especificaciones de la chapa ondulada de policarbonato<\/td>\n<\/tr>\n<tr>\n<td height=\"66\">Anchura:<\/td>\n<td height=\"66\">760,820,840,860,900,930,950,980.1050<\/td>\n<\/tr>\n<tr>\n<td height=\"66\">Longitud:<\/td>\n<td height=\"66\">No limitado<\/td>\n<\/tr>\n<tr>\n<td height=\"66\">Grosor:<\/td>\n<td height=\"66\">0,7 mm a 2,5 mm<\/td>\n<\/tr>\n<tr>\n<td height=\"66\">Color est\u00e1ndar:<\/td>\n<td height=\"66\">Transparente,Azul,Verde,Opal,Marr\u00f3n<\/td>\n<\/tr>\n<\/tbody>\n<\/table>\n<p><strong>840#Lake Azul policarbonato corrugado hoja est\u00e1 produciendo :\u00a0\u00a0\u00a0<\/strong><\/p>\n<p><img fetchpriority=\"high\" decoding=\"async\" src=\"https:\/\/sc01.alicdn.com\/kf\/UTB87SFrgBahduJk43Jaq6zM8FXay\/200162319\/UTB87SFrgBahduJk43Jaq6zM8FXay.jpg\" alt=\"Toldos de policarbonato ondulado l\u00e1minas transparentes pc paneles para techos\" width=\"732\" height=\"976\" data-src=\"\/\/sc01.alicdn.com\/kf\/UTB87SFrgBahduJk43Jaq6zM8FXay\/200162319\/UTB87SFrgBahduJk43Jaq6zM8FXay.jpg\" data-alt=\"Awning corrugated polycarbonate transparent sheets pc roofing panels\" data-width=\"732\" data-height=\"976\" data- title=\"\"><\/p>\n<p><strong>Plancha ondulada de policarbonato transparente :\u00a0\u00a0<\/strong><\/p>\n<p><img decoding=\"async\" src=\"https:\/\/sc01.alicdn.com\/kf\/HTB1orUjqYsTMeJjSsziq6AdwXXat\/200162319\/HTB1orUjqYsTMeJjSsziq6AdwXXat.jpg\" alt=\"Toldos de policarbonato ondulado l\u00e1minas transparentes pc paneles para techos\" width=\"732\" height=\"412\" data-src=\"\/\/sc01.alicdn.com\/kf\/HTB1orUjqYsTMeJjSsziq6AdwXXat\/200162319\/HTB1orUjqYsTMeJjSsziq6AdwXXat.jpg\" data-alt=\"Awning corrugated polycarbonate transparent sheets pc roofing panels\" data-width=\"732\" data-height=\"412\" data- title=\"\"><\/p>\n<p><strong>930#Verde:<\/strong><\/p>\n<p><img decoding=\"async\" src=\"https:\/\/sc01.alicdn.com\/kf\/HTB1taZhmfNNTKJjSspkq6yeWFXaW\/200162319\/HTB1taZhmfNNTKJjSspkq6yeWFXaW.jpg\" alt=\"Toldos de policarbonato ondulado l\u00e1minas transparentes pc paneles para techos\" width=\"730\" height=\"730\" data-src=\"\/\/sc01.alicdn.com\/kf\/HTB1taZhmfNNTKJjSspkq6yeWFXaW\/200162319\/HTB1taZhmfNNTKJjSspkq6yeWFXaW.jpg\" data-alt=\"Awning corrugated polycarbonate transparent sheets pc roofing panels\" data-width=\"730\" data-height=\"730\" data- title=\"\"><\/p>\n<p><strong>1050#Opal:<\/strong><\/p>\n<p><img loading=\"lazy\" decoding=\"async\" src=\"https:\/\/sc01.alicdn.com\/kf\/HTB1_pI2kgoQMeJjy0Fnq6z8gFXaN\/200162319\/HTB1_pI2kgoQMeJjy0Fnq6z8gFXaN.jpg\" alt=\"Toldos de policarbonato ondulado l\u00e1minas transparentes pc paneles para techos\" width=\"739\" height=\"621\" data-src=\"\/\/sc01.alicdn.com\/kf\/HTB1_pI2kgoQMeJjy0Fnq6z8gFXaN\/200162319\/HTB1_pI2kgoQMeJjy0Fnq6z8gFXaN.jpg\" data-alt=\"Awning corrugated polycarbonate transparent sheets pc roofing panels\" data-width=\"739\" data-height=\"621\" data- title=\"\"><\/p>\n<p><strong>Suministros suficientes:<\/strong><\/p>\n<p><img loading=\"lazy\" decoding=\"async\" src=\"https:\/\/sc02.alicdn.com\/kf\/HTB1G1ZZSpXXXXbLXXXXq6xXFXXX7\/200162319\/HTB1G1ZZSpXXXXbLXXXXq6xXFXXX7.jpg\" alt=\"Toldos de policarbonato ondulado l\u00e1minas transparentes pc paneles para techos\" width=\"737\" height=\"983\" data-src=\"\/\/sc02.alicdn.com\/kf\/HTB1G1ZZSpXXXXbLXXXXq6xXFXXX7\/200162319\/HTB1G1ZZSpXXXXbLXXXXq6xXFXXX7.jpg\" data-alt=\"Awning corrugated polycarbonate transparent sheets pc roofing panels\" data-width=\"737\" data-height=\"983\" data- title=\"\"><\/p>\n<p><img loading=\"lazy\" decoding=\"async\" src=\"https:\/\/sc01.alicdn.com\/kf\/HTB11LPNSpXXXXa2XXXXq6xXFXXXF\/200162319\/HTB11LPNSpXXXXa2XXXXq6xXFXXXF.jpg\" alt=\"Toldos de policarbonato ondulado l\u00e1minas transparentes pc paneles para techos\" width=\"741\" height=\"741\" data-src=\"\/\/sc01.alicdn.com\/kf\/HTB11LPNSpXXXXa2XXXXq6xXFXXXF\/200162319\/HTB11LPNSpXXXXa2XXXXq6xXFXXXF.jpg\" data-alt=\"Awning corrugated polycarbonate transparent sheets pc roofing panels\" data-width=\"741\" data-height=\"741\" data- title=\"\"><\/p>\n<p><strong>\u00a0 \u00a0Paneles de policarbonato de nido de abeja y claraboyas de policarbonato :<\/strong><\/p>\n<p><img loading=\"lazy\" decoding=\"async\" src=\"https:\/\/sc02.alicdn.com\/kf\/UTB8xrRugBahduJk43Jaq6zM8FXaI\/200162319\/UTB8xrRugBahduJk43Jaq6zM8FXaI.jpg\" alt=\"Toldos de policarbonato ondulado l\u00e1minas transparentes pc paneles para techos\" width=\"716\" height=\"1015\" data-src=\"\/\/sc02.alicdn.com\/kf\/UTB8xrRugBahduJk43Jaq6zM8FXaI\/200162319\/UTB8xrRugBahduJk43Jaq6zM8FXaI.jpg\" data-alt=\"Awning corrugated polycarbonate transparent sheets pc roofing panels\" data-width=\"716\" data-height=\"1015\" data- title=\"\"><\/p>\n<p>Toldo de policarbonato :<\/p>\n<p><img loading=\"lazy\" decoding=\"async\" src=\"https:\/\/sc01.alicdn.com\/kf\/HTB1bNcba8fH8KJjy1Xbq6zLdXXah\/200162319\/HTB1bNcba8fH8KJjy1Xbq6zLdXXah.jpg\" alt=\"Toldos de policarbonato ondulado l\u00e1minas transparentes pc paneles para techos\" width=\"709\" height=\"709\" data-src=\"\/\/sc01.alicdn.com\/kf\/HTB1bNcba8fH8KJjy1Xbq6zLdXXah\/200162319\/HTB1bNcba8fH8KJjy1Xbq6zLdXXah.jpg\" data-alt=\"Awning corrugated polycarbonate transparent sheets pc roofing panels\" data-width=\"709\" data-height=\"709\" data- title=\"\"><\/p>\n<p><strong>Caracter\u00edsticas de la l\u00e1mina ondulada de policarbonato:<\/strong><\/p>\n<p><strong>Transmisi\u00f3n de luz:<\/strong><br \/>\nLa transmisi\u00f3n de la luz alcanza 12%-95% seg\u00fan el color y el grosor.<\/p>\n<p><strong>Protecci\u00f3n UV:<\/strong><br \/>\nGracias al revestimiento anti-UV patentado, la l\u00e1mina ondulada de policarbonato mantiene unas perfectas prestaciones mec\u00e1nicas y \u00f3pticas tras la exposici\u00f3n.<\/p>\n<p><strong>Habilidad meteorol\u00f3gica:<\/strong><br \/>\nTiene una gran resistencia a la intemperie, que mantiene un excelente rendimiento en un amplio rango de temperaturas de -40 \u00b0C a 120 \u00b0C.<\/p>\n<p><strong>Retardancia al fuego :<\/strong>\u00a0Inflamabilidad UL 94 V-2<\/p>\n<p><strong>F\u00e1cil instalaci\u00f3n<\/strong><br \/>\nF\u00e1cil de instalar y se puede doblar en fr\u00edo<\/p>\n<p><strong>Resistencia al impacto :<\/strong><br \/>\n250-300 veces la resistencia al impacto de vidrio ordinario y 30 veces la de los paneles de acr\u00edlico del mismo espesor, que es de 2-20 veces el vidrio templado caer dos metros por debajo de 3 kg martillo sin grietas, sin rotos<\/p>\n<p><strong>Aplicaci\u00f3n de la l\u00e1mina ondulada de policarbonato:<\/strong><\/p>\n<p>Barreras ac\u00fasticas elevadas para carreteras y v\u00edas urbanas;<br \/>\nInvernadero agr\u00edcola y nave de cr\u00eda;<br \/>\nTecho de restaurante ecol\u00f3gico moderno;<br \/>\nTodas las unidades o el ciclo celular cobertizo, el balc\u00f3n toldo de sol y el techo de descanso quioscos cobertizo;<br \/>\nIluminaci\u00f3n de techos de edificios de oficinas, grandes almacenes, hoteles, chalets, escuelas, hospitales, estadios deportivos, centros de ocio e instalaciones p\u00fablicas et .<\/p>","protected":false},"featured_media":0,"parent":0,"template":"","product-catagories":[171],"product-tag":[],"class_list":["post-15185","product","type-product","status-publish","hentry","product-catagories-awning"],"acf":[],"_links":{"self":[{"href":"https:\/\/www.tononplastics.com\/es\/wp-json\/wp\/v2\/product\/15185","targetHints":{"allow":["GET"]}}],"collection":[{"href":"https:\/\/www.tononplastics.com\/es\/wp-json\/wp\/v2\/product"}],"about":[{"href":"https:\/\/www.tononplastics.com\/es\/wp-json\/wp\/v2\/types\/product"}],"version-history":[{"count":0,"href":"https:\/\/www.tononplastics.com\/es\/wp-json\/wp\/v2\/product\/15185\/revisions"}],"wp:attachment":[{"href":"https:\/\/www.tononplastics.com\/es\/wp-json\/wp\/v2\/media?parent=15185"}],"wp:term":[{"taxonomy":"product-catagories","embeddable":true,"href":"https:\/\/www.tononplastics.com\/es\/wp-json\/wp\/v2\/product-catagories?post=15185"},{"taxonomy":"product-tag","embeddable":true,"href":"https:\/\/www.tononplastics.com\/es\/wp-json\/wp\/v2\/product-tag?post=15185"}],"curies":[{"name":"wp","href":"https:\/\/api.w.org\/{rel}","templated":true}]}}